{"id":24,"date":"2019-11-16T08:34:22","date_gmt":"2019-11-16T01:34:22","guid":{"rendered":"https:\/\/22landresidence.com\/15-duy-tan\/?page_id=24"},"modified":"2025-03-19T16:28:50","modified_gmt":"2025-03-19T09:28:50","slug":"gioi-thieu","status":"publish","type":"page","link":"https:\/\/22landresidence.com\/15-duy-tan\/gioi-thieu\/","title":{"rendered":"Gi\u1edbi thi\u1ec7u"},"content":{"rendered":"<div class=\"xdj266r x11i5rnm xat24cr x1mh8g0r x1vvkbs x126k92a\">\n<div dir=\"auto\">22LAND LEGEND RESIDENCE: BI\u1ec2U T\u01af\u1ee2NG S\u1ed0NG TH\u01af\u1ee2NG L\u01afU, N\u01a0I C\u1ea2M X\u00daC TH\u0102NG HOA GI\u1eeeA L\u00d2NG H\u00c0 N\u1ed8I<\/div>\n<div dir=\"auto\">Kh\u00f4ng ch\u1ec9 l\u00e0 m\u1ed9t n\u01a1i l\u01b0u tr\u00fa, 22Land Legend Residence l\u00e0 m\u1ed9t tuy\u00ean ng\u00f4n v\u1ec1 phong c\u00e1ch s\u1ed1ng tinh t\u1ebf gi\u1eefa l\u00f2ng th\u1ee7 \u0111\u00f4. M\u1ed7i kh\u00f4ng gian \u0111\u01b0\u1ee3c thi\u1ebft k\u1ebf t\u1ec9 m\u1ec9, t\u1eeb n\u1ed9i th\u1ea5t xa hoa \u0111\u1ebfn t\u1ea7m nh\u00ecn panorama &#8220;tri\u1ec7u \u0111\u00f4&#8221;, t\u1ea1o n\u00ean m\u1ed9t kh\u00f4ng gian s\u1ed1ng ho\u00e0n m\u1ef9, n\u01a1i c\u1ea3m x\u00fac th\u0103ng hoa v\u00e0 \u0111\u1eb3ng c\u1ea5p \u0111\u01b0\u1ee3c n\u00e2ng t\u1ea7m.<\/div>\n<\/div>\n<div class=\"x11i5rnm xat24cr x1mh8g0r x1vvkbs xtlvy1s x126k92a\">\n<div dir=\"auto\">Tr\u1ea3i nghi\u1ec7m \u0111\u1ed9c b\u1ea3n, ti\u1ec7n nghi \u0111\u1ec9nh cao:<\/div>\n<div dir=\"auto\">\u2022 Ki\u1ebfn tr\u00fac \u0111\u1ec9nh cao, kh\u00f4ng gian ngh\u1ec7 thu\u1eadt: B\u01b0\u1edbc v\u00e0o 22Land Legend Residence, b\u1ea1n s\u1ebd cho\u00e1ng ng\u1ee3p tr\u01b0\u1edbc kh\u00f4ng gian r\u1ed9ng l\u1edbn, thi\u1ebft k\u1ebf tinh x\u1ea3o.<\/div>\n<div dir=\"auto\">M\u1ed7i g\u00f3c nh\u1ecf \u0111\u1ec1u l\u00e0 m\u1ed9t t\u00e1c ph\u1ea9m ngh\u1ec7 thu\u1eadt, k\u1ebft h\u1ee3p h\u00e0i h\u00f2a gi\u1eefa phong c\u00e1ch \u0111\u01b0\u01a1ng \u0111\u1ea1i v\u00e0 n\u00e9t tinh t\u1ebf v\u01b0\u1ee3t th\u1eddi gian.<\/div>\n<div dir=\"auto\">\u2022 T\u1ea7m nh\u00ecn &#8220;tri\u1ec7u \u0111\u00f4&#8221;, ng\u1eafm tr\u1ecdn nh\u1ecbp s\u1ed1ng s\u00f4i \u0111\u1ed9ng: \u00d4 c\u1eeda k\u00ednh kh\u1ed5ng l\u1ed3 m\u1edf ra khung c\u1ea3nh H\u00e0 N\u1ed9i r\u1ef1c r\u1ee1, n\u01a1i \u00e1nh \u0111\u00e8n lung linh h\u00f2a quy\u1ec7n c\u00f9ng nh\u1ecbp s\u1ed1ng n\u0103ng \u0111\u1ed9ng c\u1ee7a th\u1ee7 \u0111\u00f4. M\u1ed7i s\u1edbm mai th\u1ee9c gi\u1ea5c, b\u1ea1n s\u1ebd \u0111\u01b0\u1ee3c chi\u00eam ng\u01b0\u1ee1ng v\u1ebb \u0111\u1eb9p huy\u1ec1n \u1ea3o c\u1ee7a th\u00e0nh ph\u1ed1, m\u1ed7i t\u1ed1i v\u1ec1, b\u1ea1n s\u1ebd \u0111\u1eafm ch\u00ecm trong s\u1ef1 l\u00e3ng m\u1ea1n c\u1ee7a \u00e1nh \u0111\u00e8n \u0111\u00eam.<\/div>\n<div dir=\"auto\">\u2022 D\u1ecbch v\u1ee5 th\u01b0\u1ee3ng l\u01b0u, \u0111\u1eb7c quy\u1ec1n c\u00e1 nh\u00e2n h\u00f3a: \u0110\u1ed9i ng\u0169 qu\u1ea3n gia chuy\u00ean nghi\u1ec7p, t\u1eadn t\u00e2m ph\u1ee5c v\u1ee5 24\/7, lu\u00f4n s\u1eb5n s\u00e0ng \u0111\u00e1p \u1ee9ng m\u1ecdi y\u00eau c\u1ea7u c\u1ee7a b\u1ea1n, t\u1eeb \u0111\u1eb7t tour du l\u1ecbch kh\u00e1m ph\u00e1 H\u00e0 N\u1ed9i, thu\u00ea xe ri\u00eang sang tr\u1ecdng \u0111\u1ebfn nh\u1eefng \u0111\u1eb7c quy\u1ec1n c\u00e1 nh\u00e2n h\u00f3a kh\u00e1c.<\/div>\n<div dir=\"auto\">\u2022 LaiKa Coffee: N\u01a1i tinh hoa h\u1ed9i t\u1ee5: Ngay d\u01b0\u1edbi ch\u00e2n t\u00f2a nh\u00e0 l\u00e0 LaiKa Coffee, m\u1ed9t kh\u00f4ng gian \u1ea5m c\u00fang v\u00e0 sang tr\u1ecdng, n\u01a1i b\u1ea1n c\u00f3 th\u1ec3 th\u01b0\u1edfng th\u1ee9c nh\u1eefng t\u00e1ch c\u00e0 ph\u00ea th\u01b0\u1ee3ng h\u1ea1ng, nh\u00e2m nhi ly tr\u00e0 chi\u1ec1u h\u1ea3o h\u1ea1ng v\u00e0 t\u1eadn h\u01b0\u1edfng nh\u1eefng kho\u1ea3nh kh\u1eafc th\u01b0 gi\u00e3n tuy\u1ec7t v\u1eddi.<\/div>\n<div dir=\"auto\">22Land Legend Residence &#8211; N\u01a1i tinh hoa h\u1ed9i t\u1ee5, \u0111\u1eb3ng c\u1ea5p th\u0103ng hoa.<\/div>\n<\/div>\n<div class=\"x11i5rnm xat24cr x1mh8g0r x1vvkbs xtlvy1s x126k92a\">\n<div dir=\"auto\">Li\u00ean h\u1ec7 ngay \u0111\u1ec3 \u0111\u1eb7t ph\u00f2ng v\u00e0 tr\u1ea3i nghi\u1ec7m:<\/div>\n<div dir=\"auto\">Hotline l\u1ec5 t\u00e2n: 024 3857 3886<\/div>\n<div dir=\"auto\">Hotline sale manager: 096 233 5919<\/div>\n<div dir=\"auto\">Website: <span class=\"html-span xdj266r x11i5rnm xat24cr x1mh8g0r xexx8yu x4uap5 x18d9i69 xkhd6sd x1hl2dhg x16tdsg8 x1vvkbs\"><a class=\"x1i10hfl xjbqb8w x1ejq31n xd10rxx x1sy0etr x17r0tee x972fbf xcfux6l x1qhh985 xm0m39n x9f619 x1ypdohk xt0psk2 xe8uvvx xdj266r x11i5rnm xat24cr x1mh8g0r xexx8yu x4uap5 x18d9i69 xkhd6sd x16tdsg8 x1hl2dhg xggy1nq x1a2a7pz xkrqix3 x1sur9pj x1fey0fg x1s688f\" role=\"link\" href=\"https:\/\/l.facebook.com\/l.php?u=https%3A%2F%2F22landlegendresidence.com%2F%3Ffbclid%3DIwZXh0bgNhZW0CMTAAAR237ZF5r_d4tBSB8xso4Y3NpQ0xRZwQJLaA1IEgtEoieFkAgI5nyxqfRRM_aem_53rMkplGh5N9Nf2RaoMPVg&amp;h=AT2uYQuI8kwov-6_cx1Ea85fegEl1LfczKDNukqdVYu4QJTtC9C33gb6IPmgxOcDla1kZb0ccpQulTHq1ofS2ha9K40GEO7h43rpKgcEFl6aD2-4FPbJ18SylxF0dpdbP2PKEYaRkxm6gE3PEcTwr0A&amp;__tn__=-UK-R&amp;c[0]=AT35eWT_OadOiii5w5-4BBwyNpiGZdM6S-5S6uXXa23ynnypWk0kQQAZR5M4vjQ0oTpmSpDu3N4U0ozcLYNKmApXnY02LAIvhJuuJVGvN0S2_CGnU49UAvnclAjcAKErnYjq4pyXh7zJm0a0SOjh7m8HXpO9aQus6id09znf6pMd_Dt1YAJgDIVr3yi--8f50h6xn1hjDwjfD2U0iyYZKpuGlYfmIJ8\" target=\"_blank\" rel=\"nofollow noopener noreferrer\">https:\/\/22landlegendresidence.com<\/a><\/span><\/div>\n<div dir=\"auto\">\u0110\u1ecba ch\u1ec9: 15 Duy T\u00e2n, C\u1ea7u Gi\u1ea5y, H\u00e0 N\u1ed9i.<\/div>\n<\/div>\n","protected":false},"excerpt":{"rendered":"<p>22LAND LEGEND RESIDENCE: BI\u1ec2U T\u01af\u1ee2NG S\u1ed0NG TH\u01af\u1ee2NG L\u01afU, N\u01a0I C\u1ea2M X\u00daC TH\u0102NG HOA GI\u1eeeA L\u00d2NG H\u00c0 N\u1ed8I Kh\u00f4ng ch\u1ec9 l\u00e0 m\u1ed9t n\u01a1i l\u01b0u tr\u00fa, 22Land Legend Residence l\u00e0 m\u1ed9t tuy\u00ean ng\u00f4n v\u1ec1 phong c\u00e1ch s\u1ed1ng tinh t\u1ebf gi\u1eefa l\u00f2ng th\u1ee7 \u0111\u00f4. M\u1ed7i kh\u00f4ng gian \u0111\u01b0\u1ee3c thi\u1ebft k\u1ebf t\u1ec9 m\u1ec9, t\u1eeb n\u1ed9i th\u1ea5t xa hoa \u0111\u1ebfn &#8230;<\/p>\n","protected":false},"author":2,"featured_media":0,"parent":0,"menu_order":0,"comment_status":"closed","ping_status":"closed","template":"","meta":[],"yst_prominent_words":[],"acf":[],"_links":{"self":[{"href":"https:\/\/22landresidence.com\/15-duy-tan\/wp-json\/wp\/v2\/pages\/24"}],"collection":[{"href":"https:\/\/22landresidence.com\/15-duy-tan\/wp-json\/wp\/v2\/pages"}],"about":[{"href":"https:\/\/22landresidence.com\/15-duy-tan\/wp-json\/wp\/v2\/types\/page"}],"author":[{"embeddable":true,"href":"https:\/\/22landresidence.com\/15-duy-tan\/wp-json\/wp\/v2\/users\/2"}],"replies":[{"embeddable":true,"href":"https:\/\/22landresidence.com\/15-duy-tan\/wp-json\/wp\/v2\/comments?post=24"}],"version-history":[{"count":12,"href":"https:\/\/22landresidence.com\/15-duy-tan\/wp-json\/wp\/v2\/pages\/24\/revisions"}],"predecessor-version":[{"id":1406,"href":"https:\/\/22landresidence.com\/15-duy-tan\/wp-json\/wp\/v2\/pages\/24\/revisions\/1406"}],"wp:attachment":[{"href":"https:\/\/22landresidence.com\/15-duy-tan\/wp-json\/wp\/v2\/media?parent=24"}],"wp:term":[{"taxonomy":"yst_prominent_words","embeddable":true,"href":"https:\/\/22landresidence.com\/15-duy-tan\/wp-json\/wp\/v2\/yst_prominent_words?post=24"}],"curies":[{"name":"wp","href":"https:\/\/api.w.org\/{rel}","templated":true}]}}