{"id":24,"date":"2019-11-16T08:34:22","date_gmt":"2019-11-16T01:34:22","guid":{"rendered":"https:\/\/22landresidence.com\/18-pham-hung\/?page_id=24"},"modified":"2025-11-08T08:24:53","modified_gmt":"2025-11-08T01:24:53","slug":"gioi-thieu","status":"publish","type":"page","link":"https:\/\/22landresidence.com\/18-pham-hung\/gioi-thieu\/","title":{"rendered":"Gi\u1edbi thi\u1ec7u"},"content":{"rendered":"<div class=\"xdj266r x14z9mp xat24cr x1lziwak x1vvkbs x126k92a\">\n<div dir=\"auto\">\n<div class=\"xdj266r x14z9mp xat24cr x1lziwak x1vvkbs x126k92a\">\n<div dir=\"auto\"><span class=\"html-span xexx8yu xyri2b x18d9i69 x1c1uobl x1hl2dhg x16tdsg8 x1vvkbs x3nfvp2 x1j61x8r x1fcty0u xdj266r xat24cr xm2jcoa x1mpyi22 xxymvpz xlup9mm x1kky2od\"><img decoding=\"async\" loading=\"lazy\" class=\"xz74otr x15mokao x1ga7v0g x16uus16 xbiv7yw\" src=\"https:\/\/static.xx.fbcdn.net\/images\/emoji.php\/v9\/te0\/1\/16\/1f31f.png\" alt=\"\ud83c\udf1f\" width=\"16\" height=\"16\" \/><\/span> <strong><em>ARAVELLE SUITES \u2013 KH\u00c1M PH\u00c1 KH\u00d4NG GIAN S\u1ed0NG \u0110\u1eb2NG C\u1ea4P NGAY GI\u1eeeA TR\u00c1I TIM PH\u1ea0M H\u00d9NG<\/em><\/strong> <span class=\"html-span xexx8yu xyri2b x18d9i69 x1c1uobl x1hl2dhg x16tdsg8 x1vvkbs x3nfvp2 x1j61x8r x1fcty0u xdj266r xat24cr xm2jcoa x1mpyi22 xxymvpz xlup9mm x1kky2od\"><img decoding=\"async\" loading=\"lazy\" class=\"xz74otr x15mokao x1ga7v0g x16uus16 xbiv7yw\" src=\"https:\/\/static.xx.fbcdn.net\/images\/emoji.php\/v9\/te0\/1\/16\/1f31f.png\" alt=\"\ud83c\udf1f\" width=\"16\" height=\"16\" \/><\/span><\/div>\n<\/div>\n<div class=\"x14z9mp xat24cr x1lziwak x1vvkbs xtlvy1s x126k92a\">\n<div dir=\"auto\">Ng\u00e0y 01\/11\/2025, Aravelle Suites ch\u00ednh th\u1ee9c ra m\u1eaft t\u1ea1i 18 Ph\u1ea1m H\u00f9ng, Nam T\u1eeb Li\u00eam, H\u00e0 N\u1ed9i \u2013 v\u1ecb tr\u00ed trung t\u00e2m m\u1edbi c\u1ee7a s\u1ef1 hi\u1ec7n \u0111\u1ea1i v\u00e0 n\u0103ng \u0111\u1ed9ng.<\/div>\n<\/div>\n<div class=\"x14z9mp xat24cr x1lziwak x1vvkbs xtlvy1s x126k92a\">\n<div dir=\"auto\"><span class=\"html-span xexx8yu xyri2b x18d9i69 x1c1uobl x1hl2dhg x16tdsg8 x1vvkbs x3nfvp2 x1j61x8r x1fcty0u xdj266r xat24cr xm2jcoa x1mpyi22 xxymvpz xlup9mm x1kky2od\"><img decoding=\"async\" loading=\"lazy\" class=\"xz74otr x15mokao x1ga7v0g x16uus16 xbiv7yw\" src=\"https:\/\/static.xx.fbcdn.net\/images\/emoji.php\/v9\/tf4\/1\/16\/2728.png\" alt=\"\u2728\" width=\"16\" height=\"16\" \/><\/span> Aravelle Suites mang \u0111\u1ebfn tr\u1ea3i nghi\u1ec7m l\u01b0u tr\u00fa kh\u00e1c bi\u1ec7t \u2013 n\u01a1i thi\u1ebft k\u1ebf \u0111\u01b0\u01a1ng \u0111\u1ea1i h\u00f2a quy\u1ec7n c\u00f9ng ti\u1ec7n nghi cao c\u1ea5p, t\u1ea1o n\u00ean kh\u00f4ng gian s\u1ed1ng \u0111\u1ea7y c\u1ea3m h\u1ee9ng v\u00e0 tinh t\u1ebf:<\/div>\n<div dir=\"auto\"><span class=\"html-span xexx8yu xyri2b x18d9i69 x1c1uobl x1hl2dhg x16tdsg8 x1vvkbs x3nfvp2 x1j61x8r x1fcty0u xdj266r xat24cr xm2jcoa x1mpyi22 xxymvpz xlup9mm x1kky2od\"><img decoding=\"async\" loading=\"lazy\" class=\"xz74otr x15mokao x1ga7v0g x16uus16 xbiv7yw\" src=\"https:\/\/static.xx.fbcdn.net\/images\/emoji.php\/v9\/tfe\/1\/16\/1f3e8.png\" alt=\"\ud83c\udfe8\" width=\"16\" height=\"16\" \/><\/span> Ph\u00f2ng ngh\u1ec9 sang tr\u1ecdng, \u1ea5m c\u00fang \u2013 n\u1ed9i th\u1ea5t hi\u1ec7n \u0111\u1ea1i, ch\u0103m ch\u00fat trong t\u1eebng chi ti\u1ebft<\/div>\n<div dir=\"auto\"><span class=\"html-span xexx8yu xyri2b x18d9i69 x1c1uobl x1hl2dhg x16tdsg8 x1vvkbs x3nfvp2 x1j61x8r x1fcty0u xdj266r xat24cr xm2jcoa x1mpyi22 xxymvpz xlup9mm x1kky2od\"><img decoding=\"async\" loading=\"lazy\" class=\"xz74otr x15mokao x1ga7v0g x16uus16 xbiv7yw\" src=\"https:\/\/static.xx.fbcdn.net\/images\/emoji.php\/v9\/tf\/1\/16\/1f942.png\" alt=\"\ud83e\udd42\" width=\"16\" height=\"16\" \/><\/span> Ti\u1ec7n \u00edch chu\u1ea9n qu\u1ed1c t\u1ebf \u2013 nh\u00e0 h\u00e0ng, lounge, ph\u00f2ng gym, c\u00f9ng d\u1ecbch v\u1ee5 l\u01b0u tr\u00fa chuy\u00ean nghi\u1ec7p<\/div>\n<div dir=\"auto\"><span class=\"html-span xexx8yu xyri2b x18d9i69 x1c1uobl x1hl2dhg x16tdsg8 x1vvkbs x3nfvp2 x1j61x8r x1fcty0u xdj266r xat24cr xm2jcoa x1mpyi22 xxymvpz xlup9mm x1kky2od\"><img decoding=\"async\" loading=\"lazy\" class=\"xz74otr x15mokao x1ga7v0g x16uus16 xbiv7yw\" src=\"https:\/\/static.xx.fbcdn.net\/images\/emoji.php\/v9\/teb\/1\/16\/1f377.png\" alt=\"\ud83c\udf77\" width=\"16\" height=\"16\" \/><\/span> \u1ea8m th\u1ef1c tinh t\u1ebf \u2013 th\u1ef1c \u0111\u01a1n \u0111a d\u1ea1ng trong kh\u00f4ng gian nh\u00e0 h\u00e0ng thanh l\u1ecbch<\/div>\n<div dir=\"auto\"><span class=\"html-span xexx8yu xyri2b x18d9i69 x1c1uobl x1hl2dhg x16tdsg8 x1vvkbs x3nfvp2 x1j61x8r x1fcty0u xdj266r xat24cr xm2jcoa x1mpyi22 xxymvpz xlup9mm x1kky2od\"><img decoding=\"async\" loading=\"lazy\" class=\"xz74otr x15mokao x1ga7v0g x16uus16 xbiv7yw\" src=\"https:\/\/static.xx.fbcdn.net\/images\/emoji.php\/v9\/td\/1\/16\/1f4bc.png\" alt=\"\ud83d\udcbc\" width=\"16\" height=\"16\" \/><\/span> D\u1ecbch v\u1ee5 t\u1eadn t\u00e2m \u2013 \u0111\u1ed3ng h\u00e0nh c\u00f9ng Qu\u00fd kh\u00e1ch trong t\u1eebng kho\u1ea3nh kh\u1eafc l\u01b0u tr\u00fa<\/div>\n<\/div>\n<div class=\"x14z9mp xat24cr x1lziwak x1vvkbs xtlvy1s x126k92a\">\n<div dir=\"auto\"><span class=\"html-span xexx8yu xyri2b x18d9i69 x1c1uobl x1hl2dhg x16tdsg8 x1vvkbs x3nfvp2 x1j61x8r x1fcty0u xdj266r xat24cr xm2jcoa x1mpyi22 xxymvpz xlup9mm x1kky2od\"><img decoding=\"async\" loading=\"lazy\" class=\"xz74otr x15mokao x1ga7v0g x16uus16 xbiv7yw\" src=\"https:\/\/static.xx.fbcdn.net\/images\/emoji.php\/v9\/t92\/1\/16\/1f307.png\" alt=\"\ud83c\udf07\" width=\"16\" height=\"16\" \/><\/span> Aravelle Suites kh\u00f4ng ch\u1ec9 l\u00e0 n\u01a1i ngh\u1ec9 d\u01b0\u1ee1ng, m\u00e0 l\u00e0 bi\u1ec3u t\u01b0\u1ee3ng c\u1ee7a phong c\u00e1ch s\u1ed1ng hi\u1ec7n \u0111\u1ea1i, n\u01a1i m\u1ed7i tr\u1ea3i nghi\u1ec7m \u0111\u1ec1u mang \u0111\u1ebfn c\u1ea3m x\u00fac tr\u1ecdn v\u1eb9n.<\/div>\n<\/div>\n<div class=\"x14z9mp xat24cr x1lziwak x1vvkbs xtlvy1s x126k92a\">\n<div dir=\"auto\"><span class=\"html-span xexx8yu xyri2b x18d9i69 x1c1uobl x1hl2dhg x16tdsg8 x1vvkbs x3nfvp2 x1j61x8r x1fcty0u xdj266r xat24cr xm2jcoa x1mpyi22 xxymvpz xlup9mm x1kky2od\"><img decoding=\"async\" loading=\"lazy\" class=\"xz74otr x15mokao x1ga7v0g x16uus16 xbiv7yw\" src=\"https:\/\/static.xx.fbcdn.net\/images\/emoji.php\/v9\/t7e\/1\/16\/1f4c5.png\" alt=\"\ud83d\udcc5\" width=\"16\" height=\"16\" \/><\/span> \u0110\u1eebng b\u1ecf l\u1ee1 ng\u00e0y khai tr\u01b0\u01a1ng 01\/11\/2025!<\/div>\n<div dir=\"auto\">H\u00e3y tr\u1edf th\u00e0nh nh\u1eefng v\u1ecb kh\u00e1ch \u0111\u1ea7u ti\u00ean tr\u1ea3i nghi\u1ec7m kh\u00f4ng gian sang tr\u1ecdng v\u00e0 tinh t\u1ebf b\u1eadc nh\u1ea5t t\u1ea1i Aravelle Suites \u2013 18 Ph\u1ea1m H\u00f9ng.<\/div>\n<\/div>\n<div class=\"x14z9mp xat24cr x1lziwak x1vvkbs xtlvy1s x126k92a\">\n<div dir=\"auto\"><span class=\"html-span xexx8yu xyri2b x18d9i69 x1c1uobl x1hl2dhg x16tdsg8 x1vvkbs x3nfvp2 x1j61x8r x1fcty0u xdj266r xat24cr xm2jcoa x1mpyi22 xxymvpz xlup9mm x1kky2od\"><img decoding=\"async\" loading=\"lazy\" class=\"xz74otr x15mokao x1ga7v0g x16uus16 xbiv7yw\" src=\"https:\/\/static.xx.fbcdn.net\/images\/emoji.php\/v9\/t2d\/1\/16\/1f4cd.png\" alt=\"\ud83d\udccd\" width=\"16\" height=\"16\" \/><\/span> \u0110\u1ecba ch\u1ec9: 18 Ph\u1ea1m H\u00f9ng, Nam T\u1eeb Li\u00eam, H\u00e0 N\u1ed9i<\/div>\n<div dir=\"auto\"><span class=\"html-span xexx8yu xyri2b x18d9i69 x1c1uobl x1hl2dhg x16tdsg8 x1vvkbs x3nfvp2 x1j61x8r x1fcty0u xdj266r xat24cr xm2jcoa x1mpyi22 xxymvpz xlup9mm x1kky2od\"><img decoding=\"async\" loading=\"lazy\" class=\"xz74otr x15mokao x1ga7v0g x16uus16 xbiv7yw\" src=\"https:\/\/static.xx.fbcdn.net\/images\/emoji.php\/v9\/t4d\/1\/16\/1f4de.png\" alt=\"\ud83d\udcde\" width=\"16\" height=\"16\" \/><\/span> Hotline: 0243 366 8388<\/div>\n<\/div>\n<\/div>\n<\/div>\n","protected":false},"excerpt":{"rendered":"<p>ARAVELLE SUITES \u2013 KH\u00c1M PH\u00c1 KH\u00d4NG GIAN S\u1ed0NG \u0110\u1eb2NG C\u1ea4P NGAY GI\u1eeeA TR\u00c1I TIM PH\u1ea0M H\u00d9NG Ng\u00e0y 01\/11\/2025, Aravelle Suites ch\u00ednh th\u1ee9c ra m\u1eaft t\u1ea1i 18 Ph\u1ea1m H\u00f9ng, Nam T\u1eeb Li\u00eam, H\u00e0 N\u1ed9i \u2013 v\u1ecb tr\u00ed trung t\u00e2m m\u1edbi c\u1ee7a s\u1ef1 hi\u1ec7n \u0111\u1ea1i v\u00e0 n\u0103ng \u0111\u1ed9ng. Aravelle Suites mang \u0111\u1ebfn tr\u1ea3i nghi\u1ec7m l\u01b0u tr\u00fa kh\u00e1c &#8230;<\/p>\n","protected":false},"author":2,"featured_media":0,"parent":0,"menu_order":0,"comment_status":"closed","ping_status":"closed","template":"","meta":[],"yst_prominent_words":[],"acf":[],"_links":{"self":[{"href":"https:\/\/22landresidence.com\/18-pham-hung\/wp-json\/wp\/v2\/pages\/24"}],"collection":[{"href":"https:\/\/22landresidence.com\/18-pham-hung\/wp-json\/wp\/v2\/pages"}],"about":[{"href":"https:\/\/22landresidence.com\/18-pham-hung\/wp-json\/wp\/v2\/types\/page"}],"author":[{"embeddable":true,"href":"https:\/\/22landresidence.com\/18-pham-hung\/wp-json\/wp\/v2\/users\/2"}],"replies":[{"embeddable":true,"href":"https:\/\/22landresidence.com\/18-pham-hung\/wp-json\/wp\/v2\/comments?post=24"}],"version-history":[{"count":13,"href":"https:\/\/22landresidence.com\/18-pham-hung\/wp-json\/wp\/v2\/pages\/24\/revisions"}],"predecessor-version":[{"id":1453,"href":"https:\/\/22landresidence.com\/18-pham-hung\/wp-json\/wp\/v2\/pages\/24\/revisions\/1453"}],"wp:attachment":[{"href":"https:\/\/22landresidence.com\/18-pham-hung\/wp-json\/wp\/v2\/media?parent=24"}],"wp:term":[{"taxonomy":"yst_prominent_words","embeddable":true,"href":"https:\/\/22landresidence.com\/18-pham-hung\/wp-json\/wp\/v2\/yst_prominent_words?post=24"}],"curies":[{"name":"wp","href":"https:\/\/api.w.org\/{rel}","templated":true}]}}