{"id":301,"date":"2019-11-17T08:22:54","date_gmt":"2019-11-17T01:22:54","guid":{"rendered":"https:\/\/22landresidence.com\/18-pham-hung\/?page_id=301"},"modified":"2025-11-08T08:26:22","modified_gmt":"2025-11-08T01:26:22","slug":"restaurant","status":"publish","type":"page","link":"https:\/\/22landresidence.com\/18-pham-hung\/gioi-thieu\/restaurant\/","title":{"rendered":"Restaurant"},"content":{"rendered":"<div class=\"container section-title-container\" ><h2 class=\"section-title section-title-center\"><b><\/b><span class=\"section-title-main\" >Restaurant t\u1ea1i Kh\u00e1ch s\u1ea1n c\u1ee7a ch\u00fang t\u00f4i<\/span><b><\/b><\/h2><\/div>\n<div class=\"xdj266r x14z9mp xat24cr x1lziwak x1vvkbs x126k92a\">\n<div dir=\"auto\"><span class=\"html-span xexx8yu xyri2b x18d9i69 x1c1uobl x1hl2dhg x16tdsg8 x1vvkbs x3nfvp2 x1j61x8r x1fcty0u xdj266r xat24cr xm2jcoa x1mpyi22 xxymvpz xlup9mm x1kky2od\"><img decoding=\"async\" loading=\"lazy\" class=\"xz74otr x15mokao x1ga7v0g x16uus16 xbiv7yw\" src=\"https:\/\/static.xx.fbcdn.net\/images\/emoji.php\/v9\/t1e\/1\/16\/1f33f.png\" alt=\"\ud83c\udf3f\" width=\"16\" height=\"16\" \/><\/span> Anv\u00e9 \u2013 Vietnamese Cuisine<\/div>\n<\/div>\n<div class=\"x14z9mp xat24cr x1lziwak x1vvkbs xtlvy1s x126k92a\">\n<div dir=\"auto\"><span class=\"html-span xexx8yu xyri2b x18d9i69 x1c1uobl x1hl2dhg x16tdsg8 x1vvkbs x3nfvp2 x1j61x8r x1fcty0u xdj266r xat24cr xm2jcoa x1mpyi22 xxymvpz xlup9mm x1kky2od\"><img decoding=\"async\" loading=\"lazy\" class=\"xz74otr x15mokao x1ga7v0g x16uus16 xbiv7yw\" src=\"https:\/\/static.xx.fbcdn.net\/images\/emoji.php\/v9\/tf4\/1\/16\/2728.png\" alt=\"\u2728\" width=\"16\" height=\"16\" \/><\/span> Calm Luxury \u2013 Vietnamese Boutique Dining \u2013 Tinh hoa \u1ea9m th\u1ef1c Vi\u1ec7t \u0111\u01b0\u01a1ng \u0111\u1ea1i <span class=\"html-span xexx8yu xyri2b x18d9i69 x1c1uobl x1hl2dhg x16tdsg8 x1vvkbs x3nfvp2 x1j61x8r x1fcty0u xdj266r xat24cr xm2jcoa x1mpyi22 xxymvpz xlup9mm x1kky2od\"><img decoding=\"async\" loading=\"lazy\" class=\"xz74otr x15mokao x1ga7v0g x16uus16 xbiv7yw\" src=\"https:\/\/static.xx.fbcdn.net\/images\/emoji.php\/v9\/tf4\/1\/16\/2728.png\" alt=\"\u2728\" width=\"16\" height=\"16\" \/><\/span><\/div>\n<\/div>\n<div class=\"x14z9mp xat24cr x1lziwak x1vvkbs xtlvy1s x126k92a\">\n<div dir=\"auto\">Gi\u1eefa nh\u1ecbp s\u1ed1ng hi\u1ec7n \u0111\u1ea1i <span class=\"html-span xexx8yu xyri2b x18d9i69 x1c1uobl x1hl2dhg x16tdsg8 x1vvkbs x3nfvp2 x1j61x8r x1fcty0u xdj266r xat24cr xm2jcoa x1mpyi22 xxymvpz xlup9mm x1kky2od\"><img decoding=\"async\" loading=\"lazy\" class=\"xz74otr x15mokao x1ga7v0g x16uus16 xbiv7yw\" src=\"https:\/\/static.xx.fbcdn.net\/images\/emoji.php\/v9\/t11\/1\/16\/1f306.png\" alt=\"\ud83c\udf06\" width=\"16\" height=\"16\" \/><\/span>, Anv\u00e9 ra \u0111\u1eddi nh\u01b0 m\u1ed9t kho\u1ea3ng l\u1eb7ng an y\u00ean \u2013 n\u01a1i \u1ea9m th\u1ef1c Vi\u1ec7t \u0111\u01b0\u1ee3c t\u00f4n vinh trong kh\u00f4ng gian sang tr\u1ecdng nh\u01b0ng v\u1eabn \u0111\u1eadm ch\u1ea5t truy\u1ec1n th\u1ed1ng.<\/div>\n<div dir=\"auto\">T\u00ean g\u1ecdi \u201cAnv\u00e9\u201d (\/an-v\u00ea\/) \u0111\u01b0\u1ee3c h\u00ecnh th\u00e0nh t\u1eeb g\u1ed1c \u201cAn Vi\u1ec7t\u201d, mang trong m\u00ecnh th\u00f4ng \u0111i\u1ec7p v\u1ec1 s\u1ef1 b\u00ecnh y\u00ean v\u00e0 ni\u1ec1m t\u1ef1 h\u00e0o v\u1edbi tinh hoa \u1ea9m th\u1ef1c Vi\u1ec7t Nam <span class=\"html-span xexx8yu xyri2b x18d9i69 x1c1uobl x1hl2dhg x16tdsg8 x1vvkbs x3nfvp2 x1j61x8r x1fcty0u xdj266r xat24cr xm2jcoa x1mpyi22 xxymvpz xlup9mm x1kky2od\"><img decoding=\"async\" loading=\"lazy\" class=\"xz74otr x15mokao x1ga7v0g x16uus16 xbiv7yw\" src=\"https:\/\/static.xx.fbcdn.net\/images\/emoji.php\/v9\/tcf\/1\/16\/1f1fb_1f1f3.png\" alt=\"\ud83c\uddfb\ud83c\uddf3\" width=\"16\" height=\"16\" \/><\/span>.<\/div>\n<\/div>\n<div class=\"x14z9mp xat24cr x1lziwak x1vvkbs xtlvy1s x126k92a\">\n<div dir=\"auto\"><span class=\"html-span xexx8yu xyri2b x18d9i69 x1c1uobl x1hl2dhg x16tdsg8 x1vvkbs x3nfvp2 x1j61x8r x1fcty0u xdj266r xat24cr xm2jcoa x1mpyi22 xxymvpz xlup9mm x1kky2od\"><img decoding=\"async\" loading=\"lazy\" class=\"xz74otr x15mokao x1ga7v0g x16uus16 xbiv7yw\" src=\"https:\/\/static.xx.fbcdn.net\/images\/emoji.php\/v9\/t4d\/1\/16\/1f962.png\" alt=\"\ud83e\udd62\" width=\"16\" height=\"16\" \/><\/span> M\u1ed7i m\u00f3n \u0103n t\u1ea1i Anv\u00e9 kh\u00f4ng ch\u1ec9 l\u00e0 h\u01b0\u01a1ng v\u1ecb, m\u00e0 l\u00e0 m\u1ed9t c\u00e2u chuy\u1ec7n \u0111\u01b0\u1ee3c k\u1ec3 b\u1eb1ng c\u1ea3m x\u00fac v\u00e0 k\u00fd \u1ee9c \u2013<\/div>\n<div dir=\"auto\">l\u00e0 h\u01b0\u01a1ng th\u01a1m c\u1ee7a b\u00e1t ph\u1edf s\u1edbm mai, l\u00e0 v\u1ecb thanh m\u00e1t c\u1ee7a b\u1eefa c\u01a1m nh\u00e0 m\u1eb9 n\u1ea5u, l\u00e0 ch\u00fat cay n\u1ed3ng, ng\u1ecdt d\u1ecbu dung h\u00f2a nh\u01b0 ch\u00ednh t\u00e2m h\u1ed3n ng\u01b0\u1eddi Vi\u1ec7t.<\/div>\n<div dir=\"auto\">T\u1ea5t c\u1ea3 \u0111\u01b0\u1ee3c t\u00e1i hi\u1ec7n trong phong c\u00e1ch Vietnamese Boutique Dining \u2013 tinh t\u1ebf, nh\u1eb9 nh\u00e0ng, nh\u01b0ng ch\u1ee9a \u0111\u1ef1ng chi\u1ec1u s\u00e2u v\u0103n h\u00f3a v\u00e0 c\u1ea3m x\u00fac.<\/div>\n<\/div>\n<div class=\"x14z9mp xat24cr x1lziwak x1vvkbs xtlvy1s x126k92a\">\n<div dir=\"auto\"><span class=\"html-span xexx8yu xyri2b x18d9i69 x1c1uobl x1hl2dhg x16tdsg8 x1vvkbs x3nfvp2 x1j61x8r x1fcty0u xdj266r xat24cr xm2jcoa x1mpyi22 xxymvpz xlup9mm x1kky2od\"><img decoding=\"async\" loading=\"lazy\" class=\"xz74otr x15mokao x1ga7v0g x16uus16 xbiv7yw\" src=\"https:\/\/static.xx.fbcdn.net\/images\/emoji.php\/v9\/tf0\/1\/16\/1f338.png\" alt=\"\ud83c\udf38\" width=\"16\" height=\"16\" \/><\/span> Kh\u00f4ng gian Anv\u00e9 \u0111\u01b0\u1ee3c thi\u1ebft k\u1ebf theo tri\u1ebft l\u00fd Calm Luxury \u2013 sang tr\u1ecdng nh\u01b0ng kh\u00f4ng ph\u00f4 tr\u01b0\u01a1ng, hi\u1ec7n \u0111\u1ea1i m\u00e0 v\u1eabn gi\u1eef n\u00e9t m\u1ed9c m\u1ea1c, g\u1ea7n g\u0169i.<\/div>\n<div dir=\"auto\">\u00c1nh s\u00e1ng d\u1ecbu <span class=\"html-span xexx8yu xyri2b x18d9i69 x1c1uobl x1hl2dhg x16tdsg8 x1vvkbs x3nfvp2 x1j61x8r x1fcty0u xdj266r xat24cr xm2jcoa x1mpyi22 xxymvpz xlup9mm x1kky2od\"><img decoding=\"async\" loading=\"lazy\" class=\"xz74otr x15mokao x1ga7v0g x16uus16 xbiv7yw\" src=\"https:\/\/static.xx.fbcdn.net\/images\/emoji.php\/v9\/t4d\/1\/16\/1f324.png\" alt=\"\ud83c\udf24\" width=\"16\" height=\"16\" \/><\/span>, ti\u1ebfng nh\u1ea1c kh\u1ebd <span class=\"html-span xexx8yu xyri2b x18d9i69 x1c1uobl x1hl2dhg x16tdsg8 x1vvkbs x3nfvp2 x1j61x8r x1fcty0u xdj266r xat24cr xm2jcoa x1mpyi22 xxymvpz xlup9mm x1kky2od\"><img decoding=\"async\" loading=\"lazy\" class=\"xz74otr x15mokao x1ga7v0g x16uus16 xbiv7yw\" src=\"https:\/\/static.xx.fbcdn.net\/images\/emoji.php\/v9\/t1f\/1\/16\/1f3b6.png\" alt=\"\ud83c\udfb6\" width=\"16\" height=\"16\" \/><\/span>, m\u00f9i h\u01b0\u01a1ng nh\u1eb9 <span class=\"html-span xexx8yu xyri2b x18d9i69 x1c1uobl x1hl2dhg x16tdsg8 x1vvkbs x3nfvp2 x1j61x8r x1fcty0u xdj266r xat24cr xm2jcoa x1mpyi22 xxymvpz xlup9mm x1kky2od\"><img decoding=\"async\" loading=\"lazy\" class=\"xz74otr x15mokao x1ga7v0g x16uus16 xbiv7yw\" src=\"https:\/\/static.xx.fbcdn.net\/images\/emoji.php\/v9\/t1e\/1\/16\/1f33f.png\" alt=\"\ud83c\udf3f\" width=\"16\" height=\"16\" \/><\/span> v\u00e0 s\u1ef1 ch\u0103m ch\u00fat trong t\u1eebng c\u1eed ch\u1ec9 ph\u1ee5c v\u1ee5 \u2013 t\u1ea5t c\u1ea3 h\u00f2a quy\u1ec7n t\u1ea1o n\u00ean m\u1ed9t h\u00e0nh tr\u00ecnh \u1ea9m th\u1ef1c tr\u1ecdn v\u1eb9n cho m\u1ecdi gi\u00e1c quan.<\/div>\n<div dir=\"auto\">T\u1ea1i \u0111\u00e2y, th\u1ef1c kh\u00e1ch kh\u00f4ng ch\u1ec9 \u201c\u0103n\u201d, m\u00e0 c\u00f2n \u201cc\u1ea3m\u201d \u2013 c\u1ea3m nh\u1eadn s\u1ef1 thanh th\u1ea3n, s\u1ef1 tinh t\u1ebf v\u00e0 c\u00e1i h\u1ed3n c\u1ee7a m\u00f3n Vi\u1ec7t trong nh\u1ecbp s\u1ed1ng \u0111\u01b0\u01a1ng \u0111\u1ea1i.<\/div>\n<\/div>\n<div class=\"x14z9mp xat24cr x1lziwak x1vvkbs xtlvy1s x126k92a\">\n<div dir=\"auto\"><span class=\"html-span xexx8yu xyri2b x18d9i69 x1c1uobl x1hl2dhg x16tdsg8 x1vvkbs x3nfvp2 x1j61x8r x1fcty0u xdj266r xat24cr xm2jcoa x1mpyi22 xxymvpz xlup9mm x1kky2od\"><img decoding=\"async\" loading=\"lazy\" class=\"xz74otr x15mokao x1ga7v0g x16uus16 xbiv7yw\" src=\"https:\/\/static.xx.fbcdn.net\/images\/emoji.php\/v9\/ta\/1\/16\/1f343.png\" alt=\"\ud83c\udf43\" width=\"16\" height=\"16\" \/><\/span> V\u1edbi Anv\u00e9, \u1ea9m th\u1ef1c kh\u00f4ng ch\u1ec9 l\u00e0 b\u1eefa \u0103n, m\u00e0 l\u00e0 m\u1ed9t nghi l\u1ec5 c\u1ee7a s\u1ef1 tr\u00e2n tr\u1ecdng \u2013<\/div>\n<div dir=\"auto\">tr\u00e2n tr\u1ecdng nguy\u00ean li\u1ec7u, c\u00f4ng s\u1ee9c ng\u01b0\u1eddi \u0111\u1ea7u b\u1ebfp <span class=\"html-span xexx8yu xyri2b x18d9i69 x1c1uobl x1hl2dhg x16tdsg8 x1vvkbs x3nfvp2 x1j61x8r x1fcty0u xdj266r xat24cr xm2jcoa x1mpyi22 xxymvpz xlup9mm x1kky2od\"><img decoding=\"async\" loading=\"lazy\" class=\"xz74otr x15mokao x1ga7v0g x16uus16 xbiv7yw\" src=\"https:\/\/static.xx.fbcdn.net\/images\/emoji.php\/v9\/t74\/1\/16\/1f468_200d_1f373.png\" alt=\"\ud83d\udc68\u200d\ud83c\udf73\" width=\"16\" height=\"16\" \/><\/span>, v\u00e0 h\u01a1n h\u1ebft l\u00e0 tr\u00e2n tr\u1ecdng b\u1ea3n s\u1eafc Vi\u1ec7t \u0111\u01b0\u1ee3c l\u01b0u gi\u1eef qua t\u1eebng h\u01b0\u01a1ng v\u1ecb.<\/div>\n<div dir=\"auto\">M\u1ed7i chi ti\u1ebft \u2013 t\u1eeb c\u00e1ch b\u00e0i tr\u00ed b\u00e0n \u0103n, \u00e2m thanh n\u1ec1n, cho \u0111\u1ebfn c\u00e1ch r\u00f3t tr\u00e0 <span class=\"html-span xexx8yu xyri2b x18d9i69 x1c1uobl x1hl2dhg x16tdsg8 x1vvkbs x3nfvp2 x1j61x8r x1fcty0u xdj266r xat24cr xm2jcoa x1mpyi22 xxymvpz xlup9mm x1kky2od\"><img decoding=\"async\" loading=\"lazy\" class=\"xz74otr x15mokao x1ga7v0g x16uus16 xbiv7yw\" src=\"https:\/\/static.xx.fbcdn.net\/images\/emoji.php\/v9\/te9\/1\/16\/1f375.png\" alt=\"\ud83c\udf75\" width=\"16\" height=\"16\" \/><\/span> \u2013 \u0111\u1ec1u h\u01b0\u1edbng \u0111\u1ebfn s\u1ef1 tinh t\u1ebf v\u00e0 c\u1ea3m x\u00fac y\u00ean b\u00ecnh c\u1ee7a m\u1ed9t H\u00e0 N\u1ed9i \u0111ang chuy\u1ec3n m\u00ecnh nh\u01b0ng v\u1eabn gi\u1eef l\u1ea1i n\u00e9t truy\u1ec1n th\u1ed1ng trong t\u1eebng h\u01a1i th\u1edf.<\/div>\n<\/div>\n<div class=\"x14z9mp xat24cr x1lziwak x1vvkbs xtlvy1s x126k92a\">\n<div dir=\"auto\"><span class=\"html-span xexx8yu xyri2b x18d9i69 x1c1uobl x1hl2dhg x16tdsg8 x1vvkbs x3nfvp2 x1j61x8r x1fcty0u xdj266r xat24cr xm2jcoa x1mpyi22 xxymvpz xlup9mm x1kky2od\"><img decoding=\"async\" loading=\"lazy\" class=\"xz74otr x15mokao x1ga7v0g x16uus16 xbiv7yw\" src=\"https:\/\/static.xx.fbcdn.net\/images\/emoji.php\/v9\/ted\/1\/16\/1f4ab.png\" alt=\"\ud83d\udcab\" width=\"16\" height=\"16\" \/><\/span> Anv\u00e9 l\u00e0 n\u01a1i giao h\u00f2a gi\u1eefa hi\u1ec7n \u0111\u1ea1i v\u00e0 truy\u1ec1n th\u1ed1ng, gi\u1eefa t\u0129nh t\u1ea1i v\u00e0 tinh t\u1ebf, gi\u1eefa c\u1ea3m x\u00fac v\u00e0 tr\u1ea3i nghi\u1ec7m.<\/div>\n<div dir=\"auto\">L\u00e0 l\u1eddi m\u1eddi nh\u1eb9 nh\u00e0ng d\u00e0nh cho nh\u1eefng ai mu\u1ed1n t\u00ecm l\u1ea1i s\u1ef1 an nhi\u00ean trong t\u1eebng b\u1eefa \u0103n, \u0111\u1ec3 th\u1ea5y r\u1eb1ng trong nh\u1ecbp s\u1ed1ng v\u1ed9i v\u00e3, b\u00ecnh y\u00ean \u0111\u00f4i khi \u0111\u1ebfn t\u1eeb m\u1ed9t m\u00f3n \u0103n Vi\u1ec7t \u0111\u01b0\u1ee3c n\u1ea5u b\u1eb1ng c\u1ea3 t\u1ea5m l\u00f2ng.<\/div>\n<\/div>\n<div class=\"x14z9mp xat24cr x1lziwak x1vvkbs xtlvy1s x126k92a\">\n<div dir=\"auto\"><span class=\"html-span xexx8yu xyri2b x18d9i69 x1c1uobl x1hl2dhg x16tdsg8 x1vvkbs x3nfvp2 x1j61x8r x1fcty0u xdj266r xat24cr xm2jcoa x1mpyi22 xxymvpz xlup9mm x1kky2od\"><img decoding=\"async\" loading=\"lazy\" class=\"xz74otr x15mokao x1ga7v0g x16uus16 xbiv7yw\" src=\"https:\/\/static.xx.fbcdn.net\/images\/emoji.php\/v9\/t6c\/1\/16\/2764.png\" alt=\"\u2764\ufe0f\" width=\"16\" height=\"16\" \/><\/span> Anv\u00e9 \u2013 n\u01a1i \u1ea9m th\u1ef1c ch\u1ea1m \u0111\u1ebfn c\u1ea3m x\u00fac.<\/div>\n<div dir=\"auto\"><span class=\"html-span xexx8yu xyri2b x18d9i69 x1c1uobl x1hl2dhg x16tdsg8 x1vvkbs x3nfvp2 x1j61x8r x1fcty0u xdj266r xat24cr xm2jcoa x1mpyi22 xxymvpz xlup9mm x1kky2od\"><img decoding=\"async\" loading=\"lazy\" class=\"xz74otr x15mokao x1ga7v0g x16uus16 xbiv7yw\" src=\"https:\/\/static.xx.fbcdn.net\/images\/emoji.php\/v9\/t9d\/1\/16\/1f33e.png\" alt=\"\ud83c\udf3e\" width=\"16\" height=\"16\" \/><\/span> N\u01a1i m\u1ed7i b\u1eefa \u0103n l\u00e0 m\u1ed9t kho\u1ea3nh kh\u1eafc an y\u00ean.<\/div>\n<\/div>\n\t<div class=\"img has-hover x md-x lg-x y md-y lg-y\" id=\"image_151910145\">\n\t\t\t\t\t\t\t\t<div class=\"img-inner dark\" >\n\t\t\t<img width=\"1020\" height=\"646\" src=\"https:\/\/22landresidence.com\/18-pham-hung\/wp-content\/uploads\/sites\/23\/2025\/11\/5-1-1024x649.jpg\" class=\"attachment-large size-large\" alt=\"\" decoding=\"async\" loading=\"lazy\" srcset=\"https:\/\/22landresidence.com\/18-pham-hung\/wp-content\/uploads\/sites\/23\/2025\/11\/5-1-1024x649.jpg 1024w, https:\/\/22landresidence.com\/18-pham-hung\/wp-content\/uploads\/sites\/23\/2025\/11\/5-1-300x190.jpg 300w, https:\/\/22landresidence.com\/18-pham-hung\/wp-content\/uploads\/sites\/23\/2025\/11\/5-1-768x487.jpg 768w, https:\/\/22landresidence.com\/18-pham-hung\/wp-content\/uploads\/sites\/23\/2025\/11\/5-1-1536x973.jpg 1536w, https:\/\/22landresidence.com\/18-pham-hung\/wp-content\/uploads\/sites\/23\/2025\/11\/5-1-900x570.jpg 900w, https:\/\/22landresidence.com\/18-pham-hung\/wp-content\/uploads\/sites\/23\/2025\/11\/5-1.jpg 2000w\" sizes=\"(max-width: 1020px) 100vw, 1020px\" \/>\t\t\t\t\t\t\n\t\t\t\t\t<\/div>\n\t\t\t\t\t\t\t\t\n<style>\n#image_151910145 {\n  width: 100%;\n}\n<\/style>\n\t<\/div>\n\t\n\t<div id=\"gap-996198540\" class=\"gap-element clearfix\" style=\"display:block; height:auto;\">\n\t\t\n<style>\n#gap-996198540 {\n  padding-top: 15px;\n}\n<\/style>\n\t<\/div>\n\t\n\t<div class=\"img has-hover x md-x lg-x y md-y lg-y\" id=\"image_860423108\">\n\t\t\t\t\t\t\t\t<div class=\"img-inner dark\" >\n\t\t\t<img width=\"1020\" height=\"816\" src=\"https:\/\/22landresidence.com\/18-pham-hung\/wp-content\/uploads\/sites\/23\/2025\/11\/7-1024x819.jpg\" class=\"attachment-large size-large\" alt=\"\" decoding=\"async\" loading=\"lazy\" srcset=\"https:\/\/22landresidence.com\/18-pham-hung\/wp-content\/uploads\/sites\/23\/2025\/11\/7-1024x819.jpg 1024w, https:\/\/22landresidence.com\/18-pham-hung\/wp-content\/uploads\/sites\/23\/2025\/11\/7-300x240.jpg 300w, https:\/\/22landresidence.com\/18-pham-hung\/wp-content\/uploads\/sites\/23\/2025\/11\/7-768x614.jpg 768w, https:\/\/22landresidence.com\/18-pham-hung\/wp-content\/uploads\/sites\/23\/2025\/11\/7-900x720.jpg 900w, https:\/\/22landresidence.com\/18-pham-hung\/wp-content\/uploads\/sites\/23\/2025\/11\/7.jpg 1500w\" sizes=\"(max-width: 1020px) 100vw, 1020px\" \/>\t\t\t\t\t\t\n\t\t\t\t\t<\/div>\n\t\t\t\t\t\t\t\t\n<style>\n#image_860423108 {\n  width: 100%;\n}\n<\/style>\n\t<\/div>\n\t\n\t<div id=\"gap-429453730\" class=\"gap-element clearfix\" style=\"display:block; height:auto;\">\n\t\t\n<style>\n#gap-429453730 {\n  padding-top: 15px;\n}\n<\/style>\n\t<\/div>\n\t\n\t<div class=\"img has-hover x md-x lg-x y md-y lg-y\" id=\"image_1204318159\">\n\t\t\t\t\t\t\t\t<div class=\"img-inner dark\" >\n\t\t\t<img width=\"1125\" height=\"1500\" src=\"https:\/\/22landresidence.com\/18-pham-hung\/wp-content\/uploads\/sites\/23\/2025\/11\/6.jpg\" class=\"attachment-original size-original\" alt=\"\" decoding=\"async\" loading=\"lazy\" srcset=\"https:\/\/22landresidence.com\/18-pham-hung\/wp-content\/uploads\/sites\/23\/2025\/11\/6.jpg 1125w, https:\/\/22landresidence.com\/18-pham-hung\/wp-content\/uploads\/sites\/23\/2025\/11\/6-225x300.jpg 225w, https:\/\/22landresidence.com\/18-pham-hung\/wp-content\/uploads\/sites\/23\/2025\/11\/6-768x1024.jpg 768w, https:\/\/22landresidence.com\/18-pham-hung\/wp-content\/uploads\/sites\/23\/2025\/11\/6-900x1200.jpg 900w\" sizes=\"(max-width: 1125px) 100vw, 1125px\" \/>\t\t\t\t\t\t\n\t\t\t\t\t<\/div>\n\t\t\t\t\t\t\t\t\n<style>\n#image_1204318159 {\n  width: 100%;\n}\n<\/style>\n\t<\/div>\n\t\n\t<div id=\"gap-738439999\" class=\"gap-element clearfix\" style=\"display:block; height:auto;\">\n\t\t\n<style>\n#gap-738439999 {\n  padding-top: 15px;\n}\n<\/style>\n\t<\/div>\n\t\n\t<div class=\"img has-hover x md-x lg-x y md-y lg-y\" id=\"image_1116763372\">\n\t\t\t\t\t\t\t\t<div class=\"img-inner dark\" >\n\t\t\t<img width=\"1125\" height=\"1500\" src=\"https:\/\/22landresidence.com\/18-pham-hung\/wp-content\/uploads\/sites\/23\/2025\/11\/11.jpg\" class=\"attachment-original size-original\" alt=\"\" decoding=\"async\" loading=\"lazy\" srcset=\"https:\/\/22landresidence.com\/18-pham-hung\/wp-content\/uploads\/sites\/23\/2025\/11\/11.jpg 1125w, https:\/\/22landresidence.com\/18-pham-hung\/wp-content\/uploads\/sites\/23\/2025\/11\/11-225x300.jpg 225w, https:\/\/22landresidence.com\/18-pham-hung\/wp-content\/uploads\/sites\/23\/2025\/11\/11-768x1024.jpg 768w, https:\/\/22landresidence.com\/18-pham-hung\/wp-content\/uploads\/sites\/23\/2025\/11\/11-900x1200.jpg 900w\" sizes=\"(max-width: 1125px) 100vw, 1125px\" \/>\t\t\t\t\t\t\n\t\t\t\t\t<\/div>\n\t\t\t\t\t\t\t\t\n<style>\n#image_1116763372 {\n  width: 100%;\n}\n<\/style>\n\t<\/div>\n\t\n\t<div id=\"gap-200234130\" class=\"gap-element clearfix\" style=\"display:block; height:auto;\">\n\t\t\n<style>\n#gap-200234130 {\n  padding-top: 15px;\n}\n<\/style>\n\t<\/div>\n\t\n\t<div class=\"img has-hover x md-x lg-x y md-y lg-y\" id=\"image_1137492407\">\n\t\t\t\t\t\t\t\t<div class=\"img-inner dark\" >\n\t\t\t<img width=\"1500\" height=\"2000\" src=\"https:\/\/22landresidence.com\/18-pham-hung\/wp-content\/uploads\/sites\/23\/2025\/11\/2.jpg\" class=\"attachment-original size-original\" alt=\"\" decoding=\"async\" loading=\"lazy\" srcset=\"https:\/\/22landresidence.com\/18-pham-hung\/wp-content\/uploads\/sites\/23\/2025\/11\/2.jpg 1500w, https:\/\/22landresidence.com\/18-pham-hung\/wp-content\/uploads\/sites\/23\/2025\/11\/2-225x300.jpg 225w, https:\/\/22landresidence.com\/18-pham-hung\/wp-content\/uploads\/sites\/23\/2025\/11\/2-768x1024.jpg 768w, https:\/\/22landresidence.com\/18-pham-hung\/wp-content\/uploads\/sites\/23\/2025\/11\/2-1152x1536.jpg 1152w, https:\/\/22landresidence.com\/18-pham-hung\/wp-content\/uploads\/sites\/23\/2025\/11\/2-900x1200.jpg 900w\" sizes=\"(max-width: 1500px) 100vw, 1500px\" \/>\t\t\t\t\t\t\n\t\t\t\t\t<\/div>\n\t\t\t\t\t\t\t\t\n<style>\n#image_1137492407 {\n  width: 100%;\n}\n<\/style>\n\t<\/div>\n\t\n","protected":false},"excerpt":{"rendered":"<p>Anv\u00e9 \u2013 Vietnamese Cuisine Calm Luxury \u2013 Vietnamese Boutique Dining \u2013 Tinh hoa \u1ea9m th\u1ef1c Vi\u1ec7t \u0111\u01b0\u01a1ng \u0111\u1ea1i Gi\u1eefa nh\u1ecbp s\u1ed1ng hi\u1ec7n \u0111\u1ea1i , Anv\u00e9 ra \u0111\u1eddi nh\u01b0 m\u1ed9t kho\u1ea3ng l\u1eb7ng an y\u00ean \u2013 n\u01a1i \u1ea9m th\u1ef1c Vi\u1ec7t \u0111\u01b0\u1ee3c t\u00f4n vinh trong kh\u00f4ng gian sang tr\u1ecdng nh\u01b0ng v\u1eabn \u0111\u1eadm ch\u1ea5t truy\u1ec1n th\u1ed1ng. T\u00ean g\u1ecdi \u201cAnv\u00e9\u201d &#8230;<\/p>\n","protected":false},"author":2,"featured_media":0,"parent":24,"menu_order":0,"comment_status":"closed","ping_status":"closed","template":"","meta":[],"yst_prominent_words":[],"acf":[],"_links":{"self":[{"href":"https:\/\/22landresidence.com\/18-pham-hung\/wp-json\/wp\/v2\/pages\/301"}],"collection":[{"href":"https:\/\/22landresidence.com\/18-pham-hung\/wp-json\/wp\/v2\/pages"}],"about":[{"href":"https:\/\/22landresidence.com\/18-pham-hung\/wp-json\/wp\/v2\/types\/page"}],"author":[{"embeddable":true,"href":"https:\/\/22landresidence.com\/18-pham-hung\/wp-json\/wp\/v2\/users\/2"}],"replies":[{"embeddable":true,"href":"https:\/\/22landresidence.com\/18-pham-hung\/wp-json\/wp\/v2\/comments?post=301"}],"version-history":[{"count":4,"href":"https:\/\/22landresidence.com\/18-pham-hung\/wp-json\/wp\/v2\/pages\/301\/revisions"}],"predecessor-version":[{"id":1454,"href":"https:\/\/22landresidence.com\/18-pham-hung\/wp-json\/wp\/v2\/pages\/301\/revisions\/1454"}],"up":[{"embeddable":true,"href":"https:\/\/22landresidence.com\/18-pham-hung\/wp-json\/wp\/v2\/pages\/24"}],"wp:attachment":[{"href":"https:\/\/22landresidence.com\/18-pham-hung\/wp-json\/wp\/v2\/media?parent=301"}],"wp:term":[{"taxonomy":"yst_prominent_words","embeddable":true,"href":"https:\/\/22landresidence.com\/18-pham-hung\/wp-json\/wp\/v2\/yst_prominent_words?post=301"}],"curies":[{"name":"wp","href":"https:\/\/api.w.org\/{rel}","templated":true}]}}