{"id":24,"date":"2019-11-16T08:34:22","date_gmt":"2019-11-16T01:34:22","guid":{"rendered":"https:\/\/22landresidence.com\/185atrichsai\/?page_id=24"},"modified":"2022-06-22T14:35:52","modified_gmt":"2022-06-22T07:35:52","slug":"gioi-thieu","status":"publish","type":"page","link":"https:\/\/22landresidence.com\/185atrichsai\/gioi-thieu\/","title":{"rendered":"Gi\u1edbi thi\u1ec7u"},"content":{"rendered":"<p><strong style=\"color: #333333\">22Housing Moon West Lake \u2013 khu c\u0103n h\u1ed9 cao c\u1ea5p b\u00ean b\u1edd H\u1ed3 T\u00e2y y\u00ean t\u0129nh &#8211; \u0111i\u1ec3m ngh\u1ec9 ch\u00e2n l\u00ed t\u01b0\u1edfng d\u00e0nh cho du kh\u00e1ch khi \u0111\u1ebfn v\u1edbi H\u00e0 N\u1ed9i.<\/strong><\/p>\n<div class=\"cxmmr5t8 oygrvhab hcukyx3x c1et5uql o9v6fnle ii04i59q\">\n<div dir=\"auto\">V\u1edbi thi\u1ebft k\u1ebf sang tr\u1ecdng, thanh l\u1ecbch, trang thi\u1ebft b\u1ecb hi\u1ec7n \u0111\u1ea1i c\u00f9ng \u0111\u1ed9i ng\u0169 nh\u00e2n vi\u00ean chuy\u00ean nghi\u1ec7p, th\u00e2n thi\u1ec7n, MWL h\u1ee9a h\u1eb9n mang \u0111\u1ebfn cho qu\u00fd kh\u00e1ch gi\u00e2y ph\u00fat th\u01b0 gi\u00e3n, y\u00ean b\u00ecnh c\u1ee7a khung c\u1ea3nh H\u1ed3 T\u00e2y. \u0110\u00e2y c\u00f2n l\u00e0 m\u1ed9t trong nh\u1eefng \u0111i\u1ec3m ng\u1eafm ph\u00e1o hoa \u0111\u1eb9p nh\u1ea5t th\u00e0nh ph\u1ed1 H\u00e0 N\u1ed9i, \u0111em l\u1ea1i cho kh\u00e1ch ngh\u1ec9 tr\u1ea3i nghi\u1ec7m b\u1ea5t ng\u1edd trong nh\u1eefng ng\u00e0y L\u1ec5 l\u1edbn c\u1ee7a d\u00e2n t\u1ed9c.<\/div>\n<\/div>\n<p>N\u1ebfu b\u1ea1n \u0111ang c\u1ea7n ch\u1ed1n ngh\u1ec9 ch\u00e2n cho m\u1ed9t chuy\u1ebfn c\u00f4ng t\u00e1c, m\u1ed9t chuy\u1ebfn \u0111i du l\u1ecbch H\u00e0 N\u1ed9i, hay th\u1eadm ch\u00ed ch\u1ec9 l\u00e0 mu\u1ed1n \u0111\u1ed5i gi\u00f3, t\u00ecm \u0111\u1ebfn m\u1ed9t ch\u1ed1n b\u00ecnh y\u00ean xa r\u1eddi x\u00f4 b\u1ed3 c\u1ee7a cu\u1ed9c s\u1ed1ng \u0111\u1ec3 n\u1ea1p l\u1ea1i n\u0103ng l\u01b0\u1ee3ng cho nh\u1eefng h\u00e0nh tr\u00ecnh ti\u1ebfp theo th\u00ec 22HOUSING MOON WEST LAKE c\u1ee7a ch\u00fang t\u00f4i\u00a0 l\u00e0 \u0111\u1ecba \u0111i\u1ec3m tuy\u1ec7t v\u1eddi kh\u00f4ng th\u1ec3 b\u1ecf qua.<\/p>\n<p>\u00a0<\/p>\n","protected":false},"excerpt":{"rendered":"<p>22Housing Moon West Lake \u2013 khu c\u0103n h\u1ed9 cao c\u1ea5p b\u00ean b\u1edd H\u1ed3 T\u00e2y y\u00ean t\u0129nh &#8211; \u0111i\u1ec3m ngh\u1ec9 ch\u00e2n l\u00ed t\u01b0\u1edfng d\u00e0nh cho du kh\u00e1ch khi \u0111\u1ebfn v\u1edbi H\u00e0 N\u1ed9i. V\u1edbi thi\u1ebft k\u1ebf sang tr\u1ecdng, thanh l\u1ecbch, trang thi\u1ebft b\u1ecb hi\u1ec7n \u0111\u1ea1i c\u00f9ng \u0111\u1ed9i ng\u0169 nh\u00e2n vi\u00ean chuy\u00ean nghi\u1ec7p, th\u00e2n thi\u1ec7n, MWL h\u1ee9a h\u1eb9n &#8230;<\/p>\n","protected":false},"author":2,"featured_media":0,"parent":0,"menu_order":0,"comment_status":"closed","ping_status":"closed","template":"","meta":[],"yst_prominent_words":[],"acf":[],"_links":{"self":[{"href":"https:\/\/22landresidence.com\/185atrichsai\/wp-json\/wp\/v2\/pages\/24"}],"collection":[{"href":"https:\/\/22landresidence.com\/185atrichsai\/wp-json\/wp\/v2\/pages"}],"about":[{"href":"https:\/\/22landresidence.com\/185atrichsai\/wp-json\/wp\/v2\/types\/page"}],"author":[{"embeddable":true,"href":"https:\/\/22landresidence.com\/185atrichsai\/wp-json\/wp\/v2\/users\/2"}],"replies":[{"embeddable":true,"href":"https:\/\/22landresidence.com\/185atrichsai\/wp-json\/wp\/v2\/comments?post=24"}],"version-history":[{"count":12,"href":"https:\/\/22landresidence.com\/185atrichsai\/wp-json\/wp\/v2\/pages\/24\/revisions"}],"predecessor-version":[{"id":1352,"href":"https:\/\/22landresidence.com\/185atrichsai\/wp-json\/wp\/v2\/pages\/24\/revisions\/1352"}],"wp:attachment":[{"href":"https:\/\/22landresidence.com\/185atrichsai\/wp-json\/wp\/v2\/media?parent=24"}],"wp:term":[{"taxonomy":"yst_prominent_words","embeddable":true,"href":"https:\/\/22landresidence.com\/185atrichsai\/wp-json\/wp\/v2\/yst_prominent_words?post=24"}],"curies":[{"name":"wp","href":"https:\/\/api.w.org\/{rel}","templated":true}]}}