{"id":578,"date":"2020-12-04T13:48:38","date_gmt":"2020-12-04T06:48:38","guid":{"rendered":"https:\/\/22landresidence.com\/185atrichsai\/?post_type=product&#038;p=578"},"modified":"2023-03-13T15:12:14","modified_gmt":"2023-03-13T08:12:14","slug":"luxury-double-room-suite","status":"publish","type":"product","link":"https:\/\/22landresidence.com\/185atrichsai\/room\/luxury-double-room-suite\/","title":{"rendered":"Studio view h\u1ed3 T\u00e2y"},"content":{"rendered":"<div dir=\"auto\">\n<div dir=\"auto\">\n<div dir=\"auto\">\n<div dir=\"auto\">\n<div dir=\"auto\">\n<div dir=\"auto\">\n<div dir=\"auto\">Studio view h\u1ed3 T\u00e2y<\/div>\n<div dir=\"auto\">\n<div dir=\"auto\">\n<div dir=\"auto\">\n<div dir=\"auto\">\n<div dir=\"auto\">\n<div dir=\"auto\">\n<div dir=\"auto\">\n<div dir=\"auto\">\n<div dir=\"auto\">\n<div dir=\"auto\"><\/div>\n<div dir=\"auto\"><span class=\"pq6dq46d tbxw36s4 knj5qynh kvgmc6g5 ditlmg2l oygrvhab nvdbi5me sf5mxxl7 gl3lb2sf hhz5lgdu\"><img decoding=\"async\" loading=\"lazy\" src=\"https:\/\/static.xx.fbcdn.net\/images\/emoji.php\/v9\/t9b\/2\/16\/1f6c1.png\" alt=\"\ud83d\udec1\" width=\"16\" height=\"16\" \/><\/span> B\u1ed3n t\u1eafm c\u1ef1c chill ( B\u1ed3n t\u1eafm \u0111\u1ee9ng C\u1ef1c sang tr\u1ecdng ).<\/div>\n<div dir=\"auto\"><span class=\"pq6dq46d tbxw36s4 knj5qynh kvgmc6g5 ditlmg2l oygrvhab nvdbi5me sf5mxxl7 gl3lb2sf hhz5lgdu\"><img decoding=\"async\" loading=\"lazy\" src=\"https:\/\/static.xx.fbcdn.net\/images\/emoji.php\/v9\/tee\/2\/16\/2600.png\" alt=\"\u2600\ufe0f\" width=\"16\" height=\"16\" \/><\/span> \u0110i\u1ec1u ho\u00e0 m\u00e1t r\u01b0\u1ee3i<\/div>\n<div dir=\"auto\">\u2028<span class=\"pq6dq46d tbxw36s4 knj5qynh kvgmc6g5 ditlmg2l oygrvhab nvdbi5me sf5mxxl7 gl3lb2sf hhz5lgdu\"><img decoding=\"async\" loading=\"lazy\" src=\"https:\/\/static.xx.fbcdn.net\/images\/emoji.php\/v9\/t20\/2\/16\/1f5a5.png\" alt=\"\ud83d\udda5\" width=\"16\" height=\"16\" \/><\/span> TV Free Netflix<\/div>\n<div dir=\"auto\"><span class=\"pq6dq46d tbxw36s4 knj5qynh kvgmc6g5 ditlmg2l oygrvhab nvdbi5me sf5mxxl7 gl3lb2sf hhz5lgdu\"><img decoding=\"async\" loading=\"lazy\" src=\"https:\/\/static.xx.fbcdn.net\/images\/emoji.php\/v9\/t4c\/2\/16\/1f511.png\" alt=\"\ud83d\udd11\" width=\"16\" height=\"16\" \/><\/span> T\u1ef1 check in ph\u00f2ng ri\u00eang t\u01b0<\/div>\n<div dir=\"auto\"><span class=\"pq6dq46d tbxw36s4 knj5qynh kvgmc6g5 ditlmg2l oygrvhab nvdbi5me sf5mxxl7 gl3lb2sf hhz5lgdu\"><img decoding=\"async\" loading=\"lazy\" src=\"https:\/\/static.xx.fbcdn.net\/images\/emoji.php\/v9\/tee\/2\/16\/1f964.png\" alt=\"\ud83e\udd64\" width=\"16\" height=\"16\" \/><\/span> N\u01b0\u1edbc s\u1ea1ch mi\u1ec5n ph\u00ed<\/div>\n<div dir=\"auto\"><span class=\"pq6dq46d tbxw36s4 knj5qynh kvgmc6g5 ditlmg2l oygrvhab nvdbi5me sf5mxxl7 gl3lb2sf hhz5lgdu\"><img decoding=\"async\" loading=\"lazy\" src=\"https:\/\/static.xx.fbcdn.net\/images\/emoji.php\/v9\/t78\/2\/16\/1f35c.png\" alt=\"\ud83c\udf5c\" width=\"16\" height=\"16\" \/><\/span> B\u1ebfp n\u1ea5u \u0103n \u0111\u1ea7y \u0111\u1ee7 \u0111\u1ed3 d\u00f9ng<\/div>\n<div dir=\"auto\"><span class=\"pq6dq46d tbxw36s4 knj5qynh kvgmc6g5 ditlmg2l oygrvhab nvdbi5me sf5mxxl7 gl3lb2sf hhz5lgdu\"><img decoding=\"async\" loading=\"lazy\" src=\"https:\/\/static.xx.fbcdn.net\/images\/emoji.php\/v9\/t65\/2\/16\/1f680.png\" alt=\"\ud83d\ude80\" width=\"16\" height=\"16\" \/><\/span> Thang m\u00e1y , L\u1ec5 t\u00e2n 24\/7, b\u1ea3o v\u1ec7 24\/7<\/div>\n<div dir=\"auto\"><span class=\"pq6dq46d tbxw36s4 knj5qynh kvgmc6g5 ditlmg2l oygrvhab nvdbi5me sf5mxxl7 gl3lb2sf hhz5lgdu\"><img decoding=\"async\" loading=\"lazy\" src=\"https:\/\/static.xx.fbcdn.net\/images\/emoji.php\/v9\/t8b\/2\/16\/1f3cd.png\" alt=\"\ud83c\udfcd\" width=\"16\" height=\"16\" \/><\/span> Ch\u1ed7 \u0111\u1ec3 xe m\u00e1y mi\u1ec5n ph\u00ed<\/div>\n<div dir=\"auto\"><span class=\"pq6dq46d tbxw36s4 knj5qynh kvgmc6g5 ditlmg2l oygrvhab nvdbi5me sf5mxxl7 gl3lb2sf hhz5lgdu\"><img decoding=\"async\" loading=\"lazy\" src=\"https:\/\/static.xx.fbcdn.net\/images\/emoji.php\/v9\/tbd\/2\/16\/1f33f.png\" alt=\"\ud83c\udf3f\" width=\"16\" height=\"16\" \/><\/span> Qu\u00e1n Cafe t\u1ea7ng l\u1eedng ph\u1ee5c v\u1ee5 c\u01b0 d\u00e2n c\u1ee7a t\u00f2a c\u0103n h\u1ed9.<\/div>\n<div dir=\"auto\"><span class=\"pq6dq46d tbxw36s4 knj5qynh kvgmc6g5 ditlmg2l oygrvhab nvdbi5me sf5mxxl7 gl3lb2sf hhz5lgdu\"><img decoding=\"async\" loading=\"lazy\" src=\"https:\/\/static.xx.fbcdn.net\/images\/emoji.php\/v9\/t4e\/2\/16\/1f513.png\" alt=\"\ud83d\udd13\" width=\"16\" height=\"16\" \/><\/span> D\u1ecbch V\u1ee5 C\u0103n H\u1ed9 Cao c\u1ea5p : \u0110\u1eb3ng c\u1ea5p 4 sao, c\u00f3 mi\u1ec5n ph\u00ed n\u01b0\u1edbc u\u1ed1ng, cafe, bimbim, Internet high speed, L\u1ec5 t\u00e2n 24\/7 services chu \u0111\u00e1o, Nh\u00e2n vi\u00ean ch\u0103m s\u00f3c online 24\/7 t\u1eadn r\u0103ng.<\/div>\n<div dir=\"auto\">&#8212;&#8212;&#8212;&#8212;&#8212;&#8212;&#8212;&#8212;&#8212;&#8212;&#8212;&#8212;&#8212;&#8212;&#8212;&#8212;&#8212;&#8212;&#8212;&#8212;&#8212;&#8212;&#8212;<\/div>\n<div dir=\"auto\"><span class=\"pq6dq46d tbxw36s4 knj5qynh kvgmc6g5 ditlmg2l oygrvhab nvdbi5me sf5mxxl7 gl3lb2sf hhz5lgdu\"><img decoding=\"async\" loading=\"lazy\" src=\"https:\/\/static.xx.fbcdn.net\/images\/emoji.php\/v9\/t65\/2\/16\/1f680.png\" alt=\"\ud83d\ude80\" width=\"16\" height=\"16\" \/><\/span><span class=\"pq6dq46d tbxw36s4 knj5qynh kvgmc6g5 ditlmg2l oygrvhab nvdbi5me sf5mxxl7 gl3lb2sf hhz5lgdu\"><img decoding=\"async\" loading=\"lazy\" src=\"https:\/\/static.xx.fbcdn.net\/images\/emoji.php\/v9\/t65\/2\/16\/1f680.png\" alt=\"\ud83d\ude80\" width=\"16\" height=\"16\" \/><\/span><span class=\"pq6dq46d tbxw36s4 knj5qynh kvgmc6g5 ditlmg2l oygrvhab nvdbi5me sf5mxxl7 gl3lb2sf hhz5lgdu\"><img decoding=\"async\" loading=\"lazy\" src=\"https:\/\/static.xx.fbcdn.net\/images\/emoji.php\/v9\/t65\/2\/16\/1f680.png\" alt=\"\ud83d\ude80\" width=\"16\" height=\"16\" \/><\/span>\ud835\udc06\ud835\udc08\ud835\udc00\u0301 \ud835\udc02\ud835\udc07\ud835\udc0e \ud835\udc13\ud835\udc07\ud835\udc14\ud835\udc04\u0302 \ud835\udc0d\ud835\udc06\ud835\udc00\u0306\u0301\ud835\udc0d \ud835\udc07\ud835\udc00\u0323\ud835\udc0d:<\/div>\n<div dir=\"auto\">&#8211; Gi\u00e1 Thu\u00ea 2h \u0111\u1ea7u ti\u00ean : 580k\/2h \u0111\u1ea7u ti\u00ean, c\u00e1c gi\u1edd sau m\u1ed7i gi\u1edd 50k<\/div>\n<div dir=\"auto\">&#8211; Gi\u00e1 Thu\u00ea \u0111\u00eam: 1150k\/\u0111\u00eam<\/div>\n<\/div>\n<div dir=\"auto\">\n<div dir=\"auto\">\n<div dir=\"auto\">\n<div dir=\"auto\"><\/div>\n<\/div>\n<div dir=\"auto\">\n<div dir=\"auto\">\u0110i\u1ec1u ki\u1ec7n v\u00e0 ch\u00ednh s\u00e1ch:<\/div>\n<div dir=\"auto\">&#8211; T\u1ed1i \u0111a 2 ng\u01b0\u1eddi cho 1 c\u0103n h\u1ed9<\/div>\n<div dir=\"auto\">&#8211; Mi\u1ec5n ph\u00ed duy nh\u1ea5t cho 01 tr\u1ebb d\u01b0\u1edbi 6 tu\u1ed5i<\/div>\n<div dir=\"auto\">&#8211; Tr\u1ebb tr\u00ean 12 tu\u1ed5i ph\u1ee5 thu VND 200k\/tr\u1ebb\/\u0111\u00eam (t\u1ed1i \u0111a 1 tr\u1ebb)<\/div>\n<div dir=\"auto\"><\/div>\n<div dir=\"auto\"><span class=\"pq6dq46d tbxw36s4 knj5qynh kvgmc6g5 ditlmg2l oygrvhab nvdbi5me sf5mxxl7 gl3lb2sf hhz5lgdu\"><img decoding=\"async\" loading=\"lazy\" src=\"https:\/\/static.xx.fbcdn.net\/images\/emoji.php\/v9\/tf6\/1\/16\/1f3e0.png\" alt=\"\ud83c\udfe0\" width=\"16\" height=\"16\" \/><\/span>\u0110\u1ecba ch\u1ec9: S\u1ed1 185A Tr\u00edch S\u00e0i, T\u00e2y H\u1ed3, H\u00e0 N\u1ed9i<\/div>\n<div dir=\"auto\">_______________________________________<\/div>\n<div dir=\"auto\"><span class=\"pq6dq46d tbxw36s4 knj5qynh kvgmc6g5 ditlmg2l oygrvhab nvdbi5me sf5mxxl7 gl3lb2sf hhz5lgdu\"><img decoding=\"async\" loading=\"lazy\" src=\"https:\/\/static.xx.fbcdn.net\/images\/emoji.php\/v9\/t22\/1\/16\/260e.png\" alt=\"\u260e\ufe0f\" width=\"16\" height=\"16\" \/><\/span>Li\u00ean h\u1ec7 \u0111\u1eb7t ph\u00f2ng:<\/div>\n<div dir=\"auto\">&#8211; Website: <a class=\"oajrlxb2 g5ia77u1 qu0x051f esr5mh6w e9989ue4 r7d6kgcz rq0escxv nhd2j8a9 nc684nl6 p7hjln8o kvgmc6g5 cxmmr5t8 oygrvhab hcukyx3x jb3vyjys rz4wbd8a qt6c0cv9 a8nywdso i1ao9s8h esuyzwwr f1sip0of lzcic4wl gpro0wi8 py34i1dx\" role=\"link\" href=\"https:\/\/22landresidence.com\/?fbclid=IwAR1lzxrg5x_xXkxb7MyP2_J5fm8UUG1ifnMgRl0-P4O8DwXgJssD1aGTFYY\" target=\"_blank\" rel=\"nofollow noopener\">https:\/\/22landresidence.com\/<\/a><\/div>\n<div dir=\"auto\">&#8211; Hotline: 076.514.1111<\/div>\n<div dir=\"auto\">&#8211; Email : japanese.csv.22housing@gmail.com<\/div>\n<\/div>\n<div dir=\"auto\"><\/div>\n<\/div>\n<\/div>\n<\/div>\n<\/div>\n<\/div>\n<\/div>\n<\/div>\n<div dir=\"auto\">\n<h4 data-fontsize=\"18\" data-lineheight=\"30\"><\/h4>\n<\/div>\n<\/div>\n<div dir=\"auto\"><\/div>\n<div dir=\"auto\">\n<h4 data-fontsize=\"18\" data-lineheight=\"30\"><\/h4>\n<\/div>\n<\/div>\n<\/div>\n<\/div>\n<\/div>\n<\/div>\n<\/div>\n<\/div>\n<\/div>\n<div dir=\"auto\">\n<h4 data-fontsize=\"18\" data-lineheight=\"30\"><\/h4>\n<\/div>\n","protected":false},"excerpt":{"rendered":"<p>22housing Moon Westlake Residence v\u1edbi c\u00f4ng n\u0103ng tuy\u1ec7t h\u1ea1ng, t\u1ea7m nh\u00ecn tuy\u1ec7t v\u1eddi c\u00f9ng thi\u1ebft k\u1ebf hi\u1ec7n \u0111\u1ea1i \u0111\u1eb3ng c\u1ea5p nh\u1ea5t, c\u00e1ch Di T\u00edch L\u1ecbch S\u1eed Nh\u00e0 T\u00f9 H\u1ecfa L\u00f2 trong v\u00f2ng 10 ph\u00fat l\u00e1i xe, c\u00e1ch\u00a0B\u1ea3o t\u00e0ng D\u00e2n t\u1ed9c h\u1ecdc Vi\u1ec7t Nam 2 km. Trung t\u00e2m th\u00e0nh ph\u1ed1 Ha\u0300 N\u00f4\u0323i n\u1eb1m trong b\u00e1n k\u00ednh 4 km t\u1eeb ch\u1ed7 ngh\u1ec9. T\u1ea1i Kichi Kichi Lac Long Quan, du kh\u00e1ch c\u00f3 th\u1ec3 \u0111\u1eb7t c\u00e1c m\u00f3n \u0103n Ch\u00e2u \u00c1.\u00a0S\u00e2n bay g\u1ea7n nh\u1ea5t l\u00e0 s\u00e2n bay San bay Quoc te Noi Bai, c\u00e1ch \u0111\u00f3 25 km.<\/p>\n","protected":false},"featured_media":1290,"comment_status":"open","ping_status":"closed","template":"","meta":[],"product_cat":[22,23],"product_tag":[],"yst_prominent_words":[],"acf":[],"_links":{"self":[{"href":"https:\/\/22landresidence.com\/185atrichsai\/wp-json\/wp\/v2\/product\/578"}],"collection":[{"href":"https:\/\/22landresidence.com\/185atrichsai\/wp-json\/wp\/v2\/product"}],"about":[{"href":"https:\/\/22landresidence.com\/185atrichsai\/wp-json\/wp\/v2\/types\/product"}],"replies":[{"embeddable":true,"href":"https:\/\/22landresidence.com\/185atrichsai\/wp-json\/wp\/v2\/comments?post=578"}],"wp:featuredmedia":[{"embeddable":true,"href":"https:\/\/22landresidence.com\/185atrichsai\/wp-json\/wp\/v2\/media\/1290"}],"wp:attachment":[{"href":"https:\/\/22landresidence.com\/185atrichsai\/wp-json\/wp\/v2\/media?parent=578"}],"wp:term":[{"taxonomy":"product_cat","embeddable":true,"href":"https:\/\/22landresidence.com\/185atrichsai\/wp-json\/wp\/v2\/product_cat?post=578"},{"taxonomy":"product_tag","embeddable":true,"href":"https:\/\/22landresidence.com\/185atrichsai\/wp-json\/wp\/v2\/product_tag?post=578"},{"taxonomy":"yst_prominent_words","embeddable":true,"href":"https:\/\/22landresidence.com\/185atrichsai\/wp-json\/wp\/v2\/yst_prominent_words?post=578"}],"curies":[{"name":"wp","href":"https:\/\/api.w.org\/{rel}","templated":true}]}}