{"id":301,"date":"2019-11-17T08:22:54","date_gmt":"2019-11-17T01:22:54","guid":{"rendered":"https:\/\/22landresidence.com\/25-le-thanh-ton\/?page_id=301"},"modified":"2024-12-17T16:15:02","modified_gmt":"2024-12-17T09:15:02","slug":"restaurant","status":"publish","type":"page","link":"https:\/\/22landresidence.com\/25-le-thanh-ton\/gioi-thieu\/restaurant\/","title":{"rendered":"Restaurant"},"content":{"rendered":"<div class=\"container section-title-container\" ><h2 class=\"section-title section-title-center\"><b><\/b><span class=\"section-title-main\" >Restaurant t\u1ea1i Kh\u00e1ch s\u1ea1n c\u1ee7a ch\u00fang t\u00f4i<\/span><b><\/b><\/h2><\/div>\n<p>Nh\u00e0 h\u00e0ng t\u1ea1i t\u1ea7ng l\u1eedng c\u1ee7a kh\u00e1ch s\u1ea1n l\u00e0 s\u1ef1 pha tr\u1ed9n ho\u00e0n h\u1ea3o gi\u1eefa s\u1ef1 hi\u1ec7n \u0111\u1ea1i v\u00e0 ti\u1ec7n nghi. C\u00e1c m\u00f3n \u0103n lu\u00f4n \u0111\u01b0\u1ee3c ch\u1ebf bi\u1ebfn t\u1eeb c\u00e1c nguy\u00ean li\u1ec7u t\u01b0\u01a1i ngon v\u00e0 tr\u00ecnh b\u00e0y \u0111\u1eb9p m\u1eaft b\u1edfi nh\u1eefng \u0111\u1ea7u b\u1ebfp d\u00e0y d\u1eb7n kinh nghi\u1ec7m t\u1ea1i kh\u00e1ch s\u1ea1n \u0111\u1ec3 \u0111\u01b0a \u0111\u1ebfn tr\u1ea3i nghi\u1ec7m buffet s\u00e1ng sang tr\u1ecdng v\u00e0 th\u1ef1c \u0111\u01a1n A la carte tr\u01b0a v\u00e0 t\u1ed1i. \u0110\u1ec3 \u0111\u00e1p \u1ee9ng nhi\u1ec1u kh\u1ea9u v\u1ecb kh\u00e1c nhau, nh\u00e0 h\u00e0ng \u00a0ch\u1ecdn ra m\u1ed9t n\u1ec1n \u1ea9m th\u1ef1c \u0111\u1eb7c tr\u01b0ng cho du kh\u00e1ch.<\/p>\n<p><strong>V\u1ecb tr\u00ed<\/strong>: T\u1ea7ng 2, kh\u00e1ch s\u1ea1n 22Land S\u00e0i G\u00f2n &#8211; 25 L\u00ea Th\u00e1nh T\u00f4n, ph\u01b0\u1eddng B\u1ebfn Ngh\u00e9, Qu\u1eadn 1, th\u00e0nh ph\u1ed1 H\u1ed3 Ch\u00ed Minh<\/p>\n<p><strong>Hotline:<\/strong> (+84)-(0) 28 3554 0099 \/ (+84)-(0) 33 234 2212<\/p>\n<p><strong>Gi\u1edd ho\u1ea1t \u0111\u1ed9ng:<\/strong><\/p>\n<ul>\n<li>\u00a0 \u00a0 \u00a0 6: 00 \u2013 9: 30 Buffet S\u00e1ng<\/li>\n<li>\u00a0 \u00a0 \u00a011:00 \u2013 21:00 Ph\u1ee5c V\u1ee5 ph\u00f2ng<\/li>\n<\/ul>\n\t<div class=\"img has-hover x md-x lg-x y md-y lg-y\" id=\"image_1477915984\">\n\t\t\t\t\t\t\t\t<div class=\"img-inner dark\" >\n\t\t\t<img width=\"1020\" height=\"679\" src=\"https:\/\/22landresidence.com\/25-le-thanh-ton\/wp-content\/uploads\/sites\/16\/2024\/12\/DUC_7022-1024x682.jpg\" class=\"attachment-large size-large\" alt=\"\" decoding=\"async\" loading=\"lazy\" srcset=\"https:\/\/22landresidence.com\/25-le-thanh-ton\/wp-content\/uploads\/sites\/16\/2024\/12\/DUC_7022-1024x682.jpg 1024w, https:\/\/22landresidence.com\/25-le-thanh-ton\/wp-content\/uploads\/sites\/16\/2024\/12\/DUC_7022-300x200.jpg 300w, https:\/\/22landresidence.com\/25-le-thanh-ton\/wp-content\/uploads\/sites\/16\/2024\/12\/DUC_7022-768x512.jpg 768w, https:\/\/22landresidence.com\/25-le-thanh-ton\/wp-content\/uploads\/sites\/16\/2024\/12\/DUC_7022-1536x1023.jpg 1536w, https:\/\/22landresidence.com\/25-le-thanh-ton\/wp-content\/uploads\/sites\/16\/2024\/12\/DUC_7022-2048x1364.jpg 2048w, https:\/\/22landresidence.com\/25-le-thanh-ton\/wp-content\/uploads\/sites\/16\/2024\/12\/DUC_7022-900x599.jpg 900w\" sizes=\"(max-width: 1020px) 100vw, 1020px\" \/>\t\t\t\t\t\t\n\t\t\t\t\t<\/div>\n\t\t\t\t\t\t\t\t\n<style>\n#image_1477915984 {\n  width: 100%;\n}\n<\/style>\n\t<\/div>\n\t\n\t<div id=\"gap-1540399927\" class=\"gap-element clearfix\" style=\"display:block; height:auto;\">\n\t\t\n<style>\n#gap-1540399927 {\n  padding-top: 15px;\n}\n<\/style>\n\t<\/div>\n\t\n\t<div class=\"img has-hover x md-x lg-x y md-y lg-y\" id=\"image_472737958\">\n\t\t\t\t\t\t\t\t<div class=\"img-inner dark\" >\n\t\t\t<img width=\"1020\" height=\"667\" src=\"https:\/\/22landresidence.com\/25-le-thanh-ton\/wp-content\/uploads\/sites\/16\/2024\/12\/DUC_7195-1024x670.jpg\" class=\"attachment-large size-large\" alt=\"\" decoding=\"async\" loading=\"lazy\" srcset=\"https:\/\/22landresidence.com\/25-le-thanh-ton\/wp-content\/uploads\/sites\/16\/2024\/12\/DUC_7195-1024x670.jpg 1024w, https:\/\/22landresidence.com\/25-le-thanh-ton\/wp-content\/uploads\/sites\/16\/2024\/12\/DUC_7195-300x196.jpg 300w, https:\/\/22landresidence.com\/25-le-thanh-ton\/wp-content\/uploads\/sites\/16\/2024\/12\/DUC_7195-768x503.jpg 768w, https:\/\/22landresidence.com\/25-le-thanh-ton\/wp-content\/uploads\/sites\/16\/2024\/12\/DUC_7195-1536x1005.jpg 1536w, https:\/\/22landresidence.com\/25-le-thanh-ton\/wp-content\/uploads\/sites\/16\/2024\/12\/DUC_7195-2048x1341.jpg 2048w, https:\/\/22landresidence.com\/25-le-thanh-ton\/wp-content\/uploads\/sites\/16\/2024\/12\/DUC_7195-900x589.jpg 900w\" sizes=\"(max-width: 1020px) 100vw, 1020px\" \/>\t\t\t\t\t\t\n\t\t\t\t\t<\/div>\n\t\t\t\t\t\t\t\t\n<style>\n#image_472737958 {\n  width: 100%;\n}\n<\/style>\n\t<\/div>\n\t\n\t<div id=\"gap-1278993048\" class=\"gap-element clearfix\" style=\"display:block; height:auto;\">\n\t\t\n<style>\n#gap-1278993048 {\n  padding-top: 15px;\n}\n<\/style>\n\t<\/div>\n\t\n\t<div class=\"img has-hover x md-x lg-x y md-y lg-y\" id=\"image_80357939\">\n\t\t\t\t\t\t\t\t<div class=\"img-inner dark\" >\n\t\t\t<img width=\"2560\" height=\"1705\" src=\"https:\/\/22landresidence.com\/25-le-thanh-ton\/wp-content\/uploads\/sites\/16\/2024\/12\/DUC_7322-scaled.jpg\" class=\"attachment-original size-original\" alt=\"\" decoding=\"async\" loading=\"lazy\" srcset=\"https:\/\/22landresidence.com\/25-le-thanh-ton\/wp-content\/uploads\/sites\/16\/2024\/12\/DUC_7322-scaled.jpg 2560w, https:\/\/22landresidence.com\/25-le-thanh-ton\/wp-content\/uploads\/sites\/16\/2024\/12\/DUC_7322-300x200.jpg 300w, https:\/\/22landresidence.com\/25-le-thanh-ton\/wp-content\/uploads\/sites\/16\/2024\/12\/DUC_7322-1024x682.jpg 1024w, https:\/\/22landresidence.com\/25-le-thanh-ton\/wp-content\/uploads\/sites\/16\/2024\/12\/DUC_7322-768x512.jpg 768w, https:\/\/22landresidence.com\/25-le-thanh-ton\/wp-content\/uploads\/sites\/16\/2024\/12\/DUC_7322-1536x1023.jpg 1536w, https:\/\/22landresidence.com\/25-le-thanh-ton\/wp-content\/uploads\/sites\/16\/2024\/12\/DUC_7322-2048x1364.jpg 2048w, https:\/\/22landresidence.com\/25-le-thanh-ton\/wp-content\/uploads\/sites\/16\/2024\/12\/DUC_7322-900x599.jpg 900w\" sizes=\"(max-width: 2560px) 100vw, 2560px\" \/>\t\t\t\t\t\t\n\t\t\t\t\t<\/div>\n\t\t\t\t\t\t\t\t\n<style>\n#image_80357939 {\n  width: 100%;\n}\n<\/style>\n\t<\/div>\n\t\n\t<div id=\"gap-1001351010\" class=\"gap-element clearfix\" style=\"display:block; height:auto;\">\n\t\t\n<style>\n#gap-1001351010 {\n  padding-top: 15px;\n}\n<\/style>\n\t<\/div>\n\t\n\t<div class=\"img has-hover x md-x lg-x y md-y lg-y\" id=\"image_634096382\">\n\t\t\t\t\t\t\t\t<div class=\"img-inner dark\" >\n\t\t\t<img width=\"2560\" height=\"1705\" src=\"https:\/\/22landresidence.com\/25-le-thanh-ton\/wp-content\/uploads\/sites\/16\/2024\/12\/DUC_7330-scaled.jpg\" class=\"attachment-original size-original\" alt=\"\" decoding=\"async\" loading=\"lazy\" srcset=\"https:\/\/22landresidence.com\/25-le-thanh-ton\/wp-content\/uploads\/sites\/16\/2024\/12\/DUC_7330-scaled.jpg 2560w, https:\/\/22landresidence.com\/25-le-thanh-ton\/wp-content\/uploads\/sites\/16\/2024\/12\/DUC_7330-300x200.jpg 300w, https:\/\/22landresidence.com\/25-le-thanh-ton\/wp-content\/uploads\/sites\/16\/2024\/12\/DUC_7330-1024x682.jpg 1024w, https:\/\/22landresidence.com\/25-le-thanh-ton\/wp-content\/uploads\/sites\/16\/2024\/12\/DUC_7330-768x512.jpg 768w, https:\/\/22landresidence.com\/25-le-thanh-ton\/wp-content\/uploads\/sites\/16\/2024\/12\/DUC_7330-1536x1023.jpg 1536w, https:\/\/22landresidence.com\/25-le-thanh-ton\/wp-content\/uploads\/sites\/16\/2024\/12\/DUC_7330-2048x1364.jpg 2048w, https:\/\/22landresidence.com\/25-le-thanh-ton\/wp-content\/uploads\/sites\/16\/2024\/12\/DUC_7330-900x599.jpg 900w\" sizes=\"(max-width: 2560px) 100vw, 2560px\" \/>\t\t\t\t\t\t\n\t\t\t\t\t<\/div>\n\t\t\t\t\t\t\t\t\n<style>\n#image_634096382 {\n  width: 100%;\n}\n<\/style>\n\t<\/div>\n\t\n\t<div id=\"gap-572085856\" class=\"gap-element clearfix\" style=\"display:block; height:auto;\">\n\t\t\n<style>\n#gap-572085856 {\n  padding-top: 15px;\n}\n<\/style>\n\t<\/div>\n\t\n\t<div class=\"img has-hover x md-x lg-x y md-y lg-y\" id=\"image_770759260\">\n\t\t\t\t\t\t\t\t<div class=\"img-inner dark\" >\n\t\t\t<img width=\"2560\" height=\"1705\" src=\"https:\/\/22landresidence.com\/25-le-thanh-ton\/wp-content\/uploads\/sites\/16\/2024\/12\/DUC_7126-scaled.jpg\" class=\"attachment-original size-original\" alt=\"\" decoding=\"async\" loading=\"lazy\" srcset=\"https:\/\/22landresidence.com\/25-le-thanh-ton\/wp-content\/uploads\/sites\/16\/2024\/12\/DUC_7126-scaled.jpg 2560w, https:\/\/22landresidence.com\/25-le-thanh-ton\/wp-content\/uploads\/sites\/16\/2024\/12\/DUC_7126-300x200.jpg 300w, https:\/\/22landresidence.com\/25-le-thanh-ton\/wp-content\/uploads\/sites\/16\/2024\/12\/DUC_7126-1024x682.jpg 1024w, https:\/\/22landresidence.com\/25-le-thanh-ton\/wp-content\/uploads\/sites\/16\/2024\/12\/DUC_7126-768x512.jpg 768w, https:\/\/22landresidence.com\/25-le-thanh-ton\/wp-content\/uploads\/sites\/16\/2024\/12\/DUC_7126-1536x1023.jpg 1536w, https:\/\/22landresidence.com\/25-le-thanh-ton\/wp-content\/uploads\/sites\/16\/2024\/12\/DUC_7126-2048x1364.jpg 2048w, https:\/\/22landresidence.com\/25-le-thanh-ton\/wp-content\/uploads\/sites\/16\/2024\/12\/DUC_7126-900x599.jpg 900w\" sizes=\"(max-width: 2560px) 100vw, 2560px\" \/>\t\t\t\t\t\t\n\t\t\t\t\t<\/div>\n\t\t\t\t\t\t\t\t\n<style>\n#image_770759260 {\n  width: 100%;\n}\n<\/style>\n\t<\/div>\n\t\n","protected":false},"excerpt":{"rendered":"<p>Nh\u00e0 h\u00e0ng t\u1ea1i t\u1ea7ng l\u1eedng c\u1ee7a kh\u00e1ch s\u1ea1n l\u00e0 s\u1ef1 pha tr\u1ed9n ho\u00e0n h\u1ea3o gi\u1eefa s\u1ef1 hi\u1ec7n \u0111\u1ea1i v\u00e0 ti\u1ec7n nghi. C\u00e1c m\u00f3n \u0103n lu\u00f4n \u0111\u01b0\u1ee3c ch\u1ebf bi\u1ebfn t\u1eeb c\u00e1c nguy\u00ean li\u1ec7u t\u01b0\u01a1i ngon v\u00e0 tr\u00ecnh b\u00e0y \u0111\u1eb9p m\u1eaft b\u1edfi nh\u1eefng \u0111\u1ea7u b\u1ebfp d\u00e0y d\u1eb7n kinh nghi\u1ec7m t\u1ea1i kh\u00e1ch s\u1ea1n \u0111\u1ec3 \u0111\u01b0a \u0111\u1ebfn tr\u1ea3i nghi\u1ec7m &#8230;<\/p>\n","protected":false},"author":2,"featured_media":0,"parent":24,"menu_order":0,"comment_status":"closed","ping_status":"closed","template":"","meta":[],"yst_prominent_words":[],"acf":[],"_links":{"self":[{"href":"https:\/\/22landresidence.com\/25-le-thanh-ton\/wp-json\/wp\/v2\/pages\/301"}],"collection":[{"href":"https:\/\/22landresidence.com\/25-le-thanh-ton\/wp-json\/wp\/v2\/pages"}],"about":[{"href":"https:\/\/22landresidence.com\/25-le-thanh-ton\/wp-json\/wp\/v2\/types\/page"}],"author":[{"embeddable":true,"href":"https:\/\/22landresidence.com\/25-le-thanh-ton\/wp-json\/wp\/v2\/users\/2"}],"replies":[{"embeddable":true,"href":"https:\/\/22landresidence.com\/25-le-thanh-ton\/wp-json\/wp\/v2\/comments?post=301"}],"version-history":[{"count":3,"href":"https:\/\/22landresidence.com\/25-le-thanh-ton\/wp-json\/wp\/v2\/pages\/301\/revisions"}],"predecessor-version":[{"id":1383,"href":"https:\/\/22landresidence.com\/25-le-thanh-ton\/wp-json\/wp\/v2\/pages\/301\/revisions\/1383"}],"up":[{"embeddable":true,"href":"https:\/\/22landresidence.com\/25-le-thanh-ton\/wp-json\/wp\/v2\/pages\/24"}],"wp:attachment":[{"href":"https:\/\/22landresidence.com\/25-le-thanh-ton\/wp-json\/wp\/v2\/media?parent=301"}],"wp:term":[{"taxonomy":"yst_prominent_words","embeddable":true,"href":"https:\/\/22landresidence.com\/25-le-thanh-ton\/wp-json\/wp\/v2\/yst_prominent_words?post=301"}],"curies":[{"name":"wp","href":"https:\/\/api.w.org\/{rel}","templated":true}]}}