{"id":2,"date":"2019-11-16T01:11:52","date_gmt":"2019-11-16T01:11:52","guid":{"rendered":"https:\/\/22landresidence.com\/352duongbuoi\/?page_id=2"},"modified":"2023-10-10T16:25:39","modified_gmt":"2023-10-10T09:25:39","slug":"trang-chu","status":"publish","type":"page","link":"https:\/\/22landresidence.com\/352duongbuoi\/","title":{"rendered":"Trang ch\u1ee7"},"content":{"rendered":"\t<section class=\"section section-banner\" id=\"section_1695363208\">\n\t\t<div class=\"bg section-bg fill bg-fill  bg-loaded\" >\n\n\t\t\t\n\t\t\t\n\t\t\t\n\n\t\t<\/div>\n\n\t\t\n\n\t\t<div class=\"section-content relative\">\n\t\t\t\n<div class=\"slider-wrapper relative\" id=\"slider-680743893\" >\n    <div class=\"slider slider-nav-circle slider-nav-large slider-nav-light slider-style-normal\"\n        data-flickity-options='{\n            \"cellAlign\": \"center\",\n            \"imagesLoaded\": true,\n            \"lazyLoad\": 1,\n            \"freeScroll\": false,\n            \"wrapAround\": true,\n            \"autoPlay\": 5000,\n            \"pauseAutoPlayOnHover\" : true,\n            \"prevNextButtons\": true,\n            \"contain\" : true,\n            \"adaptiveHeight\" : true,\n            \"dragThreshold\" : 10,\n            \"percentPosition\": true,\n            \"pageDots\": true,\n            \"rightToLeft\": false,\n            \"draggable\": true,\n            \"selectedAttraction\": 0.1,\n            \"parallax\" : 0,\n            \"friction\": 0.6        }'\n        >\n        \n\t<div class=\"img has-hover x md-x lg-x y md-y lg-y\" id=\"image_1232026955\">\n\t\t\t\t\t\t\t\t<div class=\"img-inner image-cover dark\" style=\"padding-top:50%;\">\n\t\t\t<img width=\"1020\" height=\"470\" src=\"https:\/\/22landresidence.com\/352duongbuoi\/wp-content\/uploads\/sites\/13\/2023\/10\/DJI_0834-min-1-1024x472.jpg\" class=\"attachment-large size-large\" alt=\"\" decoding=\"async\" loading=\"lazy\" srcset=\"https:\/\/22landresidence.com\/352duongbuoi\/wp-content\/uploads\/sites\/13\/2023\/10\/DJI_0834-min-1-1024x472.jpg 1024w, https:\/\/22landresidence.com\/352duongbuoi\/wp-content\/uploads\/sites\/13\/2023\/10\/DJI_0834-min-1-300x138.jpg 300w, https:\/\/22landresidence.com\/352duongbuoi\/wp-content\/uploads\/sites\/13\/2023\/10\/DJI_0834-min-1-768x354.jpg 768w, https:\/\/22landresidence.com\/352duongbuoi\/wp-content\/uploads\/sites\/13\/2023\/10\/DJI_0834-min-1-1536x708.jpg 1536w, https:\/\/22landresidence.com\/352duongbuoi\/wp-content\/uploads\/sites\/13\/2023\/10\/DJI_0834-min-1-2048x945.jpg 2048w, https:\/\/22landresidence.com\/352duongbuoi\/wp-content\/uploads\/sites\/13\/2023\/10\/DJI_0834-min-1-900x415.jpg 900w\" sizes=\"(max-width: 1020px) 100vw, 1020px\" \/>\t\t\t\t\t\t\t<div class=\"overlay\" style=\"background-color: rgba(165, 165, 165, 0.2)\"><\/div>\n\t\t\t\t\t\t\n\t\t\t\t\t<\/div>\n\t\t\t\t\t\t\t\t\n<style>\n#image_1232026955 {\n  width: 100%;\n}\n<\/style>\n\t<\/div>\n\t\n\t<div class=\"img has-hover x md-x lg-x y md-y lg-y\" id=\"image_626432170\">\n\t\t\t\t\t\t\t\t<div class=\"img-inner image-cover dark\" style=\"padding-top:50%;\">\n\t\t\t<img width=\"1020\" height=\"680\" src=\"https:\/\/22landresidence.com\/352duongbuoi\/wp-content\/uploads\/sites\/13\/2023\/10\/DTL5060-min-1024x683.jpg\" class=\"attachment-large size-large\" alt=\"\" decoding=\"async\" loading=\"lazy\" srcset=\"https:\/\/22landresidence.com\/352duongbuoi\/wp-content\/uploads\/sites\/13\/2023\/10\/DTL5060-min-1024x683.jpg 1024w, https:\/\/22landresidence.com\/352duongbuoi\/wp-content\/uploads\/sites\/13\/2023\/10\/DTL5060-min-300x200.jpg 300w, https:\/\/22landresidence.com\/352duongbuoi\/wp-content\/uploads\/sites\/13\/2023\/10\/DTL5060-min-768x512.jpg 768w, https:\/\/22landresidence.com\/352duongbuoi\/wp-content\/uploads\/sites\/13\/2023\/10\/DTL5060-min-1536x1024.jpg 1536w, https:\/\/22landresidence.com\/352duongbuoi\/wp-content\/uploads\/sites\/13\/2023\/10\/DTL5060-min-2048x1365.jpg 2048w, https:\/\/22landresidence.com\/352duongbuoi\/wp-content\/uploads\/sites\/13\/2023\/10\/DTL5060-min-900x600.jpg 900w\" sizes=\"(max-width: 1020px) 100vw, 1020px\" \/>\t\t\t\t\t\t\t<div class=\"overlay\" style=\"background-color: rgba(165, 165, 165, 0.2)\"><\/div>\n\t\t\t\t\t\t\n\t\t\t\t\t<\/div>\n\t\t\t\t\t\t\t\t\n<style>\n#image_626432170 {\n  width: 100%;\n}\n<\/style>\n\t<\/div>\n\t\n\t<div class=\"img has-hover x md-x lg-x y md-y lg-y\" id=\"image_788397705\">\n\t\t\t\t\t\t\t\t<div class=\"img-inner image-cover dark\" style=\"padding-top:50%;\">\n\t\t\t<img width=\"1020\" height=\"680\" src=\"https:\/\/22landresidence.com\/352duongbuoi\/wp-content\/uploads\/sites\/13\/2023\/10\/DTL5076-min-1024x683.jpg\" class=\"attachment-large size-large\" alt=\"\" decoding=\"async\" loading=\"lazy\" srcset=\"https:\/\/22landresidence.com\/352duongbuoi\/wp-content\/uploads\/sites\/13\/2023\/10\/DTL5076-min-1024x683.jpg 1024w, https:\/\/22landresidence.com\/352duongbuoi\/wp-content\/uploads\/sites\/13\/2023\/10\/DTL5076-min-300x200.jpg 300w, https:\/\/22landresidence.com\/352duongbuoi\/wp-content\/uploads\/sites\/13\/2023\/10\/DTL5076-min-768x512.jpg 768w, https:\/\/22landresidence.com\/352duongbuoi\/wp-content\/uploads\/sites\/13\/2023\/10\/DTL5076-min-1536x1024.jpg 1536w, https:\/\/22landresidence.com\/352duongbuoi\/wp-content\/uploads\/sites\/13\/2023\/10\/DTL5076-min-2048x1365.jpg 2048w, https:\/\/22landresidence.com\/352duongbuoi\/wp-content\/uploads\/sites\/13\/2023\/10\/DTL5076-min-900x600.jpg 900w\" sizes=\"(max-width: 1020px) 100vw, 1020px\" \/>\t\t\t\t\t\t\t<div class=\"overlay\" style=\"background-color: rgba(165, 165, 165, 0.2)\"><\/div>\n\t\t\t\t\t\t\n\t\t\t\t\t<\/div>\n\t\t\t\t\t\t\t\t\n<style>\n#image_788397705 {\n  width: 100%;\n}\n<\/style>\n\t<\/div>\n\t\n\t<div class=\"img has-hover x md-x lg-x y md-y lg-y\" id=\"image_981169263\">\n\t\t\t\t\t\t\t\t<div class=\"img-inner image-cover dark\" style=\"padding-top:50%;\">\n\t\t\t<img width=\"1020\" height=\"680\" src=\"https:\/\/22landresidence.com\/352duongbuoi\/wp-content\/uploads\/sites\/13\/2023\/10\/DJI_0872-min-1024x683.jpg\" class=\"attachment-large size-large\" alt=\"\" decoding=\"async\" loading=\"lazy\" srcset=\"https:\/\/22landresidence.com\/352duongbuoi\/wp-content\/uploads\/sites\/13\/2023\/10\/DJI_0872-min-1024x683.jpg 1024w, https:\/\/22landresidence.com\/352duongbuoi\/wp-content\/uploads\/sites\/13\/2023\/10\/DJI_0872-min-300x200.jpg 300w, https:\/\/22landresidence.com\/352duongbuoi\/wp-content\/uploads\/sites\/13\/2023\/10\/DJI_0872-min-768x512.jpg 768w, https:\/\/22landresidence.com\/352duongbuoi\/wp-content\/uploads\/sites\/13\/2023\/10\/DJI_0872-min-1536x1024.jpg 1536w, https:\/\/22landresidence.com\/352duongbuoi\/wp-content\/uploads\/sites\/13\/2023\/10\/DJI_0872-min-2048x1365.jpg 2048w, https:\/\/22landresidence.com\/352duongbuoi\/wp-content\/uploads\/sites\/13\/2023\/10\/DJI_0872-min-900x600.jpg 900w\" sizes=\"(max-width: 1020px) 100vw, 1020px\" \/>\t\t\t\t\t\t\t<div class=\"overlay\" style=\"background-color: rgba(165, 165, 165, 0.2)\"><\/div>\n\t\t\t\t\t\t\n\t\t\t\t\t<\/div>\n\t\t\t\t\t\t\t\t\n<style>\n#image_981169263 {\n  width: 100%;\n}\n<\/style>\n\t<\/div>\n\t\n\t<div class=\"img has-hover x md-x lg-x y md-y lg-y\" id=\"image_1445728199\">\n\t\t\t\t\t\t\t\t<div class=\"img-inner image-cover dark\" style=\"padding-top:50%;\">\n\t\t\t<img width=\"1020\" height=\"679\" src=\"https:\/\/22landresidence.com\/352duongbuoi\/wp-content\/uploads\/sites\/13\/2023\/10\/DJI_0868-min-1024x682.jpg\" class=\"attachment-large size-large\" alt=\"\" decoding=\"async\" loading=\"lazy\" srcset=\"https:\/\/22landresidence.com\/352duongbuoi\/wp-content\/uploads\/sites\/13\/2023\/10\/DJI_0868-min-1024x682.jpg 1024w, https:\/\/22landresidence.com\/352duongbuoi\/wp-content\/uploads\/sites\/13\/2023\/10\/DJI_0868-min-300x200.jpg 300w, https:\/\/22landresidence.com\/352duongbuoi\/wp-content\/uploads\/sites\/13\/2023\/10\/DJI_0868-min-768x512.jpg 768w, https:\/\/22landresidence.com\/352duongbuoi\/wp-content\/uploads\/sites\/13\/2023\/10\/DJI_0868-min-1536x1023.jpg 1536w, https:\/\/22landresidence.com\/352duongbuoi\/wp-content\/uploads\/sites\/13\/2023\/10\/DJI_0868-min-2048x1364.jpg 2048w, https:\/\/22landresidence.com\/352duongbuoi\/wp-content\/uploads\/sites\/13\/2023\/10\/DJI_0868-min-900x600.jpg 900w\" sizes=\"(max-width: 1020px) 100vw, 1020px\" \/>\t\t\t\t\t\t\t<div class=\"overlay\" style=\"background-color: rgba(165, 165, 165, 0.2)\"><\/div>\n\t\t\t\t\t\t\n\t\t\t\t\t<\/div>\n\t\t\t\t\t\t\t\t\n<style>\n#image_1445728199 {\n  width: 100%;\n}\n<\/style>\n\t<\/div>\n\t\n     <\/div>\n\n     <div class=\"loading-spin dark large centered\"><\/div>\n\n     \t<\/div>\n\n\n\t\t<\/div>\n\n\t\t\n<style>\n#section_1695363208 {\n  padding-top: 0px;\n  padding-bottom: 0px;\n}\n#section_1695363208 .ux-shape-divider--top svg {\n  height: 150px;\n  --divider-top-width: 100%;\n}\n#section_1695363208 .ux-shape-divider--bottom svg {\n  height: 150px;\n  --divider-width: 100%;\n}\n<\/style>\n\t<\/section>\n\t\n\t<section class=\"section gioi-thieu-section\" id=\"section_152665370\">\n\t\t<div class=\"bg section-bg fill bg-fill  bg-loaded\" >\n\n\t\t\t\n\t\t\t\n\t\t\t\n\n\t\t<\/div>\n\n\t\t\n\n\t\t<div class=\"section-content relative\">\n\t\t\t\n<div class=\"row row-large\"  id=\"row-1295202045\">\n\n\t<div id=\"col-786210992\" class=\"col small-12 large-12\"  >\n\t\t\t\t<div class=\"col-inner\"  >\n\t\t\t\n\t\t\t\n<p>V\u1ec0 CH\u00daNG T\u00d4I<\/p>\n<p><strong><span class=\"notranslate\">22HOUSING RESIDENCE SUITES<\/span>\u00a0&#8211;<\/strong><strong>\u00a0Kh\u00f4ng gian ngh\u1ec9 d\u01b0\u1ee1ng cao c\u1ea5p ngay trong l\u00f2ng H\u00e0 N\u1ed9i<\/strong><\/p>\n<p>\u201cL\u00e0 s\u1ef1 k\u1ebft h\u1ee3p gi\u1eefa C\u0103n h\u1ed9 n\u1ed9i th\u1ea5t cao c\u1ea5p v\u00e0 D\u1ecbch v\u1ee5 kh\u00e1ch s\u1ea1n 5*. 22housing residence suites c\u0169ng nh\u01b0 c\u00e1c to\u00e0 C\u0103n h\u1ed9 d\u1ecbch v\u1ee5 kh\u00e1c\u00a0c\u1ee7a ch\u00fang t\u00f4i \u0111\u00e3 \u0111i v\u00e0o ph\u1ee5c v\u1ee5 qu\u00fd kh\u00e1ch t\u1eeb khi kh\u00e1i ni\u1ec7m n\u00e0y m\u1edbi h\u00ecnh th\u00e0nh, lu\u00f4n \u0111\u1ea3m b\u1ea3o kh\u00f4ng gian hi\u1ec7n \u0111\u1ea1i nh\u01b0ng v\u1eabn tho\u1ea3i m\u00e1i nh\u01b0 \u1edf nh\u00e0. V\u1edbi \u0111\u1ea7y \u0111\u1ee7 n\u1ed9i th\u1ea5t, trang thi\u1ebft b\u1ecb th\u00f4ng minh c\u00f9ng d\u1ecbch v\u1ee5 chu \u0111\u00e1o, ch\u00fang t\u00f4i t\u1ef1 tin mang t\u1edbi\u00a022housing residence suites,\u00a0l\u00e0 n\u01a1i l\u01b0u tr\u00fa \u01b0u ti\u00ean c\u1ee7a qu\u00fd kh\u00e1ch \u0111\u1ebfn v\u1edbi H\u00e0 N\u1ed9i.\u201d<\/p>\n\n\t\t<div class=\"icon-box featured-box icon-box-top text-left\"  >\n\t\t\t\t<div class=\"icon-box-text last-reset\">\n\t\t\t\t\t\t\t\t\t\n<h3>Amazon Bui &#8211; CEO 22housing<\/h3>\n\t\t<\/div>\n\t<\/div>\n\t\n\t\n\t\t<\/div>\n\t\t\t\t\t<\/div>\n\n\t\n<\/div>\n\t\t<\/div>\n\n\t\t\n<style>\n#section_152665370 {\n  padding-top: 45px;\n  padding-bottom: 45px;\n}\n#section_152665370 .ux-shape-divider--top svg {\n  height: 150px;\n  --divider-top-width: 100%;\n}\n#section_152665370 .ux-shape-divider--bottom svg {\n  height: 150px;\n  --divider-width: 100%;\n}\n<\/style>\n\t<\/section>\n\t\n\n\n\n\t<section class=\"section\" id=\"section_265850586\">\n\t\t<div class=\"bg section-bg fill bg-fill  bg-loaded\" >\n\n\t\t\t\n\t\t\t\n\t\t\t\n\n\t\t<\/div>\n\n\t\t\n\n\t\t<div class=\"section-content relative\">\n\t\t\t\n<div class=\"row\"  id=\"row-1097751835\">\n\n\t<div id=\"col-971654771\" class=\"col div-no-padding small-12 large-12\"  >\n\t\t\t\t<div class=\"col-inner\"  >\n\t\t\t\n\t\t\t\n<h2 style=\"text-align: center\">C\u00c1C C\u0102N H\u1ed8 HI\u1ec6N C\u00d3<\/h2>\n\t<div id=\"gap-272769498\" class=\"gap-element clearfix\" style=\"display:block; height:auto;\">\n\t\t\n<style>\n#gap-272769498 {\n  padding-top: 30px;\n}\n<\/style>\n\t<\/div>\n\t\n\n  \n    <div class=\"row large-columns-3 medium-columns- small-columns-2 row-small\">\n  \t\n\t     <div class=\"product-small col has-hover product type-product post-1078 status-publish first instock product_cat-cap-doi product_cat-sang-trong has-post-thumbnail shipping-taxable purchasable product-type-simple\">\n\t<div class=\"col-inner\">\n\t\n<div class=\"badge-container absolute left top z-1\">\n\n<\/div>\n\t<div class=\"product-small box \">\n\t\t<div class=\"box-image\">\n\t\t\t<div class=\"image-none\">\n\t\t\t\t<a href=\"https:\/\/22landresidence.com\/352duongbuoi\/room\/family-room\/\" aria-label=\"C\u0103n h\u1ed9 01 ph\u00f2ng ng\u1ee7 view Th\u00e0nh ph\u1ed1 (01)\">\n\t\t\t\t\t<img width=\"570\" height=\"570\" src=\"https:\/\/22landresidence.com\/352duongbuoi\/wp-content\/uploads\/sites\/13\/2022\/01\/DTL4665-min-570x570.jpg\" class=\"attachment-woocommerce_thumbnail size-woocommerce_thumbnail\" alt=\"\" decoding=\"async\" loading=\"lazy\" srcset=\"https:\/\/22landresidence.com\/352duongbuoi\/wp-content\/uploads\/sites\/13\/2022\/01\/DTL4665-min-570x570.jpg 570w, https:\/\/22landresidence.com\/352duongbuoi\/wp-content\/uploads\/sites\/13\/2022\/01\/DTL4665-min-150x150.jpg 150w, https:\/\/22landresidence.com\/352duongbuoi\/wp-content\/uploads\/sites\/13\/2022\/01\/DTL4665-min-100x100.jpg 100w\" sizes=\"(max-width: 570px) 100vw, 570px\" \/>\t\t\t\t<\/a>\n\t\t\t<\/div>\n\t\t\t<div class=\"image-tools is-small top right show-on-hover\">\n\t\t\t\t\t\t\t<\/div>\n\t\t\t<div class=\"image-tools is-small hide-for-small bottom left show-on-hover\">\n\t\t\t\t\t\t\t<\/div>\n\t\t\t<div class=\"image-tools grid-tools text-center hide-for-small bottom hover-slide-in show-on-hover\">\n\t\t\t\t\t\t\t<\/div>\n\t\t\t\t\t<\/div>\n\n\t\t<div class=\"box-text box-text-products\">\n\t\t\t<div class=\"title-wrapper\"><\/div><div class=\"price-wrapper\"><\/div>\t\t<\/div>\n\t<\/div>\n\t\t<\/div>\n<\/div><div class=\"product-small col has-hover product type-product post-576 status-publish last instock product_cat-cap-doi product_cat-sang-trong has-post-thumbnail virtual purchasable product-type-simple\">\n\t<div class=\"col-inner\">\n\t\n<div class=\"badge-container absolute left top z-1\">\n\n<\/div>\n\t<div class=\"product-small box \">\n\t\t<div class=\"box-image\">\n\t\t\t<div class=\"image-none\">\n\t\t\t\t<a href=\"https:\/\/22landresidence.com\/352duongbuoi\/room\/luxury-double-suite-attic-floor\/\" aria-label=\"C\u0103n h\u1ed9 01 ph\u00f2ng ng\u1ee7 view Th\u00e0nh ph\u1ed1 (02)\">\n\t\t\t\t\t<img width=\"570\" height=\"570\" src=\"https:\/\/22landresidence.com\/352duongbuoi\/wp-content\/uploads\/sites\/13\/2020\/12\/DTL4753-min-570x570.jpg\" class=\"attachment-woocommerce_thumbnail size-woocommerce_thumbnail\" alt=\"\" decoding=\"async\" loading=\"lazy\" srcset=\"https:\/\/22landresidence.com\/352duongbuoi\/wp-content\/uploads\/sites\/13\/2020\/12\/DTL4753-min-570x570.jpg 570w, https:\/\/22landresidence.com\/352duongbuoi\/wp-content\/uploads\/sites\/13\/2020\/12\/DTL4753-min-150x150.jpg 150w, https:\/\/22landresidence.com\/352duongbuoi\/wp-content\/uploads\/sites\/13\/2020\/12\/DTL4753-min-100x100.jpg 100w\" sizes=\"(max-width: 570px) 100vw, 570px\" \/>\t\t\t\t<\/a>\n\t\t\t<\/div>\n\t\t\t<div class=\"image-tools is-small top right show-on-hover\">\n\t\t\t\t\t\t\t<\/div>\n\t\t\t<div class=\"image-tools is-small hide-for-small bottom left show-on-hover\">\n\t\t\t\t\t\t\t<\/div>\n\t\t\t<div class=\"image-tools grid-tools text-center hide-for-small bottom hover-slide-in show-on-hover\">\n\t\t\t\t\t\t\t<\/div>\n\t\t\t\t\t<\/div>\n\n\t\t<div class=\"box-text box-text-products\">\n\t\t\t<div class=\"title-wrapper\"><\/div><div class=\"price-wrapper\"><\/div>\t\t<\/div>\n\t<\/div>\n\t\t<\/div>\n<\/div><div class=\"product-small col has-hover product type-product post-574 status-publish first instock product_cat-cap-doi product_cat-sang-trong has-post-thumbnail virtual purchasable product-type-simple\">\n\t<div class=\"col-inner\">\n\t\n<div class=\"badge-container absolute left top z-1\">\n\n<\/div>\n\t<div class=\"product-small box \">\n\t\t<div class=\"box-image\">\n\t\t\t<div class=\"image-none\">\n\t\t\t\t<a href=\"https:\/\/22landresidence.com\/352duongbuoi\/room\/luxury-family-double-room-suite\/\" aria-label=\"Studio view Th\u00e0nh ph\u1ed1\">\n\t\t\t\t\t<img width=\"570\" height=\"570\" src=\"https:\/\/22landresidence.com\/352duongbuoi\/wp-content\/uploads\/sites\/13\/2020\/12\/DTL4825-min-570x570.jpg\" class=\"attachment-woocommerce_thumbnail size-woocommerce_thumbnail\" alt=\"\" decoding=\"async\" loading=\"lazy\" srcset=\"https:\/\/22landresidence.com\/352duongbuoi\/wp-content\/uploads\/sites\/13\/2020\/12\/DTL4825-min-570x570.jpg 570w, https:\/\/22landresidence.com\/352duongbuoi\/wp-content\/uploads\/sites\/13\/2020\/12\/DTL4825-min-150x150.jpg 150w, https:\/\/22landresidence.com\/352duongbuoi\/wp-content\/uploads\/sites\/13\/2020\/12\/DTL4825-min-100x100.jpg 100w\" sizes=\"(max-width: 570px) 100vw, 570px\" \/>\t\t\t\t<\/a>\n\t\t\t<\/div>\n\t\t\t<div class=\"image-tools is-small top right show-on-hover\">\n\t\t\t\t\t\t\t<\/div>\n\t\t\t<div class=\"image-tools is-small hide-for-small bottom left show-on-hover\">\n\t\t\t\t\t\t\t<\/div>\n\t\t\t<div class=\"image-tools grid-tools text-center hide-for-small bottom hover-slide-in show-on-hover\">\n\t\t\t\t\t\t\t<\/div>\n\t\t\t\t\t<\/div>\n\n\t\t<div class=\"box-text box-text-products\">\n\t\t\t<div class=\"title-wrapper\"><\/div><div class=\"price-wrapper\"><\/div>\t\t<\/div>\n\t<\/div>\n\t\t<\/div>\n<\/div><\/div>\n\t\t<\/div>\n\t\t\t\t\t<\/div>\n\n\t\n<\/div>\n\t\t<\/div>\n\n\t\t\n<style>\n#section_265850586 {\n  padding-top: 30px;\n  padding-bottom: 30px;\n}\n#section_265850586 .ux-shape-divider--top svg {\n  height: 150px;\n  --divider-top-width: 100%;\n}\n#section_265850586 .ux-shape-divider--bottom svg {\n  height: 150px;\n  --divider-width: 100%;\n}\n<\/style>\n\t<\/section>\n\t\n\n\t<section class=\"section diem-den\" id=\"section_1427476140\">\n\t\t<div class=\"bg section-bg fill bg-fill  bg-loaded\" >\n\n\t\t\t\n\t\t\t\n\t\t\t\n\n\t\t<\/div>\n\n\t\t\n\n\t\t<div class=\"section-content relative\">\n\t\t\t\n<div class=\"row\"  id=\"row-1417277468\">\n\n\t<div id=\"col-567776728\" class=\"col medium-4 small-12 large-4\"  >\n\t\t\t\t<div class=\"col-inner\"  >\n\t\t\t\n\t\t\t\n<p>\u0110I\u1ec2M \u0110\u1ebeN<\/p>\n<h1>Kh\u00e1m ph\u00e1 Th\u00e1i B\u00ecnh D\u01b0\u01a1ng<\/h1>\n<p>V\u1edbi h\u01a1n 3.400km \u0111\u01b0\u1eddng b\u1edd bi\u1ec3n, Vi\u1ec7t Nam l\u00e0 m\u1ed9t trong nh\u1eefng qu\u1ed1c gia c\u00f3 \u01b0u th\u1ebf trong ph\u00e1t tri\u1ec3n du l\u1ecbch bi\u1ec3n k\u1ebft h\u1ee3p kh\u00e1m ph\u00e1, ngh\u1ec9 d\u01b0\u1ee1ng. V\u1ebb \u0111\u1eb9p hoang s\u01a1 c\u1ee7a nh\u1eefng b\u1edd c\u00e1t tr\u1eafng tinh, v\u1ecbnh bi\u1ec3n hoang s\u01a1 hay nh\u1eefng h\u00f2n \u0111\u1ea3o nhi\u1ec7t \u0111\u1edbi quanh n\u0103m t\u01b0\u01a1i t\u1ed1t, nh\u1eefng r\u1eb7ng san h\u00f4 l\u1ed9ng l\u1eaby\u2026 t\u1ea5t c\u1ea3 \u0111ang m\u1eddi g\u1ecdi b\u01b0\u1edbc ch\u00e2n b\u1ea1n.<\/p>\n<a class=\"button primary is-underline lowercase\"  >\n    <span>Xem th\u00eam<\/span>\n  <\/a>\n\n\t\t<\/div>\n\t\t\t\t\t<\/div>\n\n\t\n\n\t<div id=\"col-1938982000\" class=\"col medium-7 small-12 large-7\"  >\n\t\t\t\t<div class=\"col-inner text-center\"  >\n\t\t\t\n\t\t\t\n\t<div class=\"img has-hover x md-x lg-x y md-y lg-y\" id=\"image_295028264\">\n\t\t\t\t\t\t\t\t<div class=\"img-inner dark\" >\n\t\t\t<img width=\"900\" height=\"650\" src=\"https:\/\/22landresidence.com\/352duongbuoi\/wp-content\/uploads\/sites\/13\/2020\/10\/home_pic2-900x650-1.jpg\" class=\"attachment-large size-large\" alt=\"\" decoding=\"async\" loading=\"lazy\" srcset=\"https:\/\/22landresidence.com\/352duongbuoi\/wp-content\/uploads\/sites\/13\/2020\/10\/home_pic2-900x650-1.jpg 900w, https:\/\/22landresidence.com\/352duongbuoi\/wp-content\/uploads\/sites\/13\/2020\/10\/home_pic2-900x650-1-300x217.jpg 300w, https:\/\/22landresidence.com\/352duongbuoi\/wp-content\/uploads\/sites\/13\/2020\/10\/home_pic2-900x650-1-768x555.jpg 768w, https:\/\/22landresidence.com\/352duongbuoi\/wp-content\/uploads\/sites\/13\/2020\/10\/home_pic2-900x650-1-600x433.jpg 600w\" sizes=\"(max-width: 900px) 100vw, 900px\" \/>\t\t\t\t\t\t\n\t\t\t\t\t<\/div>\n\t\t\t\t\t\t\t\t\n<style>\n#image_295028264 {\n  width: 100%;\n}\n<\/style>\n\t<\/div>\n\t\n\t\t<\/div>\n\t\t\t\t\t<\/div>\n\n\t\n<\/div>\n\t\t<\/div>\n\n\t\t\n<style>\n#section_1427476140 {\n  padding-top: 30px;\n  padding-bottom: 30px;\n}\n#section_1427476140 .ux-shape-divider--top svg {\n  height: 150px;\n  --divider-top-width: 100%;\n}\n#section_1427476140 .ux-shape-divider--bottom svg {\n  height: 150px;\n  --divider-width: 100%;\n}\n<\/style>\n\t<\/section>\n\t\n","protected":false},"excerpt":{"rendered":"","protected":false},"author":2,"featured_media":0,"parent":0,"menu_order":0,"comment_status":"closed","ping_status":"open","template":"page-transparent-header-light.php","meta":[],"yst_prominent_words":[],"acf":[],"_links":{"self":[{"href":"https:\/\/22landresidence.com\/352duongbuoi\/wp-json\/wp\/v2\/pages\/2"}],"collection":[{"href":"https:\/\/22landresidence.com\/352duongbuoi\/wp-json\/wp\/v2\/pages"}],"about":[{"href":"https:\/\/22landresidence.com\/352duongbuoi\/wp-json\/wp\/v2\/types\/page"}],"author":[{"embeddable":true,"href":"https:\/\/22landresidence.com\/352duongbuoi\/wp-json\/wp\/v2\/users\/2"}],"replies":[{"embeddable":true,"href":"https:\/\/22landresidence.com\/352duongbuoi\/wp-json\/wp\/v2\/comments?post=2"}],"version-history":[{"count":105,"href":"https:\/\/22landresidence.com\/352duongbuoi\/wp-json\/wp\/v2\/pages\/2\/revisions"}],"predecessor-version":[{"id":1439,"href":"https:\/\/22landresidence.com\/352duongbuoi\/wp-json\/wp\/v2\/pages\/2\/revisions\/1439"}],"wp:attachment":[{"href":"https:\/\/22landresidence.com\/352duongbuoi\/wp-json\/wp\/v2\/media?parent=2"}],"wp:term":[{"taxonomy":"yst_prominent_words","embeddable":true,"href":"https:\/\/22landresidence.com\/352duongbuoi\/wp-json\/wp\/v2\/yst_prominent_words?post=2"}],"curies":[{"name":"wp","href":"https:\/\/api.w.org\/{rel}","templated":true}]}}