{"id":24,"date":"2019-11-16T08:34:22","date_gmt":"2019-11-16T01:34:22","guid":{"rendered":"https:\/\/22landresidence.com\/352duongbuoi\/?page_id=24"},"modified":"2023-10-10T15:59:36","modified_gmt":"2023-10-10T08:59:36","slug":"gioi-thieu","status":"publish","type":"page","link":"https:\/\/22landresidence.com\/352duongbuoi\/gioi-thieu\/","title":{"rendered":"Gi\u1edbi thi\u1ec7u"},"content":{"rendered":"<p><strong><span class=\"notranslate\">22HOUSING RESIDENCE SUITES<\/span>\u00a0&#8211; \ud835\udc7b\ud835\udc82\u0323\u0302\ud835\udc8f \ud835\udc89\ud835\udc96\u031b\ud835\udc90\u031b\u0309\ud835\udc8f\ud835\udc88 \ud835\udc6a\ud835\udc96\ud835\udc90\u0323\u0302\ud835\udc84 \ud835\udc7a\ud835\udc90\u0302\u0301\ud835\udc8f\ud835\udc88 \ud835\udc7a\ud835\udc82\ud835\udc8f\ud835\udc88 \ud835\udc7b\ud835\udc93\ud835\udc90\u0323\ud835\udc8f\ud835\udc88<\/strong><\/p>\n<div class=\"x11i5rnm xat24cr x1mh8g0r x1vvkbs xtlvy1s x126k92a\">\n<div dir=\"auto\"><span class=\"x3nfvp2 x1j61x8r x1fcty0u xdj266r xhhsvwb xat24cr xgzva0m xxymvpz xlup9mm x1kky2od\"><img decoding=\"async\" loading=\"lazy\" src=\"https:\/\/static.xx.fbcdn.net\/images\/emoji.php\/v9\/t16\/2\/16\/1f3e1.png\" alt=\"\ud83c\udfe1\" width=\"16\" height=\"16\" \/><\/span> **\ud835\udc49\ud835\udc56\u0323 \ud835\udc61\ud835\udc5f\ud835\udc56\u0301 \ud835\udc3f\ud835\udc66\u0301 \ud835\udc47\ud835\udc62\u031b\ud835\udc5c\u031b\u0309\ud835\udc5b\ud835\udc54 &#8211; \ud835\udc36\ud835\udc62\ud835\udc5c\u0323\u0302\ud835\udc50 \ud835\udc60\ud835\udc5c\u0302\u0301\ud835\udc5b\ud835\udc54 \ud835\udc47\ud835\udc5c\u0302\u0301\ud835\udc56 \ud835\udc48\u031b\ud835\udc62**<\/div>\n<div dir=\"auto\">22 Housing h\u00e2n h\u1ea1nh gi\u1edbi thi\u1ec7u t\u00f2a nh\u00e0 22housing Residence Suites, n\u1eb1m t\u1ea1i \u0111\u1ecba ch\u1ec9 352 \u0110\u01b0\u1eddng B\u01b0\u1edfi, m\u1ed9t t\u1ecda \u0111\u1ed9 \u0111\u1eafc \u0111\u1ecba gi\u1eefa Tam Gi\u00e1c V\u00e0ng c\u1ee7a 3 qu\u1eadn C\u1ea7u Gi\u1ea5y, Ba \u0110\u00ecnh v\u00e0 T\u00e2y H\u1ed3. Ch\u01b0a bao gi\u1edd vi\u1ec7c di chuy\u1ec3n t\u1edbi H\u1ed3 T\u00e2y ch\u1ec9 m\u1ea5t 5 ph\u00fat l\u1ea1i d\u1ec5 d\u00e0ng \u0111\u1ebfn v\u1eady! Cu\u1ed9c s\u1ed1ng t\u1ea1i \u0111\u00e2y l\u00e0 s\u1ef1 k\u1ebft h\u1ee3p ho\u00e0n h\u1ea3o gi\u1eefa ti\u1ec7n nghi \u0111\u00f4 th\u1ecb v\u00e0 kh\u00f4ng gian y\u00ean b\u00ecnh.<\/div>\n<\/div>\n<div class=\"x11i5rnm xat24cr x1mh8g0r x1vvkbs xtlvy1s x126k92a\">\n<div dir=\"auto\"><span class=\"x3nfvp2 x1j61x8r x1fcty0u xdj266r xhhsvwb xat24cr xgzva0m xxymvpz xlup9mm x1kky2od\"><img decoding=\"async\" loading=\"lazy\" src=\"https:\/\/static.xx.fbcdn.net\/images\/emoji.php\/v9\/t2d\/2\/16\/1f303.png\" alt=\"\ud83c\udf03\" width=\"16\" height=\"16\" \/><\/span> **\ud835\udc49\ud835\udc56\ud835\udc52\ud835\udc64 \u0110\ud835\udc5c\u0323\u0302\ud835\udc50 \u0110\ud835\udc4e\u0301\ud835\udc5c &#8211; \ud835\udc3e\u210e\ud835\udc5c\ud835\udc4e\u0309\ud835\udc5b\u210e \ud835\udc3e\u210e\ud835\udc4e\u0306\u0301\ud835\udc50 \ud835\udc47\ud835\udc62\u031b\u0323 \ud835\udc3b\ud835\udc4e\u0300\ud835\udc5c**<\/div>\n<div dir=\"auto\">T\u1ea1i 22housing Residence Suites, ch\u00fang t\u00f4i hi\u1ec3u r\u1eb1ng kh\u00f4ng gian s\u1ed1ng c\u1ee7a b\u1ea1n c\u1ea7n ph\u1ea3i k\u1ebft n\u1ed1i b\u1ea1n v\u1edbi v\u1ebb \u0111\u1eb9p t\u1ef1 nhi\u00ean c\u1ee7a th\u00e0nh ph\u1ed1. V\u1edbi thi\u1ebft k\u1ebf tho\u00e1ng m\u00e1t v\u00e0 v\u1ecb tr\u00ed ngay m\u1eb7t \u0111\u01b0\u1eddng B\u01b0\u1edfi, b\u1ea1n c\u00f3 c\u01a1 h\u1ed9i th\u01b0\u1edfng th\u1ee9c View v\u00f4 c\u00f9ng \u1ea5n t\u01b0\u1ee3ng c\u1ee7a th\u00e0nh ph\u1ed1 v\u1ec1 \u0111\u00eam. C\u1ea3m nh\u1eadn s\u1ef1 lung linh v\u00e0 quy\u1ebfn r\u0169 c\u1ee7a khu v\u1ef1c trung t\u00e2m, khi h\u00e0ng ng\u00e0n \u00e1nh \u0111\u00e8n lung linh t\u1ea1o n\u00ean m\u1ed9t b\u1ee9c tranh t\u1ef7 \u0111\u00f4 tr\u01b0\u1edbc m\u1eaft b\u1ea1n.<\/div>\n<\/div>\n<div class=\"x11i5rnm xat24cr x1mh8g0r x1vvkbs xtlvy1s x126k92a\">\n<div dir=\"auto\"><span class=\"x3nfvp2 x1j61x8r x1fcty0u xdj266r xhhsvwb xat24cr xgzva0m xxymvpz xlup9mm x1kky2od\"><img decoding=\"async\" loading=\"lazy\" src=\"https:\/\/static.xx.fbcdn.net\/images\/emoji.php\/v9\/t95\/2\/16\/1f3e0.png\" alt=\"\ud83c\udfe0\" width=\"16\" height=\"16\" \/><\/span> **\ud835\udc41\ud835\udc5c\u0323\u0302\ud835\udc56 \ud835\udc47\u210e\ud835\udc4e\u0302\u0301\ud835\udc61 \ud835\udc47\ud835\udc62\u031b\ud835\udc5c\u031b\ud835\udc56 \ud835\udc40\ud835\udc5c\u031b\u0301\ud835\udc56 &#8211; \ud835\udc46\ud835\udc4e\u0306\u0303\ud835\udc5b \ud835\udc46\ud835\udc4e\u0300\ud835\udc5b\ud835\udc54 \ud835\udc36\u210e\ud835\udc5c \ud835\udc36\ud835\udc62\ud835\udc5c\u0323\u0302\ud835\udc50 \ud835\udc46\ud835\udc5c\u0302\u0301\ud835\udc5b\ud835\udc54 \ud835\udc3b\ud835\udc5c\ud835\udc4e\u0300\ud835\udc5b \ud835\udc3b\ud835\udc4e\u0309\ud835\udc5c**<\/div>\n<div dir=\"auto\">Ch\u00fang t\u00f4i hi\u1ec3u r\u1eb1ng cu\u1ed9c s\u1ed1ng b\u1eadn r\u1ed9n c\u1ee7a b\u1ea1n \u0111\u00f2i h\u1ecfi s\u1ef1 ti\u1ec7n l\u1ee3i v\u00e0 tho\u1ea3i m\u00e1i. T\u1ea1i 22housing Residence Suites, ch\u00fang t\u00f4i \u0111\u00e3 trang b\u1ecb \u0111\u1ea7y \u0111\u1ee7 n\u1ed9i th\u1ea5t sang tr\u1ecdng v\u00e0 ti\u1ec7n nghi \u0111\u1ec3 b\u1ea1n ch\u1ec9 c\u1ea7n x\u00e1ch vali v\u00e0o v\u00e0 b\u1eaft \u0111\u1ea7u h\u01b0\u1edfng th\u1ee5 cu\u1ed9c s\u1ed1ng t\u1ea1i \u0111\u00e2y. T\u1ea5t c\u1ea3 \u0111\u00e3 \u0111\u01b0\u1ee3c chu\u1ea9n b\u1ecb tr\u01b0\u1edbc, t\u1eeb b\u1ebfp \u0111\u1ebfn ph\u00f2ng ng\u1ee7, \u0111\u1ec3 b\u1ea1n c\u00f3 th\u1ec3 t\u1eadn h\u01b0\u1edfng cu\u1ed9c s\u1ed1ng m\u00e0 kh\u00f4ng c\u1ea7n lo l\u1eafng v\u1ec1 vi\u1ec7c s\u1eafp x\u1ebfp n\u1ed9i th\u1ea5t.<\/div>\n<\/div>\n","protected":false},"excerpt":{"rendered":"<p>22HOUSING RESIDENCE SUITES\u00a0&#8211; \ud835\udc7b\ud835\udc82\u0323\u0302\ud835\udc8f \ud835\udc89\ud835\udc96\u031b\ud835\udc90\u031b\u0309\ud835\udc8f\ud835\udc88 \ud835\udc6a\ud835\udc96\ud835\udc90\u0323\u0302\ud835\udc84 \ud835\udc7a\ud835\udc90\u0302\u0301\ud835\udc8f\ud835\udc88 \ud835\udc7a\ud835\udc82\ud835\udc8f\ud835\udc88 \ud835\udc7b\ud835\udc93\ud835\udc90\u0323\ud835\udc8f\ud835\udc88 **\ud835\udc49\ud835\udc56\u0323 \ud835\udc61\ud835\udc5f\ud835\udc56\u0301 \ud835\udc3f\ud835\udc66\u0301 \ud835\udc47\ud835\udc62\u031b\ud835\udc5c\u031b\u0309\ud835\udc5b\ud835\udc54 &#8211; \ud835\udc36\ud835\udc62\ud835\udc5c\u0323\u0302\ud835\udc50 \ud835\udc60\ud835\udc5c\u0302\u0301\ud835\udc5b\ud835\udc54 \ud835\udc47\ud835\udc5c\u0302\u0301\ud835\udc56 \ud835\udc48\u031b\ud835\udc62** 22 Housing h\u00e2n h\u1ea1nh gi\u1edbi thi\u1ec7u t\u00f2a nh\u00e0 22housing Residence Suites, n\u1eb1m t\u1ea1i \u0111\u1ecba ch\u1ec9 352 \u0110\u01b0\u1eddng B\u01b0\u1edfi, m\u1ed9t t\u1ecda \u0111\u1ed9 \u0111\u1eafc \u0111\u1ecba gi\u1eefa Tam Gi\u00e1c V\u00e0ng c\u1ee7a 3 qu\u1eadn C\u1ea7u Gi\u1ea5y, Ba \u0110\u00ecnh v\u00e0 T\u00e2y H\u1ed3. &#8230;<\/p>\n","protected":false},"author":2,"featured_media":0,"parent":0,"menu_order":0,"comment_status":"closed","ping_status":"closed","template":"","meta":[],"yst_prominent_words":[],"acf":[],"_links":{"self":[{"href":"https:\/\/22landresidence.com\/352duongbuoi\/wp-json\/wp\/v2\/pages\/24"}],"collection":[{"href":"https:\/\/22landresidence.com\/352duongbuoi\/wp-json\/wp\/v2\/pages"}],"about":[{"href":"https:\/\/22landresidence.com\/352duongbuoi\/wp-json\/wp\/v2\/types\/page"}],"author":[{"embeddable":true,"href":"https:\/\/22landresidence.com\/352duongbuoi\/wp-json\/wp\/v2\/users\/2"}],"replies":[{"embeddable":true,"href":"https:\/\/22landresidence.com\/352duongbuoi\/wp-json\/wp\/v2\/comments?post=24"}],"version-history":[{"count":13,"href":"https:\/\/22landresidence.com\/352duongbuoi\/wp-json\/wp\/v2\/pages\/24\/revisions"}],"predecessor-version":[{"id":1434,"href":"https:\/\/22landresidence.com\/352duongbuoi\/wp-json\/wp\/v2\/pages\/24\/revisions\/1434"}],"wp:attachment":[{"href":"https:\/\/22landresidence.com\/352duongbuoi\/wp-json\/wp\/v2\/media?parent=24"}],"wp:term":[{"taxonomy":"yst_prominent_words","embeddable":true,"href":"https:\/\/22landresidence.com\/352duongbuoi\/wp-json\/wp\/v2\/yst_prominent_words?post=24"}],"curies":[{"name":"wp","href":"https:\/\/api.w.org\/{rel}","templated":true}]}}