{"id":1078,"date":"2022-01-22T10:02:05","date_gmt":"2022-01-22T03:02:05","guid":{"rendered":"https:\/\/22landresidence.com\/352duongbuoi\/?post_type=product&#038;p=1078"},"modified":"2023-10-10T15:54:38","modified_gmt":"2023-10-10T08:54:38","slug":"family-room","status":"publish","type":"product","link":"https:\/\/22landresidence.com\/352duongbuoi\/room\/family-room\/","title":{"rendered":"C\u0103n h\u1ed9 01 ph\u00f2ng ng\u1ee7 view Th\u00e0nh ph\u1ed1 (01)"},"content":{"rendered":"<div dir=\"auto\">\n<div dir=\"auto\">\n<div dir=\"auto\">\n<div dir=\"auto\">\n<div dir=\"auto\">\n<div dir=\"auto\">\n<div dir=\"auto\">\n<div dir=\"auto\">\n<p>C\u0103n h\u1ed9 01 ph\u00f2ng ng\u1ee7 view c\u1ef1c chill (m\u00e3 c\u0103n 01)<\/p>\n<p>\u2600\ufe0f\u00a0 Di\u1ec7n t\u00edch: 42m2<\/p>\n<p>\ud83d\udec1 B\u1ed3n t\u1eafm sang tr\u1ecdng .<\/p>\n<p>\u2600\ufe0f \u0110i\u1ec1u ho\u00e0 m\u00e1t r\u01b0\u1ee3i<\/p>\n<p>\ud83d\udda5 TV to b\u1ef1 50 inch, Free Netflix<\/p>\n<p>\ud83d\udd11 T\u1ef1 check in ph\u00f2ng ri\u00eang t\u01b0<\/p>\n<p>\ud83e\udd64 N\u01b0\u1edbc s\u1ea1ch mi\u1ec5n ph\u00ed<\/p>\n<p>\ud83c\udf5c B\u1ebfp n\u1ea5u \u0103n \u0111\u1ea7y \u0111\u1ee7 \u0111\u1ed3 d\u00f9ng<\/p>\n<p>\ud83d\ude80 Thang m\u00e1y , L\u1ec5 t\u00e2n 24\/7, b\u1ea3o v\u1ec7 24\/7<\/p>\n<p>\ud83c\udfcd Ch\u1ed7 \u0111\u1ec3 xe m\u00e1y mi\u1ec5n ph\u00ed<\/p>\n<p>\ud83d\udd13 D\u1ecbch V\u1ee5 C\u0103n H\u1ed9 Cao c\u1ea5p : \u0110\u1eb3ng c\u1ea5p 4 sao, c\u00f3 mi\u1ec5n ph\u00ed n\u01b0\u1edbc u\u1ed1ng, cafe, Internet high speed, L\u1ec5 t\u00e2n 24\/7 services chu \u0111\u00e1o, Nh\u00e2n vi\u00ean ch\u0103m s\u00f3c online 24\/7 t\u1eadn r\u0103ng.<\/p>\n<p>\u2014\u2014\u2014\u2014\u2014\u2014\u2014\u2014\u2014\u2014\u2014\u2014\u2014\u2014\u2014\u2014\u2014\u2014\u2014\u2014\u2014\u2014\u2014<\/p>\n<p>\ud83d\ude80\ud83d\ude80\ud83d\ude80\ud835\udc06\ud835\udc08\ud835\udc00\u0301 \ud835\udc02\ud835\udc07\ud835\udc0e \ud835\udc13\ud835\udc07\ud835\udc14\ud835\udc04\u0302 \ud835\udc0d\ud835\udc06\ud835\udc00\u0306\u0301\ud835\udc0d \ud835\udc07\ud835\udc00\u0323\ud835\udc0d:<\/p>\n<p>\u2013 Gi\u00e1 Thu\u00ea 2h \u0111\u1ea7u ti\u00ean : 400k\/2h \u0111\u1ea7u ti\u00ean, c\u00e1c gi\u1edd sau m\u1ed7i gi\u1edd 80k<\/p>\n<p>\u2013 Gi\u00e1 Thu\u00ea \u0111\u00eam: 850k\/\u0111\u00eam<\/p>\n<p>\u0110i\u1ec1u ki\u1ec7n v\u00e0 ch\u00ednh s\u00e1ch:<\/p>\n<p>\u2013 T\u1ed1i \u0111a 2 ng\u01b0\u1eddi cho 1 c\u0103n h\u1ed9<\/p>\n<p>\u2013 Mi\u1ec5n ph\u00ed duy nh\u1ea5t cho 01 tr\u1ebb d\u01b0\u1edbi 6 tu\u1ed5i<\/p>\n<p>\u2013 Tr\u1ebb tr\u00ean 06 tu\u1ed5i ph\u1ee5 thu VND 200k\/tr\u1ebb\/\u0111\u00eam (t\u1ed1i \u0111a 1 tr\u1ebb)<\/p>\n<p>\ud83c\udfe0\u0110\u1ecba ch\u1ec9: s\u1ed1 352 \u0110\u01b0\u1eddng B\u01b0\u1edfi, V\u0129nh Ph\u00fac, Ba \u0110\u00ecnh<\/p>\n<\/div>\n<\/div>\n<\/div>\n<\/div>\n<\/div>\n<\/div>\n<\/div>\n<\/div>\n","protected":false},"excerpt":{"rendered":"<p><span class=\"text\">C\u0103n h\u1ed9 01 ph\u00f2ng ng\u1ee7 view c\u1ef1c chill (m\u00e3 c\u0103n 01) c\u1ee7a\u00a0ch\u00fang t\u00f4i \u0111\u00e3 trang b\u1ecb \u0111\u1ea7y \u0111\u1ee7 n\u1ed9i th\u1ea5t sang tr\u1ecdng v\u00e0 ti\u1ec7n nghi \u0111\u1ec3 b\u1ea1n ch\u1ec9 c\u1ea7n x\u00e1ch vali v\u00e0o v\u00e0 b\u1eaft \u0111\u1ea7u h\u01b0\u1edfng th\u1ee5 cu\u1ed9c s\u1ed1ng t\u1ea1i \u0111\u00e2y. T\u1ea5t c\u1ea3 \u0111\u00e3 \u0111\u01b0\u1ee3c chu\u1ea9n b\u1ecb tr\u01b0\u1edbc, t\u1eeb b\u1ebfp \u0111\u1ebfn ph\u00f2ng ng\u1ee7, \u0111\u1ec3 b\u1ea1n c\u00f3 th\u1ec3 t\u1eadn h\u01b0\u1edfng cu\u1ed9c s\u1ed1ng m\u00e0 kh\u00f4ng c\u1ea7n lo l\u1eafng v\u1ec1 vi\u1ec7c s\u1eafp x\u1ebfp n\u1ed9i th\u1ea5t.<\/span><\/p>\n","protected":false},"featured_media":1392,"comment_status":"open","ping_status":"closed","template":"","meta":[],"product_cat":[22,23],"product_tag":[],"yst_prominent_words":[],"acf":[],"_links":{"self":[{"href":"https:\/\/22landresidence.com\/352duongbuoi\/wp-json\/wp\/v2\/product\/1078"}],"collection":[{"href":"https:\/\/22landresidence.com\/352duongbuoi\/wp-json\/wp\/v2\/product"}],"about":[{"href":"https:\/\/22landresidence.com\/352duongbuoi\/wp-json\/wp\/v2\/types\/product"}],"replies":[{"embeddable":true,"href":"https:\/\/22landresidence.com\/352duongbuoi\/wp-json\/wp\/v2\/comments?post=1078"}],"wp:featuredmedia":[{"embeddable":true,"href":"https:\/\/22landresidence.com\/352duongbuoi\/wp-json\/wp\/v2\/media\/1392"}],"wp:attachment":[{"href":"https:\/\/22landresidence.com\/352duongbuoi\/wp-json\/wp\/v2\/media?parent=1078"}],"wp:term":[{"taxonomy":"product_cat","embeddable":true,"href":"https:\/\/22landresidence.com\/352duongbuoi\/wp-json\/wp\/v2\/product_cat?post=1078"},{"taxonomy":"product_tag","embeddable":true,"href":"https:\/\/22landresidence.com\/352duongbuoi\/wp-json\/wp\/v2\/product_tag?post=1078"},{"taxonomy":"yst_prominent_words","embeddable":true,"href":"https:\/\/22landresidence.com\/352duongbuoi\/wp-json\/wp\/v2\/yst_prominent_words?post=1078"}],"curies":[{"name":"wp","href":"https:\/\/api.w.org\/{rel}","templated":true}]}}