{"id":2,"date":"2019-11-16T01:11:52","date_gmt":"2019-11-16T01:11:52","guid":{"rendered":"https:\/\/22landresidence.com\/51-trich-sai\/?page_id=2"},"modified":"2024-04-10T11:45:37","modified_gmt":"2024-04-10T04:45:37","slug":"trang-chu","status":"publish","type":"page","link":"https:\/\/22landresidence.com\/51-trich-sai\/","title":{"rendered":"Trang ch\u1ee7"},"content":{"rendered":"\t<section class=\"section section-banner\" id=\"section_1551616602\">\n\t\t<div class=\"bg section-bg fill bg-fill  bg-loaded\" >\n\n\t\t\t\n\t\t\t\n\t\t\t\n\n\t\t<\/div>\n\n\t\t\n\n\t\t<div class=\"section-content relative\">\n\t\t\t\n<div class=\"slider-wrapper relative\" id=\"slider-889116903\" >\n    <div class=\"slider slider-nav-circle slider-nav-large slider-nav-light slider-style-normal\"\n        data-flickity-options='{\n            \"cellAlign\": \"center\",\n            \"imagesLoaded\": true,\n            \"lazyLoad\": 1,\n            \"freeScroll\": false,\n            \"wrapAround\": true,\n            \"autoPlay\": 5000,\n            \"pauseAutoPlayOnHover\" : true,\n            \"prevNextButtons\": true,\n            \"contain\" : true,\n            \"adaptiveHeight\" : true,\n            \"dragThreshold\" : 10,\n            \"percentPosition\": true,\n            \"pageDots\": true,\n            \"rightToLeft\": false,\n            \"draggable\": true,\n            \"selectedAttraction\": 0.1,\n            \"parallax\" : 0,\n            \"friction\": 0.6        }'\n        >\n        \n\t<div class=\"img has-hover x md-x lg-x y md-y lg-y\" id=\"image_281620849\">\n\t\t\t\t\t\t\t\t<div class=\"img-inner dark\" >\n\t\t\t<img width=\"1020\" height=\"558\" src=\"https:\/\/22landresidence.com\/51-trich-sai\/wp-content\/uploads\/sites\/17\/2024\/04\/9-1024x560.jpg\" class=\"attachment-large size-large\" alt=\"\" decoding=\"async\" loading=\"lazy\" srcset=\"https:\/\/22landresidence.com\/51-trich-sai\/wp-content\/uploads\/sites\/17\/2024\/04\/9-1024x560.jpg 1024w, https:\/\/22landresidence.com\/51-trich-sai\/wp-content\/uploads\/sites\/17\/2024\/04\/9-300x164.jpg 300w, https:\/\/22landresidence.com\/51-trich-sai\/wp-content\/uploads\/sites\/17\/2024\/04\/9-768x420.jpg 768w, https:\/\/22landresidence.com\/51-trich-sai\/wp-content\/uploads\/sites\/17\/2024\/04\/9-1536x840.jpg 1536w, https:\/\/22landresidence.com\/51-trich-sai\/wp-content\/uploads\/sites\/17\/2024\/04\/9-900x492.jpg 900w, https:\/\/22landresidence.com\/51-trich-sai\/wp-content\/uploads\/sites\/17\/2024\/04\/9.jpg 1600w\" sizes=\"(max-width: 1020px) 100vw, 1020px\" \/>\t\t\t\t\t\t\n\t\t\t\t\t<\/div>\n\t\t\t\t\t\t\t\t\n<style>\n#image_281620849 {\n  width: 100%;\n}\n<\/style>\n\t<\/div>\n\t\n\t<div class=\"img has-hover x md-x lg-x y md-y lg-y\" id=\"image_33834647\">\n\t\t\t\t\t\t\t\t<div class=\"img-inner dark\" >\n\t\t\t<img width=\"1020\" height=\"796\" src=\"https:\/\/22landresidence.com\/51-trich-sai\/wp-content\/uploads\/sites\/17\/2024\/04\/10-1024x799.jpg\" class=\"attachment-large size-large\" alt=\"\" decoding=\"async\" loading=\"lazy\" srcset=\"https:\/\/22landresidence.com\/51-trich-sai\/wp-content\/uploads\/sites\/17\/2024\/04\/10-1024x799.jpg 1024w, https:\/\/22landresidence.com\/51-trich-sai\/wp-content\/uploads\/sites\/17\/2024\/04\/10-300x234.jpg 300w, https:\/\/22landresidence.com\/51-trich-sai\/wp-content\/uploads\/sites\/17\/2024\/04\/10-768x599.jpg 768w, https:\/\/22landresidence.com\/51-trich-sai\/wp-content\/uploads\/sites\/17\/2024\/04\/10-1536x1198.jpg 1536w, https:\/\/22landresidence.com\/51-trich-sai\/wp-content\/uploads\/sites\/17\/2024\/04\/10-900x702.jpg 900w, https:\/\/22landresidence.com\/51-trich-sai\/wp-content\/uploads\/sites\/17\/2024\/04\/10.jpg 1538w\" sizes=\"(max-width: 1020px) 100vw, 1020px\" \/>\t\t\t\t\t\t\n\t\t\t\t\t<\/div>\n\t\t\t\t\t\t\t\t\n<style>\n#image_33834647 {\n  width: 100%;\n}\n<\/style>\n\t<\/div>\n\t\n\t<div class=\"img has-hover x md-x lg-x y md-y lg-y\" id=\"image_968494689\">\n\t\t\t\t\t\t\t\t<div class=\"img-inner dark\" >\n\t\t\t<img width=\"1020\" height=\"765\" src=\"https:\/\/22landresidence.com\/51-trich-sai\/wp-content\/uploads\/sites\/17\/2024\/04\/z5263544835220_b7cceaf92f9f40069297f5440695754f-1024x768.jpg\" class=\"attachment-large size-large\" alt=\"\" decoding=\"async\" loading=\"lazy\" srcset=\"https:\/\/22landresidence.com\/51-trich-sai\/wp-content\/uploads\/sites\/17\/2024\/04\/z5263544835220_b7cceaf92f9f40069297f5440695754f-1024x768.jpg 1024w, https:\/\/22landresidence.com\/51-trich-sai\/wp-content\/uploads\/sites\/17\/2024\/04\/z5263544835220_b7cceaf92f9f40069297f5440695754f-300x225.jpg 300w, https:\/\/22landresidence.com\/51-trich-sai\/wp-content\/uploads\/sites\/17\/2024\/04\/z5263544835220_b7cceaf92f9f40069297f5440695754f-768x576.jpg 768w, https:\/\/22landresidence.com\/51-trich-sai\/wp-content\/uploads\/sites\/17\/2024\/04\/z5263544835220_b7cceaf92f9f40069297f5440695754f-1536x1152.jpg 1536w, https:\/\/22landresidence.com\/51-trich-sai\/wp-content\/uploads\/sites\/17\/2024\/04\/z5263544835220_b7cceaf92f9f40069297f5440695754f-900x675.jpg 900w, https:\/\/22landresidence.com\/51-trich-sai\/wp-content\/uploads\/sites\/17\/2024\/04\/z5263544835220_b7cceaf92f9f40069297f5440695754f.jpg 1600w\" sizes=\"(max-width: 1020px) 100vw, 1020px\" \/>\t\t\t\t\t\t\n\t\t\t\t\t<\/div>\n\t\t\t\t\t\t\t\t\n<style>\n#image_968494689 {\n  width: 100%;\n}\n<\/style>\n\t<\/div>\n\t\n\t<div class=\"img has-hover x md-x lg-x y md-y lg-y\" id=\"image_1822918874\">\n\t\t\t\t\t\t\t\t<div class=\"img-inner dark\" >\n\t\t\t<img width=\"1020\" height=\"765\" src=\"https:\/\/22landresidence.com\/51-trich-sai\/wp-content\/uploads\/sites\/17\/2024\/04\/z5263544858064_fdca810f375125f0750c96780b4b8992-1024x768.jpg\" class=\"attachment-large size-large\" alt=\"\" decoding=\"async\" loading=\"lazy\" srcset=\"https:\/\/22landresidence.com\/51-trich-sai\/wp-content\/uploads\/sites\/17\/2024\/04\/z5263544858064_fdca810f375125f0750c96780b4b8992-1024x768.jpg 1024w, https:\/\/22landresidence.com\/51-trich-sai\/wp-content\/uploads\/sites\/17\/2024\/04\/z5263544858064_fdca810f375125f0750c96780b4b8992-300x225.jpg 300w, https:\/\/22landresidence.com\/51-trich-sai\/wp-content\/uploads\/sites\/17\/2024\/04\/z5263544858064_fdca810f375125f0750c96780b4b8992-768x576.jpg 768w, https:\/\/22landresidence.com\/51-trich-sai\/wp-content\/uploads\/sites\/17\/2024\/04\/z5263544858064_fdca810f375125f0750c96780b4b8992-1536x1152.jpg 1536w, https:\/\/22landresidence.com\/51-trich-sai\/wp-content\/uploads\/sites\/17\/2024\/04\/z5263544858064_fdca810f375125f0750c96780b4b8992-900x675.jpg 900w, https:\/\/22landresidence.com\/51-trich-sai\/wp-content\/uploads\/sites\/17\/2024\/04\/z5263544858064_fdca810f375125f0750c96780b4b8992.jpg 1600w\" sizes=\"(max-width: 1020px) 100vw, 1020px\" \/>\t\t\t\t\t\t\n\t\t\t\t\t<\/div>\n\t\t\t\t\t\t\t\t\n<style>\n#image_1822918874 {\n  width: 100%;\n}\n<\/style>\n\t<\/div>\n\t\n\t<div class=\"img has-hover x md-x lg-x y md-y lg-y\" id=\"image_1182076986\">\n\t\t\t\t\t\t\t\t<div class=\"img-inner dark\" >\n\t\t\t<img width=\"1020\" height=\"765\" src=\"https:\/\/22landresidence.com\/51-trich-sai\/wp-content\/uploads\/sites\/17\/2024\/04\/4-1024x768.jpg\" class=\"attachment-large size-large\" alt=\"\" decoding=\"async\" loading=\"lazy\" srcset=\"https:\/\/22landresidence.com\/51-trich-sai\/wp-content\/uploads\/sites\/17\/2024\/04\/4-1024x768.jpg 1024w, https:\/\/22landresidence.com\/51-trich-sai\/wp-content\/uploads\/sites\/17\/2024\/04\/4-300x225.jpg 300w, https:\/\/22landresidence.com\/51-trich-sai\/wp-content\/uploads\/sites\/17\/2024\/04\/4-768x576.jpg 768w, https:\/\/22landresidence.com\/51-trich-sai\/wp-content\/uploads\/sites\/17\/2024\/04\/4-1536x1152.jpg 1536w, https:\/\/22landresidence.com\/51-trich-sai\/wp-content\/uploads\/sites\/17\/2024\/04\/4-900x675.jpg 900w, https:\/\/22landresidence.com\/51-trich-sai\/wp-content\/uploads\/sites\/17\/2024\/04\/4.jpg 1600w\" sizes=\"(max-width: 1020px) 100vw, 1020px\" \/>\t\t\t\t\t\t\n\t\t\t\t\t<\/div>\n\t\t\t\t\t\t\t\t\n<style>\n#image_1182076986 {\n  width: 100%;\n}\n<\/style>\n\t<\/div>\n\t\n     <\/div>\n\n     <div class=\"loading-spin dark large centered\"><\/div>\n\n     \t<\/div>\n\n\n\t\t<\/div>\n\n\t\t\n<style>\n#section_1551616602 {\n  padding-top: 0px;\n  padding-bottom: 0px;\n}\n#section_1551616602 .ux-shape-divider--top svg {\n  height: 150px;\n  --divider-top-width: 100%;\n}\n#section_1551616602 .ux-shape-divider--bottom svg {\n  height: 150px;\n  --divider-width: 100%;\n}\n<\/style>\n\t<\/section>\n\t\n\t<section class=\"section gioi-thieu-section\" id=\"section_253998055\">\n\t\t<div class=\"bg section-bg fill bg-fill  bg-loaded\" >\n\n\t\t\t\n\t\t\t\n\t\t\t\n\n\t\t<\/div>\n\n\t\t\n\n\t\t<div class=\"section-content relative\">\n\t\t\t\n<div class=\"row row-large\"  id=\"row-627191261\">\n\n\t<div id=\"col-1022750107\" class=\"col medium-6 small-12 large-6\"  >\n\t\t\t\t<div class=\"col-inner\"  >\n\t\t\t\n\t\t\t\n<p>V\u1ec0 CH\u00daNG T\u00d4I<\/p>\n<p><span class=\"notranslate\">\ud835\udfd0\ud835\udfd0\ud835\udc0b\ud835\udc00\ud835\udc0d\ud835\udc03 \ud835\udc11\ud835\udc04\ud835\udc12\ud835\udc08\ud835\udc03\ud835\udc04\ud835\udc0d\ud835\udc02\ud835\udc04 \ud835\udc07\ud835\udc0e\ud835\udc13\ud835\udc04\ud835\udc0b<\/span><strong> &#8211; Kh\u00f4ng gian ngh\u1ec9 d\u01b0\u1ee1ng cao c\u1ea5p ngay trong l\u00f2ng H\u00e0 N\u1ed9i<\/strong><\/p>\n<p>\u201cL\u00e0 s\u1ef1 k\u1ebft h\u1ee3p gi\u1eefa Kh\u00e1ch s\u1ea1n ngh\u1ec9 d\u01b0\u1ee1ng v\u00e0 Ngh\u1ec7 thu\u1eadt cafe t\u1ea1i t\u1ea7ng 1 c\u1ee7a t\u00f2a nh\u00e0. Kh\u00e1ch s\u1ea1n 22land residence c\u1ee7a ch\u00fang t\u00f4i mang phong c\u00e1ch \u0110\u1ecba Trung H\u1ea3i sang tr\u1ecdng th\u1eddi th\u01b0\u1ee3ng pha l\u1eabn n\u00e9t c\u1ed5 \u0111i\u1ec3n. V\u1edbi ni\u1ec1m mong mu\u1ed1n l\u00e0 m\u1ed9t n\u01a1i \u0111\u1ea7u ti\u00ean m\u00e0 gi\u1edbi tr\u1ebb H\u00e0 Th\u00e0nh ngh\u0129 \u0111\u1ebfn \u0111\u1ec3 ngh\u0129 d\u01b0\u1ee1ng, check in ngay trong l\u00f2ng th\u1ee7 \u0111\u00f4. T\u1ea1o n\u00ean m\u1ed9t kh\u00f4ng gian tr\u1ebb trung, n\u0103ng \u0111\u1ed9ng ngay t\u1eeb c\u00e1i nh\u00ecn \u0111\u1ea7u ti\u00ean khi b\u01b0\u1edbc v\u00e0o s\u1ea3nh. Ch\u00fang t\u00f4i t\u1ef1 h\u00e0o n\u00f3i r\u1eb1ng 22land residence l\u00e0 n\u01a1i l\u01b0u tr\u00fa \u0111\u1ea7u ti\u00ean \u1edf H\u00e0 N\u1ed9i mang phong c\u00e1ch \u0111\u1ecdc \u0111\u00e1o n\u00e0y, \u0111\u1ebfn t\u1eeb th\u01b0\u01a1ng hi\u1ec7u 22housing.\u201d<\/p>\n\n\t\t<div class=\"icon-box featured-box icon-box-top text-left\"  >\n\t\t\t\t<div class=\"icon-box-text last-reset\">\n\t\t\t\t\t\t\t\t\t\n<h3>Amazon Bui &#8211; CEO 22housing<\/h3>\n\t\t<\/div>\n\t<\/div>\n\t\n\t\n\t\t<\/div>\n\t\t\t\t\t<\/div>\n\n\t\n\n\t<div id=\"col-548175219\" class=\"col medium-6 small-12 large-6\"  >\n\t\t\t\t<div class=\"col-inner\"  >\n\t\t\t\n\t\t\t\n\t<div class=\"img has-hover hidden x md-x lg-x y md-y lg-y\" id=\"image_2103758563\">\n\t\t\t\t\t\t<div data-animate=\"bounceIn\">\t\t<div class=\"img-inner image-fade-out dark\" >\n\t\t\t<img width=\"1506\" height=\"1506\" src=\"https:\/\/22landresidence.com\/51-trich-sai\/wp-content\/uploads\/sites\/17\/2022\/01\/270137897_134888378985645_2976556792784745915_n.jpg\" class=\"attachment-original size-original\" alt=\"\" decoding=\"async\" loading=\"lazy\" srcset=\"https:\/\/22landresidence.com\/51-trich-sai\/wp-content\/uploads\/sites\/17\/2022\/01\/270137897_134888378985645_2976556792784745915_n.jpg 1506w, https:\/\/22landresidence.com\/51-trich-sai\/wp-content\/uploads\/sites\/17\/2022\/01\/270137897_134888378985645_2976556792784745915_n-150x150.jpg 150w, https:\/\/22landresidence.com\/51-trich-sai\/wp-content\/uploads\/sites\/17\/2022\/01\/270137897_134888378985645_2976556792784745915_n-300x300.jpg 300w, https:\/\/22landresidence.com\/51-trich-sai\/wp-content\/uploads\/sites\/17\/2022\/01\/270137897_134888378985645_2976556792784745915_n-768x768.jpg 768w, https:\/\/22landresidence.com\/51-trich-sai\/wp-content\/uploads\/sites\/17\/2022\/01\/270137897_134888378985645_2976556792784745915_n-1024x1024.jpg 1024w, https:\/\/22landresidence.com\/51-trich-sai\/wp-content\/uploads\/sites\/17\/2022\/01\/270137897_134888378985645_2976556792784745915_n-570x570.jpg 570w, https:\/\/22landresidence.com\/51-trich-sai\/wp-content\/uploads\/sites\/17\/2022\/01\/270137897_134888378985645_2976556792784745915_n-900x900.jpg 900w, https:\/\/22landresidence.com\/51-trich-sai\/wp-content\/uploads\/sites\/17\/2022\/01\/270137897_134888378985645_2976556792784745915_n-100x100.jpg 100w\" sizes=\"(max-width: 1506px) 100vw, 1506px\" \/>\t\t\t\t\t\t\n\t\t\t\t\t<\/div>\n\t\t<\/div>\t\t\t\t\t\t\n<style>\n#image_2103758563 {\n  width: 100%;\n}\n<\/style>\n\t<\/div>\n\t\n<div class=\"video video-fit mb\" style=\"padding-top:56.25%;\"><p><iframe loading=\"lazy\" title=\"185A Tr\u00edch S\u00e0i\" width=\"1020\" height=\"574\" src=\"https:\/\/www.youtube.com\/embed\/sIs-fwaloQM?feature=oembed\" frameborder=\"0\" allow=\"accelerometer; autoplay; clipboard-write; encrypted-media; gyroscope; picture-in-picture\" allowfullscreen><\/iframe><\/p>\n<\/div>\n\t\t<\/div>\n\t\t\t\t\t<\/div>\n\n\t\n<\/div>\n\t\t<\/div>\n\n\t\t\n<style>\n#section_253998055 {\n  padding-top: 45px;\n  padding-bottom: 45px;\n}\n#section_253998055 .ux-shape-divider--top svg {\n  height: 150px;\n  --divider-top-width: 100%;\n}\n#section_253998055 .ux-shape-divider--bottom svg {\n  height: 150px;\n  --divider-width: 100%;\n}\n<\/style>\n\t<\/section>\n\t\n\n\n\n\t<section class=\"section\" id=\"section_2076947827\">\n\t\t<div class=\"bg section-bg fill bg-fill  bg-loaded\" >\n\n\t\t\t\n\t\t\t\n\t\t\t\n\n\t\t<\/div>\n\n\t\t\n\n\t\t<div class=\"section-content relative\">\n\t\t\t\n<div class=\"row\"  id=\"row-1170363111\">\n\n\t<div id=\"col-138524947\" class=\"col div-no-padding small-12 large-12\"  >\n\t\t\t\t<div class=\"col-inner\"  >\n\t\t\t\n\t\t\t\n<h2 style=\"text-align: center\">C\u00c1C C\u0102N H\u1ed8 HI\u1ec6N C\u00d3<\/h2>\n\t<div id=\"gap-1825951208\" class=\"gap-element clearfix\" style=\"display:block; height:auto;\">\n\t\t\n<style>\n#gap-1825951208 {\n  padding-top: 30px;\n}\n<\/style>\n\t<\/div>\n\t\n\n  \n    <div class=\"row large-columns-3 medium-columns- small-columns-2 row-small\">\n  \t\n\t     <div class=\"product-small col has-hover product type-product post-1078 status-publish first instock product_cat-cap-doi product_cat-sang-trong has-post-thumbnail shipping-taxable purchasable product-type-simple\">\n\t<div class=\"col-inner\">\n\t\n<div class=\"badge-container absolute left top z-1\">\n\n<\/div>\n\t<div class=\"product-small box \">\n\t\t<div class=\"box-image\">\n\t\t\t<div class=\"image-none\">\n\t\t\t\t<a href=\"https:\/\/22landresidence.com\/51-trich-sai\/room\/family-room\/\" aria-label=\"C\u0103n h\u1ed9 01 ph\u00f2ng ng\u1ee7 view h\u1ed3 T\u00e2y\">\n\t\t\t\t\t<img width=\"570\" height=\"570\" src=\"https:\/\/22landresidence.com\/51-trich-sai\/wp-content\/uploads\/sites\/17\/2022\/01\/DSC_4056-570x570.jpg\" class=\"attachment-woocommerce_thumbnail size-woocommerce_thumbnail\" alt=\"\" decoding=\"async\" loading=\"lazy\" srcset=\"https:\/\/22landresidence.com\/51-trich-sai\/wp-content\/uploads\/sites\/17\/2022\/01\/DSC_4056-570x570.jpg 570w, https:\/\/22landresidence.com\/51-trich-sai\/wp-content\/uploads\/sites\/17\/2022\/01\/DSC_4056-150x150.jpg 150w, https:\/\/22landresidence.com\/51-trich-sai\/wp-content\/uploads\/sites\/17\/2022\/01\/DSC_4056-100x100.jpg 100w\" sizes=\"(max-width: 570px) 100vw, 570px\" \/>\t\t\t\t<\/a>\n\t\t\t<\/div>\n\t\t\t<div class=\"image-tools is-small top right show-on-hover\">\n\t\t\t\t\t\t\t<\/div>\n\t\t\t<div class=\"image-tools is-small hide-for-small bottom left show-on-hover\">\n\t\t\t\t\t\t\t<\/div>\n\t\t\t<div class=\"image-tools grid-tools text-center hide-for-small bottom hover-slide-in show-on-hover\">\n\t\t\t\t\t\t\t<\/div>\n\t\t\t\t\t<\/div>\n\n\t\t<div class=\"box-text box-text-products\">\n\t\t\t<div class=\"title-wrapper\"><\/div><div class=\"price-wrapper\"><\/div>\t\t<\/div>\n\t<\/div>\n\t\t<\/div>\n<\/div><div class=\"product-small col has-hover product type-product post-578 status-publish last instock product_cat-cap-doi product_cat-sang-trong has-post-thumbnail virtual purchasable product-type-simple\">\n\t<div class=\"col-inner\">\n\t\n<div class=\"badge-container absolute left top z-1\">\n\n<\/div>\n\t<div class=\"product-small box \">\n\t\t<div class=\"box-image\">\n\t\t\t<div class=\"image-none\">\n\t\t\t\t<a href=\"https:\/\/22landresidence.com\/51-trich-sai\/room\/luxury-double-room-suite\/\" aria-label=\"Studio view h\u1ed3 T\u00e2y\">\n\t\t\t\t\t<img width=\"570\" height=\"570\" src=\"https:\/\/22landresidence.com\/51-trich-sai\/wp-content\/uploads\/sites\/17\/2020\/12\/DSC_3986-570x570.jpg\" class=\"attachment-woocommerce_thumbnail size-woocommerce_thumbnail\" alt=\"\" decoding=\"async\" loading=\"lazy\" srcset=\"https:\/\/22landresidence.com\/51-trich-sai\/wp-content\/uploads\/sites\/17\/2020\/12\/DSC_3986-570x570.jpg 570w, https:\/\/22landresidence.com\/51-trich-sai\/wp-content\/uploads\/sites\/17\/2020\/12\/DSC_3986-150x150.jpg 150w, https:\/\/22landresidence.com\/51-trich-sai\/wp-content\/uploads\/sites\/17\/2020\/12\/DSC_3986-100x100.jpg 100w\" sizes=\"(max-width: 570px) 100vw, 570px\" \/>\t\t\t\t<\/a>\n\t\t\t<\/div>\n\t\t\t<div class=\"image-tools is-small top right show-on-hover\">\n\t\t\t\t\t\t\t<\/div>\n\t\t\t<div class=\"image-tools is-small hide-for-small bottom left show-on-hover\">\n\t\t\t\t\t\t\t<\/div>\n\t\t\t<div class=\"image-tools grid-tools text-center hide-for-small bottom hover-slide-in show-on-hover\">\n\t\t\t\t\t\t\t<\/div>\n\t\t\t\t\t<\/div>\n\n\t\t<div class=\"box-text box-text-products\">\n\t\t\t<div class=\"title-wrapper\"><\/div><div class=\"price-wrapper\"><\/div>\t\t<\/div>\n\t<\/div>\n\t\t<\/div>\n<\/div><div class=\"product-small col has-hover product type-product post-576 status-publish first instock product_cat-cap-doi product_cat-sang-trong has-post-thumbnail virtual purchasable product-type-simple\">\n\t<div class=\"col-inner\">\n\t\n<div class=\"badge-container absolute left top z-1\">\n\n<\/div>\n\t<div class=\"product-small box \">\n\t\t<div class=\"box-image\">\n\t\t\t<div class=\"image-none\">\n\t\t\t\t<a href=\"https:\/\/22landresidence.com\/51-trich-sai\/room\/luxury-double-suite-attic-floor\/\" aria-label=\"C\u0103n h\u1ed9 01 ph\u00f2ng ng\u1ee7 view Th\u00e0nh ph\u1ed1\">\n\t\t\t\t\t<img width=\"570\" height=\"570\" src=\"https:\/\/22landresidence.com\/51-trich-sai\/wp-content\/uploads\/sites\/17\/2020\/12\/DSC_4004-570x570.jpg\" class=\"attachment-woocommerce_thumbnail size-woocommerce_thumbnail\" alt=\"\" decoding=\"async\" loading=\"lazy\" srcset=\"https:\/\/22landresidence.com\/51-trich-sai\/wp-content\/uploads\/sites\/17\/2020\/12\/DSC_4004-570x570.jpg 570w, https:\/\/22landresidence.com\/51-trich-sai\/wp-content\/uploads\/sites\/17\/2020\/12\/DSC_4004-150x150.jpg 150w, https:\/\/22landresidence.com\/51-trich-sai\/wp-content\/uploads\/sites\/17\/2020\/12\/DSC_4004-100x100.jpg 100w\" sizes=\"(max-width: 570px) 100vw, 570px\" \/>\t\t\t\t<\/a>\n\t\t\t<\/div>\n\t\t\t<div class=\"image-tools is-small top right show-on-hover\">\n\t\t\t\t\t\t\t<\/div>\n\t\t\t<div class=\"image-tools is-small hide-for-small bottom left show-on-hover\">\n\t\t\t\t\t\t\t<\/div>\n\t\t\t<div class=\"image-tools grid-tools text-center hide-for-small bottom hover-slide-in show-on-hover\">\n\t\t\t\t\t\t\t<\/div>\n\t\t\t\t\t<\/div>\n\n\t\t<div class=\"box-text box-text-products\">\n\t\t\t<div class=\"title-wrapper\"><\/div><div class=\"price-wrapper\"><\/div>\t\t<\/div>\n\t<\/div>\n\t\t<\/div>\n<\/div><div class=\"product-small col has-hover product type-product post-574 status-publish last instock product_cat-cap-doi product_cat-sang-trong has-post-thumbnail virtual purchasable product-type-simple\">\n\t<div class=\"col-inner\">\n\t\n<div class=\"badge-container absolute left top z-1\">\n\n<\/div>\n\t<div class=\"product-small box \">\n\t\t<div class=\"box-image\">\n\t\t\t<div class=\"image-none\">\n\t\t\t\t<a href=\"https:\/\/22landresidence.com\/51-trich-sai\/room\/luxury-family-double-room-suite\/\" aria-label=\"Studio view Th\u00e0nh ph\u1ed1\">\n\t\t\t\t\t<img width=\"570\" height=\"570\" src=\"https:\/\/22landresidence.com\/51-trich-sai\/wp-content\/uploads\/sites\/17\/2020\/12\/DSC_4026-570x570.jpg\" class=\"attachment-woocommerce_thumbnail size-woocommerce_thumbnail\" alt=\"\" decoding=\"async\" loading=\"lazy\" srcset=\"https:\/\/22landresidence.com\/51-trich-sai\/wp-content\/uploads\/sites\/17\/2020\/12\/DSC_4026-570x570.jpg 570w, https:\/\/22landresidence.com\/51-trich-sai\/wp-content\/uploads\/sites\/17\/2020\/12\/DSC_4026-150x150.jpg 150w, https:\/\/22landresidence.com\/51-trich-sai\/wp-content\/uploads\/sites\/17\/2020\/12\/DSC_4026-100x100.jpg 100w\" sizes=\"(max-width: 570px) 100vw, 570px\" \/>\t\t\t\t<\/a>\n\t\t\t<\/div>\n\t\t\t<div class=\"image-tools is-small top right show-on-hover\">\n\t\t\t\t\t\t\t<\/div>\n\t\t\t<div class=\"image-tools is-small hide-for-small bottom left show-on-hover\">\n\t\t\t\t\t\t\t<\/div>\n\t\t\t<div class=\"image-tools grid-tools text-center hide-for-small bottom hover-slide-in show-on-hover\">\n\t\t\t\t\t\t\t<\/div>\n\t\t\t\t\t<\/div>\n\n\t\t<div class=\"box-text box-text-products\">\n\t\t\t<div class=\"title-wrapper\"><\/div><div class=\"price-wrapper\"><\/div>\t\t<\/div>\n\t<\/div>\n\t\t<\/div>\n<\/div><div class=\"product-small col has-hover product type-product post-572 status-publish first instock product_cat-cap-doi product_cat-gia-dinh product_cat-sang-trong has-post-thumbnail virtual purchasable product-type-simple\">\n\t<div class=\"col-inner\">\n\t\n<div class=\"badge-container absolute left top z-1\">\n\n<\/div>\n\t<div class=\"product-small box \">\n\t\t<div class=\"box-image\">\n\t\t\t<div class=\"image-none\">\n\t\t\t\t<a href=\"https:\/\/22landresidence.com\/51-trich-sai\/room\/luxury-single-room-art-suite\/\" aria-label=\"Studio Ti\u00eau chu\u1ea9n\">\n\t\t\t\t\t<img width=\"570\" height=\"570\" src=\"https:\/\/22landresidence.com\/51-trich-sai\/wp-content\/uploads\/sites\/17\/2020\/12\/DSC_3965-570x570.jpg\" class=\"attachment-woocommerce_thumbnail size-woocommerce_thumbnail\" alt=\"\" decoding=\"async\" loading=\"lazy\" srcset=\"https:\/\/22landresidence.com\/51-trich-sai\/wp-content\/uploads\/sites\/17\/2020\/12\/DSC_3965-570x570.jpg 570w, https:\/\/22landresidence.com\/51-trich-sai\/wp-content\/uploads\/sites\/17\/2020\/12\/DSC_3965-150x150.jpg 150w, https:\/\/22landresidence.com\/51-trich-sai\/wp-content\/uploads\/sites\/17\/2020\/12\/DSC_3965-100x100.jpg 100w\" sizes=\"(max-width: 570px) 100vw, 570px\" \/>\t\t\t\t<\/a>\n\t\t\t<\/div>\n\t\t\t<div class=\"image-tools is-small top right show-on-hover\">\n\t\t\t\t\t\t\t<\/div>\n\t\t\t<div class=\"image-tools is-small hide-for-small bottom left show-on-hover\">\n\t\t\t\t\t\t\t<\/div>\n\t\t\t<div class=\"image-tools grid-tools text-center hide-for-small bottom hover-slide-in show-on-hover\">\n\t\t\t\t\t\t\t<\/div>\n\t\t\t\t\t<\/div>\n\n\t\t<div class=\"box-text box-text-products\">\n\t\t\t<div class=\"title-wrapper\"><\/div><div class=\"price-wrapper\"><\/div>\t\t<\/div>\n\t<\/div>\n\t\t<\/div>\n<\/div><\/div>\n\t\t<\/div>\n\t\t\t\t\t<\/div>\n\n\t\n<\/div>\n\t\t<\/div>\n\n\t\t\n<style>\n#section_2076947827 {\n  padding-top: 30px;\n  padding-bottom: 30px;\n}\n#section_2076947827 .ux-shape-divider--top svg {\n  height: 150px;\n  --divider-top-width: 100%;\n}\n#section_2076947827 .ux-shape-divider--bottom svg {\n  height: 150px;\n  --divider-width: 100%;\n}\n<\/style>\n\t<\/section>\n\t\n\n\t<section class=\"section diem-den\" id=\"section_1562344659\">\n\t\t<div class=\"bg section-bg fill bg-fill  bg-loaded\" >\n\n\t\t\t\n\t\t\t\n\t\t\t\n\n\t\t<\/div>\n\n\t\t\n\n\t\t<div class=\"section-content relative\">\n\t\t\t\n<div class=\"row\"  id=\"row-313182662\">\n\n\t<div id=\"col-1755139414\" class=\"col medium-4 small-12 large-4\"  >\n\t\t\t\t<div class=\"col-inner\"  >\n\t\t\t\n\t\t\t\n<p>\u0110I\u1ec2M \u0110\u1ebeN<\/p>\n<h1>Kh\u00e1m ph\u00e1 Th\u00e1i B\u00ecnh D\u01b0\u01a1ng<\/h1>\n<p>V\u1edbi h\u01a1n 3.400km \u0111\u01b0\u1eddng b\u1edd bi\u1ec3n, Vi\u1ec7t Nam l\u00e0 m\u1ed9t trong nh\u1eefng qu\u1ed1c gia c\u00f3 \u01b0u th\u1ebf trong ph\u00e1t tri\u1ec3n du l\u1ecbch bi\u1ec3n k\u1ebft h\u1ee3p kh\u00e1m ph\u00e1, ngh\u1ec9 d\u01b0\u1ee1ng. V\u1ebb \u0111\u1eb9p hoang s\u01a1 c\u1ee7a nh\u1eefng b\u1edd c\u00e1t tr\u1eafng tinh, v\u1ecbnh bi\u1ec3n hoang s\u01a1 hay nh\u1eefng h\u00f2n \u0111\u1ea3o nhi\u1ec7t \u0111\u1edbi quanh n\u0103m t\u01b0\u01a1i t\u1ed1t, nh\u1eefng r\u1eb7ng san h\u00f4 l\u1ed9ng l\u1eaby\u2026 t\u1ea5t c\u1ea3 \u0111ang m\u1eddi g\u1ecdi b\u01b0\u1edbc ch\u00e2n b\u1ea1n.<\/p>\n<a class=\"button primary is-underline lowercase\"  >\n    <span>Xem th\u00eam<\/span>\n  <\/a>\n\n\t\t<\/div>\n\t\t\t\t\t<\/div>\n\n\t\n\n\t<div id=\"col-6705700\" class=\"col medium-7 small-12 large-7\"  >\n\t\t\t\t<div class=\"col-inner text-center\"  >\n\t\t\t\n\t\t\t\n\t<div class=\"img has-hover x md-x lg-x y md-y lg-y\" id=\"image_848654699\">\n\t\t\t\t\t\t\t\t<div class=\"img-inner dark\" >\n\t\t\t<img width=\"900\" height=\"650\" src=\"https:\/\/22landresidence.com\/51-trich-sai\/wp-content\/uploads\/sites\/17\/2020\/10\/home_pic2-900x650-1.jpg\" class=\"attachment-large size-large\" alt=\"\" decoding=\"async\" loading=\"lazy\" srcset=\"https:\/\/22landresidence.com\/51-trich-sai\/wp-content\/uploads\/sites\/17\/2020\/10\/home_pic2-900x650-1.jpg 900w, https:\/\/22landresidence.com\/51-trich-sai\/wp-content\/uploads\/sites\/17\/2020\/10\/home_pic2-900x650-1-300x217.jpg 300w, https:\/\/22landresidence.com\/51-trich-sai\/wp-content\/uploads\/sites\/17\/2020\/10\/home_pic2-900x650-1-768x555.jpg 768w, https:\/\/22landresidence.com\/51-trich-sai\/wp-content\/uploads\/sites\/17\/2020\/10\/home_pic2-900x650-1-600x433.jpg 600w\" sizes=\"(max-width: 900px) 100vw, 900px\" \/>\t\t\t\t\t\t\n\t\t\t\t\t<\/div>\n\t\t\t\t\t\t\t\t\n<style>\n#image_848654699 {\n  width: 100%;\n}\n<\/style>\n\t<\/div>\n\t\n\t\t<\/div>\n\t\t\t\t\t<\/div>\n\n\t\n<\/div>\n\t\t<\/div>\n\n\t\t\n<style>\n#section_1562344659 {\n  padding-top: 30px;\n  padding-bottom: 30px;\n}\n#section_1562344659 .ux-shape-divider--top svg {\n  height: 150px;\n  --divider-top-width: 100%;\n}\n#section_1562344659 .ux-shape-divider--bottom svg {\n  height: 150px;\n  --divider-width: 100%;\n}\n<\/style>\n\t<\/section>\n\t\n","protected":false},"excerpt":{"rendered":"","protected":false},"author":2,"featured_media":0,"parent":0,"menu_order":0,"comment_status":"closed","ping_status":"open","template":"page-transparent-header-light.php","meta":[],"yst_prominent_words":[],"acf":[],"_links":{"self":[{"href":"https:\/\/22landresidence.com\/51-trich-sai\/wp-json\/wp\/v2\/pages\/2"}],"collection":[{"href":"https:\/\/22landresidence.com\/51-trich-sai\/wp-json\/wp\/v2\/pages"}],"about":[{"href":"https:\/\/22landresidence.com\/51-trich-sai\/wp-json\/wp\/v2\/types\/page"}],"author":[{"embeddable":true,"href":"https:\/\/22landresidence.com\/51-trich-sai\/wp-json\/wp\/v2\/users\/2"}],"replies":[{"embeddable":true,"href":"https:\/\/22landresidence.com\/51-trich-sai\/wp-json\/wp\/v2\/comments?post=2"}],"version-history":[{"count":104,"href":"https:\/\/22landresidence.com\/51-trich-sai\/wp-json\/wp\/v2\/pages\/2\/revisions"}],"predecessor-version":[{"id":1397,"href":"https:\/\/22landresidence.com\/51-trich-sai\/wp-json\/wp\/v2\/pages\/2\/revisions\/1397"}],"wp:attachment":[{"href":"https:\/\/22landresidence.com\/51-trich-sai\/wp-json\/wp\/v2\/media?parent=2"}],"wp:term":[{"taxonomy":"yst_prominent_words","embeddable":true,"href":"https:\/\/22landresidence.com\/51-trich-sai\/wp-json\/wp\/v2\/yst_prominent_words?post=2"}],"curies":[{"name":"wp","href":"https:\/\/api.w.org\/{rel}","templated":true}]}}