{"id":24,"date":"2019-11-16T08:34:22","date_gmt":"2019-11-16T01:34:22","guid":{"rendered":"https:\/\/22landresidence.com\/63-kim-ma\/?page_id=24"},"modified":"2022-01-17T09:38:44","modified_gmt":"2022-01-17T02:38:44","slug":"gioi-thieu","status":"publish","type":"page","link":"https:\/\/22landresidence.com\/63-kim-ma\/gioi-thieu\/","title":{"rendered":"Gi\u1edbi thi\u1ec7u"},"content":{"rendered":"<p>&nbsp;<\/p>\n<p><strong><span class=\"notranslate\">\ud835\udfd0\ud835\udfd0\ud835\udc0b\ud835\udc00\ud835\udc0d\ud835\udc03 \ud835\udc11\ud835\udc04\ud835\udc12\ud835\udc08\ud835\udc03\ud835\udc04\ud835\udc0d\ud835\udc02\ud835\udc04 \ud835\udc07\ud835\udc0e\ud835\udc13\ud835\udc04\ud835\udc0b<\/span> &#8211; Kh\u00f4ng gian ngh\u1ec9 d\u01b0\u1ee1ng cao c\u1ea5p ngay trong l\u00f2ng H\u00e0 N\u1ed9i<\/strong><\/p>\n<p>N\u1eb1m s\u00e1ng r\u1ef1c r\u1ee1 m\u1ed9t g\u00f3c ph\u1ed1 Tr\u01b0\u01a1ng C\u00f4ng Giai, t\u00f2a nh\u00e0 g\u00e2y ch\u00fa \u00fd b\u1edfi phong c\u00e1ch th\u1eddi th\u01b0\u1ee3ng, li\u00ean t\u01b0\u1edfng t\u1edbi Santorini. Hi\u1ec7n \u0111\u1ea1i nh\u01b0ng h\u00e0i h\u00f2a c\u00f9ng v\u1edbi thi\u00ean nhi\u00ean l\u00e0 nh\u1eefng c\u1ea3m nh\u1eadn \u0111\u1ea7u ti\u00ean khi chi\u00eam ng\u01b0\u1ee1ng \ud835\udfd0\ud835\udfd0\ud835\udc0b\ud835\udc00\ud835\udc0d\ud835\udc03\ud835\udc11\ud835\udc04\ud835\udc12\ud835\udc08\ud835\udc03\ud835\udc04\ud835\udc0d\ud835\udc02\ud835\udc04 \ud835\udc07\ud835\udc0e\ud835\udc13\ud835\udc04\ud835\udc0b . T\u00f2a nh\u00e0 l\u00e0 s\u1ea3n ph\u1ea9m k\u1ebft tinh c\u1ee7a ngh\u1ec7 thu\u1eadt c\u1ee7a h\u00ecnh kh\u1ed1i, n\u01a1i s\u1ef1 t\u1ed1i gi\u1ea3n l\u00ean ng\u00f4i. \ud835\udfd0\ud835\udfd0\ud835\udc0b\ud835\udc00\ud835\udc0d\ud835\udc03 \ud835\udc11\ud835\udc04\ud835\udc12\ud835\udc08\ud835\udc03\ud835\udc04\ud835\udc0d\ud835\udc02\ud835\udc04 \ud835\udc07\ud835\udc0e\ud835\udc13\ud835\udc04\ud835\udc0b\u00a0 s\u1eed d\u1ee5ng 2 tone m\u00e0u ch\u1ee7 \u0111\u1ea1o l\u00e0 tr\u1eafng v\u00e0 n\u00e2u g\u1ed7 mang l\u1ea1i c\u1ea3m gi\u00e1c \u1ea5m \u00e1p v\u00e0 t\u01b0\u01a1i tr\u1ebb. B\u1ed1n m\u1eb7t c\u1ee7a t\u00f2a nh\u00e0 l\u00e0 c\u1eeda k\u00ednh trong su\u1ed1t, bao quanh l\u00e0 c\u00e1c thanh ch\u1eafn g\u1ed7 \u0111an xen, \u0111i\u1ec3m xuy\u1ebft s\u1eafc xanh t\u01b0\u01a1i m\u00e1t c\u1ee7a c\u00e2y c\u1ecf. Ki\u1ebfn tr\u00fac n\u00e0y to\u00e1t l\u00ean v\u1ebb hi\u1ec7n \u0111\u1ea1i nh\u01b0ng c\u0169ng kh\u00f4ng k\u00e9m ph\u1ea7n th\u00e2n thi\u1ec7n v\u1edbi m\u00f4i tr\u01b0\u1eddng s\u1ed1ng xung quanh.<\/p>\n<p>Kh\u00f4ng nh\u01b0 nh\u1eefng kh\u00e1ch s\u1ea1n th\u00f4ng th\u01b0\u1eddng,\ud835\udfd0\ud835\udfd0\ud835\udc0b\ud835\udc00\ud835\udc0d\ud835\udc03 \ud835\udc11\ud835\udc04\ud835\udc12\ud835\udc08\ud835\udc03\ud835\udc04\ud835\udc0d\ud835\udc02\ud835\udc04 \ud835\udc07\ud835\udc0e\ud835\udc13\ud835\udc04\ud835\udc0b\u00a0 cung c\u1ea5p d\u1ecbch v\u1ee5 kh\u00e1ch s\u1ea1n mang phong c\u00e1ch c\u0103n h\u1ed9 ngh\u1ec9 d\u01b0\u1ee1ng, nh\u1eb1m mang l\u1ea1i cho kh\u00e1ch h\u00e0ng c\u1ea3m gi\u00e1c th\u01b0 th\u00e1i nh\u01b0 \u1edf nh\u00e0. C\u00e1c ki\u1ebfn tr\u00fac s\u01b0 \u0111\u00e3 r\u1ea5t kh\u00e9o l\u00e9o khi t\u1eadn d\u1ee5ng \u00e1nh s\u00e1ng t\u1ef1 nhi\u00ean \u0111\u1ec3 thi\u1ebft k\u1ebf m\u1ed9t kh\u00f4ng gian r\u1ed9ng m\u1edf ng\u1eadp tr\u00e0n \u00e1nh s\u00e1ng. T\u1ea5t c\u1ea3 c\u00e1c ph\u00f2ng t\u1ea1i \ud835\udfd0\ud835\udfd0\ud835\udc0b\ud835\udc00\ud835\udc0d\ud835\udc03 \ud835\udc11\ud835\udc04\ud835\udc12\ud835\udc08\ud835\udc03\ud835\udc04\ud835\udc0d\ud835\udc02\ud835\udc04 \ud835\udc07\ud835\udc0e\ud835\udc13\ud835\udc04\ud835\udc0b\u00a0 \u0111\u1ec1u c\u00f3 ban c\u00f4ng v\u00e0 s\u00e1ng t\u1ef1 nhi\u00ean v\u1edbi t\u1ea7m nh\u00ecn kh\u00f4ng gi\u1edbi h\u1ea1n ra to\u00e0n th\u00e0nh ph\u1ed1.<\/p>\n<p>H\u00e0nh lang c\u1ee7a \ud835\udfd0\ud835\udfd0\ud835\udc0b\ud835\udc00\ud835\udc0d\ud835\udc03 \ud835\udc11\ud835\udc04\ud835\udc12\ud835\udc08\ud835\udc03\ud835\udc04\ud835\udc0d\ud835\udc02\ud835\udc04 \ud835\udc07\ud835\udc0e\ud835\udc13\ud835\udc04\ud835\udc0b\u00a0 \u0111\u01b0\u1ee3c thi\u1ebft k\u1ebf m\u00e1i v\u00f2m ki\u1ec3u Hy L\u1ea1p m\u1edbi m\u1ebb v\u00e0 \u0111\u1ed9c \u0111\u00e1o. Tr\u1ea7n v\u00e0 s\u00e0n nh\u00e0 \u0111\u1ec1u \u0111\u01b0\u1ee3c l\u00e1t g\u1ed7 mang l\u1ea1i s\u1ef1 m\u00e1t m\u1ebb tho\u1ea3i m\u00e1i v\u00e0o m\u00f9a h\u00e8, \u1ea5m \u00e1p v\u00e0o m\u00f9a \u0111\u00f4ng. \u0110\u1ed3 n\u1ed9i th\u1ea5t to\u00e0n b\u1ed9 \u0111\u1ec1u b\u1eb1ng v\u1eadt li\u1ec7u g\u1ed7 gi\u00fap c\u0103n ph\u00f2ng \u0111i\u1ec3m th\u00eam n\u00e9t \u1ea5m c\u00fang v\u00e0 m\u1ec1m m\u1ea1i \u0111\u1ea7y t\u1ef1 nhi\u00ean.<\/p>\n<p>Kh\u00f4ng ch\u1ec9 c\u00f3 n\u1ed9i th\u1ea5t v\u00e0 ti\u1ec7n nghi sang tr\u1ecdng, d\u1ecbch v\u1ee5 \u1edf \u0111\u00e2y c\u0169ng h\u1ebft s\u1ee9c chi\u1ec1u l\u00f2ng kh\u00e1ch h\u00e0ng. Bu\u1ed5i s\u00e1ng th\u1ee9c d\u1eady kh\u00e1ch h\u00e0ng c\u00f3 th\u1ec3 th\u01b0\u1edfng th\u1ee9c \u0111\u1ed3 \u0103n s\u00e1ng ngon l\u00e0nh \u0111\u01b0\u1ee3c ph\u1ee5c v\u1ee5 mi\u1ec5n ph\u00ed, chuy\u1ec7n tr\u00f2 t\u00e1n g\u1eabu t\u1ea1i qu\u00e1n cafe Chill&#8217;n Feel Coffee ngay t\u1ea1i t\u1ea7ng 1 c\u1ee7a kh\u00e1ch s\u1ea1n. Sau \u0111\u00f3 l\u00e0 ph\u00fat gi\u00e2y s\u1ea3ng kho\u00e1i t\u1eadn h\u01b0\u1edfng t\u1ea1i ph\u00f2ng ng\u00e2m Onsen v\u00e0 ph\u00f2ng x\u00f4ng h\u01a1i Nh\u1eadt B\u1ea3n. Ho\u1eb7c n\u1ebfu b\u1ea1n mu\u1ed1n \u0111\u1ed5i gi\u00f3 th\u1eed c\u1ea3m gi\u00e1c m\u1edbi m\u1ebb, b\u1ed3n t\u1eafm l\u1ed9 thi\u00ean ngay t\u1ea1i ban c\u00f4ng lu\u00f4n s\u1eb5n s\u00e0ng \u0111\u01b0\u1ee3c ph\u1ee5c v\u1ee5 ho\u1eb7c ph\u00f2ng ng\u00e2m Onsen Nh\u1eadt B\u1ea3n r\u1ed9ng 100m2 t\u1ea1i 22LAND RESIDENCE<\/p>\n<p>N\u1ebfu b\u1ea1n \u0111ang c\u1ea7n ch\u1ed1n ngh\u1ec9 ch\u00e2n cho m\u1ed9t chuy\u1ebfn c\u00f4ng t\u00e1c, m\u1ed9t chuy\u1ebfn \u0111i du l\u1ecbch H\u00e0 N\u1ed9i, hay th\u1eadm ch\u00ed ch\u1ec9 l\u00e0 mu\u1ed1n \u0111\u1ed5i gi\u00f3, t\u00ecm \u0111\u1ebfn m\u1ed9t ch\u1ed1n b\u00ecnh y\u00ean xa r\u1eddi x\u00f4 b\u1ed3 c\u1ee7a cu\u1ed9c s\u1ed1ng \u0111\u1ec3 n\u1ea1p l\u1ea1i n\u0103ng l\u01b0\u1ee3ng cho nh\u1eefng h\u00e0nh tr\u00ecnh ti\u1ebfp theo th\u00ec \ud835\udfd0\ud835\udfd0\ud835\udc0b\ud835\udc00\ud835\udc0d\ud835\udc03 \ud835\udc11\ud835\udc04\ud835\udc12\ud835\udc08\ud835\udc03\ud835\udc04\ud835\udc0d\ud835\udc02\ud835\udc04 \ud835\udc07\ud835\udc0e\ud835\udc13\ud835\udc04\ud835\udc0b ch\u00fang t\u00f4i\u00a0 l\u00e0 \u0111\u1ecba \u0111i\u1ec3m tuy\u1ec7t v\u1eddi kh\u00f4ng th\u1ec3 b\u1ecf qua.<\/p>\n<p>&nbsp;<\/p>\n","protected":false},"excerpt":{"rendered":"<p>&nbsp; \ud835\udfd0\ud835\udfd0\ud835\udc0b\ud835\udc00\ud835\udc0d\ud835\udc03 \ud835\udc11\ud835\udc04\ud835\udc12\ud835\udc08\ud835\udc03\ud835\udc04\ud835\udc0d\ud835\udc02\ud835\udc04 \ud835\udc07\ud835\udc0e\ud835\udc13\ud835\udc04\ud835\udc0b &#8211; Kh\u00f4ng gian ngh\u1ec9 d\u01b0\u1ee1ng cao c\u1ea5p ngay trong l\u00f2ng H\u00e0 N\u1ed9i N\u1eb1m s\u00e1ng r\u1ef1c r\u1ee1 m\u1ed9t g\u00f3c ph\u1ed1 Tr\u01b0\u01a1ng C\u00f4ng Giai, t\u00f2a nh\u00e0 g\u00e2y ch\u00fa \u00fd b\u1edfi phong c\u00e1ch th\u1eddi th\u01b0\u1ee3ng, li\u00ean t\u01b0\u1edfng t\u1edbi Santorini. Hi\u1ec7n \u0111\u1ea1i nh\u01b0ng h\u00e0i h\u00f2a c\u00f9ng v\u1edbi thi\u00ean nhi\u00ean l\u00e0 nh\u1eefng c\u1ea3m nh\u1eadn \u0111\u1ea7u ti\u00ean &#8230;<\/p>\n","protected":false},"author":2,"featured_media":0,"parent":0,"menu_order":0,"comment_status":"closed","ping_status":"closed","template":"","meta":[],"yst_prominent_words":[],"acf":[],"_links":{"self":[{"href":"https:\/\/22landresidence.com\/63-kim-ma\/wp-json\/wp\/v2\/pages\/24"}],"collection":[{"href":"https:\/\/22landresidence.com\/63-kim-ma\/wp-json\/wp\/v2\/pages"}],"about":[{"href":"https:\/\/22landresidence.com\/63-kim-ma\/wp-json\/wp\/v2\/types\/page"}],"author":[{"embeddable":true,"href":"https:\/\/22landresidence.com\/63-kim-ma\/wp-json\/wp\/v2\/users\/2"}],"replies":[{"embeddable":true,"href":"https:\/\/22landresidence.com\/63-kim-ma\/wp-json\/wp\/v2\/comments?post=24"}],"version-history":[{"count":11,"href":"https:\/\/22landresidence.com\/63-kim-ma\/wp-json\/wp\/v2\/pages\/24\/revisions"}],"predecessor-version":[{"id":1037,"href":"https:\/\/22landresidence.com\/63-kim-ma\/wp-json\/wp\/v2\/pages\/24\/revisions\/1037"}],"wp:attachment":[{"href":"https:\/\/22landresidence.com\/63-kim-ma\/wp-json\/wp\/v2\/media?parent=24"}],"wp:term":[{"taxonomy":"yst_prominent_words","embeddable":true,"href":"https:\/\/22landresidence.com\/63-kim-ma\/wp-json\/wp\/v2\/yst_prominent_words?post=24"}],"curies":[{"name":"wp","href":"https:\/\/api.w.org\/{rel}","templated":true}]}}