{"id":301,"date":"2019-11-17T08:22:54","date_gmt":"2019-11-17T01:22:54","guid":{"rendered":"https:\/\/22landresidence.com\/63-kim-ma\/?page_id=301"},"modified":"2022-08-11T12:12:00","modified_gmt":"2022-08-11T05:12:00","slug":"restaurant","status":"publish","type":"page","link":"https:\/\/22landresidence.com\/63-kim-ma\/gioi-thieu\/restaurant\/","title":{"rendered":"Restaurant"},"content":{"rendered":"<div class=\"container section-title-container\" ><h2 class=\"section-title section-title-center\"><b><\/b><span class=\"section-title-main\" >Restaurant t\u1ea1i Kh\u00e1ch s\u1ea1n c\u1ee7a ch\u00fang t\u00f4i<\/span><b><\/b><\/h2><\/div>\n<p>N\u1eb1m ngay t\u1ea1i t\u1ea7ng 1 c\u1ee7a kh\u00e1ch s\u1ea1n, nh\u00e0 h\u00e0ng 22land residence ph\u1ee5c v\u1ee5 Buffet cho qu\u00ed kh\u00e1ch l\u01b0u tr\u00fa t\u1ea1i Kh\u00e1ch s\u1ea1n, th\u1eddi gian 6h30 \u0111\u1ebfn 10h v\u00e0 m\u00f3n \u0103n A la carte cho qu\u00fd kh\u00e1ch c\u1ea3 ng\u00e0y t\u1eeb 7h\u00a0\u0111\u1ebfn 22h .V\u1edbi kh\u00f4ng gian m\u1edf, tho\u00e1ng m\u00e1t\u00a0k\u1ebft h\u1ee3p v\u1edbi ngh\u1ec7 thu\u00e2t cafe, b\u1ea1n v\u1eeba c\u00f3 th\u1ec3 th\u01b0\u1edfng th\u1ee9c c\u00e1c m\u00f3n \u0103n \u00c1, \u00c2u t\u01b0\u01a1i ngon v\u1eeba t\u1eadn h\u01b0\u1edfng th\u1eddi gian ngh\u1ec9 ng\u01a1i hay check in nh\u1eefng g\u00f3c r\u1ea5t \u0111\u1eb9p c\u1ee7a nh\u00e0 h\u00e0ng.<\/p>\n\t<div class=\"img has-hover x md-x lg-x y md-y lg-y\" id=\"image_1536168793\">\n\t\t\t\t\t\t\t\t<div class=\"img-inner dark\" >\n\t\t\t<img width=\"1020\" height=\"681\" src=\"https:\/\/22landresidence.com\/63-kim-ma\/wp-content\/uploads\/sites\/21\/2022\/08\/DSC_8860-min-1024x684.jpg\" class=\"attachment-large size-large\" alt=\"\" decoding=\"async\" loading=\"lazy\" srcset=\"https:\/\/22landresidence.com\/63-kim-ma\/wp-content\/uploads\/sites\/21\/2022\/08\/DSC_8860-min-1024x684.jpg 1024w, https:\/\/22landresidence.com\/63-kim-ma\/wp-content\/uploads\/sites\/21\/2022\/08\/DSC_8860-min-300x200.jpg 300w, https:\/\/22landresidence.com\/63-kim-ma\/wp-content\/uploads\/sites\/21\/2022\/08\/DSC_8860-min-768x513.jpg 768w, https:\/\/22landresidence.com\/63-kim-ma\/wp-content\/uploads\/sites\/21\/2022\/08\/DSC_8860-min-1536x1025.jpg 1536w, https:\/\/22landresidence.com\/63-kim-ma\/wp-content\/uploads\/sites\/21\/2022\/08\/DSC_8860-min-2048x1367.jpg 2048w, https:\/\/22landresidence.com\/63-kim-ma\/wp-content\/uploads\/sites\/21\/2022\/08\/DSC_8860-min-900x601.jpg 900w\" sizes=\"(max-width: 1020px) 100vw, 1020px\" \/>\t\t\t\t\t\t\n\t\t\t\t\t<\/div>\n\t\t\t\t\t\t\t\t\n<style>\n#image_1536168793 {\n  width: 100%;\n}\n<\/style>\n\t<\/div>\n\t\n\t<div id=\"gap-1033029360\" class=\"gap-element clearfix\" style=\"display:block; height:auto;\">\n\t\t\n<style>\n#gap-1033029360 {\n  padding-top: 15px;\n}\n<\/style>\n\t<\/div>\n\t\n\t<div class=\"img has-hover x md-x lg-x y md-y lg-y\" id=\"image_1489002929\">\n\t\t\t\t\t\t\t\t<div class=\"img-inner dark\" >\n\t\t\t<img width=\"1020\" height=\"681\" src=\"https:\/\/22landresidence.com\/63-kim-ma\/wp-content\/uploads\/sites\/21\/2022\/08\/DSC_8868-min-1024x684.jpg\" class=\"attachment-large size-large\" alt=\"\" decoding=\"async\" loading=\"lazy\" srcset=\"https:\/\/22landresidence.com\/63-kim-ma\/wp-content\/uploads\/sites\/21\/2022\/08\/DSC_8868-min-1024x684.jpg 1024w, https:\/\/22landresidence.com\/63-kim-ma\/wp-content\/uploads\/sites\/21\/2022\/08\/DSC_8868-min-300x200.jpg 300w, https:\/\/22landresidence.com\/63-kim-ma\/wp-content\/uploads\/sites\/21\/2022\/08\/DSC_8868-min-768x513.jpg 768w, https:\/\/22landresidence.com\/63-kim-ma\/wp-content\/uploads\/sites\/21\/2022\/08\/DSC_8868-min-1536x1025.jpg 1536w, https:\/\/22landresidence.com\/63-kim-ma\/wp-content\/uploads\/sites\/21\/2022\/08\/DSC_8868-min-2048x1367.jpg 2048w, https:\/\/22landresidence.com\/63-kim-ma\/wp-content\/uploads\/sites\/21\/2022\/08\/DSC_8868-min-900x601.jpg 900w\" sizes=\"(max-width: 1020px) 100vw, 1020px\" \/>\t\t\t\t\t\t\n\t\t\t\t\t<\/div>\n\t\t\t\t\t\t\t\t\n<style>\n#image_1489002929 {\n  width: 100%;\n}\n<\/style>\n\t<\/div>\n\t\n\t<div id=\"gap-1209018215\" class=\"gap-element clearfix\" style=\"display:block; height:auto;\">\n\t\t\n<style>\n#gap-1209018215 {\n  padding-top: 15px;\n}\n<\/style>\n\t<\/div>\n\t\n\t<div class=\"img has-hover x md-x lg-x y md-y lg-y\" id=\"image_97323248\">\n\t\t\t\t\t\t\t\t<div class=\"img-inner dark\" >\n\t\t\t<img width=\"2560\" height=\"1709\" src=\"https:\/\/22landresidence.com\/63-kim-ma\/wp-content\/uploads\/sites\/21\/2022\/08\/DSC_8875-min-scaled.jpg\" class=\"attachment-original size-original\" alt=\"\" decoding=\"async\" loading=\"lazy\" srcset=\"https:\/\/22landresidence.com\/63-kim-ma\/wp-content\/uploads\/sites\/21\/2022\/08\/DSC_8875-min-scaled.jpg 2560w, https:\/\/22landresidence.com\/63-kim-ma\/wp-content\/uploads\/sites\/21\/2022\/08\/DSC_8875-min-300x200.jpg 300w, https:\/\/22landresidence.com\/63-kim-ma\/wp-content\/uploads\/sites\/21\/2022\/08\/DSC_8875-min-1024x684.jpg 1024w, https:\/\/22landresidence.com\/63-kim-ma\/wp-content\/uploads\/sites\/21\/2022\/08\/DSC_8875-min-768x513.jpg 768w, https:\/\/22landresidence.com\/63-kim-ma\/wp-content\/uploads\/sites\/21\/2022\/08\/DSC_8875-min-1536x1025.jpg 1536w, https:\/\/22landresidence.com\/63-kim-ma\/wp-content\/uploads\/sites\/21\/2022\/08\/DSC_8875-min-2048x1367.jpg 2048w, https:\/\/22landresidence.com\/63-kim-ma\/wp-content\/uploads\/sites\/21\/2022\/08\/DSC_8875-min-900x601.jpg 900w\" sizes=\"(max-width: 2560px) 100vw, 2560px\" \/>\t\t\t\t\t\t\n\t\t\t\t\t<\/div>\n\t\t\t\t\t\t\t\t\n<style>\n#image_97323248 {\n  width: 100%;\n}\n<\/style>\n\t<\/div>\n\t\n\t<div id=\"gap-1358239253\" class=\"gap-element clearfix\" style=\"display:block; height:auto;\">\n\t\t\n<style>\n#gap-1358239253 {\n  padding-top: 15px;\n}\n<\/style>\n\t<\/div>\n\t\n\t<div class=\"img has-hover x md-x lg-x y md-y lg-y\" id=\"image_394789713\">\n\t\t\t\t\t\t\t\t<div class=\"img-inner dark\" >\n\t\t\t<img width=\"1379\" height=\"919\" src=\"https:\/\/22landresidence.com\/63-kim-ma\/wp-content\/uploads\/sites\/21\/2022\/01\/5.jpg\" class=\"attachment-original size-original\" alt=\"\" decoding=\"async\" loading=\"lazy\" srcset=\"https:\/\/22landresidence.com\/63-kim-ma\/wp-content\/uploads\/sites\/21\/2022\/01\/5.jpg 1379w, https:\/\/22landresidence.com\/63-kim-ma\/wp-content\/uploads\/sites\/21\/2022\/01\/5-300x200.jpg 300w, https:\/\/22landresidence.com\/63-kim-ma\/wp-content\/uploads\/sites\/21\/2022\/01\/5-768x512.jpg 768w, https:\/\/22landresidence.com\/63-kim-ma\/wp-content\/uploads\/sites\/21\/2022\/01\/5-1024x682.jpg 1024w, https:\/\/22landresidence.com\/63-kim-ma\/wp-content\/uploads\/sites\/21\/2022\/01\/5-900x600.jpg 900w\" sizes=\"(max-width: 1379px) 100vw, 1379px\" \/>\t\t\t\t\t\t\n\t\t\t\t\t<\/div>\n\t\t\t\t\t\t\t\t\n<style>\n#image_394789713 {\n  width: 100%;\n}\n<\/style>\n\t<\/div>\n\t\n\t<div id=\"gap-247337038\" class=\"gap-element clearfix\" style=\"display:block; height:auto;\">\n\t\t\n<style>\n#gap-247337038 {\n  padding-top: 15px;\n}\n<\/style>\n\t<\/div>\n\t\n\t<div class=\"img has-hover x md-x lg-x y md-y lg-y\" id=\"image_1682080320\">\n\t\t\t\t\t\t\t\t<div class=\"img-inner dark\" >\n\t\t\t<img width=\"1379\" height=\"919\" src=\"https:\/\/22landresidence.com\/63-kim-ma\/wp-content\/uploads\/sites\/21\/2022\/01\/6.jpg\" class=\"attachment-original size-original\" alt=\"\" decoding=\"async\" loading=\"lazy\" srcset=\"https:\/\/22landresidence.com\/63-kim-ma\/wp-content\/uploads\/sites\/21\/2022\/01\/6.jpg 1379w, https:\/\/22landresidence.com\/63-kim-ma\/wp-content\/uploads\/sites\/21\/2022\/01\/6-300x200.jpg 300w, https:\/\/22landresidence.com\/63-kim-ma\/wp-content\/uploads\/sites\/21\/2022\/01\/6-768x512.jpg 768w, https:\/\/22landresidence.com\/63-kim-ma\/wp-content\/uploads\/sites\/21\/2022\/01\/6-1024x682.jpg 1024w, https:\/\/22landresidence.com\/63-kim-ma\/wp-content\/uploads\/sites\/21\/2022\/01\/6-900x600.jpg 900w\" sizes=\"(max-width: 1379px) 100vw, 1379px\" \/>\t\t\t\t\t\t\n\t\t\t\t\t<\/div>\n\t\t\t\t\t\t\t\t\n<style>\n#image_1682080320 {\n  width: 100%;\n}\n<\/style>\n\t<\/div>\n\t\n","protected":false},"excerpt":{"rendered":"<p>N\u1eb1m ngay t\u1ea1i t\u1ea7ng 1 c\u1ee7a kh\u00e1ch s\u1ea1n, nh\u00e0 h\u00e0ng 22land residence ph\u1ee5c v\u1ee5 Buffet cho qu\u00ed kh\u00e1ch l\u01b0u tr\u00fa t\u1ea1i Kh\u00e1ch s\u1ea1n, th\u1eddi gian 6h30 \u0111\u1ebfn 10h v\u00e0 m\u00f3n \u0103n A la carte cho qu\u00fd kh\u00e1ch c\u1ea3 ng\u00e0y t\u1eeb 7h\u00a0\u0111\u1ebfn 22h .V\u1edbi kh\u00f4ng gian m\u1edf, tho\u00e1ng m\u00e1t\u00a0k\u1ebft h\u1ee3p v\u1edbi ngh\u1ec7 thu\u00e2t cafe, b\u1ea1n v\u1eeba &#8230;<\/p>\n","protected":false},"author":2,"featured_media":0,"parent":24,"menu_order":0,"comment_status":"closed","ping_status":"closed","template":"","meta":[],"yst_prominent_words":[],"acf":[],"_links":{"self":[{"href":"https:\/\/22landresidence.com\/63-kim-ma\/wp-json\/wp\/v2\/pages\/301"}],"collection":[{"href":"https:\/\/22landresidence.com\/63-kim-ma\/wp-json\/wp\/v2\/pages"}],"about":[{"href":"https:\/\/22landresidence.com\/63-kim-ma\/wp-json\/wp\/v2\/types\/page"}],"author":[{"embeddable":true,"href":"https:\/\/22landresidence.com\/63-kim-ma\/wp-json\/wp\/v2\/users\/2"}],"replies":[{"embeddable":true,"href":"https:\/\/22landresidence.com\/63-kim-ma\/wp-json\/wp\/v2\/comments?post=301"}],"version-history":[{"count":2,"href":"https:\/\/22landresidence.com\/63-kim-ma\/wp-json\/wp\/v2\/pages\/301\/revisions"}],"predecessor-version":[{"id":1242,"href":"https:\/\/22landresidence.com\/63-kim-ma\/wp-json\/wp\/v2\/pages\/301\/revisions\/1242"}],"up":[{"embeddable":true,"href":"https:\/\/22landresidence.com\/63-kim-ma\/wp-json\/wp\/v2\/pages\/24"}],"wp:attachment":[{"href":"https:\/\/22landresidence.com\/63-kim-ma\/wp-json\/wp\/v2\/media?parent=301"}],"wp:term":[{"taxonomy":"yst_prominent_words","embeddable":true,"href":"https:\/\/22landresidence.com\/63-kim-ma\/wp-json\/wp\/v2\/yst_prominent_words?post=301"}],"curies":[{"name":"wp","href":"https:\/\/api.w.org\/{rel}","templated":true}]}}