{"id":1078,"date":"2022-01-22T10:02:05","date_gmt":"2022-01-22T03:02:05","guid":{"rendered":"https:\/\/22landresidence.com\/63-kim-ma\/?post_type=product&#038;p=1078"},"modified":"2023-03-13T15:03:21","modified_gmt":"2023-03-13T08:03:21","slug":"family-room","status":"publish","type":"product","link":"https:\/\/22landresidence.com\/63-kim-ma\/room\/family-room\/","title":{"rendered":"FAMILY ROOM"},"content":{"rendered":"<div dir=\"auto\"><span style=\"vertical-align: inherit\"><span style=\"vertical-align: inherit\">Family Room with b\u1ed3n t\u1eafm<\/span><\/span><\/div>\n<div dir=\"auto\"><span style=\"vertical-align: inherit\"><span style=\"vertical-align: inherit\">(100% c\u00e1c ph\u00f2ng \u0111\u1ec1u c\u00f3 ban c\u00f4ng v\u00e0 \u00e1nh s\u00e1ng t\u1ef1 nhi\u00ean, t\u1ea7m nh\u00ecn kh\u00f4ng gi\u1edbi h\u1ea1n. C\u00e1c ph\u00f2ng \u0111\u01b0\u1ee3c thi\u1ebft k\u1ebf \u0111\u1eb7c bi\u1ec7t, theo phong c\u00e1ch \u0111\u1ecba ch\u1ec9 k\u1ebft h\u1ee3p c\u1ed5 \u0111i\u1ec3n, h\u00e0nh lang thi\u1ebft k\u1ebf m\u00e1i v\u00f2m ki\u1ec3u Hy L\u1ea1p. &#8230;)<\/span><\/span><\/div>\n<div dir=\"auto\"><span class=\"pq6dq46d tbxw36s4 knj5qynh kvgmc6g5 ditlmg2l oygrvhab nvdbi5me sf5mxxl7 gl3lb2sf hhz5lgdu\"><img decoding=\"async\" loading=\"lazy\" src=\"https:\/\/static.xx.fbcdn.net\/images\/emoji.php\/v9\/t4b\/2\/16\/1f4cc.png\" alt=\"\ud83d\udccc\" width=\"16\" height=\"16\" \/><\/span><span style=\"vertical-align: inherit\"><span style=\"vertical-align: inherit\">M\u1ed9t n\u1eef ho\u00e0ng v\u00e0 2 tho\u1ea3i m\u00e1i \u0111\u01a1n gi\u1ea3n<\/span><\/span><\/div>\n<div dir=\"auto\"><span class=\"pq6dq46d tbxw36s4 knj5qynh kvgmc6g5 ditlmg2l oygrvhab nvdbi5me sf5mxxl7 gl3lb2sf hhz5lgdu\"><img decoding=\"async\" loading=\"lazy\" src=\"https:\/\/static.xx.fbcdn.net\/images\/emoji.php\/v9\/t4b\/2\/16\/1f4cc.png\" alt=\"\ud83d\udccc\" width=\"16\" height=\"16\" \/><\/span><span style=\"vertical-align: inherit\"><span style=\"vertical-align: inherit\">\u00a0B\u00e0n l\u00e0m vi\u1ec7c th\u00f4ng minh<\/span><\/span><\/div>\n<div dir=\"auto\"><span class=\"pq6dq46d tbxw36s4 knj5qynh kvgmc6g5 ditlmg2l oygrvhab nvdbi5me sf5mxxl7 gl3lb2sf hhz5lgdu\"><img decoding=\"async\" loading=\"lazy\" src=\"https:\/\/static.xx.fbcdn.net\/images\/emoji.php\/v9\/t4b\/2\/16\/1f4cc.png\" alt=\"\ud83d\udccc\" width=\"16\" height=\"16\" \/><\/span><span style=\"vertical-align: inherit\"><span style=\"vertical-align: inherit\">\u00a0R\u1eeda m\u1eb7t m\u1edf, nh\u00ecn ra ban c\u00f4ng<\/span><\/span><\/div>\n<div dir=\"auto\"><span class=\"pq6dq46d tbxw36s4 knj5qynh kvgmc6g5 ditlmg2l oygrvhab nvdbi5me sf5mxxl7 gl3lb2sf hhz5lgdu\"><img decoding=\"async\" loading=\"lazy\" src=\"https:\/\/static.xx.fbcdn.net\/images\/emoji.php\/v9\/t4b\/2\/16\/1f4cc.png\" alt=\"\ud83d\udccc\" width=\"16\" height=\"16\" \/><\/span><span style=\"vertical-align: inherit\"><span style=\"vertical-align: inherit\">\u00a0Ph\u00f2ng t\u1eafm \u0111\u1ee9ng v\u1edbi v\u00f2i hoa sen<\/span><\/span><\/div>\n<div dir=\"auto\"><span style=\"vertical-align: inherit\"><span style=\"vertical-align: inherit\">\u2014\u2014\u2014\u2014\u2014\u2014\u2014\u2014\u2014\u2014\u2014\u2014\u2014\u2014\u2014\u2014\u2014\u2014\u2014\u2014\u2014\u2014\u2014\u2014\u2014\u2014<\/span><\/span><\/div>\n<div dir=\"auto\"><span class=\"pq6dq46d tbxw36s4 knj5qynh kvgmc6g5 ditlmg2l oygrvhab nvdbi5me sf5mxxl7 gl3lb2sf hhz5lgdu\"><img decoding=\"async\" loading=\"lazy\" src=\"https:\/\/static.xx.fbcdn.net\/images\/emoji.php\/v9\/t4b\/2\/16\/1f4cc.png\" alt=\"\ud83d\udccc\" width=\"16\" height=\"16\" \/><\/span><span style=\"vertical-align: inherit\"><span style=\"vertical-align: inherit\">Cho thu\u00ea theo gi\u1edd: 979k \/ 2h \u0111\u1ea7u, 100k \/ h sau.<\/span><\/span><\/div>\n<div dir=\"auto\"><span class=\"pq6dq46d tbxw36s4 knj5qynh kvgmc6g5 ditlmg2l oygrvhab nvdbi5me sf5mxxl7 gl3lb2sf hhz5lgdu\"><img decoding=\"async\" loading=\"lazy\" src=\"https:\/\/static.xx.fbcdn.net\/images\/emoji.php\/v9\/t4b\/2\/16\/1f4cc.png\" alt=\"\ud83d\udccc\" width=\"16\" height=\"16\" \/><span style=\"vertical-align: inherit\"><span style=\"vertical-align: inherit\">Gi\u00e1<\/span><\/span><\/span><span style=\"vertical-align: inherit\"><span style=\"vertical-align: inherit\"> \u00a0\u0111\u00eam: 2408k.<\/span><\/span><\/div>\n<div dir=\"auto\"><span style=\"vertical-align: inherit\"><span style=\"vertical-align: inherit\">\u2014\u2014\u2014\u2014\u2014\u2014\u2014\u2014\u2014\u2014\u2014\u2014\u2014\u2014\u2014\u2014\u2014\u2014\u2014\u2014\u2014\u2014\u2014\u2014\u2014\u2014<\/span><\/span><\/div>\n<div dir=\"auto\"><span class=\"pq6dq46d tbxw36s4 knj5qynh kvgmc6g5 ditlmg2l oygrvhab nvdbi5me sf5mxxl7 gl3lb2sf hhz5lgdu\"><img decoding=\"async\" loading=\"lazy\" src=\"https:\/\/static.xx.fbcdn.net\/images\/emoji.php\/v9\/td2\/2\/16\/2714.png\" alt=\"\u2714\ufe0f\" width=\"16\" height=\"16\" \/><\/span><span style=\"vertical-align: inherit\"><span style=\"vertical-align: inherit\">\u00a0\u0102n S\u00e1ng G\u1ecdi M\u00f3n Mi\u1ec5n Ph\u00ed<\/span><\/span><\/div>\n<div dir=\"auto\"><span class=\"pq6dq46d tbxw36s4 knj5qynh kvgmc6g5 ditlmg2l oygrvhab nvdbi5me sf5mxxl7 gl3lb2sf hhz5lgdu\"><img decoding=\"async\" loading=\"lazy\" src=\"https:\/\/static.xx.fbcdn.net\/images\/emoji.php\/v9\/td2\/2\/16\/2714.png\" alt=\"\u2714\ufe0f\" width=\"16\" height=\"16\" \/><\/span><span style=\"vertical-align: inherit\"><span style=\"vertical-align: inherit\">T\u1ee7 l\u1ea1nh mini Bar v\u1edbi nhi\u1ec1u \u0111\u1ed3 u\u1ed1ng<\/span><\/span><\/div>\n<div dir=\"auto\"><span class=\"pq6dq46d tbxw36s4 knj5qynh kvgmc6g5 ditlmg2l oygrvhab nvdbi5me sf5mxxl7 gl3lb2sf hhz5lgdu\"><img decoding=\"async\" loading=\"lazy\" src=\"https:\/\/static.xx.fbcdn.net\/images\/emoji.php\/v9\/td2\/2\/16\/2714.png\" alt=\"\u2714\ufe0f\" width=\"16\" height=\"16\" \/><\/span><span style=\"vertical-align: inherit\"><span style=\"vertical-align: inherit\">B\u1ec3 ng\u00e2m t\u1eafm mi\u1ec5n ph\u00ed Onsen Nh\u1eadt B\u1ea3n \u1edf t\u1ea7ng h\u1ea7m cho nam gi\u1edbi<\/span><\/span><\/div>\n<div dir=\"auto\"><span class=\"pq6dq46d tbxw36s4 knj5qynh kvgmc6g5 ditlmg2l oygrvhab nvdbi5me sf5mxxl7 gl3lb2sf hhz5lgdu\"><img decoding=\"async\" loading=\"lazy\" src=\"https:\/\/static.xx.fbcdn.net\/images\/emoji.php\/v9\/td2\/2\/16\/2714.png\" alt=\"\u2714\ufe0f\" width=\"16\" height=\"16\" \/><\/span><span style=\"vertical-align: inherit\"><span style=\"vertical-align: inherit\">Tr\u00e0 mi\u1ec5n ph\u00ed, c\u00e0 ph\u00ea v\u00e0 n\u01b0\u1edbc su\u1ed1i h\u1eb1ng ng\u00e0y<\/span><\/span><\/div>\n<div dir=\"auto\"><span class=\"pq6dq46d tbxw36s4 knj5qynh kvgmc6g5 ditlmg2l oygrvhab nvdbi5me sf5mxxl7 gl3lb2sf hhz5lgdu\"><img decoding=\"async\" loading=\"lazy\" src=\"https:\/\/static.xx.fbcdn.net\/images\/emoji.php\/v9\/td2\/2\/16\/2714.png\" alt=\"\u2714\ufe0f\" width=\"16\" height=\"16\" \/><\/span><span style=\"vertical-align: inherit\"><span style=\"vertical-align: inherit\">Ng\u00e0y h\u1eb1ng ng\u00e0y d\u1ecdn d\u1eb9p mi\u1ec5n ph\u00ed<\/span><\/span><\/div>\n<div dir=\"auto\"><span class=\"pq6dq46d tbxw36s4 knj5qynh kvgmc6g5 ditlmg2l oygrvhab nvdbi5me sf5mxxl7 gl3lb2sf hhz5lgdu\"><img decoding=\"async\" loading=\"lazy\" src=\"https:\/\/static.xx.fbcdn.net\/images\/emoji.php\/v9\/td2\/2\/16\/2714.png\" alt=\"\u2714\ufe0f\" width=\"16\" height=\"16\" \/><\/span><span style=\"vertical-align: inherit\"><span style=\"vertical-align: inherit\">C\u00f3 \u00f4 t\u00f4 ch\u1ed7 kh\u00f4ng gi\u1edbi h\u1ea1n<\/span><\/span><\/div>\n<div dir=\"auto\"><span class=\"pq6dq46d tbxw36s4 knj5qynh kvgmc6g5 ditlmg2l oygrvhab nvdbi5me sf5mxxl7 gl3lb2sf hhz5lgdu\"><img decoding=\"async\" loading=\"lazy\" src=\"https:\/\/static.xx.fbcdn.net\/images\/emoji.php\/v9\/td2\/2\/16\/2714.png\" alt=\"\u2714\ufe0f\" width=\"16\" height=\"16\" \/><\/span><span style=\"vertical-align: inherit\"><span style=\"vertical-align: inherit\">C\u00d3 XU\u1ea4T HO\u00c1 \u0110\u01a0N VAT CHO KH\u00c1CH \u0110I C\u00d4NG T\u00c1C<\/span><\/span><\/div>\n<div dir=\"auto\"><span style=\"vertical-align: inherit\"><span style=\"vertical-align: inherit\">\u2014\u2014\u2014\u2014\u2014\u2014\u2014\u2014\u2014\u2014\u2014\u2014\u2014\u2014\u2014\u2014\u2014\u2014\u2014\u2014\u2014\u2014\u2014\u2014\u2014\u2014<\/span><\/span><\/div>\n<div dir=\"auto\"><span class=\"pq6dq46d tbxw36s4 knj5qynh kvgmc6g5 ditlmg2l oygrvhab nvdbi5me sf5mxxl7 gl3lb2sf hhz5lgdu\"><img decoding=\"async\" loading=\"lazy\" src=\"https:\/\/static.xx.fbcdn.net\/images\/emoji.php\/v9\/ta3\/2\/16\/260e.png\" alt=\"\u260e\ufe0f\" width=\"16\" height=\"16\" \/><\/span><span style=\"vertical-align: inherit\"><span style=\"vertical-align: inherit\">Hotline: 078.610.3333 ho\u1eb7c 0765.14.1111<\/span><\/span><\/div>\n<div dir=\"auto\"><span class=\"pq6dq46d tbxw36s4 knj5qynh kvgmc6g5 ditlmg2l oygrvhab nvdbi5me sf5mxxl7 gl3lb2sf hhz5lgdu\"><img decoding=\"async\" loading=\"lazy\" src=\"https:\/\/static.xx.fbcdn.net\/images\/emoji.php\/v9\/t96\/2\/16\/1f48c.png\" alt=\"\ud83d\udc8c\" width=\"16\" height=\"16\" \/><\/span><span style=\"vertical-align: inherit\"><span style=\"vertical-align: inherit\">22landresidence@gmail.com<\/span><\/span><\/div>\n<div dir=\"auto\"><\/div>\n<div dir=\"auto\">\n<h4 data-fontsize=\"18\" data-lineheight=\"30\"><\/h4>\n<\/div>\n","protected":false},"excerpt":{"rendered":"<p><span style=\"vertical-align: inherit\"><span style=\"vertical-align: inherit\">C\u00e1c ph\u00f2ng \u0111\u01b0\u1ee3c thi\u1ebft k\u1ebf \u0111\u1eb7c bi\u1ec7t, theo phong c\u00e1ch \u0111\u1ecba ch\u1ec9 trung t\u00e2m k\u1ebft h\u1ee3p c\u1ed5 \u0111i\u1ec3n, h\u00e0nh lang thi\u1ebft k\u1ebf m\u00e1i v\u00f2m ki\u1ec3u Hy L\u1ea1p \u0111\u1eb7c bi\u1ec7t &#8230; Ph\u00f2ng Gia \u0111\u00ecnh l\u00e0 s\u1ef1 k\u1ebft h\u1ee3p c\u1ee7a 2 ph\u00f2ng Deluxe c\u00f3 2 ban c\u00f4ng v\u00e0 nhi\u1ec1u \u00e1nh s\u00e1ng t\u1ef1 \u0111\u1ed9ng t\u1ef1 nhi\u00ean, t\u1ea7m nh\u00ecn kh\u00f4ng gi\u1edbi h\u1ea1n, n\u1ed9i th\u1ea5t g\u1ed7 th\u00f4ng minh, \u0111\u1eb7c bi\u1ec7t b\u1ed3n t\u1eafm \u0111\u00e1 b\u00ean ngo\u00e0i ban c\u00f4ng. <\/span><span style=\"vertical-align: inherit\">R\u1ea5t ph\u00f9 h\u1ee3p cho m\u1ed9t gia \u0111\u00ecnh nh\u1ecf 3-4 ng\u01b0\u1eddi mu\u1ed1n ch\u1ecdn cho m\u00ecnh 1 \u0111i\u1ec3m \u0111\u1ebfn phong c\u00e1ch trong trung t\u00e2m th\u00e0nh ph\u1ed1.<\/span><\/span><\/p>\n","protected":false},"featured_media":1090,"comment_status":"open","ping_status":"closed","template":"","meta":[],"product_cat":[42],"product_tag":[],"yst_prominent_words":[],"acf":[],"_links":{"self":[{"href":"https:\/\/22landresidence.com\/63-kim-ma\/wp-json\/wp\/v2\/product\/1078"}],"collection":[{"href":"https:\/\/22landresidence.com\/63-kim-ma\/wp-json\/wp\/v2\/product"}],"about":[{"href":"https:\/\/22landresidence.com\/63-kim-ma\/wp-json\/wp\/v2\/types\/product"}],"replies":[{"embeddable":true,"href":"https:\/\/22landresidence.com\/63-kim-ma\/wp-json\/wp\/v2\/comments?post=1078"}],"wp:featuredmedia":[{"embeddable":true,"href":"https:\/\/22landresidence.com\/63-kim-ma\/wp-json\/wp\/v2\/media\/1090"}],"wp:attachment":[{"href":"https:\/\/22landresidence.com\/63-kim-ma\/wp-json\/wp\/v2\/media?parent=1078"}],"wp:term":[{"taxonomy":"product_cat","embeddable":true,"href":"https:\/\/22landresidence.com\/63-kim-ma\/wp-json\/wp\/v2\/product_cat?post=1078"},{"taxonomy":"product_tag","embeddable":true,"href":"https:\/\/22landresidence.com\/63-kim-ma\/wp-json\/wp\/v2\/product_tag?post=1078"},{"taxonomy":"yst_prominent_words","embeddable":true,"href":"https:\/\/22landresidence.com\/63-kim-ma\/wp-json\/wp\/v2\/yst_prominent_words?post=1078"}],"curies":[{"name":"wp","href":"https:\/\/api.w.org\/{rel}","templated":true}]}}