{"id":260,"date":"2019-11-17T08:07:44","date_gmt":"2019-11-17T01:07:44","guid":{"rendered":"https:\/\/22landresidence.com\/63-kim-ma\/?post_type=product&#038;p=260"},"modified":"2023-03-13T15:05:08","modified_gmt":"2023-03-13T08:05:08","slug":"deluxe-twin-sea-view-room","status":"publish","type":"product","link":"https:\/\/22landresidence.com\/63-kim-ma\/room\/deluxe-twin-sea-view-room\/","title":{"rendered":"LUXURY DOUBLE ROOM APARTMENT"},"content":{"rendered":"<div dir=\"auto\">C\u0103n h\u1ed9 Luxury 02 ph\u00f2ng ng\u1ee7 v\u1edbi b\u1ed3n t\u1eafm x\u00e2y<\/div>\n<div dir=\"auto\">(100% c\u00e1c ph\u00f2ng \u0111\u1ec1u c\u00f3 ban c\u00f4ng v\u00e0 \u00e1nh s\u00e1ng t\u1ef1 nhi\u00ean, t\u1ea7m nh\u00ecn kh\u00f4ng gi\u1edbi h\u1ea1n. C\u00e1c ph\u00f2ng \u0111\u01b0\u1ee3c thi\u1ebft k\u1ebf \u0111\u1eb7c bi\u1ec7t, theo phong c\u00e1ch \u0111\u1ecba trung h\u1ea3i k\u1ebft h\u1ee3p c\u1ed5 \u0111i\u1ec3n, h\u00e0nh lang thi\u1ebft k\u1ebf m\u00e1i v\u00f2m ki\u1ec3u Hy L\u1ea1p&#8230;.)<\/div>\n<div dir=\"auto\"><span class=\"pq6dq46d tbxw36s4 knj5qynh kvgmc6g5 ditlmg2l oygrvhab nvdbi5me sf5mxxl7 gl3lb2sf hhz5lgdu\"><img decoding=\"async\" loading=\"lazy\" src=\"https:\/\/static.xx.fbcdn.net\/images\/emoji.php\/v9\/t4b\/2\/16\/1f4cc.png\" alt=\"\ud83d\udccc\" width=\"16\" height=\"16\" \/><\/span> Hai gi\u01b0\u1eddng N\u1eef ho\u00e0ng tho\u1ea3i m\u00e1i<\/div>\n<div dir=\"auto\"><span class=\"pq6dq46d tbxw36s4 knj5qynh kvgmc6g5 ditlmg2l oygrvhab nvdbi5me sf5mxxl7 gl3lb2sf hhz5lgdu\"><img decoding=\"async\" loading=\"lazy\" src=\"https:\/\/static.xx.fbcdn.net\/images\/emoji.php\/v9\/t4b\/2\/16\/1f4cc.png\" alt=\"\ud83d\udccc\" width=\"16\" height=\"16\" \/><\/span>\u00a0B\u00e0n l\u00e0m vi\u1ec7c th\u00f4ng minh<\/div>\n<div dir=\"auto\"><span class=\"pq6dq46d tbxw36s4 knj5qynh kvgmc6g5 ditlmg2l oygrvhab nvdbi5me sf5mxxl7 gl3lb2sf hhz5lgdu\"><img decoding=\"async\" loading=\"lazy\" src=\"https:\/\/static.xx.fbcdn.net\/images\/emoji.php\/v9\/t4b\/2\/16\/1f4cc.png\" alt=\"\ud83d\udccc\" width=\"16\" height=\"16\" \/><\/span>\u00a0B\u1ed3n r\u1eeda m\u1eb7t m\u1edf, nh\u00ecn ra ban c\u00f4ng<\/div>\n<div dir=\"auto\"><span class=\"pq6dq46d tbxw36s4 knj5qynh kvgmc6g5 ditlmg2l oygrvhab nvdbi5me sf5mxxl7 gl3lb2sf hhz5lgdu\"><img decoding=\"async\" loading=\"lazy\" src=\"https:\/\/static.xx.fbcdn.net\/images\/emoji.php\/v9\/t4b\/2\/16\/1f4cc.png\" alt=\"\ud83d\udccc\" width=\"16\" height=\"16\" \/><\/span>\u00a0Ph\u00f2ng t\u1eafm \u0111\u1ee9ng v\u1edbi v\u00f2i hoa sen<\/div>\n<div dir=\"auto\"><span class=\"pq6dq46d tbxw36s4 knj5qynh kvgmc6g5 ditlmg2l oygrvhab nvdbi5me sf5mxxl7 gl3lb2sf hhz5lgdu\"><img decoding=\"async\" loading=\"lazy\" src=\"https:\/\/static.xx.fbcdn.net\/images\/emoji.php\/v9\/t4b\/2\/16\/1f4cc.png\" alt=\"\ud83d\udccc\" width=\"16\" height=\"16\" \/>\u00a0B\u1ed3n t\u1eafm ki\u1ec3u \u0110\u1ecba Trung H\u1ea3i <\/span><\/div>\n<div dir=\"auto\">\u2014\u2014\u2014\u2014\u2014\u2014\u2014\u2014\u2014\u2014\u2014\u2014\u2014\u2014\u2014\u2014\u2014\u2014\u2014\u2014\u2014\u2014\u2014\u2014\u2014\u2014<\/div>\n<div dir=\"auto\"><span class=\"pq6dq46d tbxw36s4 knj5qynh kvgmc6g5 ditlmg2l oygrvhab nvdbi5me sf5mxxl7 gl3lb2sf hhz5lgdu\"><img decoding=\"async\" loading=\"lazy\" src=\"https:\/\/static.xx.fbcdn.net\/images\/emoji.php\/v9\/t4b\/2\/16\/1f4cc.png\" alt=\"\ud83d\udccc\" width=\"16\" height=\"16\" \/><\/span>Cho thu\u00ea theo gi\u1edd : 899k\/2h \u0111\u1ea7u, 100k\/h sau.<\/div>\n<div dir=\"auto\"><span class=\"pq6dq46d tbxw36s4 knj5qynh kvgmc6g5 ditlmg2l oygrvhab nvdbi5me sf5mxxl7 gl3lb2sf hhz5lgdu\"><img decoding=\"async\" loading=\"lazy\" src=\"https:\/\/static.xx.fbcdn.net\/images\/emoji.php\/v9\/t4b\/2\/16\/1f4cc.png\" alt=\"\ud83d\udccc\" width=\"16\" height=\"16\" \/>Gi\u00e1<\/span> \u0111\u00eam: 2540k.<\/div>\n<div dir=\"auto\">\u2014\u2014\u2014\u2014\u2014\u2014\u2014\u2014\u2014\u2014\u2014\u2014\u2014\u2014\u2014\u2014\u2014\u2014\u2014\u2014\u2014\u2014\u2014\u2014\u2014\u2014<\/div>\n<div dir=\"auto\">\n<div dir=\"auto\"><span class=\"pq6dq46d tbxw36s4 knj5qynh kvgmc6g5 ditlmg2l oygrvhab nvdbi5me sf5mxxl7 gl3lb2sf hhz5lgdu\"><img decoding=\"async\" loading=\"lazy\" src=\"https:\/\/static.xx.fbcdn.net\/images\/emoji.php\/v9\/td2\/2\/16\/2714.png\" alt=\"\u2714\ufe0f\" width=\"16\" height=\"16\" \/><\/span>\u00a0Free \u0102n S\u00e1ng g\u1ecdi M\u00f3n Alarcate<\/div>\n<div dir=\"auto\"><span class=\"pq6dq46d tbxw36s4 knj5qynh kvgmc6g5 ditlmg2l oygrvhab nvdbi5me sf5mxxl7 gl3lb2sf hhz5lgdu\"><img decoding=\"async\" loading=\"lazy\" src=\"https:\/\/static.xx.fbcdn.net\/images\/emoji.php\/v9\/td2\/2\/16\/2714.png\" alt=\"\u2714\ufe0f\" width=\"16\" height=\"16\" \/><\/span> T\u1ee7 l\u1ea1nh mini Bar v\u1edbi nhi\u1ec1u \u0111\u1ed3 u\u1ed1ng<\/div>\n<div dir=\"auto\"><span class=\"pq6dq46d tbxw36s4 knj5qynh kvgmc6g5 ditlmg2l oygrvhab nvdbi5me sf5mxxl7 gl3lb2sf hhz5lgdu\"><img decoding=\"async\" loading=\"lazy\" src=\"https:\/\/static.xx.fbcdn.net\/images\/emoji.php\/v9\/td2\/2\/16\/2714.png\" alt=\"\u2714\ufe0f\" width=\"16\" height=\"16\" \/><\/span> Free ph\u00f2ng ng\u00e2m b\u1ed3n Onsen Nh\u1eadt \u1edf t\u1ea7ng h\u1ea7m cho nam gi\u1edbi<\/div>\n<div dir=\"auto\"><span class=\"pq6dq46d tbxw36s4 knj5qynh kvgmc6g5 ditlmg2l oygrvhab nvdbi5me sf5mxxl7 gl3lb2sf hhz5lgdu\"><img decoding=\"async\" loading=\"lazy\" src=\"https:\/\/static.xx.fbcdn.net\/images\/emoji.php\/v9\/td2\/2\/16\/2714.png\" alt=\"\u2714\ufe0f\" width=\"16\" height=\"16\" \/><\/span> Free tr\u00e0, c\u00e0 ph\u00ea v\u00e0 n\u01b0\u1edbc su\u1ed1i h\u1eb1ng ng\u00e0y<\/div>\n<div dir=\"auto\"><span class=\"pq6dq46d tbxw36s4 knj5qynh kvgmc6g5 ditlmg2l oygrvhab nvdbi5me sf5mxxl7 gl3lb2sf hhz5lgdu\"><img decoding=\"async\" loading=\"lazy\" src=\"https:\/\/static.xx.fbcdn.net\/images\/emoji.php\/v9\/td2\/2\/16\/2714.png\" alt=\"\u2714\ufe0f\" width=\"16\" height=\"16\" \/><\/span> Free d\u1ecdn ph\u00f2ng h\u1eb1ng ng\u00e0y<\/div>\n<div dir=\"auto\"><span class=\"pq6dq46d tbxw36s4 knj5qynh kvgmc6g5 ditlmg2l oygrvhab nvdbi5me sf5mxxl7 gl3lb2sf hhz5lgdu\"><img decoding=\"async\" loading=\"lazy\" src=\"https:\/\/static.xx.fbcdn.net\/images\/emoji.php\/v9\/td2\/2\/16\/2714.png\" alt=\"\u2714\ufe0f\" width=\"16\" height=\"16\" \/><\/span> C\u00f3 ch\u1ed7 \u0111\u1ed7 \u00f4 t\u00f4 kh\u00f4ng gi\u1edbi h\u1ea1n<\/div>\n<div dir=\"auto\"><span class=\"pq6dq46d tbxw36s4 knj5qynh kvgmc6g5 ditlmg2l oygrvhab nvdbi5me sf5mxxl7 gl3lb2sf hhz5lgdu\"><img decoding=\"async\" loading=\"lazy\" src=\"https:\/\/static.xx.fbcdn.net\/images\/emoji.php\/v9\/td2\/2\/16\/2714.png\" alt=\"\u2714\ufe0f\" width=\"16\" height=\"16\" \/><\/span> C\u00d3 XU\u1ea4T HO\u00c1 \u0110\u01a0N VAT CHO KH\u00c1CH \u0110I C\u00d4NG T\u00c1C<\/div>\n<\/div>\n<div dir=\"auto\">\u2014\u2014\u2014\u2014\u2014\u2014\u2014\u2014\u2014\u2014\u2014\u2014\u2014\u2014\u2014\u2014\u2014\u2014\u2014\u2014\u2014\u2014\u2014\u2014\u2014\u2014<\/div>\n<div dir=\"auto\"><span class=\"pq6dq46d tbxw36s4 knj5qynh kvgmc6g5 ditlmg2l oygrvhab nvdbi5me sf5mxxl7 gl3lb2sf hhz5lgdu\"><img decoding=\"async\" loading=\"lazy\" src=\"https:\/\/static.xx.fbcdn.net\/images\/emoji.php\/v9\/ta3\/2\/16\/260e.png\" alt=\"\u260e\ufe0f\" width=\"16\" height=\"16\" \/><\/span> Hotline: 078.610.3333 ho\u1eb7c 0765.14.1111<\/div>\n<div dir=\"auto\"><span class=\"pq6dq46d tbxw36s4 knj5qynh kvgmc6g5 ditlmg2l oygrvhab nvdbi5me sf5mxxl7 gl3lb2sf hhz5lgdu\"><img decoding=\"async\" loading=\"lazy\" src=\"https:\/\/static.xx.fbcdn.net\/images\/emoji.php\/v9\/t96\/2\/16\/1f48c.png\" alt=\"\ud83d\udc8c\" width=\"16\" height=\"16\" \/><\/span> 22landresidence@gmail.com<\/div>\n<div dir=\"auto\"><\/div>\n<div dir=\"auto\">\n<h4 data-fontsize=\"18\" data-lineheight=\"30\"><\/h4>\n<\/div>\n","protected":false},"excerpt":{"rendered":"<p>C\u00e1c c\u0103n h\u1ed9 \u0111\u01b0\u1ee3c thi\u1ebft k\u1ebf \u0111\u1eb7c bi\u1ec7t, theo phong c\u00e1ch \u0111\u1ecba trung h\u1ea3i k\u1ebft h\u1ee3p c\u1ed5 \u0111i\u1ec3n, h\u00e0nh lang thi\u1ebft k\u1ebf m\u00e1i v\u00f2m ki\u1ec3u Hy L\u1ea1p&#8230; C\u0103n h\u1ed9 02 ng\u1ee7 c\u00f3 ban c\u00f4ng l\u1edbn v\u00e0 nhi\u1ec1u \u00e1nh s\u00e1ng t\u1ef1 nhi\u00ean, t\u1ea7m nh\u00ecn kh\u00f4ng gi\u1edbi h\u1ea1n, n\u1ed9i th\u1ea5t g\u1ed7 th\u00f4ng minh, \u0111\u1eb7c bi\u1ec7t b\u1ed3n t\u1eafm \u0111\u00e1 \u0110\u1ecba Trung H\u1ea3i. R\u1ea5t th\u00edch h\u1ee3p cho gia \u0111\u00ecnh ho\u1eb7c nh\u00f3m b\u1ea1n tr\u1ebb v\u0103n minh, s\u00e0nh \u0111i\u1ec7u mu\u1ed1n l\u1ef1a ch\u1ecdn cho m\u00ecnh 1 \u0111i\u1ec3m \u0111\u1ebfn thay \u0111\u1ed5i kh\u00f4ng kh\u00ed v\u00e0 trong trung t\u00e2m th\u00e0nh ph\u1ed1.<\/p>\n","protected":false},"featured_media":1054,"comment_status":"open","ping_status":"closed","template":"","meta":[],"product_cat":[22,42,23],"product_tag":[],"yst_prominent_words":[],"acf":[],"_links":{"self":[{"href":"https:\/\/22landresidence.com\/63-kim-ma\/wp-json\/wp\/v2\/product\/260"}],"collection":[{"href":"https:\/\/22landresidence.com\/63-kim-ma\/wp-json\/wp\/v2\/product"}],"about":[{"href":"https:\/\/22landresidence.com\/63-kim-ma\/wp-json\/wp\/v2\/types\/product"}],"replies":[{"embeddable":true,"href":"https:\/\/22landresidence.com\/63-kim-ma\/wp-json\/wp\/v2\/comments?post=260"}],"wp:featuredmedia":[{"embeddable":true,"href":"https:\/\/22landresidence.com\/63-kim-ma\/wp-json\/wp\/v2\/media\/1054"}],"wp:attachment":[{"href":"https:\/\/22landresidence.com\/63-kim-ma\/wp-json\/wp\/v2\/media?parent=260"}],"wp:term":[{"taxonomy":"product_cat","embeddable":true,"href":"https:\/\/22landresidence.com\/63-kim-ma\/wp-json\/wp\/v2\/product_cat?post=260"},{"taxonomy":"product_tag","embeddable":true,"href":"https:\/\/22landresidence.com\/63-kim-ma\/wp-json\/wp\/v2\/product_tag?post=260"},{"taxonomy":"yst_prominent_words","embeddable":true,"href":"https:\/\/22landresidence.com\/63-kim-ma\/wp-json\/wp\/v2\/yst_prominent_words?post=260"}],"curies":[{"name":"wp","href":"https:\/\/api.w.org\/{rel}","templated":true}]}}