{"id":24,"date":"2019-11-16T08:34:22","date_gmt":"2019-11-16T01:34:22","guid":{"rendered":"https:\/\/22landresidence.com\/65trichsai\/?page_id=24"},"modified":"2023-11-21T09:51:33","modified_gmt":"2023-11-21T02:51:33","slug":"gioi-thieu","status":"publish","type":"page","link":"https:\/\/22landresidence.com\/65trichsai\/gioi-thieu\/","title":{"rendered":"Gi\u1edbi thi\u1ec7u"},"content":{"rendered":"<p>\u00a0<\/p>\n<p><strong>Lakeview Apartment &#8211; Kh\u00f4ng gian ngh\u1ec9 d\u01b0\u1ee1ng cao c\u1ea5p ngay t\u1ea1i H\u1ed3 T\u00e2y<\/strong><\/p>\n<p>\u201cT\u1ecda l\u1ea1c b\u00ean b\u1edd H\u1ed3 T\u00e2y th\u01a1 m\u1ed9ng, <strong>Lakeview Apartment<\/strong> l\u00e0 \u0111i\u1ec3m \u0111\u1ebfn l\u00fd t\u01b0\u1edfng cho du kh\u00e1ch trong v\u00e0 ngo\u00e0i n\u01b0\u1edbc. C\u00e1ch s\u00e2n bay N\u1ed9i B\u00e0i ch\u1ec9 30 ph\u00fat v\u00e0 trung t\u00e2m th\u00e0nh ph\u1ed1 15 ph\u00fat, kh\u00e1ch s\u1ea1n mang \u0111\u1ebfn cho du kh\u00e1ch s\u1ef1 thu\u1eadn ti\u1ec7n t\u1ed1i \u0111a trong vi\u1ec7c di chuy\u1ec3n.<\/p>\n<p>Kh\u00e1ch s\u1ea1n \u0111\u01b0\u1ee3c thi\u1ebft k\u1ebf theo phong c\u00e1ch hi\u1ec7n \u0111\u1ea1i, sang tr\u1ecdng v\u1edbi \u0111\u1ea7y \u0111\u1ee7 ti\u1ec7n nghi hi\u1ec7n \u0111\u1ea1i, mang \u0111\u1ebfn cho du kh\u00e1ch m\u1ed9t kh\u00f4ng gian ngh\u1ec9 d\u01b0\u1ee1ng tho\u1ea3i m\u00e1i v\u00e0 th\u01b0 gi\u00e3n. C\u00e1c ph\u00f2ng ngh\u1ec9 r\u1ed9ng r\u00e3i, tho\u00e1ng m\u00e1t v\u1edbi t\u1ea7m nh\u00ecn h\u01b0\u1edbng ra H\u1ed3 T\u00e2y v\u00e0 th\u00e0nh ph\u1ed1. Kh\u00e1ch s\u1ea1n g\u1ea7n r\u1ea5t nhi\u1ec1u khu ti\u1ec7n \u00edch cung c\u1ea5p c\u00e1c d\u1ecbch v\u1ee5 nh\u01b0 nh\u00e0 h\u00e0ng, spa, ph\u00f2ng t\u1eadp gym,&#8230;<span style=\"font-size: 14.4px\">.\u201d<\/span><\/p>\n","protected":false},"excerpt":{"rendered":"<p>\u00a0 Lakeview Apartment &#8211; Kh\u00f4ng gian ngh\u1ec9 d\u01b0\u1ee1ng cao c\u1ea5p ngay t\u1ea1i H\u1ed3 T\u00e2y \u201cT\u1ecda l\u1ea1c b\u00ean b\u1edd H\u1ed3 T\u00e2y th\u01a1 m\u1ed9ng, Lakeview Apartment l\u00e0 \u0111i\u1ec3m \u0111\u1ebfn l\u00fd t\u01b0\u1edfng cho du kh\u00e1ch trong v\u00e0 ngo\u00e0i n\u01b0\u1edbc. C\u00e1ch s\u00e2n bay N\u1ed9i B\u00e0i ch\u1ec9 30 ph\u00fat v\u00e0 trung t\u00e2m th\u00e0nh ph\u1ed1 15 ph\u00fat, kh\u00e1ch s\u1ea1n mang \u0111\u1ebfn &#8230;<\/p>\n","protected":false},"author":2,"featured_media":0,"parent":0,"menu_order":0,"comment_status":"closed","ping_status":"closed","template":"","meta":[],"yst_prominent_words":[],"acf":[],"_links":{"self":[{"href":"https:\/\/22landresidence.com\/65trichsai\/wp-json\/wp\/v2\/pages\/24"}],"collection":[{"href":"https:\/\/22landresidence.com\/65trichsai\/wp-json\/wp\/v2\/pages"}],"about":[{"href":"https:\/\/22landresidence.com\/65trichsai\/wp-json\/wp\/v2\/types\/page"}],"author":[{"embeddable":true,"href":"https:\/\/22landresidence.com\/65trichsai\/wp-json\/wp\/v2\/users\/2"}],"replies":[{"embeddable":true,"href":"https:\/\/22landresidence.com\/65trichsai\/wp-json\/wp\/v2\/comments?post=24"}],"version-history":[{"count":13,"href":"https:\/\/22landresidence.com\/65trichsai\/wp-json\/wp\/v2\/pages\/24\/revisions"}],"predecessor-version":[{"id":1386,"href":"https:\/\/22landresidence.com\/65trichsai\/wp-json\/wp\/v2\/pages\/24\/revisions\/1386"}],"wp:attachment":[{"href":"https:\/\/22landresidence.com\/65trichsai\/wp-json\/wp\/v2\/media?parent=24"}],"wp:term":[{"taxonomy":"yst_prominent_words","embeddable":true,"href":"https:\/\/22landresidence.com\/65trichsai\/wp-json\/wp\/v2\/yst_prominent_words?post=24"}],"curies":[{"name":"wp","href":"https:\/\/api.w.org\/{rel}","templated":true}]}}