{"id":576,"date":"2020-12-04T13:48:07","date_gmt":"2020-12-04T06:48:07","guid":{"rendered":"https:\/\/22landresidence.com\/65trichsai\/?post_type=product&#038;p=576"},"modified":"2023-11-21T10:46:54","modified_gmt":"2023-11-21T03:46:54","slug":"luxury-double-suite-attic-floor","status":"publish","type":"product","link":"https:\/\/22landresidence.com\/65trichsai\/room\/luxury-double-suite-attic-floor\/","title":{"rendered":"Ph\u00f2ng Deluxe Twin (lake view)"},"content":{"rendered":"<div dir=\"auto\">\n<div dir=\"auto\">\n<div dir=\"auto\">\n<div dir=\"auto\">\n<div dir=\"auto\">\n<div dir=\"auto\">\n<div dir=\"auto\">\n<div dir=\"auto\">\n<div dir=\"auto\">\n<div dir=\"auto\">\n<p>Ph\u00f2ng Deluxe Twin (lake view)<\/p>\n<ul>\n<li>Truy\u1ec1n h\u00ecnh mi\u1ec5n ph\u00ed Netflix<\/li>\n<li>\u0110i\u1ec1u khi\u1ec3n m\u00e1t m\u1ebb<\/li>\n<li>T\u1ef1 \u0111\u1ed9ng nh\u1eadn ri\u00eang ph\u00f2ng<\/li>\n<li>N\u01b0\u1edbc s\u1ea1ch mi\u1ec5n ph\u00ed<\/li>\n<li>Thang m\u00e1y , L\u1ec5 t\u00e2n 24\/7, B\u1ea3o v\u1ec7 24\/7<\/li>\n<li>Ch\u1ed7 tr\u1ed1ng \u0111\u1ec3 xe mi\u1ec5n ph\u00ed<\/li>\n<\/ul>\n<p>D\u1ecbch V\u1ee5 C\u0103n H\u1ed9 Cao c\u1ea5p : \u0110\u1eb3ng c\u1ea5p 4 sao, c\u00f3 mi\u1ec5n ph\u00ed n\u01b0\u1edbc u\u1ed1ng, cafe, bimbim, Internet t\u1ed1c \u0111\u1ed9 cao, L\u1ec5 t\u00e2n 24\/7 d\u1ecbch v\u1ee5 chug, Nh\u00e2n vi\u00ean ch\u0103m s\u00f3c tr\u1ef1c tuy\u1ebfn 24\/7 t\u1eadn r\u0103ng.<br \/>\n\u2014\u2014\u2014\u2014\u2014\u2014\u2014\u2014\u2014\u2014\u2014\u2014\u2014\u2014\u2014\u2014\u2013 \u2014\u2014\u2014\u2014\u2014\u2014-<br \/>\n\ud835\udc06\ud835\udc08\ud835\udc00\u0301 \ud835\udc02\ud835\udc07\ud835\udc0e \ud835\udc13\ud835\udc07\ud835\udc14\ud835\udc04\u0302 \ud835\udc0d\ud835\udc06\ud835\udc00\u0306\u0301\ud835\udc0d \ud835\udc07\ud835\udc00\u0323\ud835\udc0d:<br \/>\n\u2013 Gi\u00e1 thu\u00ea 2h \u0111\u1ea7u : 469\/2h \u0111\u1ea7u, c\u00e1c gi\u1edd sau m\u1ed7i gi\u1edd 100k<br \/>\n\u2013 Gi\u00e1 thu\u00ea qua \u0111\u00eam: 779k\/\u0111\u00eam<\/p>\n<p>\u0110i\u1ec1u ki\u1ec7n v\u00e0 ch\u00ednh s\u00e1ch:<br \/>\n\u2013 T\u1ed1i \u0111a 2 ng\u01b0\u1eddi cho 1 ph\u00f2ng<br \/>\n\u2013 Mi\u1ec5n ph\u00ed duy nh\u1ea5t cho 01 tr\u1ebb d\u01b0\u1edbi 6 tu\u1ed5i<br \/>\n\u2013 Tr\u1ebb tr\u00ean 12 tu\u1ed5i ph\u1ee5 thu 200k\/tr\u1ebb\/\u0111\u00eam (t\u1ed1i \u0111a 1 tr\u1ebb)<\/p>\n<p>\u0110\u1ecba ch\u1ec9: S\u1ed1 65 Tr\u00edch S\u00e0i, T\u00e2y H\u1ed3, H\u00e0 N\u1ed9i<br \/>\n_______________________________________<br \/>\nXem h\u1ec7 th\u1ed1ng ph\u00f2ng:<br \/>\n\u2013 Trang web:\u00a0<a href=\"https:\/\/22landresidence.com\/\">https:\/\/22landresidence.com\/\u00a0\u00a0\u00a0\u00a0<\/a><br \/>\nFanpage:\u00a0<a href=\"https:\/\/www.facebook.com\/profile.php?id=61553632083043\">https:\/\/www.facebook.com\/profile.php?id=61553632083043<\/a><br \/>\n\u2013 \u0110\u01b0\u1eddng d\u00e2y n\u00f3ng: 076.514.1111<br \/>\n\u2013 Email:\u00a0lakeviewhotel65@gmail.com<\/p>\n<p>&nbsp;<\/p>\n<\/div>\n<\/div>\n<\/div>\n<\/div>\n<\/div>\n<\/div>\n<\/div>\n<\/div>\n<\/div>\n<\/div>\n","protected":false},"excerpt":{"rendered":"<p>Kh\u00e1ch s\u1ea1n \u0111\u01b0\u1ee3c thi\u1ebft k\u1ebf theo phong c\u00e1ch hi\u1ec7n \u0111\u1ea1i, sang tr\u1ecdng v\u1edbi \u0111\u1ea7y \u0111\u1ee7 ti\u1ec7n nghi hi\u1ec7n \u0111\u1ea1i, mang \u0111\u1ebfn cho du kh\u00e1ch m\u1ed9t kh\u00f4ng gian ngh\u1ec9 d\u01b0\u1ee1ng tho\u1ea3i m\u00e1i v\u00e0 th\u01b0 gi\u00e3n. C\u00e1c ph\u00f2ng ngh\u1ec9 r\u1ed9ng r\u00e3i, tho\u00e1ng m\u00e1t v\u1edbi t\u1ea7m nh\u00ecn h\u01b0\u1edbng ra H\u1ed3 T\u00e2y v\u00e0 th\u00e0nh ph\u1ed1. Kh\u00e1ch s\u1ea1n g\u1ea7n r\u1ea5t nhi\u1ec1u khu ti\u1ec7n \u00edch cung c\u1ea5p c\u00e1c d\u1ecbch v\u1ee5 nh\u01b0 nh\u00e0 h\u00e0ng, spa, ph\u00f2ng t\u1eadp gym,\u2026<\/p>\n","protected":false},"featured_media":1414,"comment_status":"open","ping_status":"closed","template":"","meta":[],"product_cat":[22,23],"product_tag":[],"yst_prominent_words":[],"acf":[],"_links":{"self":[{"href":"https:\/\/22landresidence.com\/65trichsai\/wp-json\/wp\/v2\/product\/576"}],"collection":[{"href":"https:\/\/22landresidence.com\/65trichsai\/wp-json\/wp\/v2\/product"}],"about":[{"href":"https:\/\/22landresidence.com\/65trichsai\/wp-json\/wp\/v2\/types\/product"}],"replies":[{"embeddable":true,"href":"https:\/\/22landresidence.com\/65trichsai\/wp-json\/wp\/v2\/comments?post=576"}],"wp:featuredmedia":[{"embeddable":true,"href":"https:\/\/22landresidence.com\/65trichsai\/wp-json\/wp\/v2\/media\/1414"}],"wp:attachment":[{"href":"https:\/\/22landresidence.com\/65trichsai\/wp-json\/wp\/v2\/media?parent=576"}],"wp:term":[{"taxonomy":"product_cat","embeddable":true,"href":"https:\/\/22landresidence.com\/65trichsai\/wp-json\/wp\/v2\/product_cat?post=576"},{"taxonomy":"product_tag","embeddable":true,"href":"https:\/\/22landresidence.com\/65trichsai\/wp-json\/wp\/v2\/product_tag?post=576"},{"taxonomy":"yst_prominent_words","embeddable":true,"href":"https:\/\/22landresidence.com\/65trichsai\/wp-json\/wp\/v2\/yst_prominent_words?post=576"}],"curies":[{"name":"wp","href":"https:\/\/api.w.org\/{rel}","templated":true}]}}