{"id":301,"date":"2019-11-17T08:22:54","date_gmt":"2019-11-17T01:22:54","guid":{"rendered":"https:\/\/22landresidence.com\/71hangbong\/?page_id=301"},"modified":"2022-05-14T11:31:20","modified_gmt":"2022-05-14T04:31:20","slug":"restaurant","status":"publish","type":"page","link":"https:\/\/22landresidence.com\/71hangbong\/gioi-thieu\/restaurant\/","title":{"rendered":"Restaurant"},"content":{"rendered":"<div class=\"container section-title-container\" ><h2 class=\"section-title section-title-center\"><b><\/b><span class=\"section-title-main\" >Spa & Massage t\u1ea1i Kh\u00e1ch s\u1ea1n c\u1ee7a ch\u00fang t\u00f4i<\/span><b><\/b><\/h2><\/div>\n<p>Spa &amp; Massage c\u1ee7a 22land Residence n\u1eb1m t\u1ea1i t\u1ea7ng h\u1ea7m c\u1ee7a kh\u00e1ch s\u1ea1n, ch\u00fang t\u00f4i ph\u1ee5c v\u1ee5 kh\u00e1ch h\u00e0ng th\u00e2n y\u00eau c\u1ea3 ng\u00e0y t\u1eeb 9am \u0111\u1ebfn 3am h\u00f4m sau, v\u1edbi kh\u00f4ng gian y\u00ean t\u0129nh, h\u01b0\u01a1ng th\u01a1m d\u1ec5 ch\u1ecbu c\u1ee7a tinh d\u1ea7u c\u00f9ng c\u00e1c nh\u00e2n vi\u00ean gi\u1ecfi nh\u1ea5t, nhi\u1ec1u kinh nghi\u1ec7m, \u0111em \u0111\u1ebfn cho kh\u00e1ch h\u00e0ng nh\u1eefng ph\u00fat gi\u00e2y th\u01b0 gi\u00e3n c\u01a1 th\u1ec3 sau nh\u1eefng bu\u1ed5i \u0111i b\u1ed9 th\u0103m quan du l\u1ecbch&#8230;\u00a0<\/p>\n\t<div class=\"img has-hover x md-x lg-x y md-y lg-y\" id=\"image_946807886\">\n\t\t\t\t\t\t\t\t<div class=\"img-inner dark\" >\n\t\t\t<img width=\"6016\" height=\"4016\" src=\"https:\/\/22landresidence.com\/71hangbong\/wp-content\/uploads\/sites\/5\/2022\/05\/DSC_7449-min-scaled.jpg\" class=\"attachment-original size-original\" alt=\"\" decoding=\"async\" loading=\"lazy\" \/>\t\t\t\t\t\t\n\t\t\t\t\t<\/div>\n\t\t\t\t\t\t\t\t\n<style>\n#image_946807886 {\n  width: 100%;\n}\n<\/style>\n\t<\/div>\n\t\n\t<div id=\"gap-1451331651\" class=\"gap-element clearfix\" style=\"display:block; height:auto;\">\n\t\t\n<style>\n#gap-1451331651 {\n  padding-top: 15px;\n}\n<\/style>\n\t<\/div>\n\t\n\t<div class=\"img has-hover x md-x lg-x y md-y lg-y\" id=\"image_367515424\">\n\t\t\t\t\t\t\t\t<div class=\"img-inner dark\" >\n\t\t\t<img width=\"6016\" height=\"4016\" src=\"https:\/\/22landresidence.com\/71hangbong\/wp-content\/uploads\/sites\/5\/2022\/05\/DSC_7464-min-scaled.jpg\" class=\"attachment-original size-original\" alt=\"\" decoding=\"async\" loading=\"lazy\" \/>\t\t\t\t\t\t\n\t\t\t\t\t<\/div>\n\t\t\t\t\t\t\t\t\n<style>\n#image_367515424 {\n  width: 100%;\n}\n<\/style>\n\t<\/div>\n\t\n\t<div id=\"gap-1668332350\" class=\"gap-element clearfix\" style=\"display:block; height:auto;\">\n\t\t\n<style>\n#gap-1668332350 {\n  padding-top: 15px;\n}\n<\/style>\n\t<\/div>\n\t\n\t<div class=\"img has-hover x md-x lg-x y md-y lg-y\" id=\"image_854342434\">\n\t\t\t\t\t\t\t\t<div class=\"img-inner dark\" >\n\t\t\t<img width=\"6016\" height=\"4016\" src=\"https:\/\/22landresidence.com\/71hangbong\/wp-content\/uploads\/sites\/5\/2022\/05\/DSC_7452-min-scaled.jpg\" class=\"attachment-original size-original\" alt=\"\" decoding=\"async\" loading=\"lazy\" \/>\t\t\t\t\t\t\n\t\t\t\t\t<\/div>\n\t\t\t\t\t\t\t\t\n<style>\n#image_854342434 {\n  width: 100%;\n}\n<\/style>\n\t<\/div>\n\t\n","protected":false},"excerpt":{"rendered":"<p>Spa &amp; Massage c\u1ee7a 22land Residence n\u1eb1m t\u1ea1i t\u1ea7ng h\u1ea7m c\u1ee7a kh\u00e1ch s\u1ea1n, ch\u00fang t\u00f4i ph\u1ee5c v\u1ee5 kh\u00e1ch h\u00e0ng th\u00e2n y\u00eau c\u1ea3 ng\u00e0y t\u1eeb 9am \u0111\u1ebfn 3am h\u00f4m sau, v\u1edbi kh\u00f4ng gian y\u00ean t\u0129nh, h\u01b0\u01a1ng th\u01a1m d\u1ec5 ch\u1ecbu c\u1ee7a tinh d\u1ea7u c\u00f9ng c\u00e1c nh\u00e2n vi\u00ean gi\u1ecfi nh\u1ea5t, nhi\u1ec1u kinh nghi\u1ec7m, \u0111em \u0111\u1ebfn cho kh\u00e1ch h\u00e0ng &#8230;<\/p>\n","protected":false},"author":2,"featured_media":0,"parent":24,"menu_order":0,"comment_status":"closed","ping_status":"closed","template":"","meta":[],"yst_prominent_words":[],"acf":[],"_links":{"self":[{"href":"https:\/\/22landresidence.com\/71hangbong\/wp-json\/wp\/v2\/pages\/301"}],"collection":[{"href":"https:\/\/22landresidence.com\/71hangbong\/wp-json\/wp\/v2\/pages"}],"about":[{"href":"https:\/\/22landresidence.com\/71hangbong\/wp-json\/wp\/v2\/types\/page"}],"author":[{"embeddable":true,"href":"https:\/\/22landresidence.com\/71hangbong\/wp-json\/wp\/v2\/users\/2"}],"replies":[{"embeddable":true,"href":"https:\/\/22landresidence.com\/71hangbong\/wp-json\/wp\/v2\/comments?post=301"}],"version-history":[{"count":3,"href":"https:\/\/22landresidence.com\/71hangbong\/wp-json\/wp\/v2\/pages\/301\/revisions"}],"predecessor-version":[{"id":1270,"href":"https:\/\/22landresidence.com\/71hangbong\/wp-json\/wp\/v2\/pages\/301\/revisions\/1270"}],"up":[{"embeddable":true,"href":"https:\/\/22landresidence.com\/71hangbong\/wp-json\/wp\/v2\/pages\/24"}],"wp:attachment":[{"href":"https:\/\/22landresidence.com\/71hangbong\/wp-json\/wp\/v2\/media?parent=301"}],"wp:term":[{"taxonomy":"yst_prominent_words","embeddable":true,"href":"https:\/\/22landresidence.com\/71hangbong\/wp-json\/wp\/v2\/yst_prominent_words?post=301"}],"curies":[{"name":"wp","href":"https:\/\/api.w.org\/{rel}","templated":true}]}}