{"id":578,"date":"2020-12-04T13:48:38","date_gmt":"2020-12-04T06:48:38","guid":{"rendered":"https:\/\/22landresidence.com\/71hangbong\/?post_type=product&#038;p=578"},"modified":"2025-11-04T16:55:06","modified_gmt":"2025-11-04T09:55:06","slug":"luxury-double-room-suite","status":"publish","type":"product","link":"https:\/\/22landresidence.com\/71hangbong\/room\/luxury-double-room-suite\/","title":{"rendered":"DELUXE"},"content":{"rendered":"<div dir=\"auto\">\n<div dir=\"auto\">\n<div dir=\"auto\">\n<div dir=\"auto\">\n<div dir=\"auto\">\n<div dir=\"auto\">\n<div dir=\"auto\">Ph\u00f2ng Deluxe<\/div>\n<div dir=\"auto\">\n<div dir=\"auto\"><\/div>\n<div dir=\"auto\">\n<div dir=\"auto\"><span class=\"pq6dq46d tbxw36s4 knj5qynh kvgmc6g5 ditlmg2l oygrvhab nvdbi5me sf5mxxl7 gl3lb2sf hhz5lgdu\"><img decoding=\"async\" loading=\"lazy\" src=\"https:\/\/static.xx.fbcdn.net\/images\/emoji.php\/v9\/t4b\/2\/16\/1f4cc.png\" alt=\"\ud83d\udccc\" width=\"16\" height=\"16\" \/><\/span> Gi\u01b0\u1eddng Nh\u00e0 vua ho\u1eb7c 1 gi\u01b0\u1eddng N\u1eef ho\u00e0ng<\/div>\n<div dir=\"auto\"><span class=\"pq6dq46d tbxw36s4 knj5qynh kvgmc6g5 ditlmg2l oygrvhab nvdbi5me sf5mxxl7 gl3lb2sf hhz5lgdu\"><img decoding=\"async\" loading=\"lazy\" src=\"https:\/\/static.xx.fbcdn.net\/images\/emoji.php\/v9\/t4b\/2\/16\/1f4cc.png\" alt=\"\ud83d\udccc\" width=\"16\" height=\"16\" \/><\/span>\u00a0B\u00e0n l\u00e0m vi\u1ec7c th\u00f4ng minh<\/div>\n<div dir=\"auto\"><span class=\"pq6dq46d tbxw36s4 knj5qynh kvgmc6g5 ditlmg2l oygrvhab nvdbi5me sf5mxxl7 gl3lb2sf hhz5lgdu\"><img decoding=\"async\" loading=\"lazy\" src=\"https:\/\/static.xx.fbcdn.net\/images\/emoji.php\/v9\/t4b\/2\/16\/1f4cc.png\" alt=\"\ud83d\udccc\" width=\"16\" height=\"16\" \/><\/span>\u00a0Ph\u00f2ng t\u1eafm c\u00f3 b\u1ed3n t\u1eafm r\u1ed9ng<\/div>\n<div dir=\"auto\"><\/div>\n<\/div>\n<div dir=\"auto\">\n<div dir=\"auto\"><span class=\"pq6dq46d tbxw36s4 knj5qynh kvgmc6g5 ditlmg2l oygrvhab nvdbi5me sf5mxxl7 gl3lb2sf hhz5lgdu\"><img decoding=\"async\" loading=\"lazy\" src=\"https:\/\/static.xx.fbcdn.net\/images\/emoji.php\/v9\/t51\/1\/16\/1f449.png\" alt=\"\ud83d\udc49\" width=\"16\" height=\"16\" \/><\/span> V\u1ecb tr\u00ed trung t\u00e2m ph\u1ed1 c\u1ed5, c\u00e1ch H\u1ed3 G\u01b0\u01a1m 2 ph\u00fat \u0111i b\u1ed9. C\u00e1ch ch\u1ee3 \u0111\u00eam 50m thu\u1eadn ti\u1ec7n cho vi\u1ec7c tham quan H\u00e0 N\u1ed9i<\/div>\n<div dir=\"auto\"><span class=\"pq6dq46d tbxw36s4 knj5qynh kvgmc6g5 ditlmg2l oygrvhab nvdbi5me sf5mxxl7 gl3lb2sf hhz5lgdu\"><img decoding=\"async\" loading=\"lazy\" src=\"https:\/\/static.xx.fbcdn.net\/images\/emoji.php\/v9\/t51\/1\/16\/1f449.png\" alt=\"\ud83d\udc49\" width=\"16\" height=\"16\" \/><\/span> D\u1ecbch v\u1ee5 ph\u00f2ng ti\u00eau chu\u1ea9n 4 sao.<\/div>\n<div dir=\"auto\"><span class=\"pq6dq46d tbxw36s4 knj5qynh kvgmc6g5 ditlmg2l oygrvhab nvdbi5me sf5mxxl7 gl3lb2sf hhz5lgdu\"><img decoding=\"async\" loading=\"lazy\" src=\"https:\/\/static.xx.fbcdn.net\/images\/emoji.php\/v9\/t51\/1\/16\/1f449.png\" alt=\"\ud83d\udc49\" width=\"16\" height=\"16\" \/><\/span> L\u1ec5 t\u00e2n 24\/7, ch\u0103m s\u00f3c nhi\u1ec7t t\u00ecnh chu \u0111\u00e1o.<\/div>\n<div dir=\"auto\"><span class=\"pq6dq46d tbxw36s4 knj5qynh kvgmc6g5 ditlmg2l oygrvhab nvdbi5me sf5mxxl7 gl3lb2sf hhz5lgdu\"><img decoding=\"async\" loading=\"lazy\" src=\"https:\/\/static.xx.fbcdn.net\/images\/emoji.php\/v9\/t51\/1\/16\/1f449.png\" alt=\"\ud83d\udc49\" width=\"16\" height=\"16\" \/><\/span> C\u00e1c tour \u0111i du l\u1ecbch H\u1ea1 Long, Sapa&#8230;&#8230;..<\/div>\n<div dir=\"auto\"><span class=\"pq6dq46d tbxw36s4 knj5qynh kvgmc6g5 ditlmg2l oygrvhab nvdbi5me sf5mxxl7 gl3lb2sf hhz5lgdu\"><img decoding=\"async\" loading=\"lazy\" src=\"https:\/\/static.xx.fbcdn.net\/images\/emoji.php\/v9\/t51\/1\/16\/1f449.png\" alt=\"\ud83d\udc49\" width=\"16\" height=\"16\" \/><\/span> Xe \u0111\u01b0a \u0111\u00f3n s\u00e2n bay gi\u00e1 t\u1ed1t nh\u1ea5t.<\/div>\n<div dir=\"auto\"><span class=\"pq6dq46d tbxw36s4 knj5qynh kvgmc6g5 ditlmg2l oygrvhab nvdbi5me sf5mxxl7 gl3lb2sf hhz5lgdu\"><img decoding=\"async\" loading=\"lazy\" src=\"https:\/\/static.xx.fbcdn.net\/images\/emoji.php\/v9\/t51\/1\/16\/1f449.png\" alt=\"\ud83d\udc49\" width=\"16\" height=\"16\" \/><\/span> D\u1ecbch v\u1ee5 Spa , Foot Massage ngay t\u1ea1i Kh\u00e1ch S\u1ea1n.<\/div>\n<div dir=\"auto\"><span class=\"pq6dq46d tbxw36s4 knj5qynh kvgmc6g5 ditlmg2l oygrvhab nvdbi5me sf5mxxl7 gl3lb2sf hhz5lgdu\"><img decoding=\"async\" loading=\"lazy\" src=\"https:\/\/static.xx.fbcdn.net\/images\/emoji.php\/v9\/t6c\/1\/16\/2764.png\" alt=\"\u2764\ufe0f\" width=\"16\" height=\"16\" \/><\/span> Ch\u00fang t\u00f4i n\u00e2ng t\u1ea7m nh\u1eefng tr\u1ea3i nghi\u1ec7m c\u1ee7a b\u1ea1n khi \u0111\u1ebfn v\u1edbi H\u00e0 N\u1ed9i!<\/div>\n<\/div>\n<div dir=\"auto\"><\/div>\n<div dir=\"auto\">\n<div dir=\"auto\">\u2014\u2014\u2014\u2014\u2014\u2014\u2014\u2014\u2014\u2014\u2014\u2014\u2014\u2014\u2014\u2014\u2014\u2014\u2014\u2014\u2014\u2014\u2014\u2014\u2014\u2014<\/div>\n<div dir=\"auto\">\n<div dir=\"auto\">\n<div dir=\"auto\">\n<div dir=\"auto\"><span class=\"pq6dq46d tbxw36s4 knj5qynh kvgmc6g5 ditlmg2l oygrvhab nvdbi5me sf5mxxl7 gl3lb2sf hhz5lgdu\"><img decoding=\"async\" loading=\"lazy\" src=\"https:\/\/static.xx.fbcdn.net\/images\/emoji.php\/v9\/t4b\/2\/16\/1f4cc.png\" alt=\"\ud83d\udccc\" width=\"16\" height=\"16\" \/><\/span>Cho thu\u00ea theo gi\u1edd : 659k\/2h \u0111\u1ea7u, 70k\/h sau.<\/div>\n<div dir=\"auto\"><span class=\"pq6dq46d tbxw36s4 knj5qynh kvgmc6g5 ditlmg2l oygrvhab nvdbi5me sf5mxxl7 gl3lb2sf hhz5lgdu\"><img decoding=\"async\" loading=\"lazy\" src=\"https:\/\/static.xx.fbcdn.net\/images\/emoji.php\/v9\/t4b\/2\/16\/1f4cc.png\" alt=\"\ud83d\udccc\" width=\"16\" height=\"16\" \/>Gi\u00e1<\/span> \u0111\u00eam 1279k.<\/div>\n<\/div>\n<\/div>\n<\/div>\n<div dir=\"auto\">\u2014\u2014\u2014\u2014\u2014\u2014\u2014\u2014\u2014\u2014\u2014\u2014\u2014\u2014\u2014\u2014\u2014\u2014\u2014\u2014\u2014\u2014\u2014\u2014\u2014\u2014<\/div>\n<\/div>\n<div dir=\"auto\">\n<div dir=\"auto\"><span class=\"pq6dq46d tbxw36s4 knj5qynh kvgmc6g5 ditlmg2l oygrvhab nvdbi5me sf5mxxl7 gl3lb2sf hhz5lgdu\"><img decoding=\"async\" loading=\"lazy\" src=\"https:\/\/static.xx.fbcdn.net\/images\/emoji.php\/v9\/t40\/1\/16\/1f4a5.png\" alt=\"\ud83d\udca5\" width=\"16\" height=\"16\" \/><\/span>Gi\u00e1 bao g\u1ed3m:<\/div>\n<div dir=\"auto\"><span class=\"pq6dq46d tbxw36s4 knj5qynh kvgmc6g5 ditlmg2l oygrvhab nvdbi5me sf5mxxl7 gl3lb2sf hhz5lgdu\"><img decoding=\"async\" loading=\"lazy\" src=\"https:\/\/static.xx.fbcdn.net\/images\/emoji.php\/v9\/t6c\/1\/16\/2764.png\" alt=\"\u2764\" width=\"16\" height=\"16\" \/>\u00a0<\/span>Mi\u1ec5n ph\u00ed n\u00e2ng c\u1ea5p h\u1ea1ng ph\u00f2ng (tu\u1ef3 thu\u1ed9c v\u00e0o t\u00ecnh tr\u1ea1ng ph\u00f2ng t\u1ea1i th\u1eddi \u0111i\u1ec3m)<\/div>\n<div dir=\"auto\"><span class=\"pq6dq46d tbxw36s4 knj5qynh kvgmc6g5 ditlmg2l oygrvhab nvdbi5me sf5mxxl7 gl3lb2sf hhz5lgdu\"><img decoding=\"async\" loading=\"lazy\" src=\"https:\/\/static.xx.fbcdn.net\/images\/emoji.php\/v9\/t6c\/1\/16\/2764.png\" alt=\"\u2764\ufe0f\" width=\"16\" height=\"16\" \/><\/span> Ph\u00ed d\u1ecbch v\u1ee5<\/div>\n<div dir=\"auto\">\u0110i\u1ec1u ki\u1ec7n v\u00e0 ch\u00ednh s\u00e1ch:<\/div>\n<div dir=\"auto\">&#8211; \u00c1p d\u1ee5ng cho ph\u00f2ng 2 ng\u01b0\u1eddi tr\u1edf l\u00ean.<\/div>\n<div dir=\"auto\">&#8211; Mi\u1ec5n ph\u00ed duy nh\u1ea5t cho 01 tr\u1ebb d\u01b0\u1edbi 6 tu\u1ed5i<\/div>\n<div dir=\"auto\">&#8211; Tr\u1ebb tr\u00ean 12 tu\u1ed5i ph\u1ee5 thu VND 100k\/tr\u1ebb\/\u0111\u00eam (t\u1ed1i \u0111a 1 tr\u1ebb), bao g\u1ed3m gi\u01b0\u1eddng ph\u1ee5<\/div>\n<div dir=\"auto\"><\/div>\n<div dir=\"auto\"><span class=\"pq6dq46d tbxw36s4 knj5qynh kvgmc6g5 ditlmg2l oygrvhab nvdbi5me sf5mxxl7 gl3lb2sf hhz5lgdu\"><img decoding=\"async\" loading=\"lazy\" src=\"https:\/\/static.xx.fbcdn.net\/images\/emoji.php\/v9\/tf6\/1\/16\/1f3e0.png\" alt=\"\ud83c\udfe0\" width=\"16\" height=\"16\" \/><\/span>\u0110\u1ecba ch\u1ec9: S\u1ed1 71 ph\u1ed1 H\u00e0ng B\u00f4ng, Qu\u1eadn Ho\u00e0n Ki\u1ebfm- H\u00e0 N\u1ed9i<\/div>\n<div dir=\"auto\">_______________________________________<\/div>\n<div dir=\"auto\"><span class=\"pq6dq46d tbxw36s4 knj5qynh kvgmc6g5 ditlmg2l oygrvhab nvdbi5me sf5mxxl7 gl3lb2sf hhz5lgdu\"><img decoding=\"async\" loading=\"lazy\" src=\"https:\/\/static.xx.fbcdn.net\/images\/emoji.php\/v9\/t22\/1\/16\/260e.png\" alt=\"\u260e\ufe0f\" width=\"16\" height=\"16\" \/><\/span>Li\u00ean h\u1ec7 \u0111\u1eb7t ph\u00f2ng:<\/div>\n<div dir=\"auto\">&#8211; Website: <a class=\"oajrlxb2 g5ia77u1 qu0x051f esr5mh6w e9989ue4 r7d6kgcz rq0escxv nhd2j8a9 nc684nl6 p7hjln8o kvgmc6g5 cxmmr5t8 oygrvhab hcukyx3x jb3vyjys rz4wbd8a qt6c0cv9 a8nywdso i1ao9s8h esuyzwwr f1sip0of lzcic4wl gpro0wi8 py34i1dx\" role=\"link\" href=\"https:\/\/22landresidence.com\/?fbclid=IwAR1lzxrg5x_xXkxb7MyP2_J5fm8UUG1ifnMgRl0-P4O8DwXgJssD1aGTFYY\" target=\"_blank\" rel=\"nofollow noopener\">https:\/\/22landresidence.com\/<\/a><\/div>\n<div dir=\"auto\">&#8211; Hotline: 076.924.6666<\/div>\n<div dir=\"auto\">&#8211; Email : 22landresidence71hangbong@gmail.com<\/div>\n<\/div>\n<div dir=\"auto\"><\/div>\n<\/div>\n<\/div>\n<\/div>\n<\/div>\n<\/div>\n<\/div>\n<\/div>\n<div dir=\"auto\">\n<h4 data-fontsize=\"18\" data-lineheight=\"30\"><\/h4>\n<\/div>\n","protected":false},"excerpt":{"rendered":"<p>Ph\u00f2ng Deluxe Gi\u01b0\u1eddng Nh\u00e0 vua ho\u1eb7c 1 gi\u01b0\u1eddng N\u1eef ho\u00e0ng \u00a0B\u00e0n l\u00e0m vi\u1ec7c th\u00f4ng minh \u00a0Ph\u00f2ng t\u1eafm c\u00f3 b\u1ed3n t\u1eafm r\u1ed9ng V\u1ecb tr\u00ed trung t\u00e2m ph\u1ed1 c\u1ed5, c\u00e1ch H\u1ed3 G\u01b0\u01a1m 2 ph\u00fat \u0111i b\u1ed9. C\u00e1ch ch\u1ee3 \u0111\u00eam 50m thu\u1eadn ti\u1ec7n cho vi\u1ec7c tham quan H\u00e0 N\u1ed9i D\u1ecbch v\u1ee5 ph\u00f2ng ti\u00eau chu\u1ea9n 4 sao. L\u1ec5 t\u00e2n &#8230;<\/p>\n","protected":false},"featured_media":1319,"comment_status":"open","ping_status":"closed","template":"","meta":[],"product_cat":[22,23],"product_tag":[],"yst_prominent_words":[],"acf":[],"_links":{"self":[{"href":"https:\/\/22landresidence.com\/71hangbong\/wp-json\/wp\/v2\/product\/578"}],"collection":[{"href":"https:\/\/22landresidence.com\/71hangbong\/wp-json\/wp\/v2\/product"}],"about":[{"href":"https:\/\/22landresidence.com\/71hangbong\/wp-json\/wp\/v2\/types\/product"}],"replies":[{"embeddable":true,"href":"https:\/\/22landresidence.com\/71hangbong\/wp-json\/wp\/v2\/comments?post=578"}],"wp:featuredmedia":[{"embeddable":true,"href":"https:\/\/22landresidence.com\/71hangbong\/wp-json\/wp\/v2\/media\/1319"}],"wp:attachment":[{"href":"https:\/\/22landresidence.com\/71hangbong\/wp-json\/wp\/v2\/media?parent=578"}],"wp:term":[{"taxonomy":"product_cat","embeddable":true,"href":"https:\/\/22landresidence.com\/71hangbong\/wp-json\/wp\/v2\/product_cat?post=578"},{"taxonomy":"product_tag","embeddable":true,"href":"https:\/\/22landresidence.com\/71hangbong\/wp-json\/wp\/v2\/product_tag?post=578"},{"taxonomy":"yst_prominent_words","embeddable":true,"href":"https:\/\/22landresidence.com\/71hangbong\/wp-json\/wp\/v2\/yst_prominent_words?post=578"}],"curies":[{"name":"wp","href":"https:\/\/api.w.org\/{rel}","templated":true}]}}