{"id":24,"date":"2019-11-16T08:34:22","date_gmt":"2019-11-16T01:34:22","guid":{"rendered":"https:\/\/22landresidence.com\/75-tran-thai-tong\/?page_id=24"},"modified":"2023-11-30T11:53:35","modified_gmt":"2023-11-30T04:53:35","slug":"gioi-thieu","status":"publish","type":"page","link":"https:\/\/22landresidence.com\/75-tran-thai-tong\/gioi-thieu\/","title":{"rendered":"Gi\u1edbi thi\u1ec7u"},"content":{"rendered":"<p data-sourcepos=\"1:1-1:65\"><strong>Kh\u00e1ch s\u1ea1n 22land residence classic suite &#8211; N\u01a1i l\u01b0u tr\u00fa \u0111\u1eb3ng c\u1ea5p, gi\u00e1 c\u1ea3 h\u1ee3p l\u00fd<\/strong><\/p>\n<p data-sourcepos=\"3:1-3:264\">Kh\u00e1ch s\u1ea1n <strong>22land residence classic suite\u00a0 <\/strong>t\u1ecda l\u1ea1c t\u1ea1i Tr\u1ea7n Th\u00e1i T\u00f4ng, ph\u01b0\u1eddng D\u1ecbch V\u1ecdng H\u1eadu, qu\u1eadn C\u1ea7u Gi\u1ea5y, H\u00e0 N\u1ed9i. \u0110\u00e2y l\u00e0 m\u1ed9t kh\u00e1ch s\u1ea1n 3 sao m\u1edbi khai tr\u01b0\u01a1ng, \u0111\u01b0\u1ee3c thi\u1ebft k\u1ebf theo phong c\u00e1ch hi\u1ec7n \u0111\u1ea1i, sang tr\u1ecdng, v\u1edbi \u0111\u1ea7y \u0111\u1ee7 ti\u1ec7n nghi hi\u1ec7n \u0111\u1ea1i, \u0111\u00e1p \u1ee9ng m\u1ecdi nhu c\u1ea7u c\u1ee7a du kh\u00e1ch.<\/p>\n<p data-sourcepos=\"5:1-5:216\">Kh\u00e1ch s\u1ea1n c\u00f3 v\u1ecb tr\u00ed thu\u1eadn ti\u1ec7n, g\u1ea7n c\u00e1c \u0111\u1ecba \u0111i\u1ec3m tham quan n\u1ed5i ti\u1ebfng c\u1ee7a H\u00e0 N\u1ed9i nh\u01b0 H\u1ed3 Ho\u00e0n Ki\u1ebfm, V\u0103n Mi\u1ebfu &#8211; Qu\u1ed1c T\u1eed Gi\u00e1m, L\u0103ng Ch\u1ee7 t\u1ecbch H\u1ed3 Ch\u00ed Minh,&#8230; Ph\u00f2ng \u1ed1c c\u1ee7a kh\u00e1ch s\u1ea1n \u0111\u01b0\u1ee3c trang b\u1ecb \u0111\u1ea7y \u0111\u1ee7 ti\u1ec7n nghi, bao g\u1ed3m:<\/p>\n<ul data-sourcepos=\"7:1-14:0\">\n<li data-sourcepos=\"7:1-7:19\">\u0110i\u1ec1u h\u00f2a nhi\u1ec7t \u0111\u1ed9<\/li>\n<li data-sourcepos=\"8:1-8:21\">Tivi m\u00e0n h\u00ecnh ph\u1eb3ng<\/li>\n<li data-sourcepos=\"9:1-9:21\">Internet t\u1ed1c \u0111\u1ed9 cao<\/li>\n<li data-sourcepos=\"10:1-10:12\">\u0110i\u1ec7n tho\u1ea1i<\/li>\n<li data-sourcepos=\"11:1-11:13\">K\u00e9t an to\u00e0n<\/li>\n<li data-sourcepos=\"12:1-12:14\">B\u00e0n l\u00e0m vi\u1ec7c<\/li>\n<li data-sourcepos=\"13:1-14:0\">Ph\u00f2ng t\u1eafm ri\u00eang v\u1edbi b\u1ed3n t\u1eafm ho\u1eb7c v\u00f2i sen<\/li>\n<\/ul>\n<p data-sourcepos=\"15:1-15:137\">Ph\u00f2ng \u1ed1c c\u1ee7a kh\u00e1ch s\u1ea1n \u0111\u01b0\u1ee3c thi\u1ebft k\u1ebf theo phong c\u00e1ch t\u1ed1i gi\u1ea3n, v\u1edbi t\u00f4ng m\u00e0u tr\u1eafng ch\u1ee7 \u0111\u1ea1o, t\u1ea1o c\u1ea3m gi\u00e1c th\u01b0 th\u00e1i, tho\u1ea3i m\u00e1i cho du kh\u00e1ch.<\/p>\n<p data-sourcepos=\"17:1-17:58\">Ngo\u00e0i ra, kh\u00e1ch s\u1ea1n c\u00f2n cung c\u1ea5p c\u00e1c d\u1ecbch v\u1ee5 ti\u1ec7n \u00edch nh\u01b0:<\/p>\n<ul data-sourcepos=\"19:1-24:0\">\n<li data-sourcepos=\"19:1-19:19\">B\u1ec3 b\u01a1i ngo\u00e0i tr\u1eddi<\/li>\n<li data-sourcepos=\"20:1-20:10\">Nh\u00e0 h\u00e0ng<\/li>\n<li data-sourcepos=\"21:1-21:10\">Qu\u1ea7y bar<\/li>\n<li data-sourcepos=\"22:1-22:17\">D\u1ecbch v\u1ee5 gi\u1eb7t \u1ee7i<\/li>\n<li data-sourcepos=\"23:1-24:0\">D\u1ecbch v\u1ee5 \u0111\u01b0a \u0111\u00f3n s\u00e2n bay<\/li>\n<\/ul>\n<p data-sourcepos=\"25:1-25:180\">V\u1edbi nh\u1eefng \u01b0u \u0111i\u1ec3m tr\u00ean, kh\u00e1ch s\u1ea1n <strong>22land residence classic suite <\/strong> l\u00e0 m\u1ed9t l\u1ef1a ch\u1ecdn l\u00fd t\u01b0\u1edfng cho du kh\u00e1ch khi \u0111\u1ebfn H\u00e0 N\u1ed9i, \u0111\u1eb7c bi\u1ec7t l\u00e0 nh\u1eefng du kh\u00e1ch y\u00eau th\u00edch s\u1ef1 sang tr\u1ecdng, \u0111\u1eb3ng c\u1ea5p v\u00e0 gi\u00e1 c\u1ea3 h\u1ee3p l\u00fd.<\/p>\n<p data-sourcepos=\"27:1-27:35\"><strong>Li\u00ean h\u1ec7 \u0111\u1eb7t ph\u00f2ng: 086 9841388<\/strong><\/p>\n","protected":false},"excerpt":{"rendered":"<p>Kh\u00e1ch s\u1ea1n 22land residence classic suite &#8211; N\u01a1i l\u01b0u tr\u00fa \u0111\u1eb3ng c\u1ea5p, gi\u00e1 c\u1ea3 h\u1ee3p l\u00fd Kh\u00e1ch s\u1ea1n 22land residence classic suite\u00a0 t\u1ecda l\u1ea1c t\u1ea1i Tr\u1ea7n Th\u00e1i T\u00f4ng, ph\u01b0\u1eddng D\u1ecbch V\u1ecdng H\u1eadu, qu\u1eadn C\u1ea7u Gi\u1ea5y, H\u00e0 N\u1ed9i. \u0110\u00e2y l\u00e0 m\u1ed9t kh\u00e1ch s\u1ea1n 3 sao m\u1edbi khai tr\u01b0\u01a1ng, \u0111\u01b0\u1ee3c thi\u1ebft k\u1ebf theo phong c\u00e1ch hi\u1ec7n \u0111\u1ea1i, &#8230;<\/p>\n","protected":false},"author":2,"featured_media":0,"parent":0,"menu_order":0,"comment_status":"closed","ping_status":"closed","template":"","meta":[],"yst_prominent_words":[],"acf":[],"_links":{"self":[{"href":"https:\/\/22landresidence.com\/75-tran-thai-tong\/wp-json\/wp\/v2\/pages\/24"}],"collection":[{"href":"https:\/\/22landresidence.com\/75-tran-thai-tong\/wp-json\/wp\/v2\/pages"}],"about":[{"href":"https:\/\/22landresidence.com\/75-tran-thai-tong\/wp-json\/wp\/v2\/types\/page"}],"author":[{"embeddable":true,"href":"https:\/\/22landresidence.com\/75-tran-thai-tong\/wp-json\/wp\/v2\/users\/2"}],"replies":[{"embeddable":true,"href":"https:\/\/22landresidence.com\/75-tran-thai-tong\/wp-json\/wp\/v2\/comments?post=24"}],"version-history":[{"count":12,"href":"https:\/\/22landresidence.com\/75-tran-thai-tong\/wp-json\/wp\/v2\/pages\/24\/revisions"}],"predecessor-version":[{"id":1368,"href":"https:\/\/22landresidence.com\/75-tran-thai-tong\/wp-json\/wp\/v2\/pages\/24\/revisions\/1368"}],"wp:attachment":[{"href":"https:\/\/22landresidence.com\/75-tran-thai-tong\/wp-json\/wp\/v2\/media?parent=24"}],"wp:term":[{"taxonomy":"yst_prominent_words","embeddable":true,"href":"https:\/\/22landresidence.com\/75-tran-thai-tong\/wp-json\/wp\/v2\/yst_prominent_words?post=24"}],"curies":[{"name":"wp","href":"https:\/\/api.w.org\/{rel}","templated":true}]}}