{"id":1486,"date":"2024-10-02T14:16:46","date_gmt":"2024-10-02T07:16:46","guid":{"rendered":"https:\/\/22landresidence.com\/75-tran-thai-tong\/?post_type=product&#038;p=1486"},"modified":"2025-09-15T15:38:26","modified_gmt":"2025-09-15T08:38:26","slug":"phong-deluxe-twin","status":"publish","type":"product","link":"https:\/\/22landresidence.com\/75-tran-thai-tong\/room\/phong-deluxe-twin\/","title":{"rendered":"Ph\u00f2ng Deluxe Twin"},"content":{"rendered":"<p>Ph\u00f2ng Deluxe Twin:<\/p>\n<p>Truy\u1ec1n h\u00ecnh Internet mi\u1ec5n ph\u00ed, Netflix t\u1ed1c \u0111\u1ed9 cao<br \/>\n\u0110i\u1ec1u h\u00f2a hi\u1ec7n \u0111\u1ea1i<br \/>\nT\u1ef1 \u0111\u1ed9ng nh\u1eadn di\u1ec7n \u0111i\u1ec7n v\u1edbi th\u1ebb t\u1eeb ri\u00eang t\u1eebng ph\u00f2ng<br \/>\nN\u01b0\u1edbc su\u1ed1i, tr\u00e0, cafe mi\u1ec5n ph\u00ed<br \/>\nThang m\u00e1y hi\u1ec7n \u0111\u1ea1i, nhanh ch\u00f3ng, L\u1ec5 t\u00e2n, B\u1ea3o v\u1ec7 24\/7<br \/>\nKhu v\u1ef1c \u0111\u1ec3 xe m\u00e1y, \u00f4 t\u00f4 mi\u1ec5n ph\u00ed<br \/>\nD\u1ecbch V\u1ee5 Cao c\u1ea5p: \u0110\u1eb3ng c\u1ea5p 3 sao, c\u00f3 mi\u1ec5n ph\u00ed b\u1eefa s\u00e1ng buffet, mi\u1ec5n ph\u00ed s\u1eed d\u1ee5ng ph\u00f2ng gym,&#8230;<br \/>\n\u2014\u2014\u2014\u2014\u2014\u2014\u2014\u2014\u2014\u2014\u2014\u2014\u2014\u2014\u2014\u2014\u2013 \u2014\u2014\u2014\u2014\u2014\u2014-<br \/>\n\ud835\udc06\ud835\udc08\ud835\udc00\u0301 \ud835\udc02\ud835\udc07\ud835\udc0e \ud835\udc13\ud835\udc07\ud835\udc14\ud835\udc04\u0302 \ud835\udc0d\ud835\udc06\ud835\udc00\u0306\u0301\ud835\udc0d \ud835\udc07\ud835\udc00\u0323\ud835\udc0d:<br \/>\n\u2013 Gi\u00e1 thu\u00ea 2h \u0111\u1ea7u: 599k\/2h \u0111\u1ea7u, c\u00e1c gi\u1edd sau m\u1ed7i gi\u1edd 100k<br \/>\n\u2013 Gi\u00e1 thu\u00ea qua \u0111\u00eam: 849k\/\u0111\u00eam<\/p>\n<p>\u0110i\u1ec1u ki\u1ec7n v\u00e0 ch\u00ednh s\u00e1ch ph\u00f2ng:<br \/>\n\u2013 T\u1ed1i \u0111a 2 ng\u01b0\u1eddi cho 1 ph\u00f2ng<br \/>\n\u2013 Mi\u1ec5n ph\u00ed cho 01 tr\u1ebb d\u01b0\u1edbi 6 tu\u1ed5i<br \/>\n\u2013 Tr\u1ebb tr\u00ean 6 tu\u1ed5i ph\u1ee5 thu 200k\/tr\u1ebb\/\u0111\u00eam (t\u1ed1i \u0111a 1 tr\u1ebb)<\/p>\n<p>\u0110\u1ecba ch\u1ec9: s\u1ed1 35 ng\u00f5 75 Tr\u1ea7n Th\u00e1i T\u00f4ng,C\u1ea7u Gi\u1ea5y, H\u00e0 N\u1ed9i<br \/>\n_______________________________________<br \/>\nXem h\u1ec7 th\u1ed1ng ph\u00f2ng:<br \/>\n\u2013 Trang web: <a href=\"https:\/\/22landresidence.com\/\">https:\/\/22landresidence.com\/<\/a><br \/>\nFanpage: <a href=\"https:\/\/www.facebook.com\/profile.php?id=61553998626082\">https:\/\/www.facebook.com\/profile.php?id=61553998626082<\/a><br \/>\n\u2013 \u0110\u01b0\u1eddng d\u00e2y n\u00f3ng: 086 9841388 \u2013 Email: sale01.22landclassicsuite@gmail.com<\/p>\n","protected":false},"excerpt":{"rendered":"<p>Ph\u00f2ng Deluxe Twin: Truy\u1ec1n h\u00ecnh Internet mi\u1ec5n ph\u00ed, Netflix t\u1ed1c \u0111\u1ed9 cao \u0110i\u1ec1u h\u00f2a hi\u1ec7n \u0111\u1ea1i T\u1ef1 \u0111\u1ed9ng nh\u1eadn di\u1ec7n \u0111i\u1ec7n v\u1edbi th\u1ebb t\u1eeb ri\u00eang t\u1eebng ph\u00f2ng N\u01b0\u1edbc su\u1ed1i, tr\u00e0, cafe mi\u1ec5n ph\u00ed Thang m\u00e1y hi\u1ec7n \u0111\u1ea1i, nhanh ch\u00f3ng, L\u1ec5 t\u00e2n, B\u1ea3o v\u1ec7 24\/7 Khu v\u1ef1c \u0111\u1ec3 xe m\u00e1y, \u00f4 t\u00f4 mi\u1ec5n ph\u00ed D\u1ecbch V\u1ee5 &#8230;<\/p>\n","protected":false},"featured_media":1487,"comment_status":"open","ping_status":"closed","template":"","meta":[],"product_cat":[42,23],"product_tag":[43,44],"yst_prominent_words":[],"acf":[],"_links":{"self":[{"href":"https:\/\/22landresidence.com\/75-tran-thai-tong\/wp-json\/wp\/v2\/product\/1486"}],"collection":[{"href":"https:\/\/22landresidence.com\/75-tran-thai-tong\/wp-json\/wp\/v2\/product"}],"about":[{"href":"https:\/\/22landresidence.com\/75-tran-thai-tong\/wp-json\/wp\/v2\/types\/product"}],"replies":[{"embeddable":true,"href":"https:\/\/22landresidence.com\/75-tran-thai-tong\/wp-json\/wp\/v2\/comments?post=1486"}],"wp:featuredmedia":[{"embeddable":true,"href":"https:\/\/22landresidence.com\/75-tran-thai-tong\/wp-json\/wp\/v2\/media\/1487"}],"wp:attachment":[{"href":"https:\/\/22landresidence.com\/75-tran-thai-tong\/wp-json\/wp\/v2\/media?parent=1486"}],"wp:term":[{"taxonomy":"product_cat","embeddable":true,"href":"https:\/\/22landresidence.com\/75-tran-thai-tong\/wp-json\/wp\/v2\/product_cat?post=1486"},{"taxonomy":"product_tag","embeddable":true,"href":"https:\/\/22landresidence.com\/75-tran-thai-tong\/wp-json\/wp\/v2\/product_tag?post=1486"},{"taxonomy":"yst_prominent_words","embeddable":true,"href":"https:\/\/22landresidence.com\/75-tran-thai-tong\/wp-json\/wp\/v2\/yst_prominent_words?post=1486"}],"curies":[{"name":"wp","href":"https:\/\/api.w.org\/{rel}","templated":true}]}}