{"id":24,"date":"2019-11-16T08:34:22","date_gmt":"2019-11-16T01:34:22","guid":{"rendered":"https:\/\/22landresidence.com\/821dichvonghau\/?page_id=24"},"modified":"2024-09-23T15:20:01","modified_gmt":"2024-09-23T08:20:01","slug":"gioi-thieu","status":"publish","type":"page","link":"https:\/\/22landresidence.com\/821dichvonghau\/gioi-thieu\/","title":{"rendered":"Gi\u1edbi thi\u1ec7u"},"content":{"rendered":"<h1 id=\"hotel__title\">22Land Heritage Hotel &amp; Retreat<\/h1>\n<div class=\"hotel-info-detail\">\n<div class=\"avatar-gutter ng-tns-c658400406-22 ng-star-inserted\">\n<div class=\"resize-observable\">\u00a0<\/div>\n<\/div>\n<div class=\"response-container-content ng-tns-c658400406-22\">\n<div class=\"response-content ng-tns-c658400406-22\">\n<div class=\"markdown markdown-main-panel\" dir=\"ltr\">\n<h2 class=\"\" data-sourcepos=\"1:1-1:77\"><em><strong>22Land Heritage Hotel &amp; Retreat: N\u01a1i Giao Thoa Gi\u1eefa Di S\u1ea3n V\u00e0 Hi\u1ec7n \u0110\u1ea1i<\/strong><\/em><\/h2>\n<p data-sourcepos=\"3:1-3:23\"><strong>\u1ea8n m\u00ecnh trong con ng\u00f5 nh\u1ecf thanh b\u00ecnh gi\u1eefa l\u00f2ng th\u1ee7 \u0111\u00f4 s\u00f4i \u0111\u1ed9ng, 22Land Heritage Hotel &amp; Retreat<\/strong> nh\u01b0 m\u1ed9t vi\u00ean ng\u1ecdc qu\u00fd t\u1ecfa s\u00e1ng, mang \u0111\u1ebfn cho du kh\u00e1ch m\u1ed9t kh\u00f4ng gian l\u01b0u tr\u00fa \u0111\u1ed9c \u0111\u00e1o v\u00e0 \u0111\u1ea7y c\u1ea3m x\u00fac. N\u01a1i \u0111\u00e2y l\u00e0 s\u1ef1 k\u1ebft h\u1ee3p ho\u00e0n h\u1ea3o gi\u1eefa ki\u1ebfn tr\u00fac c\u1ed5 \u0111i\u1ec3n Ph\u00e1p tinh t\u1ebf v\u00e0 n\u1ed9i th\u1ea5t hi\u1ec7n \u0111\u1ea1i sang tr\u1ecdng, h\u1ee9a h\u1eb9n mang \u0111\u1ebfn cho qu\u00fd kh\u00e1ch nh\u1eefng tr\u1ea3i nghi\u1ec7m kh\u00f3 qu\u00ean.<\/p>\n<p data-sourcepos=\"5:1-5:51\"><strong>B\u01b0\u1edbc ch\u00e2n v\u00e0o 22Land Heritage Hotel &amp; Retreat<\/strong>, qu\u00fd kh\u00e1ch nh\u01b0 l\u1ea1c b\u01b0\u1edbc v\u00e0o m\u1ed9t th\u1ebf gi\u1edbi kh\u00e1c, n\u01a1i th\u1eddi gian nh\u01b0 l\u1eafng \u0111\u1ecdng, m\u1ecdi \u1ed3n \u00e0o n\u00e1o nhi\u1ec7t c\u1ee7a ph\u1ed1 th\u1ecb tan bi\u1ebfn. Ki\u1ebfn tr\u00fac c\u1ed5 \u0111i\u1ec3n Ph\u00e1p v\u1edbi nh\u1eefng \u0111\u01b0\u1eddng n\u00e9t thanh l\u1ecbch, hoa v\u0103n tinh x\u1ea3o c\u00f9ng m\u00e1i ng\u00f3i \u0111\u1ecf t\u01b0\u01a1i r\u1ef1c r\u1ee1 t\u1ea1o n\u00ean m\u1ed9t v\u1ebb \u0111\u1eb9p ki\u00eau sa v\u00e0 \u0111\u1ea7y l\u00f4i cu\u1ed1n. B\u00ean trong, n\u1ed9i th\u1ea5t \u0111\u01b0\u1ee3c b\u00e0i tr\u00ed m\u1ed9t c\u00e1ch sang tr\u1ecdng v\u00e0 tinh t\u1ebf, v\u1edbi nh\u1eefng gam m\u00e0u \u1ea5m \u00e1p, h\u00e0i h\u00f2a, t\u1ea1o c\u1ea3m gi\u00e1c \u1ea5m c\u00fang v\u00e0 th\u01b0 gi\u00e3n.<\/p>\n<p data-sourcepos=\"7:1-7:369\"><strong>M\u1ed7i ph\u00f2ng ngh\u1ec9 t\u1ea1i 22Land Heritage Hotel &amp; Retreat<\/strong> \u0111\u1ec1u l\u00e0 m\u1ed9t t\u00e1c ph\u1ea9m ngh\u1ec7 thu\u1eadt \u0111\u1ed9c \u0111\u00e1o, \u0111\u01b0\u1ee3c trang b\u1ecb \u0111\u1ea7y \u0111\u1ee7 ti\u1ec7n nghi hi\u1ec7n \u0111\u1ea1i \u0111\u1ec3 \u0111\u00e1p \u1ee9ng m\u1ecdi nhu c\u1ea7u c\u1ee7a qu\u00fd kh\u00e1ch. T\u1eeb nh\u1eefng chi\u1ebfc gi\u01b0\u1eddng \u00eam \u00e1i v\u1edbi n\u1ec7m cao c\u1ea5p, \u0111\u1ebfn nh\u1eefng b\u1ed9 b\u00e0n gh\u1ebf sang tr\u1ecdng v\u00e0 ph\u00f2ng t\u1eafm r\u1ed9ng r\u00e3i v\u1edbi b\u1ed3n t\u1eafm massage, t\u1ea5t c\u1ea3 \u0111\u1ec1u mang \u0111\u1ebfn cho qu\u00fd kh\u00e1ch c\u1ea3m gi\u00e1c tho\u1ea3i m\u00e1i v\u00e0 th\u01b0 gi\u00e3n t\u1ed1i \u0111a.<\/p>\n<p data-sourcepos=\"9:1-9:331\"><strong>Ngo\u00e0i ra, 22Land Heritage Hotel &amp; Retreat<\/strong> c\u00f2n cung c\u1ea5p cho du kh\u00e1ch nhi\u1ec1u d\u1ecbch v\u1ee5 ti\u1ec7n \u00edch kh\u00e1c nh\u01b0: nh\u00e0 h\u00e0ng sang tr\u1ecdng ph\u1ee5c v\u1ee5 c\u00e1c m\u00f3n \u0103n \u00c1 \u2013 \u00c2u tinh t\u1ebf, qu\u1ea7y bar hi\u1ec7n \u0111\u1ea1i, spa th\u01b0 gi\u00e3n, ph\u00f2ng t\u1eadp th\u1ec3 d\u1ee5c,\u2026 T\u1ea5t c\u1ea3 \u0111\u1ec1u nh\u1eb1m mang \u0111\u1ebfn cho qu\u00fd kh\u00e1ch m\u1ed9t k\u1ef3 ngh\u1ec9 tr\u1ecdn v\u1eb9n v\u00e0 \u0111\u00e1ng nh\u1edb.<\/p>\n<p data-sourcepos=\"11:1-11:293\"><strong>22Land Heritage Hotel &amp; Retreat<\/strong> kh\u00f4ng ch\u1ec9 l\u00e0 m\u1ed9t n\u01a1i l\u01b0u tr\u00fa \u0111\u01a1n thu\u1ea7n, m\u00e0 c\u00f2n l\u00e0 n\u01a1i l\u01b0u gi\u1eef nh\u1eefng gi\u00e1 tr\u1ecb v\u0103n h\u00f3a v\u00e0 l\u1ecbch s\u1eed l\u00e2u \u0111\u1eddi c\u1ee7a H\u00e0 N\u1ed9i. N\u01a1i \u0111\u00e2y l\u00e0 \u0111i\u1ec3m \u0111\u1ebfn l\u00fd t\u01b0\u1edfng cho nh\u1eefng ai mu\u1ed1n t\u00ecm ki\u1ebfm m\u1ed9t kh\u00f4ng gian y\u00ean t\u0129nh, th\u01b0 gi\u00e3n v\u00e0 tr\u1ea3i nghi\u1ec7m nh\u1eefng n\u00e9t \u0111\u1eb9p \u0111\u1ed9c \u0111\u00e1o c\u1ee7a th\u1ee7 \u0111\u00f4.<\/p>\n<p data-sourcepos=\"13:1-13:136\"><strong>Ch\u00fac qu\u00fd kh\u00e1ch c\u00f3 nh\u1eefng k\u1ec9 ni\u1ec7m vui v\u1ebb v\u00e0 <\/strong>t\u1eadn h\u01b0\u1edfng nh\u1eefng gi\u00e2y ph\u00fat ngh\u1ec9 d\u01b0\u1ee1ng tuy\u1ec7t v\u1eddi!<\/p>\n<\/div>\n<\/div>\n<\/div>\n<\/div>\n","protected":false},"excerpt":{"rendered":"<p>22Land Heritage Hotel &amp; Retreat \u00a0 22Land Heritage Hotel &amp; Retreat: N\u01a1i Giao Thoa Gi\u1eefa Di S\u1ea3n V\u00e0 Hi\u1ec7n \u0110\u1ea1i \u1ea8n m\u00ecnh trong con ng\u00f5 nh\u1ecf thanh b\u00ecnh gi\u1eefa l\u00f2ng th\u1ee7 \u0111\u00f4 s\u00f4i \u0111\u1ed9ng, 22Land Heritage Hotel &amp; Retreat nh\u01b0 m\u1ed9t vi\u00ean ng\u1ecdc qu\u00fd t\u1ecfa s\u00e1ng, mang \u0111\u1ebfn cho du kh\u00e1ch m\u1ed9t kh\u00f4ng gian l\u01b0u &#8230;<\/p>\n","protected":false},"author":2,"featured_media":0,"parent":0,"menu_order":0,"comment_status":"closed","ping_status":"closed","template":"","meta":[],"yst_prominent_words":[],"acf":[],"_links":{"self":[{"href":"https:\/\/22landresidence.com\/821dichvonghau\/wp-json\/wp\/v2\/pages\/24"}],"collection":[{"href":"https:\/\/22landresidence.com\/821dichvonghau\/wp-json\/wp\/v2\/pages"}],"about":[{"href":"https:\/\/22landresidence.com\/821dichvonghau\/wp-json\/wp\/v2\/types\/page"}],"author":[{"embeddable":true,"href":"https:\/\/22landresidence.com\/821dichvonghau\/wp-json\/wp\/v2\/users\/2"}],"replies":[{"embeddable":true,"href":"https:\/\/22landresidence.com\/821dichvonghau\/wp-json\/wp\/v2\/comments?post=24"}],"version-history":[{"count":12,"href":"https:\/\/22landresidence.com\/821dichvonghau\/wp-json\/wp\/v2\/pages\/24\/revisions"}],"predecessor-version":[{"id":1455,"href":"https:\/\/22landresidence.com\/821dichvonghau\/wp-json\/wp\/v2\/pages\/24\/revisions\/1455"}],"wp:attachment":[{"href":"https:\/\/22landresidence.com\/821dichvonghau\/wp-json\/wp\/v2\/media?parent=24"}],"wp:term":[{"taxonomy":"yst_prominent_words","embeddable":true,"href":"https:\/\/22landresidence.com\/821dichvonghau\/wp-json\/wp\/v2\/yst_prominent_words?post=24"}],"curies":[{"name":"wp","href":"https:\/\/api.w.org\/{rel}","templated":true}]}}