{"id":301,"date":"2019-11-17T08:22:54","date_gmt":"2019-11-17T01:22:54","guid":{"rendered":"https:\/\/22landresidence.com\/821dichvonghau\/?page_id=301"},"modified":"2024-11-01T10:21:45","modified_gmt":"2024-11-01T03:21:45","slug":"restaurant","status":"publish","type":"page","link":"https:\/\/22landresidence.com\/821dichvonghau\/gioi-thieu\/restaurant\/","title":{"rendered":"Restaurant"},"content":{"rendered":"<div class=\"container section-title-container\" ><h2 class=\"section-title section-title-center\"><b><\/b><span class=\"section-title-main\" >Restaurant t\u1ea1i Kh\u00e1ch s\u1ea1n c\u1ee7a ch\u00fang t\u00f4i<\/span><b><\/b><\/h2><\/div>\n<p>Kh\u00f4ng gian nh\u00e0 h\u00e0ng \u0111\u01b0\u1ee3c b\u1ed1 tr\u00ed t\u1ea1i t\u1ea7ng 7 c\u1ee7a kh\u00e1ch s\u1ea1n, l\u00e0 n\u01a1i giao thoa gi\u1eefa kh\u00f4ng gian b\u00ean ngo\u00e0i v\u00e0 b\u00ean trong c\u1ee7a kh\u00e1ch s\u1ea1n. \u0110\u01b0\u1ee3c thi\u1ebft k\u1ebf m\u1edf v\u1edbi gi\u1ebfng tr\u1eddi, n\u01a1i \u0111\u00e2y lu\u00f4n ng\u1eadp tr\u00e0n \u00e1nh n\u1eafng r\u1ef1c r\u1ee1, gi\u00fap cho kh\u00e1ch h\u00e0ng c\u00f3 th\u1ec3 v\u1eeba th\u01b0\u1edfng th\u1ee9c nh\u1eefng b\u1eefa \u0103n ngon, v\u1eeba ng\u1eafm nh\u00ecn th\u00e0nh ph\u1ed1.\u00a0<\/p>\n<p>V\u1eabn l\u00e0 l\u1ed1i trang tr\u00ed theo phong c\u00e1ch tranh d\u00e2n gian H\u00e0ng Tr\u1ed1ng, h\u00ecnh \u1ea3nh \u0111u\u00f4i c\u00e1 ch\u00e9p \u0111\u01b0\u1ee3c v\u1ebd l\u00ean t\u01b0\u1eddng m\u1ed9t c\u00e1ch sinh \u0111\u1ed9ng, t\u1ea1o s\u1ef1 \u0111\u1ed9c \u0111\u00e1o m\u1edbi l\u1ea1 m\u00e0 \u00edt n\u01a1i n\u00e0o c\u00f3. Ho\u1ea1 ti\u1ebft v\u00e2n m\u00e2y quen thu\u1ed9c trong phong c\u00e1ch tranh d\u00e2n gian H\u00e0ng Tr\u1ed1ng \u0111\u01b0\u1ee3c v\u1ebd m\u1ed9t c\u00e1ch t\u1ec9 m\u1ec9 \u1edf tr\u00ean tr\u1ea7n nh\u00e0, t\u1ea1o ra s\u1ef1 li\u00ean k\u1ebft gi\u1eefa b\u1ea7u tr\u1eddi b\u00ean ngo\u00e0i v\u00e0 kh\u00f4ng gian b\u00ean trong nh\u00e0 h\u00e0ng.\u00a0<\/p>\n<p>M\u1ed7i s\u00e1ng th\u1ee9c d\u1eady, ng\u1ed3i trong kh\u00f4ng gian v\u1eeba hi\u1ec7n \u0111\u1ea1i v\u1eeba truy\u1ec1n th\u1ed1ng, th\u01b0\u1edfng th\u1ee9c b\u1eefa s\u00e1ng t\u1ef1 ch\u1ecdn \u0111a d\u1ea1ng gi\u00fap kh\u00e1ch h\u00e0ng c\u00f3 m\u1ed9t kh\u1edfi \u0111\u1ea7u ng\u00e0y m\u1edbi \u0111\u1ea7y h\u1ee9ng kh\u1edfi.\u00a0<\/p>\n\t<div class=\"img has-hover x md-x lg-x y md-y lg-y\" id=\"image_1814200216\">\n\t\t\t\t\t\t\t\t<div class=\"img-inner dark\" >\n\t\t\t<img width=\"1020\" height=\"678\" src=\"https:\/\/22landresidence.com\/821dichvonghau\/wp-content\/uploads\/sites\/18\/2024\/11\/18-1024x681.jpg\" class=\"attachment-large size-large\" alt=\"\" decoding=\"async\" loading=\"lazy\" srcset=\"https:\/\/22landresidence.com\/821dichvonghau\/wp-content\/uploads\/sites\/18\/2024\/11\/18-1024x681.jpg 1024w, https:\/\/22landresidence.com\/821dichvonghau\/wp-content\/uploads\/sites\/18\/2024\/11\/18-300x200.jpg 300w, https:\/\/22landresidence.com\/821dichvonghau\/wp-content\/uploads\/sites\/18\/2024\/11\/18-768x511.jpg 768w, https:\/\/22landresidence.com\/821dichvonghau\/wp-content\/uploads\/sites\/18\/2024\/11\/18-1536x1022.jpg 1536w, https:\/\/22landresidence.com\/821dichvonghau\/wp-content\/uploads\/sites\/18\/2024\/11\/18-2048x1363.jpg 2048w, https:\/\/22landresidence.com\/821dichvonghau\/wp-content\/uploads\/sites\/18\/2024\/11\/18-900x599.jpg 900w\" sizes=\"(max-width: 1020px) 100vw, 1020px\" \/>\t\t\t\t\t\t\n\t\t\t\t\t<\/div>\n\t\t\t\t\t\t\t\t\n<style>\n#image_1814200216 {\n  width: 100%;\n}\n<\/style>\n\t<\/div>\n\t\n\t<div id=\"gap-1290131563\" class=\"gap-element clearfix\" style=\"display:block; height:auto;\">\n\t\t\n<style>\n#gap-1290131563 {\n  padding-top: 15px;\n}\n<\/style>\n\t<\/div>\n\t\n\t<div class=\"img has-hover x md-x lg-x y md-y lg-y\" id=\"image_127781274\">\n\t\t\t\t\t\t\t\t<div class=\"img-inner dark\" >\n\t\t\t<img width=\"1020\" height=\"678\" src=\"https:\/\/22landresidence.com\/821dichvonghau\/wp-content\/uploads\/sites\/18\/2024\/11\/20-1024x681.jpg\" class=\"attachment-large size-large\" alt=\"\" decoding=\"async\" loading=\"lazy\" srcset=\"https:\/\/22landresidence.com\/821dichvonghau\/wp-content\/uploads\/sites\/18\/2024\/11\/20-1024x681.jpg 1024w, https:\/\/22landresidence.com\/821dichvonghau\/wp-content\/uploads\/sites\/18\/2024\/11\/20-300x200.jpg 300w, https:\/\/22landresidence.com\/821dichvonghau\/wp-content\/uploads\/sites\/18\/2024\/11\/20-768x511.jpg 768w, https:\/\/22landresidence.com\/821dichvonghau\/wp-content\/uploads\/sites\/18\/2024\/11\/20-1536x1022.jpg 1536w, https:\/\/22landresidence.com\/821dichvonghau\/wp-content\/uploads\/sites\/18\/2024\/11\/20-2048x1363.jpg 2048w, https:\/\/22landresidence.com\/821dichvonghau\/wp-content\/uploads\/sites\/18\/2024\/11\/20-900x599.jpg 900w\" sizes=\"(max-width: 1020px) 100vw, 1020px\" \/>\t\t\t\t\t\t\n\t\t\t\t\t<\/div>\n\t\t\t\t\t\t\t\t\n<style>\n#image_127781274 {\n  width: 100%;\n}\n<\/style>\n\t<\/div>\n\t\n\t<div id=\"gap-1551332058\" class=\"gap-element clearfix\" style=\"display:block; height:auto;\">\n\t\t\n<style>\n#gap-1551332058 {\n  padding-top: 15px;\n}\n<\/style>\n\t<\/div>\n\t\n\t<div class=\"img has-hover x md-x lg-x y md-y lg-y\" id=\"image_408515758\">\n\t\t\t\t\t\t\t\t<div class=\"img-inner dark\" >\n\t\t\t<img width=\"2560\" height=\"1703\" src=\"https:\/\/22landresidence.com\/821dichvonghau\/wp-content\/uploads\/sites\/18\/2024\/11\/28-scaled.jpg\" class=\"attachment-original size-original\" alt=\"\" decoding=\"async\" loading=\"lazy\" srcset=\"https:\/\/22landresidence.com\/821dichvonghau\/wp-content\/uploads\/sites\/18\/2024\/11\/28-scaled.jpg 2560w, https:\/\/22landresidence.com\/821dichvonghau\/wp-content\/uploads\/sites\/18\/2024\/11\/28-300x200.jpg 300w, https:\/\/22landresidence.com\/821dichvonghau\/wp-content\/uploads\/sites\/18\/2024\/11\/28-1024x681.jpg 1024w, https:\/\/22landresidence.com\/821dichvonghau\/wp-content\/uploads\/sites\/18\/2024\/11\/28-768x511.jpg 768w, https:\/\/22landresidence.com\/821dichvonghau\/wp-content\/uploads\/sites\/18\/2024\/11\/28-1536x1022.jpg 1536w, https:\/\/22landresidence.com\/821dichvonghau\/wp-content\/uploads\/sites\/18\/2024\/11\/28-2048x1363.jpg 2048w, https:\/\/22landresidence.com\/821dichvonghau\/wp-content\/uploads\/sites\/18\/2024\/11\/28-900x599.jpg 900w\" sizes=\"(max-width: 2560px) 100vw, 2560px\" \/>\t\t\t\t\t\t\n\t\t\t\t\t<\/div>\n\t\t\t\t\t\t\t\t\n<style>\n#image_408515758 {\n  width: 100%;\n}\n<\/style>\n\t<\/div>\n\t\n\t<div id=\"gap-1439521341\" class=\"gap-element clearfix\" style=\"display:block; height:auto;\">\n\t\t\n<style>\n#gap-1439521341 {\n  padding-top: 15px;\n}\n<\/style>\n\t<\/div>\n\t\n\t<div class=\"img has-hover x md-x lg-x y md-y lg-y\" id=\"image_1205892167\">\n\t\t\t\t\t\t\t\t<div class=\"img-inner dark\" >\n\t\t\t<img width=\"2560\" height=\"1703\" src=\"https:\/\/22landresidence.com\/821dichvonghau\/wp-content\/uploads\/sites\/18\/2024\/11\/27-scaled.jpg\" class=\"attachment-original size-original\" alt=\"\" decoding=\"async\" loading=\"lazy\" srcset=\"https:\/\/22landresidence.com\/821dichvonghau\/wp-content\/uploads\/sites\/18\/2024\/11\/27-scaled.jpg 2560w, https:\/\/22landresidence.com\/821dichvonghau\/wp-content\/uploads\/sites\/18\/2024\/11\/27-300x200.jpg 300w, https:\/\/22landresidence.com\/821dichvonghau\/wp-content\/uploads\/sites\/18\/2024\/11\/27-1024x681.jpg 1024w, https:\/\/22landresidence.com\/821dichvonghau\/wp-content\/uploads\/sites\/18\/2024\/11\/27-768x511.jpg 768w, https:\/\/22landresidence.com\/821dichvonghau\/wp-content\/uploads\/sites\/18\/2024\/11\/27-1536x1022.jpg 1536w, https:\/\/22landresidence.com\/821dichvonghau\/wp-content\/uploads\/sites\/18\/2024\/11\/27-2048x1363.jpg 2048w, https:\/\/22landresidence.com\/821dichvonghau\/wp-content\/uploads\/sites\/18\/2024\/11\/27-900x599.jpg 900w\" sizes=\"(max-width: 2560px) 100vw, 2560px\" \/>\t\t\t\t\t\t\n\t\t\t\t\t<\/div>\n\t\t\t\t\t\t\t\t\n<style>\n#image_1205892167 {\n  width: 100%;\n}\n<\/style>\n\t<\/div>\n\t\n\t<div id=\"gap-1181748900\" class=\"gap-element clearfix\" style=\"display:block; height:auto;\">\n\t\t\n<style>\n#gap-1181748900 {\n  padding-top: 15px;\n}\n<\/style>\n\t<\/div>\n\t\n\t<div class=\"img has-hover x md-x lg-x y md-y lg-y\" id=\"image_1563782113\">\n\t\t\t\t\t\t\t\t<div class=\"img-inner dark\" >\n\t\t\t<img width=\"2560\" height=\"1703\" src=\"https:\/\/22landresidence.com\/821dichvonghau\/wp-content\/uploads\/sites\/18\/2024\/11\/23-scaled.jpg\" class=\"attachment-original size-original\" alt=\"\" decoding=\"async\" loading=\"lazy\" srcset=\"https:\/\/22landresidence.com\/821dichvonghau\/wp-content\/uploads\/sites\/18\/2024\/11\/23-scaled.jpg 2560w, https:\/\/22landresidence.com\/821dichvonghau\/wp-content\/uploads\/sites\/18\/2024\/11\/23-300x200.jpg 300w, https:\/\/22landresidence.com\/821dichvonghau\/wp-content\/uploads\/sites\/18\/2024\/11\/23-1024x681.jpg 1024w, https:\/\/22landresidence.com\/821dichvonghau\/wp-content\/uploads\/sites\/18\/2024\/11\/23-768x511.jpg 768w, https:\/\/22landresidence.com\/821dichvonghau\/wp-content\/uploads\/sites\/18\/2024\/11\/23-1536x1022.jpg 1536w, https:\/\/22landresidence.com\/821dichvonghau\/wp-content\/uploads\/sites\/18\/2024\/11\/23-2048x1363.jpg 2048w, https:\/\/22landresidence.com\/821dichvonghau\/wp-content\/uploads\/sites\/18\/2024\/11\/23-900x599.jpg 900w\" sizes=\"(max-width: 2560px) 100vw, 2560px\" \/>\t\t\t\t\t\t\n\t\t\t\t\t<\/div>\n\t\t\t\t\t\t\t\t\n<style>\n#image_1563782113 {\n  width: 100%;\n}\n<\/style>\n\t<\/div>\n\t\n","protected":false},"excerpt":{"rendered":"<p>Kh\u00f4ng gian nh\u00e0 h\u00e0ng \u0111\u01b0\u1ee3c b\u1ed1 tr\u00ed t\u1ea1i t\u1ea7ng 7 c\u1ee7a kh\u00e1ch s\u1ea1n, l\u00e0 n\u01a1i giao thoa gi\u1eefa kh\u00f4ng gian b\u00ean ngo\u00e0i v\u00e0 b\u00ean trong c\u1ee7a kh\u00e1ch s\u1ea1n. \u0110\u01b0\u1ee3c thi\u1ebft k\u1ebf m\u1edf v\u1edbi gi\u1ebfng tr\u1eddi, n\u01a1i \u0111\u00e2y lu\u00f4n ng\u1eadp tr\u00e0n \u00e1nh n\u1eafng r\u1ef1c r\u1ee1, gi\u00fap cho kh\u00e1ch h\u00e0ng c\u00f3 th\u1ec3 v\u1eeba th\u01b0\u1edfng th\u1ee9c nh\u1eefng b\u1eefa &#8230;<\/p>\n","protected":false},"author":2,"featured_media":0,"parent":24,"menu_order":0,"comment_status":"closed","ping_status":"closed","template":"","meta":[],"yst_prominent_words":[],"acf":[],"_links":{"self":[{"href":"https:\/\/22landresidence.com\/821dichvonghau\/wp-json\/wp\/v2\/pages\/301"}],"collection":[{"href":"https:\/\/22landresidence.com\/821dichvonghau\/wp-json\/wp\/v2\/pages"}],"about":[{"href":"https:\/\/22landresidence.com\/821dichvonghau\/wp-json\/wp\/v2\/types\/page"}],"author":[{"embeddable":true,"href":"https:\/\/22landresidence.com\/821dichvonghau\/wp-json\/wp\/v2\/users\/2"}],"replies":[{"embeddable":true,"href":"https:\/\/22landresidence.com\/821dichvonghau\/wp-json\/wp\/v2\/comments?post=301"}],"version-history":[{"count":3,"href":"https:\/\/22landresidence.com\/821dichvonghau\/wp-json\/wp\/v2\/pages\/301\/revisions"}],"predecessor-version":[{"id":1466,"href":"https:\/\/22landresidence.com\/821dichvonghau\/wp-json\/wp\/v2\/pages\/301\/revisions\/1466"}],"up":[{"embeddable":true,"href":"https:\/\/22landresidence.com\/821dichvonghau\/wp-json\/wp\/v2\/pages\/24"}],"wp:attachment":[{"href":"https:\/\/22landresidence.com\/821dichvonghau\/wp-json\/wp\/v2\/media?parent=301"}],"wp:term":[{"taxonomy":"yst_prominent_words","embeddable":true,"href":"https:\/\/22landresidence.com\/821dichvonghau\/wp-json\/wp\/v2\/yst_prominent_words?post=301"}],"curies":[{"name":"wp","href":"https:\/\/api.w.org\/{rel}","templated":true}]}}