{"id":24,"date":"2019-11-16T08:34:22","date_gmt":"2019-11-16T01:34:22","guid":{"rendered":"https:\/\/22landresidence.com\/99-xuan-la\/?page_id=24"},"modified":"2024-11-22T11:35:46","modified_gmt":"2024-11-22T04:35:46","slug":"gioi-thieu","status":"publish","type":"page","link":"https:\/\/22landresidence.com\/99-xuan-la\/gioi-thieu\/","title":{"rendered":"Gi\u1edbi thi\u1ec7u"},"content":{"rendered":"<div class=\"xdj266r x11i5rnm xat24cr x1mh8g0r x1vvkbs x126k92a\">\n<div dir=\"auto\">\ud835\udc02\ud835\udc28\ud835\udc2c\ud835\udc26\ud835\udc28\ud835\udc2c &#8211; \ud835\udc0a\ud835\udc21\ud835\udc28\u0302\ud835\udc27\ud835\udc20 \ud835\udc20\ud835\udc22\ud835\udc1a\ud835\udc27 \ud835\udc2c\ud835\udc28\u0302\u0301\ud835\udc27\ud835\udc20 \ud835\udc2d\ud835\udc21\ud835\udc1a\u0306\ud835\udc27\ud835\udc20 \ud835\udc21\ud835\udc28\ud835\udc1a, \ud835\udc2d\ud835\udc1a\u0301\ud835\udc22 \u0111\ud835\udc22\u0323\ud835\udc27\ud835\udc21 \ud835\udc27\ud835\udc20\ud835\udc21\ud835\udc22\u0303\ud835\udc1a \ud835\udc2d\ud835\udc2b\ud835\udc1a\u0309\ud835\udc22 \ud835\udc27\ud835\udc20\ud835\udc21\ud835\udc22\ud835\udc1e\u0323\u0302\ud835\udc26<span class=\"html-span xexx8yu x4uap5 x18d9i69 xkhd6sd x1hl2dhg x16tdsg8 x1vvkbs x3nfvp2 x1j61x8r x1fcty0u xdj266r xat24cr xgzva0m xhhsvwb xxymvpz xlup9mm x1kky2od\"><img decoding=\"async\" loading=\"lazy\" class=\"xz74otr\" src=\"https:\/\/static.xx.fbcdn.net\/images\/emoji.php\/v9\/ted\/2\/16\/2764.png\" alt=\"\u2764\ufe0f\" width=\"16\" height=\"16\" \/><\/span><\/div>\n<div dir=\"auto\">Ng\u00e0y 15\/12, 22Land Cosmos Hotel &amp; Apartment ch\u00ednh th\u1ee9c ra m\u1eaft, m\u1edf ra m\u1ed9t ch\u01b0\u01a1ng m\u1edbi cho cu\u1ed9c s\u1ed1ng hi\u1ec7n \u0111\u1ea1i. Kh\u00f4ng ch\u1ec9 l\u00e0 m\u1ed9t n\u01a1i \u0111\u1ec3 ngh\u1ec9 ng\u01a1i, Cosmos c\u00f2n l\u00e0 m\u1ed9t t\u00e1c ph\u1ea9m ngh\u1ec7 thu\u1eadt, m\u1ed9t kh\u00f4ng gian s\u1ed1ng \u0111\u1eb3ng c\u1ea5p, n\u01a1i b\u1ea1n \u0111\u01b0\u1ee3c tr\u1ea3i nghi\u1ec7m nh\u1eefng gi\u00e1 tr\u1ecb \u0111\u00edch th\u1ef1c.<\/div>\n<\/div>\n<div class=\"x11i5rnm xat24cr x1mh8g0r x1vvkbs xtlvy1s x126k92a\">\n<div dir=\"auto\"><span class=\"html-span xexx8yu x4uap5 x18d9i69 xkhd6sd x1hl2dhg x16tdsg8 x1vvkbs x3nfvp2 x1j61x8r x1fcty0u xdj266r xat24cr xgzva0m xhhsvwb xxymvpz xlup9mm x1kky2od\"><img decoding=\"async\" loading=\"lazy\" class=\"xz74otr\" src=\"https:\/\/static.xx.fbcdn.net\/images\/emoji.php\/v9\/t90\/2\/16\/1f4af.png\" alt=\"\ud83d\udcaf\" width=\"16\" height=\"16\" \/><\/span>Kh\u00f4ng gian s\u1ed1ng &#8211; T\u00e1c ph\u1ea9m ngh\u1ec7 thu\u1eadt c\u1ee7a cu\u1ed9c s\u1ed1ng<\/div>\n<div dir=\"auto\">M\u1ed7i c\u0103n ph\u00f2ng t\u1ea1i Cosmos \u0111\u1ec1u \u0111\u01b0\u1ee3c thi\u1ebft k\u1ebf t\u1ec9 m\u1ec9, mang \u0111\u1ebfn m\u1ed9t kh\u00f4ng gian s\u1ed1ng ri\u00eang bi\u1ec7t, \u0111\u1eadm ch\u1ea5t c\u00e1 nh\u00e2n. \u00c1nh s\u00e1ng t\u1ef1 nhi\u00ean tr\u00e0n ng\u1eadp, k\u1ebft h\u1ee3p h\u00e0i h\u00f2a v\u1edbi n\u1ed9i th\u1ea5t hi\u1ec7n \u0111\u1ea1i, t\u1ea1o n\u00ean m\u1ed9t kh\u00f4ng gian th\u01b0 th\u00e1i, n\u01a1i b\u1ea1n c\u00f3 th\u1ec3 t\u1eadn h\u01b0\u1edfng nh\u1eefng kho\u1ea3nh kh\u1eafc y\u00ean b\u00ecnh gi\u1eefa l\u00f2ng th\u00e0nh ph\u1ed1.<\/div>\n<div dir=\"auto\">\u2022 Thi\u1ebft k\u1ebf tinh t\u1ebf: C\u00e1c ki\u1ebfn tr\u00fac s\u01b0 \u0111\u00e3 kh\u00e9o l\u00e9o k\u1ebft h\u1ee3p c\u00e1c y\u1ebfu t\u1ed1 truy\u1ec1n th\u1ed1ng v\u00e0 hi\u1ec7n \u0111\u1ea1i, t\u1ea1o n\u00ean m\u1ed9t kh\u00f4ng gian s\u1ed1ng \u0111\u1ed9c \u0111\u00e1o, mang \u0111\u1eadm d\u1ea5u \u1ea5n ri\u00eang.<\/div>\n<div dir=\"auto\">\u2022 Ch\u1ea5t li\u1ec7u cao c\u1ea5p: M\u1ed7i chi ti\u1ebft n\u1ed9i th\u1ea5t \u0111\u1ec1u \u0111\u01b0\u1ee3c l\u1ef1a ch\u1ecdn k\u1ef9 l\u01b0\u1ee1ng, t\u1eeb ch\u1ea5t li\u1ec7u \u0111\u1ebfn m\u00e0u s\u1eafc, \u0111\u1ea3m b\u1ea3o mang \u0111\u1ebfn s\u1ef1 tho\u1ea3i m\u00e1i v\u00e0 sang tr\u1ecdng tuy\u1ec7t \u0111\u1ed1i.<\/div>\n<div dir=\"auto\">\u2022 Kh\u00f4ng gian m\u1edf: Thi\u1ebft k\u1ebf kh\u00f4ng gian m\u1edf gi\u00fap t\u1ed1i \u0111a h\u00f3a \u00e1nh s\u00e1ng t\u1ef1 nhi\u00ean, t\u1ea1o c\u1ea3m gi\u00e1c r\u1ed9ng r\u00e3i v\u00e0 tho\u00e1ng \u0111\u00e3ng.<\/div>\n<\/div>\n<div class=\"x11i5rnm xat24cr x1mh8g0r x1vvkbs xtlvy1s x126k92a\">\n<div dir=\"auto\"><span class=\"html-span xexx8yu x4uap5 x18d9i69 xkhd6sd x1hl2dhg x16tdsg8 x1vvkbs x3nfvp2 x1j61x8r x1fcty0u xdj266r xat24cr xgzva0m xhhsvwb xxymvpz xlup9mm x1kky2od\"><img decoding=\"async\" loading=\"lazy\" class=\"xz74otr\" src=\"https:\/\/static.xx.fbcdn.net\/images\/emoji.php\/v9\/tb\/2\/16\/1f4aa.png\" alt=\"\ud83d\udcaa\" width=\"16\" height=\"16\" \/><\/span>Ph\u00f2ng gym hi\u1ec7n \u0111\u1ea1i &#8211; Kh\u01a1i ngu\u1ed3n n\u0103ng l\u01b0\u1ee3ng<\/div>\n<div dir=\"auto\">\u0110\u1ec3 \u0111\u00e1p \u1ee9ng nhu c\u1ea7u r\u00e8n luy\u1ec7n s\u1ee9c kh\u1ecfe c\u1ee7a c\u01b0 d\u00e2n, Cosmos trang b\u1ecb ph\u00f2ng gym hi\u1ec7n \u0111\u1ea1i v\u1edbi \u0111\u1ea7y \u0111\u1ee7 c\u00e1c thi\u1ebft b\u1ecb t\u1eadp luy\u1ec7n. T\u1ea1i \u0111\u00e2y, b\u1ea1n c\u00f3 th\u1ec3 tho\u1ea3i m\u00e1i t\u1eadp luy\u1ec7n, th\u01b0 gi\u00e3n v\u00e0 t\u00e1i t\u1ea1o n\u0103ng l\u01b0\u1ee3ng sau m\u1ed9t ng\u00e0y l\u00e0m vi\u1ec7c c\u0103ng th\u1eb3ng.<\/div>\n<div dir=\"auto\">\u2022 Thi\u1ebft b\u1ecb hi\u1ec7n \u0111\u1ea1i: Ph\u00f2ng gym \u0111\u01b0\u1ee3c trang b\u1ecb c\u00e1c m\u00e1y m\u00f3c t\u1eadp luy\u1ec7n \u0111a d\u1ea1ng, \u0111\u00e1p \u1ee9ng nhu c\u1ea7u c\u1ee7a m\u1ecdi \u0111\u1ed1i t\u01b0\u1ee3ng.<\/div>\n<div dir=\"auto\">\u2022 Kh\u00f4ng gian r\u1ed9ng r\u00e3i: Kh\u00f4ng gian t\u1eadp luy\u1ec7n r\u1ed9ng r\u00e3i, tho\u00e1ng m\u00e1t, t\u1ea1o c\u1ea3m gi\u00e1c tho\u1ea3i m\u00e1i khi t\u1eadp luy\u1ec7n.<\/div>\n<\/div>\n<div class=\"x11i5rnm xat24cr x1mh8g0r x1vvkbs xtlvy1s x126k92a\">\n<div dir=\"auto\"><span class=\"html-span xexx8yu x4uap5 x18d9i69 xkhd6sd x1hl2dhg x16tdsg8 x1vvkbs x3nfvp2 x1j61x8r x1fcty0u xdj266r xat24cr xgzva0m xhhsvwb xxymvpz xlup9mm x1kky2od\"><img decoding=\"async\" loading=\"lazy\" class=\"xz74otr\" src=\"https:\/\/static.xx.fbcdn.net\/images\/emoji.php\/v9\/ta1\/2\/16\/1f60d.png\" alt=\"\ud83d\ude0d\" width=\"16\" height=\"16\" \/><\/span>Cosmos &#8211; N\u01a1i c\u1ea3m x\u00fac th\u0103ng hoa<\/div>\n<div dir=\"auto\">\u2022 Tr\u1ea3i nghi\u1ec7m s\u1ed1ng tr\u1ecdn v\u1eb9n: T\u1ea1i Cosmos, b\u1ea1n kh\u00f4ng ch\u1ec9 \u0111\u01b0\u1ee3c t\u1eadn h\u01b0\u1edfng m\u1ed9t kh\u00f4ng gian s\u1ed1ng \u0111\u1eb3ng c\u1ea5p m\u00e0 c\u00f2n \u0111\u01b0\u1ee3c tr\u1ea3i nghi\u1ec7m nh\u1eefng d\u1ecbch v\u1ee5 ho\u00e0n h\u1ea3o.<\/div>\n<div dir=\"auto\">\u2022 C\u1ed9ng \u0111\u1ed3ng c\u01b0 d\u00e2n: Cosmos l\u00e0 n\u01a1i b\u1ea1n c\u00f3 th\u1ec3 k\u1ebft n\u1ed1i v\u1edbi nh\u1eefng ng\u01b0\u1eddi c\u00f9ng ch\u00ed h\u01b0\u1edbng, t\u1ea1o d\u1ef1ng nh\u1eefng m\u1ed1i quan h\u1ec7 m\u1edbi.<\/div>\n<div dir=\"auto\">\u2022 Kh\u00f4ng gian ri\u00eang t\u01b0: M\u1ed7i c\u0103n h\u1ed9 \u0111\u1ec1u \u0111\u01b0\u1ee3c thi\u1ebft k\u1ebf \u0111\u1ea3m b\u1ea3o s\u1ef1 ri\u00eang t\u01b0, t\u1ea1o c\u1ea3m gi\u00e1c an to\u00e0n v\u00e0 tho\u1ea3i m\u00e1i cho b\u1ea1n.<\/div>\n<div dir=\"auto\">Cosmos &#8211; Kh\u00f4ng gian s\u1ed1ng l\u00fd t\u01b0\u1edfng cho nh\u1eefng ai y\u00eau th\u00edch s\u1ef1 ho\u00e0n h\u1ea3o v\u00e0 \u0111\u1eb3ng c\u1ea5p.<\/div>\n<div dir=\"auto\">H\u00e3y \u0111\u1ebfn v\u00e0 tr\u1ea3i nghi\u1ec7m!<\/div>\n<\/div>\n","protected":false},"excerpt":{"rendered":"<p>\ud835\udc02\ud835\udc28\ud835\udc2c\ud835\udc26\ud835\udc28\ud835\udc2c &#8211; \ud835\udc0a\ud835\udc21\ud835\udc28\u0302\ud835\udc27\ud835\udc20 \ud835\udc20\ud835\udc22\ud835\udc1a\ud835\udc27 \ud835\udc2c\ud835\udc28\u0302\u0301\ud835\udc27\ud835\udc20 \ud835\udc2d\ud835\udc21\ud835\udc1a\u0306\ud835\udc27\ud835\udc20 \ud835\udc21\ud835\udc28\ud835\udc1a, \ud835\udc2d\ud835\udc1a\u0301\ud835\udc22 \u0111\ud835\udc22\u0323\ud835\udc27\ud835\udc21 \ud835\udc27\ud835\udc20\ud835\udc21\ud835\udc22\u0303\ud835\udc1a \ud835\udc2d\ud835\udc2b\ud835\udc1a\u0309\ud835\udc22 \ud835\udc27\ud835\udc20\ud835\udc21\ud835\udc22\ud835\udc1e\u0323\u0302\ud835\udc26 Ng\u00e0y 15\/12, 22Land Cosmos Hotel &amp; Apartment ch\u00ednh th\u1ee9c ra m\u1eaft, m\u1edf ra m\u1ed9t ch\u01b0\u01a1ng m\u1edbi cho cu\u1ed9c s\u1ed1ng hi\u1ec7n \u0111\u1ea1i. Kh\u00f4ng ch\u1ec9 l\u00e0 m\u1ed9t n\u01a1i \u0111\u1ec3 ngh\u1ec9 ng\u01a1i, Cosmos c\u00f2n l\u00e0 m\u1ed9t t\u00e1c ph\u1ea9m ngh\u1ec7 thu\u1eadt, m\u1ed9t kh\u00f4ng gian s\u1ed1ng \u0111\u1eb3ng c\u1ea5p, &#8230;<\/p>\n","protected":false},"author":2,"featured_media":0,"parent":0,"menu_order":0,"comment_status":"closed","ping_status":"closed","template":"","meta":[],"yst_prominent_words":[],"acf":[],"_links":{"self":[{"href":"https:\/\/22landresidence.com\/99-xuan-la\/wp-json\/wp\/v2\/pages\/24"}],"collection":[{"href":"https:\/\/22landresidence.com\/99-xuan-la\/wp-json\/wp\/v2\/pages"}],"about":[{"href":"https:\/\/22landresidence.com\/99-xuan-la\/wp-json\/wp\/v2\/types\/page"}],"author":[{"embeddable":true,"href":"https:\/\/22landresidence.com\/99-xuan-la\/wp-json\/wp\/v2\/users\/2"}],"replies":[{"embeddable":true,"href":"https:\/\/22landresidence.com\/99-xuan-la\/wp-json\/wp\/v2\/comments?post=24"}],"version-history":[{"count":13,"href":"https:\/\/22landresidence.com\/99-xuan-la\/wp-json\/wp\/v2\/pages\/24\/revisions"}],"predecessor-version":[{"id":1513,"href":"https:\/\/22landresidence.com\/99-xuan-la\/wp-json\/wp\/v2\/pages\/24\/revisions\/1513"}],"wp:attachment":[{"href":"https:\/\/22landresidence.com\/99-xuan-la\/wp-json\/wp\/v2\/media?parent=24"}],"wp:term":[{"taxonomy":"yst_prominent_words","embeddable":true,"href":"https:\/\/22landresidence.com\/99-xuan-la\/wp-json\/wp\/v2\/yst_prominent_words?post=24"}],"curies":[{"name":"wp","href":"https:\/\/api.w.org\/{rel}","templated":true}]}}