{"id":24,"date":"2019-11-16T08:34:22","date_gmt":"2019-11-16T01:34:22","guid":{"rendered":"https:\/\/22landresidence.com\/ndh\/?page_id=24"},"modified":"2022-03-15T10:10:14","modified_gmt":"2022-03-15T03:10:14","slug":"gioi-thieu","status":"publish","type":"page","link":"https:\/\/22landresidence.com\/ndh\/gioi-thieu\/","title":{"rendered":"Gi\u1edbi thi\u1ec7u"},"content":{"rendered":"<p>\u00a0<\/p>\n<p><strong><span class=\"notranslate\">\ud835\udfd0\ud835\udfd0\ud835\udc0b\ud835\udc00\ud835\udc0d\ud835\udc03 \ud835\udc11\ud835\udc04\ud835\udc12\ud835\udc08\ud835\udc03\ud835\udc04\ud835\udc0d\ud835\udc02\ud835\udc04 \ud835\udc07\ud835\udc0e\ud835\udc13\ud835\udc04\ud835\udc0b 2<\/span> &#8211; Kh\u00f4ng gian ngh\u1ec9 d\u01b0\u1ee1ng cao c\u1ea5p ngay trong l\u00f2ng H\u00e0 N\u1ed9i<\/strong><\/p>\n<p>N\u1eb1m s\u00e1ng r\u1ef1c r\u1ee1 m\u1ed9t g\u00f3c ph\u1ed1 Nguy\u1ec5n \u0110\u00ecnh Ho\u00e0n, t\u00f2a nh\u00e0 g\u00e2y ch\u00fa \u00fd b\u1edfi s\u1eafc s\u01a1n \u0111\u1ecf n\u1ed5i b\u1eadt b\u00ean ngo\u00e0i, thu h\u00fat m\u1ecdi \u00e1nh nh\u00ecn t\u1eeb con \u0111\u01b0\u1eddng tr\u00ean cao t\u1edbi c\u00e1c con ph\u1ed1 \u0111\u1ed5 v\u1ec1 Ho\u00e0ng Qu\u1ed1c Vi\u1ec7t. Tr\u00e1i ng\u01b0\u1ee3c v\u1edbi s\u1ef1 r\u1ef1c r\u1ee1 b\u00ean ngo\u00e0i, khi b\u01b0\u1edbc v\u00e0o s\u1ea3nh l\u1ea1i l\u00e0 1 s\u1ef1 d\u1ec5 ch\u1ecbu sau m\u1ed9t chuy\u1ebfn \u0111i d\u00e0i hay m\u1ed9t cu\u1ed9c h\u1ecdp c\u0103ng th\u1eb3ng b\u1edfi tone m\u00e0u pastel ch\u1ee7 \u0111\u1ea1o, b\u1eaft g\u1eb7p n\u1ee5 c\u01b0\u1eddi c\u1ee7a c\u00e1c b\u1ea1n l\u1ec5 t\u00e2n, gi\u00fap xo\u00e1 tan \u0111i nh\u1eefng m\u1ec7t m\u1ecfi c\u1ee7a m\u1ed9t ng\u00e0y d\u00e0i.<\/p>\n<p>\ud835\udfd0\ud835\udfd0\ud835\udc0b\ud835\udc00\ud835\udc0d\ud835\udc03 \ud835\udc11\ud835\udc04\ud835\udc12\ud835\udc08\ud835\udc03\ud835\udc04\ud835\udc0d\ud835\udc02\ud835\udc04 \ud835\udc07\ud835\udc0e\ud835\udc13\ud835\udc04\ud835\udc0b <strong>2<\/strong> l\u00e0 t\u1ed5 h\u1ee3p c\u1ee7a n\u01a1i l\u01b0u tr\u00fa sang tr\u1ecdng ti\u1ec7n nghi v\u00e0 c\u00e1c ti\u1ec7n \u00edch n\u1ed5i b\u1eadt tr\u1ebb trung nh\u01b0 b\u1ec3 b\u01a1i v\u00f4 c\u1ef1c, ph\u00f2ng chi\u1ebfu phim, ph\u00f2ng l\u00e0m vi\u1ec7c, gym, qu\u1ea7y bar v\u00e0 cu\u1ed1i c\u00f9ng l\u00e0 kh\u00f4ng gian nh\u00e0 h\u00e0ng\/cafe ngo\u00e0i tr\u1eddi v\u1edbi \u00e1nh \u0111\u00e8n lung linh v\u00e0o bu\u1ed3i t\u1ed1i \u0111\u1ec1u n\u1eb1m tr\u00ean t\u1ea7ng th\u01b0\u1ee3ng, \u0111em \u0111\u1ebfn cho \ud835\udfd0\ud835\udfd0\ud835\udc0b\ud835\udc00\ud835\udc0d\ud835\udc03 \ud835\udc11\ud835\udc04\ud835\udc12\ud835\udc08\ud835\udc03\ud835\udc04\ud835\udc0d\ud835\udc02\ud835\udc04 \ud835\udc07\ud835\udc0e\ud835\udc13\ud835\udc04\ud835\udc0b <strong>2<\/strong> m\u1ed9t s\u1ee9c h\u1ea5p d\u1eabn m\u1ecdi l\u1ee9a tu\u1ed5i. V\u1edbi \u0111\u1ea7y \u0111\u1ee7 ti\u1ec7n \u00edch v\u00e0 \u0111\u1ed9i ng\u0169 l\u00e0m d\u1ecbch v\u1ee5 chuy\u00ean nghi\u1ec7p, chu \u0111\u00e1o, kh\u00e1ch h\u00e0ng s\u1ebd kh\u00f4ng bao gi\u1edd th\u1ea5t v\u1ecdng khi tr\u1ea3i nghi\u1ec7m k\u00ec ngh\u1ec9 c\u1ee7a m\u00ecnh \u1edf \u0111\u00e2y.\u00a0<\/p>\n<p>Kh\u00f4ng nh\u01b0 nh\u1eefng kh\u00e1ch s\u1ea1n th\u00f4ng th\u01b0\u1eddng, \ud835\udfd0\ud835\udfd0\ud835\udc0b\ud835\udc00\ud835\udc0d\ud835\udc03 \ud835\udc11\ud835\udc04\ud835\udc12\ud835\udc08\ud835\udc03\ud835\udc04\ud835\udc0d\ud835\udc02\ud835\udc04 \ud835\udc07\ud835\udc0e\ud835\udc13\ud835\udc04\ud835\udc0b <strong>2<\/strong> \u00a0cung c\u1ea5p d\u1ecbch v\u1ee5 kh\u00e1ch s\u1ea1n mang phong c\u00e1ch ngh\u1ec9 d\u01b0\u1ee1ng, nh\u1eb1m mang l\u1ea1i cho kh\u00e1ch h\u00e0ng c\u1ea3m gi\u00e1c th\u01b0 th\u00e1i nh\u01b0 \u1edf nh\u00e0. T\u1ea5t c\u1ea3 c\u00e1c ph\u00f2ng t\u1ea1i \ud835\udfd0\ud835\udfd0\ud835\udc0b\ud835\udc00\ud835\udc0d\ud835\udc03 \ud835\udc11\ud835\udc04\ud835\udc12\ud835\udc08\ud835\udc03\ud835\udc04\ud835\udc0d\ud835\udc02\ud835\udc04 \ud835\udc07\ud835\udc0e\ud835\udc13\ud835\udc04\ud835\udc0b<strong> 2<\/strong> \u0111\u1ec1u c\u00f3 \u00e1nh s\u00e1ng t\u1ef1 nhi\u00ean t\u1eeb c\u1eeda k\u00ednh full t\u01b0\u1eddng nh\u00ecn ra th\u00e0nh ph\u1ed1.<\/p>\n<p>N\u1ebfu b\u1ea1n \u0111ang c\u1ea7n ch\u1ed1n ngh\u1ec9 ch\u00e2n cho m\u1ed9t chuy\u1ebfn c\u00f4ng t\u00e1c, m\u1ed9t chuy\u1ebfn \u0111i du l\u1ecbch H\u00e0 N\u1ed9i, hay th\u1eadm ch\u00ed ch\u1ec9 l\u00e0 mu\u1ed1n \u0111\u1ed5i gi\u00f3, t\u00ecm \u0111\u1ebfn m\u1ed9t ch\u1ed1n b\u00ecnh y\u00ean xa r\u1eddi x\u00f4 b\u1ed3 c\u1ee7a cu\u1ed9c s\u1ed1ng \u0111\u1ec3 n\u1ea1p l\u1ea1i n\u0103ng l\u01b0\u1ee3ng cho nh\u1eefng h\u00e0nh tr\u00ecnh ti\u1ebfp theo th\u00ec \ud835\udfd0\ud835\udfd0\ud835\udc0b\ud835\udc00\ud835\udc0d\ud835\udc03 \ud835\udc11\ud835\udc04\ud835\udc12\ud835\udc08\ud835\udc03\ud835\udc04\ud835\udc0d\ud835\udc02\ud835\udc04 \ud835\udc07\ud835\udc0e\ud835\udc13\ud835\udc04\ud835\udc0b <strong>2<\/strong> ch\u00fang t\u00f4i\u00a0 l\u00e0 \u0111\u1ecba \u0111i\u1ec3m tuy\u1ec7t v\u1eddi kh\u00f4ng th\u1ec3 b\u1ecf qua.<\/p>\n<p>\u00a0<\/p>\n","protected":false},"excerpt":{"rendered":"<p>\u00a0 \ud835\udfd0\ud835\udfd0\ud835\udc0b\ud835\udc00\ud835\udc0d\ud835\udc03 \ud835\udc11\ud835\udc04\ud835\udc12\ud835\udc08\ud835\udc03\ud835\udc04\ud835\udc0d\ud835\udc02\ud835\udc04 \ud835\udc07\ud835\udc0e\ud835\udc13\ud835\udc04\ud835\udc0b 2 &#8211; Kh\u00f4ng gian ngh\u1ec9 d\u01b0\u1ee1ng cao c\u1ea5p ngay trong l\u00f2ng H\u00e0 N\u1ed9i N\u1eb1m s\u00e1ng r\u1ef1c r\u1ee1 m\u1ed9t g\u00f3c ph\u1ed1 Nguy\u1ec5n \u0110\u00ecnh Ho\u00e0n, t\u00f2a nh\u00e0 g\u00e2y ch\u00fa \u00fd b\u1edfi s\u1eafc s\u01a1n \u0111\u1ecf n\u1ed5i b\u1eadt b\u00ean ngo\u00e0i, thu h\u00fat m\u1ecdi \u00e1nh nh\u00ecn t\u1eeb con \u0111\u01b0\u1eddng tr\u00ean cao t\u1edbi c\u00e1c con ph\u1ed1 \u0111\u1ed5 &#8230;<\/p>\n","protected":false},"author":2,"featured_media":0,"parent":0,"menu_order":0,"comment_status":"closed","ping_status":"closed","template":"","meta":[],"yst_prominent_words":[],"acf":[],"_links":{"self":[{"href":"https:\/\/22landresidence.com\/ndh\/wp-json\/wp\/v2\/pages\/24"}],"collection":[{"href":"https:\/\/22landresidence.com\/ndh\/wp-json\/wp\/v2\/pages"}],"about":[{"href":"https:\/\/22landresidence.com\/ndh\/wp-json\/wp\/v2\/types\/page"}],"author":[{"embeddable":true,"href":"https:\/\/22landresidence.com\/ndh\/wp-json\/wp\/v2\/users\/2"}],"replies":[{"embeddable":true,"href":"https:\/\/22landresidence.com\/ndh\/wp-json\/wp\/v2\/comments?post=24"}],"version-history":[{"count":12,"href":"https:\/\/22landresidence.com\/ndh\/wp-json\/wp\/v2\/pages\/24\/revisions"}],"predecessor-version":[{"id":1262,"href":"https:\/\/22landresidence.com\/ndh\/wp-json\/wp\/v2\/pages\/24\/revisions\/1262"}],"wp:attachment":[{"href":"https:\/\/22landresidence.com\/ndh\/wp-json\/wp\/v2\/media?parent=24"}],"wp:term":[{"taxonomy":"yst_prominent_words","embeddable":true,"href":"https:\/\/22landresidence.com\/ndh\/wp-json\/wp\/v2\/yst_prominent_words?post=24"}],"curies":[{"name":"wp","href":"https:\/\/api.w.org\/{rel}","templated":true}]}}