{"id":301,"date":"2019-11-17T08:22:54","date_gmt":"2019-11-17T01:22:54","guid":{"rendered":"https:\/\/22landresidence.com\/ndh\/?page_id=301"},"modified":"2022-03-14T16:31:01","modified_gmt":"2022-03-14T09:31:01","slug":"restaurant","status":"publish","type":"page","link":"https:\/\/22landresidence.com\/ndh\/gioi-thieu\/restaurant\/","title":{"rendered":"Restaurant"},"content":{"rendered":"<div class=\"container section-title-container\" ><h2 class=\"section-title section-title-center\"><b><\/b><span class=\"section-title-main\" >Restaurant t\u1ea1i Kh\u00e1ch s\u1ea1n c\u1ee7a ch\u00fang t\u00f4i<\/span><b><\/b><\/h2><\/div>\n<p>N\u1eb1m ngay t\u1ea1i t\u1ea7ng h\u1ea7m v\u00e0 kho\u1ea3ng kh\u00f4ng gian t\u1ea7ng th\u01b0\u1ee3ng ngo\u00e0i tr\u1eddi c\u1ee7a kh\u00e1ch s\u1ea1n, nh\u00e0 h\u00e0ng 22land residence 2 ph\u1ee5c v\u1ee5 m\u00f3n \u0103n A la carte cho qu\u00fd kh\u00e1ch c\u1ea3 ng\u00e0y t\u1eeb 7h\u00a0\u0111\u1ebfn 22h v\u00e0 buffet \u0103n S\u00e1ng cho kh\u00e1ch \u1edf qua \u0111\u00eam. V\u1edbi kh\u00f4ng gian m\u1edf, tho\u00e1ng m\u00e1t\u00a0k\u1ebft h\u1ee3p v\u1edbi ngh\u1ec7 thu\u00e2t cafe, b\u1ea1n v\u1eeba c\u00f3 th\u1ec3 th\u01b0\u1edfng th\u1ee9c c\u00e1c m\u00f3n \u0103n \u00c1 ,\u00c2u t\u01b0\u01a1i ngon v\u1eeba t\u1eadn h\u01b0\u1edfng th\u1eddi gian ngh\u1ec9 ng\u01a1i hay check in nh\u1eefng g\u00f3c r\u1ea5t \u0111\u1eb9p c\u1ee7a nh\u00e0 h\u00e0ng.<\/p>\n\t<div class=\"img has-hover x md-x lg-x y md-y lg-y\" id=\"image_1595203133\">\n\t\t\t\t\t\t\t\t<div class=\"img-inner dark\" >\n\t\t\t<img width=\"6007\" height=\"3923\" src=\"https:\/\/22landresidence.com\/ndh\/wp-content\/uploads\/sites\/4\/2022\/03\/DSC_6885-min-scaled.jpg\" class=\"attachment-original size-original\" alt=\"\" decoding=\"async\" loading=\"lazy\" \/>\t\t\t\t\t\t\n\t\t\t\t\t<\/div>\n\t\t\t\t\t\t\t\t\n<style>\n#image_1595203133 {\n  width: 100%;\n}\n<\/style>\n\t<\/div>\n\t\n\t<div id=\"gap-680405647\" class=\"gap-element clearfix\" style=\"display:block; height:auto;\">\n\t\t\n<style>\n#gap-680405647 {\n  padding-top: 15px;\n}\n<\/style>\n\t<\/div>\n\t\n\t<div class=\"img has-hover x md-x lg-x y md-y lg-y\" id=\"image_1625991549\">\n\t\t\t\t\t\t\t\t<div class=\"img-inner dark\" >\n\t\t\t<img width=\"6016\" height=\"4016\" src=\"https:\/\/22landresidence.com\/ndh\/wp-content\/uploads\/sites\/4\/2022\/03\/DSC_6882-min-scaled.jpg\" class=\"attachment-original size-original\" alt=\"\" decoding=\"async\" loading=\"lazy\" \/>\t\t\t\t\t\t\n\t\t\t\t\t<\/div>\n\t\t\t\t\t\t\t\t\n<style>\n#image_1625991549 {\n  width: 100%;\n}\n<\/style>\n\t<\/div>\n\t\n\t<div id=\"gap-1448103522\" class=\"gap-element clearfix\" style=\"display:block; height:auto;\">\n\t\t\n<style>\n#gap-1448103522 {\n  padding-top: 15px;\n}\n<\/style>\n\t<\/div>\n\t\n\t<div class=\"img has-hover x md-x lg-x y md-y lg-y\" id=\"image_965722525\">\n\t\t\t\t\t\t\t\t<div class=\"img-inner dark\" >\n\t\t\t<img width=\"6016\" height=\"4016\" src=\"https:\/\/22landresidence.com\/ndh\/wp-content\/uploads\/sites\/4\/2022\/03\/DSC_6882-min-scaled.jpg\" class=\"attachment-original size-original\" alt=\"\" decoding=\"async\" loading=\"lazy\" \/>\t\t\t\t\t\t\n\t\t\t\t\t<\/div>\n\t\t\t\t\t\t\t\t\n<style>\n#image_965722525 {\n  width: 100%;\n}\n<\/style>\n\t<\/div>\n\t\n\t<div id=\"gap-1751193769\" class=\"gap-element clearfix\" style=\"display:block; height:auto;\">\n\t\t\n<style>\n#gap-1751193769 {\n  padding-top: 15px;\n}\n<\/style>\n\t<\/div>\n\t\n\t<div class=\"img has-hover x md-x lg-x y md-y lg-y\" id=\"image_176048348\">\n\t\t\t\t\t\t\t\t<div class=\"img-inner dark\" >\n\t\t\t<img width=\"6016\" height=\"4016\" src=\"https:\/\/22landresidence.com\/ndh\/wp-content\/uploads\/sites\/4\/2022\/03\/DSC_6886-min-scaled.jpg\" class=\"attachment-original size-original\" alt=\"\" decoding=\"async\" loading=\"lazy\" \/>\t\t\t\t\t\t\n\t\t\t\t\t<\/div>\n\t\t\t\t\t\t\t\t\n<style>\n#image_176048348 {\n  width: 100%;\n}\n<\/style>\n\t<\/div>\n\t\n\t<div id=\"gap-269380469\" class=\"gap-element clearfix\" style=\"display:block; height:auto;\">\n\t\t\n<style>\n#gap-269380469 {\n  padding-top: 15px;\n}\n<\/style>\n\t<\/div>\n\t\n\t<div class=\"img has-hover x md-x lg-x y md-y lg-y\" id=\"image_1591687403\">\n\t\t\t\t\t\t\t\t<div class=\"img-inner dark\" >\n\t\t\t<img width=\"6016\" height=\"4016\" src=\"https:\/\/22landresidence.com\/ndh\/wp-content\/uploads\/sites\/4\/2022\/03\/DSC_6787-min-1-scaled.jpg\" class=\"attachment-original size-original\" alt=\"\" decoding=\"async\" loading=\"lazy\" \/>\t\t\t\t\t\t\n\t\t\t\t\t<\/div>\n\t\t\t\t\t\t\t\t\n<style>\n#image_1591687403 {\n  width: 100%;\n}\n<\/style>\n\t<\/div>\n\t\n\t<div id=\"gap-1250958360\" class=\"gap-element clearfix\" style=\"display:block; height:auto;\">\n\t\t\n<style>\n#gap-1250958360 {\n  padding-top: 15px;\n}\n<\/style>\n\t<\/div>\n\t\n\t<div class=\"img has-hover x md-x lg-x y md-y lg-y\" id=\"image_2005048039\">\n\t\t\t\t\t\t\t\t<div class=\"img-inner dark\" >\n\t\t\t<img width=\"6016\" height=\"4016\" src=\"https:\/\/22landresidence.com\/ndh\/wp-content\/uploads\/sites\/4\/2022\/03\/DSC_6790-min-1-scaled.jpg\" class=\"attachment-original size-original\" alt=\"\" decoding=\"async\" loading=\"lazy\" \/>\t\t\t\t\t\t\n\t\t\t\t\t<\/div>\n\t\t\t\t\t\t\t\t\n<style>\n#image_2005048039 {\n  width: 100%;\n}\n<\/style>\n\t<\/div>\n\t\n","protected":false},"excerpt":{"rendered":"<p>N\u1eb1m ngay t\u1ea1i t\u1ea7ng h\u1ea7m v\u00e0 kho\u1ea3ng kh\u00f4ng gian t\u1ea7ng th\u01b0\u1ee3ng ngo\u00e0i tr\u1eddi c\u1ee7a kh\u00e1ch s\u1ea1n, nh\u00e0 h\u00e0ng 22land residence 2 ph\u1ee5c v\u1ee5 m\u00f3n \u0103n A la carte cho qu\u00fd kh\u00e1ch c\u1ea3 ng\u00e0y t\u1eeb 7h\u00a0\u0111\u1ebfn 22h v\u00e0 buffet \u0103n S\u00e1ng cho kh\u00e1ch \u1edf qua \u0111\u00eam. V\u1edbi kh\u00f4ng gian m\u1edf, tho\u00e1ng m\u00e1t\u00a0k\u1ebft h\u1ee3p v\u1edbi ngh\u1ec7 thu\u00e2t &#8230;<\/p>\n","protected":false},"author":2,"featured_media":1228,"parent":24,"menu_order":0,"comment_status":"closed","ping_status":"closed","template":"","meta":[],"yst_prominent_words":[],"acf":[],"_links":{"self":[{"href":"https:\/\/22landresidence.com\/ndh\/wp-json\/wp\/v2\/pages\/301"}],"collection":[{"href":"https:\/\/22landresidence.com\/ndh\/wp-json\/wp\/v2\/pages"}],"about":[{"href":"https:\/\/22landresidence.com\/ndh\/wp-json\/wp\/v2\/types\/page"}],"author":[{"embeddable":true,"href":"https:\/\/22landresidence.com\/ndh\/wp-json\/wp\/v2\/users\/2"}],"replies":[{"embeddable":true,"href":"https:\/\/22landresidence.com\/ndh\/wp-json\/wp\/v2\/comments?post=301"}],"version-history":[{"count":4,"href":"https:\/\/22landresidence.com\/ndh\/wp-json\/wp\/v2\/pages\/301\/revisions"}],"predecessor-version":[{"id":1232,"href":"https:\/\/22landresidence.com\/ndh\/wp-json\/wp\/v2\/pages\/301\/revisions\/1232"}],"up":[{"embeddable":true,"href":"https:\/\/22landresidence.com\/ndh\/wp-json\/wp\/v2\/pages\/24"}],"wp:featuredmedia":[{"embeddable":true,"href":"https:\/\/22landresidence.com\/ndh\/wp-json\/wp\/v2\/media\/1228"}],"wp:attachment":[{"href":"https:\/\/22landresidence.com\/ndh\/wp-json\/wp\/v2\/media?parent=301"}],"wp:term":[{"taxonomy":"yst_prominent_words","embeddable":true,"href":"https:\/\/22landresidence.com\/ndh\/wp-json\/wp\/v2\/yst_prominent_words?post=301"}],"curies":[{"name":"wp","href":"https:\/\/api.w.org\/{rel}","templated":true}]}}