{"id":578,"date":"2020-12-04T13:48:38","date_gmt":"2020-12-04T06:48:38","guid":{"rendered":"https:\/\/22landresidence.com\/ndh\/?post_type=product&#038;p=578"},"modified":"2026-01-06T11:00:25","modified_gmt":"2026-01-06T04:00:25","slug":"luxury-double-room-suite","status":"publish","type":"product","link":"https:\/\/22landresidence.com\/ndh\/room\/luxury-double-room-suite\/","title":{"rendered":"DELUXE"},"content":{"rendered":"<div dir=\"auto\">Ph\u00f2ng Deluxe v\u1edbi b\u1ed3n t\u1eafm<\/div>\n<div dir=\"auto\">\n<div dir=\"auto\">(C\u00e1c ph\u00f2ng \u0111\u01b0\u1ee3c thi\u1ebft k\u1ebf phong c\u00e1ch Nh\u1eadt B\u1ea3n ti\u1ec7n nghi, hi\u1ec7n \u0111\u1ea1i&#8230;)<\/div>\n<div dir=\"auto\">\n<div class=\"cxmmr5t8 oygrvhab hcukyx3x c1et5uql o9v6fnle ii04i59q\">\n<div dir=\"auto\"><span class=\"pq6dq46d tbxw36s4 knj5qynh kvgmc6g5 ditlmg2l oygrvhab nvdbi5me sf5mxxl7 gl3lb2sf hhz5lgdu\"><img decoding=\"async\" loading=\"lazy\" src=\"https:\/\/static.xx.fbcdn.net\/images\/emoji.php\/v9\/t9b\/2\/16\/1f6c1.png\" alt=\"\ud83d\udec1\" width=\"16\" height=\"16\" \/><\/span> B\u1ed3n t\u1eafm c\u1ef1c chill v\u00e0 t\u1ea7m nh\u00ecn c\u1ee7a ph\u00f2ng kh\u00f4ng gi\u1edbi h\u1ea1n<\/div>\n<div dir=\"auto\"><span class=\"pq6dq46d tbxw36s4 knj5qynh kvgmc6g5 ditlmg2l oygrvhab nvdbi5me sf5mxxl7 gl3lb2sf hhz5lgdu\"><img decoding=\"async\" loading=\"lazy\" src=\"https:\/\/static.xx.fbcdn.net\/images\/emoji.php\/v9\/t9b\/2\/16\/1f6c1.png\" alt=\"\ud83d\udec1\" width=\"16\" height=\"16\" \/><\/span> Mi\u1ec5n ph\u00ed s\u1eed d\u1ee5ng b\u1ec3 b\u01a1i, x\u00f4ng h\u01a1i, hay ph\u00f2ng gym \u1edf t\u1ea7ng 8 c\u1ee7a t\u00f2a.<\/div>\n<div dir=\"auto\"><span class=\"pq6dq46d tbxw36s4 knj5qynh kvgmc6g5 ditlmg2l oygrvhab nvdbi5me sf5mxxl7 gl3lb2sf hhz5lgdu\"><img decoding=\"async\" loading=\"lazy\" src=\"https:\/\/static.xx.fbcdn.net\/images\/emoji.php\/v9\/tee\/2\/16\/2600.png\" alt=\"\u2600\ufe0f\" width=\"16\" height=\"16\" \/><\/span> \u0110i\u1ec1u ho\u00e0 m\u00e1t r\u01b0\u1ee3i\u2028 2 chi\u1ec1u<\/div>\n<div dir=\"auto\"><span class=\"pq6dq46d tbxw36s4 knj5qynh kvgmc6g5 ditlmg2l oygrvhab nvdbi5me sf5mxxl7 gl3lb2sf hhz5lgdu\"><img decoding=\"async\" loading=\"lazy\" src=\"https:\/\/static.xx.fbcdn.net\/images\/emoji.php\/v9\/t20\/2\/16\/1f5a5.png\" alt=\"\ud83d\udda5\" width=\"16\" height=\"16\" \/><\/span> TV Free Netflix, youtube&#8230;<\/div>\n<div dir=\"auto\"><span class=\"pq6dq46d tbxw36s4 knj5qynh kvgmc6g5 ditlmg2l oygrvhab nvdbi5me sf5mxxl7 gl3lb2sf hhz5lgdu\"><img decoding=\"async\" loading=\"lazy\" src=\"https:\/\/static.xx.fbcdn.net\/images\/emoji.php\/v9\/t4c\/2\/16\/1f511.png\" alt=\"\ud83d\udd11\" width=\"16\" height=\"16\" \/><\/span> L\u1ec5 T\u00e2n tr\u1ef1c 24\/7, b\u1ea3o v\u1ec7 24\/7<\/div>\n<div dir=\"auto\"><span class=\"pq6dq46d tbxw36s4 knj5qynh kvgmc6g5 ditlmg2l oygrvhab nvdbi5me sf5mxxl7 gl3lb2sf hhz5lgdu\"><img decoding=\"async\" loading=\"lazy\" src=\"https:\/\/static.xx.fbcdn.net\/images\/emoji.php\/v9\/tee\/2\/16\/1f964.png\" alt=\"\ud83e\udd64\" width=\"16\" height=\"16\" \/><\/span> Free \u0103n s\u00e1ng Buffet<\/div>\n<div dir=\"auto\"><span class=\"pq6dq46d tbxw36s4 knj5qynh kvgmc6g5 ditlmg2l oygrvhab nvdbi5me sf5mxxl7 gl3lb2sf hhz5lgdu\"><img decoding=\"async\" loading=\"lazy\" src=\"https:\/\/static.xx.fbcdn.net\/images\/emoji.php\/v9\/t8b\/2\/16\/1f3cd.png\" alt=\"\ud83c\udfcd\" width=\"16\" height=\"16\" \/><\/span> Ch\u1ed7 \u0111\u1ec3 xe m\u00e1y v\u00e0 \u0111\u1ed7 xe \u00f4 t\u00f4 mi\u1ec5n ph\u00ed kh\u00f4ng gi\u1edbi h\u1ea1n<\/div>\n<div dir=\"auto\"><span class=\"pq6dq46d tbxw36s4 knj5qynh kvgmc6g5 ditlmg2l oygrvhab nvdbi5me sf5mxxl7 gl3lb2sf hhz5lgdu\"><img decoding=\"async\" loading=\"lazy\" src=\"https:\/\/static.xx.fbcdn.net\/images\/emoji.php\/v9\/t4e\/2\/16\/1f513.png\" alt=\"\ud83d\udd13\" width=\"16\" height=\"16\" \/><\/span> D\u1ecbch V\u1ee5 Cao c\u1ea5p : \u0110\u1eb3ng c\u1ea5p 4 sao, c\u00f3 mi\u1ec5n ph\u00ed n\u01b0\u1edbc u\u1ed1ng, cafe, Internet high speed, L\u1ec5 t\u00e2n 24\/7 services chu \u0111\u00e1o, Nh\u00e2n vi\u00ean ch\u0103m s\u00f3c online 24\/7 t\u1eadn r\u0103ng.<\/div>\n<div dir=\"auto\">&#8212;&#8212;&#8212;&#8212;&#8212;&#8212;&#8212;&#8212;&#8212;&#8212;&#8212;&#8212;&#8212;&#8212;&#8212;&#8212;&#8212;&#8212;&#8212;&#8212;&#8212;&#8212;&#8212;<\/div>\n<div dir=\"auto\">&#8211; Gi\u00e1 Thu\u00ea 2h \u0111\u1ea7u ti\u00ean : 629k \/ 2h \u0111\u1ea7u ti\u00ean , c\u00e1c gi\u1edd sau m\u1ed7i gi\u1edd 70k<\/div>\n<div dir=\"auto\">&#8211; Gi\u00e1 thu\u00ea qua \u0111\u00eam v\u1edbi ph\u00f2ng Deluxe : 1119.000 VN\u0110 \/ \u0111\u00eam<\/div>\n<div dir=\"auto\"><span class=\"pq6dq46d tbxw36s4 knj5qynh kvgmc6g5 ditlmg2l oygrvhab nvdbi5me sf5mxxl7 gl3lb2sf hhz5lgdu\"><img decoding=\"async\" loading=\"lazy\" src=\"https:\/\/static.xx.fbcdn.net\/images\/emoji.php\/v9\/tcc\/2\/16\/1f4cd.png\" alt=\"\ud83d\udccd\" width=\"16\" height=\"16\" \/><\/span>\ud835\udfd0\ud835\udfd0\ud835\udc0b\ud835\udc00\ud835\udc0d\ud835\udc03 \ud835\udc11\ud835\udc04\ud835\udc12\ud835\udc08\ud835\udc03\ud835\udc04\ud835\udc0d\ud835\udc02\ud835\udc04 \ud835\udc07\ud835\udc0e\ud835\udc13\ud835\udc04\ud835\udc0b <strong>2<\/strong>: 02 Nguy\u1ec5n \u0110\u00ecnh Ho\u00e0n, c\u1ea7u Gi\u1ea5y HN<\/div>\n<div dir=\"auto\"><span class=\"pq6dq46d tbxw36s4 knj5qynh kvgmc6g5 ditlmg2l oygrvhab nvdbi5me sf5mxxl7 gl3lb2sf hhz5lgdu\"><img decoding=\"async\" loading=\"lazy\" src=\"https:\/\/static.xx.fbcdn.net\/images\/emoji.php\/v9\/tec\/2\/16\/1f4de.png\" alt=\"\ud83d\udcde\" width=\"16\" height=\"16\" \/><\/span> Hotline: 077.406.5555 ho\u1eb7c 0765.14.1111<\/div>\n<div dir=\"auto\">Call\/zalo\/viber\/whatapps\/sms.)<\/div>\n<div dir=\"auto\">Email : 22landresidence2@gmail.com<\/div>\n<\/div>\n<\/div>\n<div dir=\"auto\">\n<h4 data-fontsize=\"18\" data-lineheight=\"30\"><\/h4>\n<\/div>\n<\/div>\n<div dir=\"auto\">\n<h4 data-fontsize=\"18\" data-lineheight=\"30\"><\/h4>\n<\/div>\n","protected":false},"excerpt":{"rendered":"<p>C\u00e1c ph\u00f2ng \u0111\u01b0\u1ee3c thi\u1ebft k\u1ebf theo phong c\u00e1ch \u0110\u00f4ng D\u01b0\u01a1ng&#8230; Ph\u00f2ng Family l\u00e0 s\u1ef1 k\u1ebft h\u1ee3p c\u1ee7a 2 ph\u00f2ng Deluxe nhi\u1ec1u \u00e1nh s\u00e1ng t\u1ef1 nhi\u00ean, t\u1ea7m nh\u00ecn kh\u00f4ng gi\u1edbi h\u1ea1n, n\u1ed9i th\u1ea5t g\u1ed7 th\u00f4ng minh. R\u1ea5t ph\u00f9 h\u1ee3p cho m\u1ed9t gia \u0111\u00ecnh nh\u1ecf 3-4 ng\u01b0\u1eddi mu\u1ed1n l\u1ef1a ch\u1ecdn cho m\u00ecnh 1 \u0111i\u1ec3m \u0111\u1ebfn phong c\u00e1ch trong trung t\u00e2m th\u00e0nh ph\u1ed1.<\/p>\n","protected":false},"featured_media":1369,"comment_status":"open","ping_status":"closed","template":"","meta":[],"product_cat":[22,23],"product_tag":[],"yst_prominent_words":[],"acf":[],"_links":{"self":[{"href":"https:\/\/22landresidence.com\/ndh\/wp-json\/wp\/v2\/product\/578"}],"collection":[{"href":"https:\/\/22landresidence.com\/ndh\/wp-json\/wp\/v2\/product"}],"about":[{"href":"https:\/\/22landresidence.com\/ndh\/wp-json\/wp\/v2\/types\/product"}],"replies":[{"embeddable":true,"href":"https:\/\/22landresidence.com\/ndh\/wp-json\/wp\/v2\/comments?post=578"}],"wp:featuredmedia":[{"embeddable":true,"href":"https:\/\/22landresidence.com\/ndh\/wp-json\/wp\/v2\/media\/1369"}],"wp:attachment":[{"href":"https:\/\/22landresidence.com\/ndh\/wp-json\/wp\/v2\/media?parent=578"}],"wp:term":[{"taxonomy":"product_cat","embeddable":true,"href":"https:\/\/22landresidence.com\/ndh\/wp-json\/wp\/v2\/product_cat?post=578"},{"taxonomy":"product_tag","embeddable":true,"href":"https:\/\/22landresidence.com\/ndh\/wp-json\/wp\/v2\/product_tag?post=578"},{"taxonomy":"yst_prominent_words","embeddable":true,"href":"https:\/\/22landresidence.com\/ndh\/wp-json\/wp\/v2\/yst_prominent_words?post=578"}],"curies":[{"name":"wp","href":"https:\/\/api.w.org\/{rel}","templated":true}]}}