{"id":301,"date":"2019-11-17T08:22:54","date_gmt":"2019-11-17T01:22:54","guid":{"rendered":"https:\/\/22landresidence.com\/reyna-hotel\/?page_id=301"},"modified":"2025-03-19T16:48:07","modified_gmt":"2025-03-19T09:48:07","slug":"restaurant","status":"publish","type":"page","link":"https:\/\/22landresidence.com\/reyna-hotel\/gioi-thieu\/restaurant\/","title":{"rendered":"Restaurant"},"content":{"rendered":"<div class=\"container section-title-container\" ><h2 class=\"section-title section-title-center\"><b><\/b><span class=\"section-title-main\" >Restaurant t\u1ea1i Kh\u00e1ch s\u1ea1n c\u1ee7a ch\u00fang t\u00f4i<\/span><b><\/b><\/h2><\/div>\n<p>Nh\u00e0 h\u00e0ng ph\u1ee5c v\u1ee5 ti\u1ec7c buffet qu\u1ed1c t\u1ebf v\u00e0o bu\u1ed5i s\u00e1ng v\u00e0 A la carte su\u1ed1t c\u1ea3 ng\u00e0y. Nh\u00e0 h\u00e0ng c\u1ee7a ch\u00fang t\u00f4i mang \u0111\u1ebfn nh\u1eefng tr\u1ea3i nghi\u1ec7m \u1ea9m th\u1ef1c \u0111\u00e1ng nh\u1edb th\u00f4ng qua c\u00e1c h\u01b0\u01a1ng v\u1ecb mang b\u1ea3n s\u1eafc qu\u1ed1c t\u1ebf v\u00e0 \u0111\u1ecba ph\u01b0\u01a1ng.<\/p>\n<p>H\u00e3y \u0111\u1ebfn v\u1edbi ch\u00fang t\u00f4i \u0111\u1ec3 c\u00f3 th\u1ec3 th\u01b0\u1edfng th\u1ee9c nh\u1eefng \u0111\u1eb7c s\u1ea3n mang \u0111\u1eadm b\u1ea3n s\u1eafc qu\u1ed1c t\u1ebf v\u00e0 \u0111\u1ecba ph\u01b0\u01a1ng! Ch\u1eafc ch\u1eafn b\u1ea1n s\u1ebd kh\u00f4ng th\u1ec3 n\u00e0o qu\u00ean!<br \/><strong>Th\u1eddi gian m\u1edf c\u1eeda<\/strong>: T\u1eeb 06:00 &#8211; 22:00<\/p>\n\t<div class=\"img has-hover x md-x lg-x y md-y lg-y\" id=\"image_1631347444\">\n\t\t\t\t\t\t\t\t<div class=\"img-inner dark\" >\n\t\t\t<img width=\"2560\" height=\"1709\" src=\"https:\/\/22landresidence.com\/reyna-hotel\/wp-content\/uploads\/sites\/9\/2022\/08\/DSC_8336-min-scaled.jpg\" class=\"attachment-original size-original\" alt=\"\" decoding=\"async\" loading=\"lazy\" srcset=\"https:\/\/22landresidence.com\/reyna-hotel\/wp-content\/uploads\/sites\/9\/2022\/08\/DSC_8336-min-scaled.jpg 2560w, https:\/\/22landresidence.com\/reyna-hotel\/wp-content\/uploads\/sites\/9\/2022\/08\/DSC_8336-min-300x200.jpg 300w, https:\/\/22landresidence.com\/reyna-hotel\/wp-content\/uploads\/sites\/9\/2022\/08\/DSC_8336-min-1024x684.jpg 1024w, https:\/\/22landresidence.com\/reyna-hotel\/wp-content\/uploads\/sites\/9\/2022\/08\/DSC_8336-min-768x513.jpg 768w, https:\/\/22landresidence.com\/reyna-hotel\/wp-content\/uploads\/sites\/9\/2022\/08\/DSC_8336-min-1536x1025.jpg 1536w, https:\/\/22landresidence.com\/reyna-hotel\/wp-content\/uploads\/sites\/9\/2022\/08\/DSC_8336-min-2048x1367.jpg 2048w, https:\/\/22landresidence.com\/reyna-hotel\/wp-content\/uploads\/sites\/9\/2022\/08\/DSC_8336-min-900x601.jpg 900w\" sizes=\"(max-width: 2560px) 100vw, 2560px\" \/>\t\t\t\t\t\t\n\t\t\t\t\t<\/div>\n\t\t\t\t\t\t\t\t\n<style>\n#image_1631347444 {\n  width: 100%;\n}\n<\/style>\n\t<\/div>\n\t\n\t<div id=\"gap-1517925388\" class=\"gap-element clearfix\" style=\"display:block; height:auto;\">\n\t\t\n<style>\n#gap-1517925388 {\n  padding-top: 15px;\n}\n<\/style>\n\t<\/div>\n\t\n\t<div class=\"img has-hover x md-x lg-x y md-y lg-y\" id=\"image_1697515841\">\n\t\t\t\t\t\t\t\t<div class=\"img-inner dark\" >\n\t\t\t<img width=\"2560\" height=\"1709\" src=\"https:\/\/22landresidence.com\/reyna-hotel\/wp-content\/uploads\/sites\/9\/2022\/08\/DSC_8341-min-scaled.jpg\" class=\"attachment-original size-original\" alt=\"\" decoding=\"async\" loading=\"lazy\" srcset=\"https:\/\/22landresidence.com\/reyna-hotel\/wp-content\/uploads\/sites\/9\/2022\/08\/DSC_8341-min-scaled.jpg 2560w, https:\/\/22landresidence.com\/reyna-hotel\/wp-content\/uploads\/sites\/9\/2022\/08\/DSC_8341-min-300x200.jpg 300w, https:\/\/22landresidence.com\/reyna-hotel\/wp-content\/uploads\/sites\/9\/2022\/08\/DSC_8341-min-1024x684.jpg 1024w, https:\/\/22landresidence.com\/reyna-hotel\/wp-content\/uploads\/sites\/9\/2022\/08\/DSC_8341-min-768x513.jpg 768w, https:\/\/22landresidence.com\/reyna-hotel\/wp-content\/uploads\/sites\/9\/2022\/08\/DSC_8341-min-1536x1025.jpg 1536w, https:\/\/22landresidence.com\/reyna-hotel\/wp-content\/uploads\/sites\/9\/2022\/08\/DSC_8341-min-2048x1367.jpg 2048w, https:\/\/22landresidence.com\/reyna-hotel\/wp-content\/uploads\/sites\/9\/2022\/08\/DSC_8341-min-900x601.jpg 900w\" sizes=\"(max-width: 2560px) 100vw, 2560px\" \/>\t\t\t\t\t\t\n\t\t\t\t\t<\/div>\n\t\t\t\t\t\t\t\t\n<style>\n#image_1697515841 {\n  width: 100%;\n}\n<\/style>\n\t<\/div>\n\t\n\t<div id=\"gap-222850231\" class=\"gap-element clearfix\" style=\"display:block; height:auto;\">\n\t\t\n<style>\n#gap-222850231 {\n  padding-top: 15px;\n}\n<\/style>\n\t<\/div>\n\t\n\t<div class=\"img has-hover x md-x lg-x y md-y lg-y\" id=\"image_474498849\">\n\t\t\t\t\t\t\t\t<div class=\"img-inner dark\" >\n\t\t\t<img width=\"2560\" height=\"1664\" src=\"https:\/\/22landresidence.com\/reyna-hotel\/wp-content\/uploads\/sites\/9\/2022\/08\/DSC_8340-min-scaled.jpg\" class=\"attachment-original size-original\" alt=\"\" decoding=\"async\" loading=\"lazy\" srcset=\"https:\/\/22landresidence.com\/reyna-hotel\/wp-content\/uploads\/sites\/9\/2022\/08\/DSC_8340-min-scaled.jpg 2560w, https:\/\/22landresidence.com\/reyna-hotel\/wp-content\/uploads\/sites\/9\/2022\/08\/DSC_8340-min-300x195.jpg 300w, https:\/\/22landresidence.com\/reyna-hotel\/wp-content\/uploads\/sites\/9\/2022\/08\/DSC_8340-min-1024x666.jpg 1024w, https:\/\/22landresidence.com\/reyna-hotel\/wp-content\/uploads\/sites\/9\/2022\/08\/DSC_8340-min-768x499.jpg 768w, https:\/\/22landresidence.com\/reyna-hotel\/wp-content\/uploads\/sites\/9\/2022\/08\/DSC_8340-min-1536x998.jpg 1536w, https:\/\/22landresidence.com\/reyna-hotel\/wp-content\/uploads\/sites\/9\/2022\/08\/DSC_8340-min-2048x1331.jpg 2048w, https:\/\/22landresidence.com\/reyna-hotel\/wp-content\/uploads\/sites\/9\/2022\/08\/DSC_8340-min-900x585.jpg 900w\" sizes=\"(max-width: 2560px) 100vw, 2560px\" \/>\t\t\t\t\t\t\n\t\t\t\t\t<\/div>\n\t\t\t\t\t\t\t\t\n<style>\n#image_474498849 {\n  width: 100%;\n}\n<\/style>\n\t<\/div>\n\t\n\t<div id=\"gap-588986103\" class=\"gap-element clearfix\" style=\"display:block; height:auto;\">\n\t\t\n<style>\n#gap-588986103 {\n  padding-top: 15px;\n}\n<\/style>\n\t<\/div>\n\t\n\t<div class=\"img has-hover x md-x lg-x y md-y lg-y\" id=\"image_204372855\">\n\t\t\t\t\t\t\t\t<div class=\"img-inner dark\" >\n\t\t\t<img width=\"2560\" height=\"1748\" src=\"https:\/\/22landresidence.com\/reyna-hotel\/wp-content\/uploads\/sites\/9\/2022\/08\/DSC_8344-min-scaled.jpg\" class=\"attachment-original size-original\" alt=\"\" decoding=\"async\" loading=\"lazy\" srcset=\"https:\/\/22landresidence.com\/reyna-hotel\/wp-content\/uploads\/sites\/9\/2022\/08\/DSC_8344-min-scaled.jpg 2560w, https:\/\/22landresidence.com\/reyna-hotel\/wp-content\/uploads\/sites\/9\/2022\/08\/DSC_8344-min-300x205.jpg 300w, https:\/\/22landresidence.com\/reyna-hotel\/wp-content\/uploads\/sites\/9\/2022\/08\/DSC_8344-min-1024x699.jpg 1024w, https:\/\/22landresidence.com\/reyna-hotel\/wp-content\/uploads\/sites\/9\/2022\/08\/DSC_8344-min-768x524.jpg 768w, https:\/\/22landresidence.com\/reyna-hotel\/wp-content\/uploads\/sites\/9\/2022\/08\/DSC_8344-min-1536x1049.jpg 1536w, https:\/\/22landresidence.com\/reyna-hotel\/wp-content\/uploads\/sites\/9\/2022\/08\/DSC_8344-min-2048x1398.jpg 2048w, https:\/\/22landresidence.com\/reyna-hotel\/wp-content\/uploads\/sites\/9\/2022\/08\/DSC_8344-min-900x615.jpg 900w\" sizes=\"(max-width: 2560px) 100vw, 2560px\" \/>\t\t\t\t\t\t\n\t\t\t\t\t<\/div>\n\t\t\t\t\t\t\t\t\n<style>\n#image_204372855 {\n  width: 100%;\n}\n<\/style>\n\t<\/div>\n\t\n\t<div id=\"gap-1768779180\" class=\"gap-element clearfix\" style=\"display:block; height:auto;\">\n\t\t\n<style>\n#gap-1768779180 {\n  padding-top: 15px;\n}\n<\/style>\n\t<\/div>\n\t\n\t<div class=\"img has-hover x md-x lg-x y md-y lg-y\" id=\"image_874786025\">\n\t\t\t\t\t\t\t\t<div class=\"img-inner dark\" >\n\t\t\t<img width=\"2560\" height=\"1753\" src=\"https:\/\/22landresidence.com\/reyna-hotel\/wp-content\/uploads\/sites\/9\/2022\/08\/DSC_8342-min-scaled.jpg\" class=\"attachment-original size-original\" alt=\"\" decoding=\"async\" loading=\"lazy\" srcset=\"https:\/\/22landresidence.com\/reyna-hotel\/wp-content\/uploads\/sites\/9\/2022\/08\/DSC_8342-min-scaled.jpg 2560w, https:\/\/22landresidence.com\/reyna-hotel\/wp-content\/uploads\/sites\/9\/2022\/08\/DSC_8342-min-300x205.jpg 300w, https:\/\/22landresidence.com\/reyna-hotel\/wp-content\/uploads\/sites\/9\/2022\/08\/DSC_8342-min-1024x701.jpg 1024w, https:\/\/22landresidence.com\/reyna-hotel\/wp-content\/uploads\/sites\/9\/2022\/08\/DSC_8342-min-768x526.jpg 768w, https:\/\/22landresidence.com\/reyna-hotel\/wp-content\/uploads\/sites\/9\/2022\/08\/DSC_8342-min-1536x1052.jpg 1536w, https:\/\/22landresidence.com\/reyna-hotel\/wp-content\/uploads\/sites\/9\/2022\/08\/DSC_8342-min-2048x1402.jpg 2048w, https:\/\/22landresidence.com\/reyna-hotel\/wp-content\/uploads\/sites\/9\/2022\/08\/DSC_8342-min-900x616.jpg 900w\" sizes=\"(max-width: 2560px) 100vw, 2560px\" \/>\t\t\t\t\t\t\n\t\t\t\t\t<\/div>\n\t\t\t\t\t\t\t\t\n<style>\n#image_874786025 {\n  width: 100%;\n}\n<\/style>\n\t<\/div>\n\t\n\t<div id=\"gap-1281944515\" class=\"gap-element clearfix\" style=\"display:block; height:auto;\">\n\t\t\n<style>\n#gap-1281944515 {\n  padding-top: 15px;\n}\n<\/style>\n\t<\/div>\n\t\n","protected":false},"excerpt":{"rendered":"<p>Nh\u00e0 h\u00e0ng ph\u1ee5c v\u1ee5 ti\u1ec7c buffet qu\u1ed1c t\u1ebf v\u00e0o bu\u1ed5i s\u00e1ng v\u00e0 A la carte su\u1ed1t c\u1ea3 ng\u00e0y. Nh\u00e0 h\u00e0ng c\u1ee7a ch\u00fang t\u00f4i mang \u0111\u1ebfn nh\u1eefng tr\u1ea3i nghi\u1ec7m \u1ea9m th\u1ef1c \u0111\u00e1ng nh\u1edb th\u00f4ng qua c\u00e1c h\u01b0\u01a1ng v\u1ecb mang b\u1ea3n s\u1eafc qu\u1ed1c t\u1ebf v\u00e0 \u0111\u1ecba ph\u01b0\u01a1ng. H\u00e3y \u0111\u1ebfn v\u1edbi ch\u00fang t\u00f4i \u0111\u1ec3 c\u00f3 th\u1ec3 th\u01b0\u1edfng th\u1ee9c &#8230;<\/p>\n","protected":false},"author":2,"featured_media":1228,"parent":24,"menu_order":0,"comment_status":"closed","ping_status":"closed","template":"","meta":[],"yst_prominent_words":[],"acf":[],"_links":{"self":[{"href":"https:\/\/22landresidence.com\/reyna-hotel\/wp-json\/wp\/v2\/pages\/301"}],"collection":[{"href":"https:\/\/22landresidence.com\/reyna-hotel\/wp-json\/wp\/v2\/pages"}],"about":[{"href":"https:\/\/22landresidence.com\/reyna-hotel\/wp-json\/wp\/v2\/types\/page"}],"author":[{"embeddable":true,"href":"https:\/\/22landresidence.com\/reyna-hotel\/wp-json\/wp\/v2\/users\/2"}],"replies":[{"embeddable":true,"href":"https:\/\/22landresidence.com\/reyna-hotel\/wp-json\/wp\/v2\/comments?post=301"}],"version-history":[{"count":7,"href":"https:\/\/22landresidence.com\/reyna-hotel\/wp-json\/wp\/v2\/pages\/301\/revisions"}],"predecessor-version":[{"id":1406,"href":"https:\/\/22landresidence.com\/reyna-hotel\/wp-json\/wp\/v2\/pages\/301\/revisions\/1406"}],"up":[{"embeddable":true,"href":"https:\/\/22landresidence.com\/reyna-hotel\/wp-json\/wp\/v2\/pages\/24"}],"wp:featuredmedia":[{"embeddable":true,"href":"https:\/\/22landresidence.com\/reyna-hotel\/wp-json\/wp\/v2\/media\/1228"}],"wp:attachment":[{"href":"https:\/\/22landresidence.com\/reyna-hotel\/wp-json\/wp\/v2\/media?parent=301"}],"wp:term":[{"taxonomy":"yst_prominent_words","embeddable":true,"href":"https:\/\/22landresidence.com\/reyna-hotel\/wp-json\/wp\/v2\/yst_prominent_words?post=301"}],"curies":[{"name":"wp","href":"https:\/\/api.w.org\/{rel}","templated":true}]}}