{"id":574,"date":"2020-12-04T13:47:36","date_gmt":"2020-12-04T06:47:36","guid":{"rendered":"https:\/\/22landresidence.com\/reyna-hotel\/?post_type=product&#038;p=574"},"modified":"2023-03-13T15:20:13","modified_gmt":"2023-03-13T08:20:13","slug":"luxury-family-double-room-suite","status":"publish","type":"product","link":"https:\/\/22landresidence.com\/reyna-hotel\/room\/luxury-family-double-room-suite\/","title":{"rendered":"STUDIO"},"content":{"rendered":"<div dir=\"auto\">\n<div dir=\"auto\">\n<p><strong>Ti\u1ec7n \u00edch trong ph\u00f2ng:<\/strong><\/p>\n<ul>\n<li>TV truy\u1ec1n h\u00ecnh cab 40\u201d<\/li>\n<li>Lo\u1ea1i gi\u01b0\u1eddng: King k\u00edch th\u01b0\u1edbc 1.8m<\/li>\n<li>\u0110i\u1ec1u h\u00f2a<\/li>\n<li>Ph\u00f2ng kh\u00e1ch<\/li>\n<li>T\u1ee7 l\u1ea1nh<\/li>\n<li>V\u00f2i sen &amp; b\u1ed3n t\u1eafm<\/li>\n<li>M\u00e1y s\u1ea5y t\u00f3c<\/li>\n<li>K\u00e9t an to\u00e0n<\/li>\n<li>H\u1ec7 th\u1ed1ng kh\u00f3a t\u1ef1 \u0111\u1ed9ng<\/li>\n<li>H\u1ec7 th\u1ed1ng b\u01a1m n\u01b0\u1edbc n\u00f3ng<\/li>\n<li>\u0110i\u1ec7n tho\u1ea1i<\/li>\n<li>Wifi mi\u1ec5n ph\u00ed<\/li>\n<\/ul>\n<p><strong>D\u1ecbch v\u1ee5 cung c\u1ea5p :<\/strong><\/p>\n<ul>\n<li>D\u1ecdn ph\u00f2ng h\u1eb1ng ng\u00e0y<\/li>\n<li>Mi\u1ec5n ph\u00ed 2 chai n\u01b0\u1edbc u\u1ed1ng h\u1eb1ng ng\u00e0y<\/li>\n<li>Tr\u00e0\/ c\u00e0 ph\u00ea mi\u1ec5n ph\u00ed<\/li>\n<li>B\u00e1o v\u00e0 t\u1ea1p ch\u00ed ti\u1ebfng Anh t\u1ea1i ti\u1ec1n s\u1ea3nh v\u00e0 nh\u00e0 h\u00e0ng<\/li>\n<li>D\u1ecbch v\u1ee5 gi\u1eb7t l\u00e0\/ gi\u1eb7t nhanh(t\u00ednh ph\u00ed)<\/li>\n<li>D\u1ecbch v\u1ee5 v\u0103n ph\u00f2ng(t\u00ednh ph\u00ed)<\/li>\n<li>D\u1ecbch v\u1ee5 \u0103n u\u1ed1ng ph\u1ee5 v\u1ee5 t\u1ea1i ph\u00f2ng (t\u00ednh ph\u00ed)<\/li>\n<li>D\u1ecbch v\u1ee5 \u0111\u00f3n ti\u1ec5n s\u00e2n bay (t\u00ednh ph\u00ed)<\/li>\n<\/ul>\n<\/div>\n<\/div>\n","protected":false},"excerpt":{"rendered":"<div dir=\"auto\">\n<div>Ph\u00f2ng Studio\u00a0c\u00f3 t\u1ea7m nh\u00ecn bao qu\u00e1t, c\u00f3 di\u1ec7n t\u00edch kho\u1ea3ng 36m2\u00a0\u0111\u01b0\u1ee3c thi\u1ebft k\u1ebf khu v\u1ef1c b\u1ebfp n\u1ea5u \u0103n li\u1ec1n ph\u00f2ng ng\u1ee7, gi\u00fap qu\u00fd kh\u00e1ch c\u00f3 th\u1ec3 t\u1ef1 tay n\u1ea5u nh\u1eefng m\u00f3n \u0103n m\u00e0 m\u00ecnh y\u00eau th\u00edch.<br \/>\nPh\u00f2ng Studio\u00a0c\u1ee7a ch\u00fang t\u00f4i v\u1edbi l\u1ed1i ki\u1ebfn tr\u00fac \u0111\u1ed9c \u0111\u00e1o v\u00e0 n\u1ed9i th\u1ea5t sang tr\u1ecdng s\u1ebd mang \u0111\u1ebfn cho b\u1ea1n c\u1ea3m gi\u00e1c tho\u1ea3i m\u00e1i, l\u1ea1c v\u00e0o 1 kh\u00f4ng gian sang tr\u1ecdng, \u0111\u1eb3ng c\u1ea5p.<\/div>\n<\/div>\n","protected":false},"featured_media":1330,"comment_status":"open","ping_status":"closed","template":"","meta":[],"product_cat":[22,23],"product_tag":[],"yst_prominent_words":[],"acf":[],"_links":{"self":[{"href":"https:\/\/22landresidence.com\/reyna-hotel\/wp-json\/wp\/v2\/product\/574"}],"collection":[{"href":"https:\/\/22landresidence.com\/reyna-hotel\/wp-json\/wp\/v2\/product"}],"about":[{"href":"https:\/\/22landresidence.com\/reyna-hotel\/wp-json\/wp\/v2\/types\/product"}],"replies":[{"embeddable":true,"href":"https:\/\/22landresidence.com\/reyna-hotel\/wp-json\/wp\/v2\/comments?post=574"}],"wp:featuredmedia":[{"embeddable":true,"href":"https:\/\/22landresidence.com\/reyna-hotel\/wp-json\/wp\/v2\/media\/1330"}],"wp:attachment":[{"href":"https:\/\/22landresidence.com\/reyna-hotel\/wp-json\/wp\/v2\/media?parent=574"}],"wp:term":[{"taxonomy":"product_cat","embeddable":true,"href":"https:\/\/22landresidence.com\/reyna-hotel\/wp-json\/wp\/v2\/product_cat?post=574"},{"taxonomy":"product_tag","embeddable":true,"href":"https:\/\/22landresidence.com\/reyna-hotel\/wp-json\/wp\/v2\/product_tag?post=574"},{"taxonomy":"yst_prominent_words","embeddable":true,"href":"https:\/\/22landresidence.com\/reyna-hotel\/wp-json\/wp\/v2\/yst_prominent_words?post=574"}],"curies":[{"name":"wp","href":"https:\/\/api.w.org\/{rel}","templated":true}]}}