{"id":576,"date":"2020-12-04T13:48:07","date_gmt":"2020-12-04T06:48:07","guid":{"rendered":"https:\/\/22landresidence.com\/reyna-hotel\/?post_type=product&#038;p=576"},"modified":"2023-03-13T15:20:01","modified_gmt":"2023-03-13T08:20:01","slug":"luxury-double-suite-attic-floor","status":"publish","type":"product","link":"https:\/\/22landresidence.com\/reyna-hotel\/room\/luxury-double-suite-attic-floor\/","title":{"rendered":"SUPERIOR"},"content":{"rendered":"<div dir=\"auto\">\n<p><strong>Ti\u1ec7n nghi trong ph\u00f2ng:<\/strong><\/p>\n<ul>\n<li>\u00a0Di\u1ec7n t\u00edch: 22m<sup>2<\/sup><\/li>\n<li>\u00a0TV truy\u1ec1n h\u00ecnh cab 40\u2019\u2019<\/li>\n<li>\u00a0Gi\u01b0\u1eddng Queen k\u00edch th\u01b0\u1edbc 1.6m<\/li>\n<li>\u00a0\u0110i\u1ec1u h\u00f2a<\/li>\n<li>\u00a0T\u1ee7 mini bar<\/li>\n<li>\u00a0V\u00f2i sen<\/li>\n<li>\u00a0M\u00e1y s\u1ea5y t\u00f3c<\/li>\n<li>\u00a0K\u00e9t an to\u00e0n<\/li>\n<li>\u00a0H\u1ec7 th\u1ed1ng kh\u00f3a t\u1ef1 \u0111\u1ed9ng<\/li>\n<li>\u00a0H\u1ec7 th\u1ed1ng b\u01a1m n\u01b0\u1edbc n\u00f3ng<\/li>\n<li>\u00a0\u0110i\u1ec7n tho\u1ea1i<\/li>\n<li>\u00a0Wifi mi\u1ec5n ph\u00ed<\/li>\n<\/ul>\n<p><strong>D\u1ecbch v\u1ee5 cung c\u1ea5p :<\/strong><\/p>\n<ul>\n<li>\u00a0D\u1ecdn ph\u00f2ng h\u1eb1ng ng\u00e0y<\/li>\n<li>\u00a0Mi\u1ec5n ph\u00ed 2 chai n\u01b0\u1edbc u\u1ed1ng h\u1eb1ng ng\u00e0y<\/li>\n<li>\u00a0Tr\u00e0\/ c\u00e0 ph\u00ea mi\u1ec5n ph\u00ed<\/li>\n<li>\u00a0B\u00e1o v\u00e0 t\u1ea1p ch\u00ed ti\u1ebfng Anh t\u1ea1i ti\u1ec1n s\u1ea3nh v\u00e0 nh\u00e0 h\u00e0ng<\/li>\n<li>\u00a0D\u1ecbch v\u1ee5 gi\u1eb7t l\u00e0\/ gi\u1eb7t nhanh (t\u00ednh ph\u00ed)<\/li>\n<li>\u00a0D\u1ecbch v\u1ee5 v\u0103n ph\u00f2ng (t\u00ednh ph\u00ed)<\/li>\n<li>\u00a0D\u1ecbch v\u1ee5 \u0103n u\u1ed1ng ph\u1ee5 v\u1ee5 t\u1ea1i ph\u00f2ng (t\u00ednh ph\u00ed)<\/li>\n<li>\u00a0D\u1ecbch v\u1ee5 \u0111\u00f3n ti\u1ec5n s\u00e2n bay (t\u00ednh ph\u00ed)<\/li>\n<\/ul>\n<\/div>\n","protected":false},"excerpt":{"rendered":"<div>Ph\u00f2ng Superior\u00a0c\u00f3 di\u1ec7n t\u00edch 22m<sup>2<\/sup>\u00a0\u0111\u01b0\u1ee3c thi\u1ebft k\u1ebf h\u00e0i h\u00f2a v\u1edbi n\u1ed9i th\u1ea5t sang tr\u1ecdng v\u00e0 \u0111\u1ea7y \u0111\u1ee7 ti\u1ec7n nghi hi\u1ec7n \u0111\u1ea1i mang \u0111\u1ebfn s\u1ef1 tho\u1ea3i m\u00e1i, ti\u1ec7n l\u1ee3i nh\u1ea5t cho qu\u00fd kh\u00e1ch.<br \/>\nPh\u00f2ng Superior\u00a0g\u1ed3m 1 gi\u01b0\u1eddng \u0111\u00f4i ph\u00f9 h\u1ee3p v\u1edbi c\u00e1c c\u1eb7p \u0111\u00f4i \u0111i du l\u1ecbch ngh\u1ec9 d\u01b0\u1ee1ng. Ph\u00f2ng v\u1edbi h\u01b0\u1edbng nh\u00ecn ra ph\u00eda th\u00e0nh ph\u1ed1 gi\u00fap qu\u00fd kh\u00e1ch c\u00f3 th\u1ec3 ng\u1eafm nh\u00ecn khung c\u1ea3nh xinh \u0111\u1eb9p xung quanh.<\/div>\n","protected":false},"featured_media":1296,"comment_status":"open","ping_status":"closed","template":"","meta":[],"product_cat":[22,23],"product_tag":[],"yst_prominent_words":[],"acf":[],"_links":{"self":[{"href":"https:\/\/22landresidence.com\/reyna-hotel\/wp-json\/wp\/v2\/product\/576"}],"collection":[{"href":"https:\/\/22landresidence.com\/reyna-hotel\/wp-json\/wp\/v2\/product"}],"about":[{"href":"https:\/\/22landresidence.com\/reyna-hotel\/wp-json\/wp\/v2\/types\/product"}],"replies":[{"embeddable":true,"href":"https:\/\/22landresidence.com\/reyna-hotel\/wp-json\/wp\/v2\/comments?post=576"}],"wp:featuredmedia":[{"embeddable":true,"href":"https:\/\/22landresidence.com\/reyna-hotel\/wp-json\/wp\/v2\/media\/1296"}],"wp:attachment":[{"href":"https:\/\/22landresidence.com\/reyna-hotel\/wp-json\/wp\/v2\/media?parent=576"}],"wp:term":[{"taxonomy":"product_cat","embeddable":true,"href":"https:\/\/22landresidence.com\/reyna-hotel\/wp-json\/wp\/v2\/product_cat?post=576"},{"taxonomy":"product_tag","embeddable":true,"href":"https:\/\/22landresidence.com\/reyna-hotel\/wp-json\/wp\/v2\/product_tag?post=576"},{"taxonomy":"yst_prominent_words","embeddable":true,"href":"https:\/\/22landresidence.com\/reyna-hotel\/wp-json\/wp\/v2\/yst_prominent_words?post=576"}],"curies":[{"name":"wp","href":"https:\/\/api.w.org\/{rel}","templated":true}]}}