{"id":24,"date":"2019-11-16T08:34:22","date_gmt":"2019-11-16T01:34:22","guid":{"rendered":"https:\/\/22landresidence.com\/reyna-luxury-hotel-34-mieu-dam\/?page_id=24"},"modified":"2023-04-17T16:46:13","modified_gmt":"2023-04-17T09:46:13","slug":"gioi-thieu","status":"publish","type":"page","link":"https:\/\/22landresidence.com\/reyna-luxury-hotel-34-mieu-dam\/gioi-thieu\/","title":{"rendered":"Gi\u1edbi thi\u1ec7u"},"content":{"rendered":"<p>\u00a0<\/p>\n<h3><strong>Ch\u00e0o m\u1eebng \u0111\u1ebfn v\u1edbi Kh\u00e1ch s\u1ea1n Reyna Luxury (\u0111\u01b0\u1ee3c qu\u1ea3n l\u00ed b\u1edfi T\u1eadp \u0111o\u00e0n 22land)<\/strong><\/h3>\n<p>T\u1ecda l\u1ea1c t\u1ea1i trung t\u00e2m th\u01b0\u01a1ng m\u1ea1i m\u1edbi c\u1ee7a H\u00e0 N\u1ed9i c\u00e1ch s\u00e2n bay N\u1ed9i B\u00e0i 25km, c\u00e1ch Trung t\u00e2m h\u1ed9i ngh\u1ecb qu\u1ed1c gia 3 ph\u00fat \u0111i b\u1ed9, g\u1ea7n s\u00e2n v\u1eadn \u0111\u1ed9ng Qu\u1ed1c gia M\u1ef9 \u0110\u00ecnh, \u0111\u01b0\u1eddng \u0111ua xe c\u00f4ng th\u1ee9c 1 ch\u1ec9 v\u00e0i ph\u00fat l\u00e1i xe, qu\u00fd kh\u00e1ch c\u00f3 th\u1ec3 d\u1ec5 d\u00e0ng di chuy\u1ec3n \u0111\u1ebfn c\u00e1c t\u00f2a nh\u00e0 v\u0103n ph\u00f2ng b\u00ean c\u1ea1nh c\u0169ng nh\u01b0 c\u00e1c khu c\u00f4ng nghi\u1ec7p l\u1edbn \u1edf H\u00e0 N\u1ed9i v\u00e0 c\u00e1c t\u1ec9nh l\u00e2n c\u1eadn, c\u00e1c tr\u01b0\u1eddng Qu\u1ed1c t\u1ebf, b\u1ec7nh vi\u1ec7n v\u00e0 nhi\u1ec1u \u0111i\u1ec3m \u0111\u1ebfn h\u1ea5p d\u1eabn kh\u00e1c, v\u1ecb tr\u00ed c\u1ee7a kh\u00e1ch s\u1ea1n t\u1ea1o \u0111i\u1ec1u ki\u1ec7n thu\u1eadn l\u1ee3i cho vi\u1ec7c \u0111i l\u1ea1i c\u1ee7a kh\u00e1ch h\u00e0ng trong v\u00e0 ngo\u00e0i n\u01b0\u1edbc.<\/p>\n<p>Kh\u00e1ch s\u1ea1n Reyna Luxury v\u1edbi c\u00e1c d\u1ecbch v\u1ee5 ti\u1ec7n nghi v\u00e0 c\u01a1 s\u1edf v\u1eadt ch\u1ea5t sang tr\u1ecdng s\u1ebd cung c\u1ea5p cho qu\u00fd kh\u00e1ch nh\u1eefng ph\u00f2ng ngh\u1ec9 tho\u1ea3i m\u00e1i nh\u1ea5t, v\u1edbi kh\u00f4ng gian n\u1ed9i th\u1ea5t hi\u1ec7n \u0111\u1ea1i. Sau m\u1ed9t ng\u00e0y d\u00e0i l\u00e0m vi\u1ec7c, h\u00e3y t\u1ef1 th\u01b0\u1edfng cho m\u00ecnh m\u1ed9t b\u1eefa \u0103n t\u01b0\u01a1i ngon trong nh\u00e0 h\u00e0ng v\u00e0 th\u01b0 gi\u00e3n v\u1edbi d\u1ecbch v\u1ee5 massge. Ngo\u00e0i ra ch\u00fang t\u00f4i c\u0169ng cung c\u1ea5p ph\u00f2ng gym \u1edf t\u1ea7ng cao nh\u1ea5t c\u1ee7a kh\u00e1ch s\u1ea1n.<br \/>H\u00e3y \u0111\u1ec3 Kh\u00e1ch s\u1ea1n Reyna Luxury l\u00e0 l\u1ef1a ch\u1ecdn l\u00fd t\u01b0\u1edfng cho c\u00e1c chuy\u1ebfn c\u00f4ng t\u00e1c v\u00e0 du l\u1ecbch.<\/p>\n","protected":false},"excerpt":{"rendered":"<p>\u00a0 Ch\u00e0o m\u1eebng \u0111\u1ebfn v\u1edbi Kh\u00e1ch s\u1ea1n Reyna Luxury (\u0111\u01b0\u1ee3c qu\u1ea3n l\u00ed b\u1edfi T\u1eadp \u0111o\u00e0n 22land) T\u1ecda l\u1ea1c t\u1ea1i trung t\u00e2m th\u01b0\u01a1ng m\u1ea1i m\u1edbi c\u1ee7a H\u00e0 N\u1ed9i c\u00e1ch s\u00e2n bay N\u1ed9i B\u00e0i 25km, c\u00e1ch Trung t\u00e2m h\u1ed9i ngh\u1ecb qu\u1ed1c gia 3 ph\u00fat \u0111i b\u1ed9, g\u1ea7n s\u00e2n v\u1eadn \u0111\u1ed9ng Qu\u1ed1c gia M\u1ef9 \u0110\u00ecnh, \u0111\u01b0\u1eddng \u0111ua xe &#8230;<\/p>\n","protected":false},"author":2,"featured_media":0,"parent":0,"menu_order":0,"comment_status":"closed","ping_status":"closed","template":"","meta":[],"yst_prominent_words":[],"acf":[],"_links":{"self":[{"href":"https:\/\/22landresidence.com\/reyna-luxury-hotel-34-mieu-dam\/wp-json\/wp\/v2\/pages\/24"}],"collection":[{"href":"https:\/\/22landresidence.com\/reyna-luxury-hotel-34-mieu-dam\/wp-json\/wp\/v2\/pages"}],"about":[{"href":"https:\/\/22landresidence.com\/reyna-luxury-hotel-34-mieu-dam\/wp-json\/wp\/v2\/types\/page"}],"author":[{"embeddable":true,"href":"https:\/\/22landresidence.com\/reyna-luxury-hotel-34-mieu-dam\/wp-json\/wp\/v2\/users\/2"}],"replies":[{"embeddable":true,"href":"https:\/\/22landresidence.com\/reyna-luxury-hotel-34-mieu-dam\/wp-json\/wp\/v2\/comments?post=24"}],"version-history":[{"count":14,"href":"https:\/\/22landresidence.com\/reyna-luxury-hotel-34-mieu-dam\/wp-json\/wp\/v2\/pages\/24\/revisions"}],"predecessor-version":[{"id":1454,"href":"https:\/\/22landresidence.com\/reyna-luxury-hotel-34-mieu-dam\/wp-json\/wp\/v2\/pages\/24\/revisions\/1454"}],"wp:attachment":[{"href":"https:\/\/22landresidence.com\/reyna-luxury-hotel-34-mieu-dam\/wp-json\/wp\/v2\/media?parent=24"}],"wp:term":[{"taxonomy":"yst_prominent_words","embeddable":true,"href":"https:\/\/22landresidence.com\/reyna-luxury-hotel-34-mieu-dam\/wp-json\/wp\/v2\/yst_prominent_words?post=24"}],"curies":[{"name":"wp","href":"https:\/\/api.w.org\/{rel}","templated":true}]}}