{"id":1199,"date":"2022-03-14T12:56:14","date_gmt":"2022-03-14T05:56:14","guid":{"rendered":"https:\/\/22landresidence.com\/reyna-luxury-hotel-34-mieu-dam\/?post_type=product&#038;p=1199"},"modified":"2023-04-17T16:39:09","modified_gmt":"2023-04-17T09:39:09","slug":"standard","status":"publish","type":"product","link":"https:\/\/22landresidence.com\/reyna-luxury-hotel-34-mieu-dam\/room\/standard\/","title":{"rendered":"DELUXE TWIN"},"content":{"rendered":"<div dir=\"auto\">\n<p><strong>C\u00e1c ti\u1ec7n \u00edch:<\/strong><\/p>\n<div>\u2022 Di\u1ec7n t\u00edch: 26 &#8211; 28m2<\/div>\n<div>\u2022 TV truy\u1ec1n h\u00ecnh cab 50\u201d<\/div>\n<div>\u2022 Lo\u1ea1i gi\u01b0\u1eddng: 1 gi\u01b0\u1eddng King ho\u1eb7c 2 gi\u01b0\u1eddng Twin<\/div>\n<div>\u2022 \u0110i\u1ec1u h\u00f2a<\/div>\n<div>\u2022 T\u1ee7 mini bar<\/div>\n<div>\u2022 V\u00f2i sen<\/div>\n<div>\u2022 M\u00e1y s\u1ea5y t\u00f3c<\/div>\n<div>\u2022 K\u00e9t an to\u00e0n<\/div>\n<div>\u2022 H\u1ec7 th\u1ed1ng kh\u00f3a t\u1ef1 \u0111\u1ed9ng<\/div>\n<div>\u2022 H\u1ec7 th\u1ed1ng b\u01a1m n\u01b0\u1edbc n\u00f3ng<\/div>\n<div>\u2022 \u0110i\u1ec7n tho\u1ea1i<\/div>\n<div>\u2022 Wifi mi\u1ec5n ph\u00ed<\/div>\n<p><strong>D\u1ecbch v\u1ee5 cung c\u1ea5p :<\/strong><\/p>\n<div>\u2022 D\u1ecdn ph\u00f2ng h\u1eb1ng ng\u00e0y<\/div>\n<div>\u2022 Mi\u1ec5n ph\u00ed 2 chai n\u01b0\u1edbc u\u1ed1ng h\u1eb1ng ng\u00e0y<\/div>\n<div>\u2022 Tr\u00e0\/ c\u00e0 ph\u00ea mi\u1ec5n ph\u00ed<\/div>\n<div>\u2022 D\u1ecbch v\u1ee5 gi\u1eb7t l\u00e0\/ gi\u1eb7t nhanh (t\u00ednh ph\u00ed)<\/div>\n<div>\u2022 D\u1ecbch v\u1ee5 v\u0103n ph\u00f2ng (t\u00ednh ph\u00ed)<\/div>\n<div>\u2022 D\u1ecbch v\u1ee5 \u0103n u\u1ed1ng ph\u1ee5 v\u1ee5 t\u1ea1i ph\u00f2ng (t\u00ednh ph\u00ed)<\/div>\n<div>\u2022 D\u1ecbch v\u1ee5 \u0111\u00f3n ti\u1ec5n s\u00e2n bay (t\u00ednh ph\u00ed)<\/div>\n<\/div>\n","protected":false},"excerpt":{"rendered":"<p>Ph\u00f2ng Deluxe v\u1edbi thi\u1ebft k\u1ebf h\u00e0i h\u00f2a, n\u1ed9i th\u1ea5t sang tr\u1ecdng v\u1edbi \u0111\u1ea7y \u0111\u1ee7 ti\u1ec7n nghi hi\u1ec7n \u0111\u1ea1i. Di\u1ec7n t\u00edch kho\u1ea3ng 26 &#8211; 28m2 v\u1edbi h\u01b0\u1edbng nh\u00ecn ra ph\u00eda th\u00e0nh ph\u1ed1 gi\u00fap qu\u00fd kh\u00e1ch c\u00f3 th\u1ec3 ng\u1eafm nh\u00ecn khung c\u1ea3nh xung quanh.<\/p>\n","protected":false},"featured_media":1417,"comment_status":"open","ping_status":"closed","template":"","meta":[],"product_cat":[22,23],"product_tag":[],"yst_prominent_words":[],"acf":[],"_links":{"self":[{"href":"https:\/\/22landresidence.com\/reyna-luxury-hotel-34-mieu-dam\/wp-json\/wp\/v2\/product\/1199"}],"collection":[{"href":"https:\/\/22landresidence.com\/reyna-luxury-hotel-34-mieu-dam\/wp-json\/wp\/v2\/product"}],"about":[{"href":"https:\/\/22landresidence.com\/reyna-luxury-hotel-34-mieu-dam\/wp-json\/wp\/v2\/types\/product"}],"replies":[{"embeddable":true,"href":"https:\/\/22landresidence.com\/reyna-luxury-hotel-34-mieu-dam\/wp-json\/wp\/v2\/comments?post=1199"}],"wp:featuredmedia":[{"embeddable":true,"href":"https:\/\/22landresidence.com\/reyna-luxury-hotel-34-mieu-dam\/wp-json\/wp\/v2\/media\/1417"}],"wp:attachment":[{"href":"https:\/\/22landresidence.com\/reyna-luxury-hotel-34-mieu-dam\/wp-json\/wp\/v2\/media?parent=1199"}],"wp:term":[{"taxonomy":"product_cat","embeddable":true,"href":"https:\/\/22landresidence.com\/reyna-luxury-hotel-34-mieu-dam\/wp-json\/wp\/v2\/product_cat?post=1199"},{"taxonomy":"product_tag","embeddable":true,"href":"https:\/\/22landresidence.com\/reyna-luxury-hotel-34-mieu-dam\/wp-json\/wp\/v2\/product_tag?post=1199"},{"taxonomy":"yst_prominent_words","embeddable":true,"href":"https:\/\/22landresidence.com\/reyna-luxury-hotel-34-mieu-dam\/wp-json\/wp\/v2\/yst_prominent_words?post=1199"}],"curies":[{"name":"wp","href":"https:\/\/api.w.org\/{rel}","templated":true}]}}