{"id":574,"date":"2020-12-04T13:47:36","date_gmt":"2020-12-04T06:47:36","guid":{"rendered":"https:\/\/22landresidence.com\/reyna-luxury-hotel-34-mieu-dam\/?post_type=product&#038;p=574"},"modified":"2023-04-17T16:32:35","modified_gmt":"2023-04-17T09:32:35","slug":"luxury-family-double-room-suite","status":"publish","type":"product","link":"https:\/\/22landresidence.com\/reyna-luxury-hotel-34-mieu-dam\/room\/luxury-family-double-room-suite\/","title":{"rendered":"JUNIOR SUITE"},"content":{"rendered":"<div dir=\"auto\">\n<div dir=\"auto\">\n<p><strong>Ti\u1ec7n \u00edch trong ph\u00f2ng:<\/strong><\/p>\n<div>\u2022 Di\u1ec7n t\u00edch: 40m2<\/div>\n<div>\u2022 TV truy\u1ec1n h\u00ecnh cab 50\u201d<\/div>\n<div>\u2022 Gi\u01b0\u1eddng King<\/div>\n<div>\u2022 \u0110i\u1ec1u h\u00f2a<\/div>\n<div>\u2022 Ph\u00f2ng kh\u00e1ch<\/div>\n<div>\u2022 T\u1ee7 l\u1ea1nh<\/div>\n<div>\u2022 V\u00f2i sen &amp; b\u1ed3n t\u1eafm jacuzzi<\/div>\n<div>\u2022 M\u00e1y s\u1ea5y t\u00f3c<\/div>\n<div>\u2022 K\u00e9t an to\u00e0n<\/div>\n<div>\u2022 H\u1ec7 th\u1ed1ng kh\u00f3a t\u1ef1 \u0111\u1ed9ng<\/div>\n<div>\u2022 H\u1ec7 th\u1ed1ng b\u01a1m n\u01b0\u1edbc n\u00f3ng<\/div>\n<div>\u2022 \u0110i\u1ec7n tho\u1ea1i<\/div>\n<div>\u2022 Wifi mi\u1ec5n ph\u00ed<\/div>\n<p><strong style=\"color: #555555\">D\u1ecbch v\u1ee5 cung c\u1ea5p :<\/strong><\/p>\n<div>\u2022 D\u1ecdn ph\u00f2ng h\u1eb1ng ng\u00e0y<\/div>\n<div>\u2022 Mi\u1ec5n ph\u00ed 2 chai n\u01b0\u1edbc u\u1ed1ng h\u1eb1ng ng\u00e0y<\/div>\n<div>\u2022 Tr\u00e0\/ c\u00e0 ph\u00ea mi\u1ec5n ph\u00ed<\/div>\n<div>\u2022 D\u1ecbch v\u1ee5 gi\u1eb7t l\u00e0\/ gi\u1eb7t nhanh (t\u00ednh ph\u00ed)<\/div>\n<div>\u2022 D\u1ecbch v\u1ee5 v\u0103n ph\u00f2ng (t\u00ednh ph\u00ed)<\/div>\n<div>\u2022 D\u1ecbch v\u1ee5 \u0103n u\u1ed1ng ph\u1ee5 v\u1ee5 t\u1ea1i ph\u00f2ng (t\u00ednh ph\u00ed)<\/div>\n<div>\u2022 D\u1ecbch v\u1ee5 \u0111\u00f3n ti\u1ec5n s\u00e2n bay (t\u00ednh ph\u00ed)\n<\/div>\n<\/div>\n<\/div>\n","protected":false},"excerpt":{"rendered":"<div dir=\"auto\">Ph\u00f2ng Junior suite c\u00f3 t\u1ea7m nh\u00ecn bao qu\u00e1t, c\u00f3 di\u1ec7n t\u00edch kho\u1ea3ng 40m2 \u0111\u01b0\u1ee3c trang b\u1ecb gi\u01b0\u1eddng ng\u1ee7 king size v\u00e0 gh\u1ebf sofa \u0111em l\u1ea1i s\u1ef1 tho\u1ea3i m\u00e1i v\u00e0 th\u01b0 gi\u00e3n nh\u1ea5t cho qu\u00fd kh\u00e1ch, v\u1edbi l\u1ed1i ki\u1ebfn tr\u00fac \u0111\u1ed9c \u0111\u00e1o v\u00e0 n\u1ed9i th\u1ea5t sang tr\u1ecdng v\u00e0 t\u1ea7m nh\u00ecn tr\u00ean cao s\u1ebd mang \u0111\u1ebfn cho b\u1ea1n c\u1ea3m gi\u00e1c tho\u1ea3i m\u00e1i, l\u1ea1c v\u00e0o 1 kh\u00f4ng gian sang tr\u1ecdng, \u0111\u1eb3ng c\u1ea5p.\n<\/div>\n","protected":false},"featured_media":1407,"comment_status":"open","ping_status":"closed","template":"","meta":[],"product_cat":[22,23],"product_tag":[],"yst_prominent_words":[],"acf":[],"_links":{"self":[{"href":"https:\/\/22landresidence.com\/reyna-luxury-hotel-34-mieu-dam\/wp-json\/wp\/v2\/product\/574"}],"collection":[{"href":"https:\/\/22landresidence.com\/reyna-luxury-hotel-34-mieu-dam\/wp-json\/wp\/v2\/product"}],"about":[{"href":"https:\/\/22landresidence.com\/reyna-luxury-hotel-34-mieu-dam\/wp-json\/wp\/v2\/types\/product"}],"replies":[{"embeddable":true,"href":"https:\/\/22landresidence.com\/reyna-luxury-hotel-34-mieu-dam\/wp-json\/wp\/v2\/comments?post=574"}],"wp:featuredmedia":[{"embeddable":true,"href":"https:\/\/22landresidence.com\/reyna-luxury-hotel-34-mieu-dam\/wp-json\/wp\/v2\/media\/1407"}],"wp:attachment":[{"href":"https:\/\/22landresidence.com\/reyna-luxury-hotel-34-mieu-dam\/wp-json\/wp\/v2\/media?parent=574"}],"wp:term":[{"taxonomy":"product_cat","embeddable":true,"href":"https:\/\/22landresidence.com\/reyna-luxury-hotel-34-mieu-dam\/wp-json\/wp\/v2\/product_cat?post=574"},{"taxonomy":"product_tag","embeddable":true,"href":"https:\/\/22landresidence.com\/reyna-luxury-hotel-34-mieu-dam\/wp-json\/wp\/v2\/product_tag?post=574"},{"taxonomy":"yst_prominent_words","embeddable":true,"href":"https:\/\/22landresidence.com\/reyna-luxury-hotel-34-mieu-dam\/wp-json\/wp\/v2\/yst_prominent_words?post=574"}],"curies":[{"name":"wp","href":"https:\/\/api.w.org\/{rel}","templated":true}]}}