{"id":576,"date":"2020-12-04T13:48:07","date_gmt":"2020-12-04T06:48:07","guid":{"rendered":"https:\/\/22landresidence.com\/reyna-luxury-hotel-34-mieu-dam\/?post_type=product&#038;p=576"},"modified":"2023-04-17T16:24:38","modified_gmt":"2023-04-17T09:24:38","slug":"luxury-double-suite-attic-floor","status":"publish","type":"product","link":"https:\/\/22landresidence.com\/reyna-luxury-hotel-34-mieu-dam\/room\/luxury-double-suite-attic-floor\/","title":{"rendered":"SUPERIOR"},"content":{"rendered":"<div dir=\"auto\">\n<p><strong>Ti\u1ec7n nghi trong ph\u00f2ng:<\/strong><\/p>\n<div>\u2022 Di\u1ec7n t\u00edch: 28m2<\/div>\n<div>\u2022 TV truy\u1ec1n h\u00ecnh cab 50\u2019\u2019<\/div>\n<div>\u2022 Gi\u01b0\u1eddng King<\/div>\n<div>\u2022 \u0110i\u1ec1u h\u00f2a<\/div>\n<div>\u2022 T\u1ee7 mini bar<\/div>\n<div>\u2022 V\u00f2i sen<\/div>\n<div>\u2022 M\u00e1y s\u1ea5y t\u00f3c<\/div>\n<div>\u2022 K\u00e9t an to\u00e0n<\/div>\n<div>\u2022 H\u1ec7 th\u1ed1ng kh\u00f3a t\u1ef1 \u0111\u1ed9ng<\/div>\n<div>\u2022 H\u1ec7 th\u1ed1ng b\u01a1m n\u01b0\u1edbc n\u00f3ng<\/div>\n<div>\u2022 \u0110i\u1ec7n tho\u1ea1i<\/div>\n<div>\u2022 Wifi mi\u1ec5n ph\u00ed<\/div>\n<p><strong>D\u1ecbch v\u1ee5 cung c\u1ea5p :<\/strong><\/p>\n<div>\u2022 D\u1ecdn ph\u00f2ng h\u1eb1ng ng\u00e0y<\/div>\n<div>\u2022 Mi\u1ec5n ph\u00ed 2 chai n\u01b0\u1edbc u\u1ed1ng h\u1eb1ng ng\u00e0y<\/div>\n<div>\u2022 Tr\u00e0\/ c\u00e0 ph\u00ea mi\u1ec5n ph\u00ed<\/div>\n<div>\u2022 D\u1ecbch v\u1ee5 gi\u1eb7t l\u00e0\/ gi\u1eb7t nhanh (t\u00ednh ph\u00ed)<\/div>\n<div>\u2022 D\u1ecbch v\u1ee5 v\u0103n ph\u00f2ng (t\u00ednh ph\u00ed)<\/div>\n<div>\u2022 D\u1ecbch v\u1ee5 \u0103n u\u1ed1ng ph\u1ee5c v\u1ee5 t\u1ea1i ph\u00f2ng (t\u00ednh ph\u00ed)<\/div>\n<div>\u2022 D\u1ecbch v\u1ee5 \u0111\u00f3n ti\u1ec5n s\u00e2n bay (t\u00ednh ph\u00ed)\n<\/div>\n<\/div>\n","protected":false},"excerpt":{"rendered":"<p>Ph\u00f2ng Superior c\u00f3 di\u1ec7n t\u00edch 28m2 \u0111\u01b0\u1ee3c thi\u1ebft k\u1ebf h\u00e0i h\u00f2a v\u1edbi n\u1ed9i th\u1ea5t sang tr\u1ecdng v\u00e0 \u0111\u1ea7y \u0111\u1ee7 ti\u1ec7n nghi hi\u1ec7n \u0111\u1ea1i mang \u0111\u1ebfn s\u1ef1 tho\u1ea3i m\u00e1i, ti\u1ec7n l\u1ee3i nh\u1ea5t cho qu\u00fd kh\u00e1ch.<br \/>\nPh\u00f2ng Superior g\u1ed3m 1 gi\u01b0\u1eddng \u0111\u00f4i v\u00e0 c\u00f3 c\u1eeda s\u1ed5.<\/p>\n","protected":false},"featured_media":1403,"comment_status":"open","ping_status":"closed","template":"","meta":[],"product_cat":[22,23],"product_tag":[],"yst_prominent_words":[],"acf":[],"_links":{"self":[{"href":"https:\/\/22landresidence.com\/reyna-luxury-hotel-34-mieu-dam\/wp-json\/wp\/v2\/product\/576"}],"collection":[{"href":"https:\/\/22landresidence.com\/reyna-luxury-hotel-34-mieu-dam\/wp-json\/wp\/v2\/product"}],"about":[{"href":"https:\/\/22landresidence.com\/reyna-luxury-hotel-34-mieu-dam\/wp-json\/wp\/v2\/types\/product"}],"replies":[{"embeddable":true,"href":"https:\/\/22landresidence.com\/reyna-luxury-hotel-34-mieu-dam\/wp-json\/wp\/v2\/comments?post=576"}],"wp:featuredmedia":[{"embeddable":true,"href":"https:\/\/22landresidence.com\/reyna-luxury-hotel-34-mieu-dam\/wp-json\/wp\/v2\/media\/1403"}],"wp:attachment":[{"href":"https:\/\/22landresidence.com\/reyna-luxury-hotel-34-mieu-dam\/wp-json\/wp\/v2\/media?parent=576"}],"wp:term":[{"taxonomy":"product_cat","embeddable":true,"href":"https:\/\/22landresidence.com\/reyna-luxury-hotel-34-mieu-dam\/wp-json\/wp\/v2\/product_cat?post=576"},{"taxonomy":"product_tag","embeddable":true,"href":"https:\/\/22landresidence.com\/reyna-luxury-hotel-34-mieu-dam\/wp-json\/wp\/v2\/product_tag?post=576"},{"taxonomy":"yst_prominent_words","embeddable":true,"href":"https:\/\/22landresidence.com\/reyna-luxury-hotel-34-mieu-dam\/wp-json\/wp\/v2\/yst_prominent_words?post=576"}],"curies":[{"name":"wp","href":"https:\/\/api.w.org\/{rel}","templated":true}]}}